
{"id":17369,"date":"2021-07-08T17:56:04","date_gmt":"2021-07-08T15:56:04","guid":{"rendered":"https:\/\/www.comercialanma.es\/?post_type=product&#038;p=17369"},"modified":"2021-07-09T10:03:50","modified_gmt":"2021-07-09T08:03:50","slug":"salmon-ahumado-precortado-benfumat-1kg","status":"publish","type":"product","link":"https:\/\/www.comercialanma.es\/?product=salmon-ahumado-precortado-benfumat-1kg","title":{"rendered":"Salm\u00f3n ahumado pre-cortado Benfumat 1Kg."},"content":{"rendered":"<p>Marca: Benfumat<\/p>\n<p>Formato: Sobre<\/p>\n<p>Cantidad: 1Kg. aprox.<\/p>\n","protected":false},"excerpt":{"rendered":"<p>Salm\u00f3n ahumado pre-cortado en sobre | Benfumat | 1Kg.|<\/p>\n<p>Salm\u00f3n de piscifactor\u00eda criado en las fr\u00edas aguas de Noruega. Crece y vive en condiciones id\u00f3neas, con rigurosos controles de calidad. Al saber la edad y el peso aproximado de este salm\u00f3n, en Benfumat podemos programar su pesca en el momento en que se den las mejores condiciones para su consumo.<\/p>\n<p>&nbsp;<\/p>\n","protected":false},"featured_media":17370,"template":"","meta":{"spay_email":""},"yoast_head":"<!-- This site is optimized with the Yoast SEO plugin v15.9 - https:\/\/yoast.com\/wordpress\/plugins\/seo\/ -->\n<title>Salm\u00f3n ahumado pre-cortado Benfumat 1Kg. - Comercial de Hosteleria Anma<\/title>\n<meta name=\"description\" content=\"Salm\u00f3n ahumado en sobre | Benfumat | 1Kg. | Salm\u00f3n ahumado al natural de piscifactor\u00eda criado en las fr\u00edas aguas de Noruega.\" \/>\n<meta name=\"robots\" content=\"index, follow, max-snippet:-1, max-image-preview:large, max-video-preview:-1\" \/>\n<link rel=\"canonical\" href=\"https:\/\/www.comercialanma.es\/?product=salmon-ahumado-precortado-benfumat-1kg\" \/>\n<meta property=\"og:locale\" content=\"es_ES\" \/>\n<meta property=\"og:type\" content=\"article\" \/>\n<meta property=\"og:title\" content=\"Salm\u00f3n ahumado pre-cortado Benfumat 1Kg. - Comercial de Hosteleria Anma\" \/>\n<meta property=\"og:description\" content=\"Salm\u00f3n ahumado en sobre | Benfumat | 1Kg. | Salm\u00f3n ahumado al natural de piscifactor\u00eda criado en las fr\u00edas aguas de Noruega.\" \/>\n<meta property=\"og:url\" content=\"https:\/\/www.comercialanma.es\/?product=salmon-ahumado-precortado-benfumat-1kg\" \/>\n<meta property=\"og:site_name\" content=\"Comercial de Hosteleria Anma\" \/>\n<meta property=\"article:publisher\" content=\"https:\/\/www.facebook.com\/AnmaHosteleria\" \/>\n<meta property=\"article:modified_time\" content=\"2021-07-09T08:03:50+00:00\" \/>\n<meta property=\"og:image\" content=\"https:\/\/i1.wp.com\/www.comercialanma.es\/wp-content\/uploads\/2021\/07\/salmon-precortado-beniumat-1kg.jpg?fit=1080%2C1080&#038;ssl=1\" \/>\n\t<meta property=\"og:image:width\" content=\"1080\" \/>\n\t<meta property=\"og:image:height\" content=\"1080\" \/>\n<meta name=\"twitter:card\" content=\"summary_large_image\" \/>\n<meta name=\"twitter:label1\" content=\"Tiempo de lectura\">\n\t<meta name=\"twitter:data1\" content=\"1 minuto\">\n<script type=\"application\/ld+json\" class=\"yoast-schema-graph\">{\"@context\":\"https:\/\/schema.org\",\"@graph\":[{\"@type\":\"Organization\",\"@id\":\"https:\/\/www.comercialanma.es\/#organization\",\"name\":\"Comercial Anma\",\"url\":\"https:\/\/www.comercialanma.es\/\",\"sameAs\":[\"https:\/\/www.facebook.com\/AnmaHosteleria\",\"https:\/\/www.instagram.com\/anmahosteleria\/?hl=es\",\"https:\/\/www.youtube.com\/channel\/UCT2nmn08Ntks0hmpZPnDgCA\"],\"logo\":{\"@type\":\"ImageObject\",\"@id\":\"https:\/\/www.comercialanma.es\/#logo\",\"inLanguage\":\"es\",\"url\":\"https:\/\/i2.wp.com\/www.comercialanma.es\/wp-content\/uploads\/2019\/06\/logo-anma-color.png?fit=247%2C101&ssl=1\",\"width\":247,\"height\":101,\"caption\":\"Comercial Anma\"},\"image\":{\"@id\":\"https:\/\/www.comercialanma.es\/#logo\"}},{\"@type\":\"WebSite\",\"@id\":\"https:\/\/www.comercialanma.es\/#website\",\"url\":\"https:\/\/www.comercialanma.es\/\",\"name\":\"Comercial de Hosteleria Anma\",\"description\":\"\",\"publisher\":{\"@id\":\"https:\/\/www.comercialanma.es\/#organization\"},\"potentialAction\":[{\"@type\":\"SearchAction\",\"target\":\"https:\/\/www.comercialanma.es\/?s={search_term_string}\",\"query-input\":\"required name=search_term_string\"}],\"inLanguage\":\"es\"},{\"@type\":\"ImageObject\",\"@id\":\"https:\/\/www.comercialanma.es\/?product=salmon-ahumado-precortado-benfumat-1kg#primaryimage\",\"inLanguage\":\"es\",\"url\":\"https:\/\/i1.wp.com\/www.comercialanma.es\/wp-content\/uploads\/2021\/07\/salmon-precortado-beniumat-1kg.jpg?fit=1080%2C1080&ssl=1\",\"width\":1080,\"height\":1080},{\"@type\":\"WebPage\",\"@id\":\"https:\/\/www.comercialanma.es\/?product=salmon-ahumado-precortado-benfumat-1kg#webpage\",\"url\":\"https:\/\/www.comercialanma.es\/?product=salmon-ahumado-precortado-benfumat-1kg\",\"name\":\"Salm\\u00f3n ahumado pre-cortado Benfumat 1Kg. - Comercial de Hosteleria Anma\",\"isPartOf\":{\"@id\":\"https:\/\/www.comercialanma.es\/#website\"},\"primaryImageOfPage\":{\"@id\":\"https:\/\/www.comercialanma.es\/?product=salmon-ahumado-precortado-benfumat-1kg#primaryimage\"},\"datePublished\":\"2021-07-08T15:56:04+00:00\",\"dateModified\":\"2021-07-09T08:03:50+00:00\",\"description\":\"Salm\\u00f3n ahumado en sobre | Benfumat | 1Kg. | Salm\\u00f3n ahumado al natural de piscifactor\\u00eda criado en las fr\\u00edas aguas de Noruega.\",\"breadcrumb\":{\"@id\":\"https:\/\/www.comercialanma.es\/?product=salmon-ahumado-precortado-benfumat-1kg#breadcrumb\"},\"inLanguage\":\"es\",\"potentialAction\":[{\"@type\":\"ReadAction\",\"target\":[\"https:\/\/www.comercialanma.es\/?product=salmon-ahumado-precortado-benfumat-1kg\"]}]},{\"@type\":\"BreadcrumbList\",\"@id\":\"https:\/\/www.comercialanma.es\/?product=salmon-ahumado-precortado-benfumat-1kg#breadcrumb\",\"itemListElement\":[{\"@type\":\"ListItem\",\"position\":1,\"item\":{\"@type\":\"WebPage\",\"@id\":\"https:\/\/www.comercialanma.es\/\",\"url\":\"https:\/\/www.comercialanma.es\/\",\"name\":\"Portada\"}},{\"@type\":\"ListItem\",\"position\":2,\"item\":{\"@type\":\"WebPage\",\"@id\":\"https:\/\/www.comercialanma.es\/?page_id=3963\",\"url\":\"https:\/\/www.comercialanma.es\/?page_id=3963\",\"name\":\"Cat\\u00e1logo de Productos\"}},{\"@type\":\"ListItem\",\"position\":3,\"item\":{\"@type\":\"WebPage\",\"@id\":\"https:\/\/www.comercialanma.es\/?product=salmon-ahumado-precortado-benfumat-1kg\",\"url\":\"https:\/\/www.comercialanma.es\/?product=salmon-ahumado-precortado-benfumat-1kg\",\"name\":\"Salm\\u00f3n ahumado pre-cortado Benfumat 1Kg.\"}}]}]}<\/script>\n<!-- \/ Yoast SEO plugin. -->","_links":{"self":[{"href":"https:\/\/www.comercialanma.es\/index.php?rest_route=\/wp\/v2\/product\/17369"}],"collection":[{"href":"https:\/\/www.comercialanma.es\/index.php?rest_route=\/wp\/v2\/product"}],"about":[{"href":"https:\/\/www.comercialanma.es\/index.php?rest_route=\/wp\/v2\/types\/product"}],"version-history":[{"count":2,"href":"https:\/\/www.comercialanma.es\/index.php?rest_route=\/wp\/v2\/product\/17369\/revisions"}],"predecessor-version":[{"id":17379,"href":"https:\/\/www.comercialanma.es\/index.php?rest_route=\/wp\/v2\/product\/17369\/revisions\/17379"}],"wp:featuredmedia":[{"embeddable":true,"href":"https:\/\/www.comercialanma.es\/index.php?rest_route=\/wp\/v2\/media\/17370"}],"wp:attachment":[{"href":"https:\/\/www.comercialanma.es\/index.php?rest_route=%2Fwp%2Fv2%2Fmedia&parent=17369"}],"curies":[{"name":"wp","href":"https:\/\/api.w.org\/{rel}","templated":true}]}}