
{"id":17387,"date":"2021-07-09T10:50:43","date_gmt":"2021-07-09T08:50:43","guid":{"rendered":"https:\/\/www.comercialanma.es\/?post_type=product&#038;p=17387"},"modified":"2021-07-09T10:59:05","modified_gmt":"2021-07-09T08:59:05","slug":"lomo-de-salmon-ahumado-alga-y-wasabi","status":"publish","type":"product","link":"https:\/\/www.comercialanma.es\/?product=lomo-de-salmon-ahumado-alga-y-wasabi","title":{"rendered":"Lomos de salm\u00f3n ahumado con algas y crema wasabi Benfumat 150gr."},"content":{"rendered":"<p>Marca: Benfumat<\/p>\n<p>Formato: Sobre<\/p>\n<p>Cantidad: 150gr.<\/p>\n","protected":false},"excerpt":{"rendered":"<p>Lomo de salm\u00f3n ahumado con algas y crema wasabi | Benfumat | 150gr.|<\/p>\n<div class=\"sidebox widget widget_catinfo\">\n<div class=\"widget_catinfo_desc\">\n<p>En Benfumat, innovamos, investigamos y nos inspiramos en otras gastronom\u00edas y culturas para reinventar, cada d\u00eda, los ahumados, sin perder la esencia. Si quieres vivir una experiencia sorprendente con los cinco sentidos, estas tres elaboraciones gastron\u00f3micas de salm\u00f3n ahumado son para ti. Ideales para disfrutar como aperitivos, entrantes fr\u00edos, tapas, brunch\u2026<\/p>\n<p>\u00a1Todo un mundo de sensaciones! Comparte, con Benfumat, momentos llenos de imaginaci\u00f3n.<\/p>\n<\/div>\n<\/div>\n<p>&nbsp;<\/p>\n","protected":false},"featured_media":17388,"template":"","meta":{"spay_email":""},"yoast_head":"<!-- This site is optimized with the Yoast SEO plugin v15.9 - https:\/\/yoast.com\/wordpress\/plugins\/seo\/ -->\n<title>Lomos de salm\u00f3n ahumado con algas y crema wasabi Benfumat 150gr. - Comercial de Hosteleria Anma<\/title>\n<meta name=\"description\" content=\"Lomo de salm\u00f3n ahumado con algas y crema wasabi | Benfumat | 150gr.| Ideales para disfrutar como aperitivos, entrantes fr\u00edos, tapas, brunch\u2026\" \/>\n<meta name=\"robots\" content=\"index, follow, max-snippet:-1, max-image-preview:large, max-video-preview:-1\" \/>\n<link rel=\"canonical\" href=\"https:\/\/www.comercialanma.es\/?product=lomo-de-salmon-ahumado-alga-y-wasabi\" \/>\n<meta property=\"og:locale\" content=\"es_ES\" \/>\n<meta property=\"og:type\" content=\"article\" \/>\n<meta property=\"og:title\" content=\"Lomos de salm\u00f3n ahumado con algas y crema wasabi Benfumat 150gr. - Comercial de Hosteleria Anma\" \/>\n<meta property=\"og:description\" content=\"Lomo de salm\u00f3n ahumado con algas y crema wasabi | Benfumat | 150gr.| Ideales para disfrutar como aperitivos, entrantes fr\u00edos, tapas, brunch\u2026\" \/>\n<meta property=\"og:url\" content=\"https:\/\/www.comercialanma.es\/?product=lomo-de-salmon-ahumado-alga-y-wasabi\" \/>\n<meta property=\"og:site_name\" content=\"Comercial de Hosteleria Anma\" \/>\n<meta property=\"article:publisher\" content=\"https:\/\/www.facebook.com\/AnmaHosteleria\" \/>\n<meta property=\"article:modified_time\" content=\"2021-07-09T08:59:05+00:00\" \/>\n<meta property=\"og:image\" content=\"https:\/\/i0.wp.com\/www.comercialanma.es\/wp-content\/uploads\/2021\/07\/Lomos-de-salmon-ahumado-con-algas-y-crema-wasabi.jpg?fit=1080%2C1080&#038;ssl=1\" \/>\n\t<meta property=\"og:image:width\" content=\"1080\" \/>\n\t<meta property=\"og:image:height\" content=\"1080\" \/>\n<meta name=\"twitter:card\" content=\"summary_large_image\" \/>\n<meta name=\"twitter:label1\" content=\"Tiempo de lectura\">\n\t<meta name=\"twitter:data1\" content=\"1 minuto\">\n<script type=\"application\/ld+json\" class=\"yoast-schema-graph\">{\"@context\":\"https:\/\/schema.org\",\"@graph\":[{\"@type\":\"Organization\",\"@id\":\"https:\/\/www.comercialanma.es\/#organization\",\"name\":\"Comercial Anma\",\"url\":\"https:\/\/www.comercialanma.es\/\",\"sameAs\":[\"https:\/\/www.facebook.com\/AnmaHosteleria\",\"https:\/\/www.instagram.com\/anmahosteleria\/?hl=es\",\"https:\/\/www.youtube.com\/channel\/UCT2nmn08Ntks0hmpZPnDgCA\"],\"logo\":{\"@type\":\"ImageObject\",\"@id\":\"https:\/\/www.comercialanma.es\/#logo\",\"inLanguage\":\"es\",\"url\":\"https:\/\/i2.wp.com\/www.comercialanma.es\/wp-content\/uploads\/2019\/06\/logo-anma-color.png?fit=247%2C101&ssl=1\",\"width\":247,\"height\":101,\"caption\":\"Comercial Anma\"},\"image\":{\"@id\":\"https:\/\/www.comercialanma.es\/#logo\"}},{\"@type\":\"WebSite\",\"@id\":\"https:\/\/www.comercialanma.es\/#website\",\"url\":\"https:\/\/www.comercialanma.es\/\",\"name\":\"Comercial de Hosteleria Anma\",\"description\":\"\",\"publisher\":{\"@id\":\"https:\/\/www.comercialanma.es\/#organization\"},\"potentialAction\":[{\"@type\":\"SearchAction\",\"target\":\"https:\/\/www.comercialanma.es\/?s={search_term_string}\",\"query-input\":\"required name=search_term_string\"}],\"inLanguage\":\"es\"},{\"@type\":\"ImageObject\",\"@id\":\"https:\/\/www.comercialanma.es\/?product=lomo-de-salmon-ahumado-alga-y-wasabi#primaryimage\",\"inLanguage\":\"es\",\"url\":\"https:\/\/i0.wp.com\/www.comercialanma.es\/wp-content\/uploads\/2021\/07\/Lomos-de-salmon-ahumado-con-algas-y-crema-wasabi.jpg?fit=1080%2C1080&ssl=1\",\"width\":1080,\"height\":1080},{\"@type\":\"WebPage\",\"@id\":\"https:\/\/www.comercialanma.es\/?product=lomo-de-salmon-ahumado-alga-y-wasabi#webpage\",\"url\":\"https:\/\/www.comercialanma.es\/?product=lomo-de-salmon-ahumado-alga-y-wasabi\",\"name\":\"Lomos de salm\\u00f3n ahumado con algas y crema wasabi Benfumat 150gr. - Comercial de Hosteleria Anma\",\"isPartOf\":{\"@id\":\"https:\/\/www.comercialanma.es\/#website\"},\"primaryImageOfPage\":{\"@id\":\"https:\/\/www.comercialanma.es\/?product=lomo-de-salmon-ahumado-alga-y-wasabi#primaryimage\"},\"datePublished\":\"2021-07-09T08:50:43+00:00\",\"dateModified\":\"2021-07-09T08:59:05+00:00\",\"description\":\"Lomo de salm\\u00f3n ahumado con algas y crema wasabi | Benfumat | 150gr.| Ideales para disfrutar como aperitivos, entrantes fr\\u00edos, tapas, brunch\\u2026\",\"breadcrumb\":{\"@id\":\"https:\/\/www.comercialanma.es\/?product=lomo-de-salmon-ahumado-alga-y-wasabi#breadcrumb\"},\"inLanguage\":\"es\",\"potentialAction\":[{\"@type\":\"ReadAction\",\"target\":[\"https:\/\/www.comercialanma.es\/?product=lomo-de-salmon-ahumado-alga-y-wasabi\"]}]},{\"@type\":\"BreadcrumbList\",\"@id\":\"https:\/\/www.comercialanma.es\/?product=lomo-de-salmon-ahumado-alga-y-wasabi#breadcrumb\",\"itemListElement\":[{\"@type\":\"ListItem\",\"position\":1,\"item\":{\"@type\":\"WebPage\",\"@id\":\"https:\/\/www.comercialanma.es\/\",\"url\":\"https:\/\/www.comercialanma.es\/\",\"name\":\"Portada\"}},{\"@type\":\"ListItem\",\"position\":2,\"item\":{\"@type\":\"WebPage\",\"@id\":\"https:\/\/www.comercialanma.es\/?page_id=3963\",\"url\":\"https:\/\/www.comercialanma.es\/?page_id=3963\",\"name\":\"Cat\\u00e1logo de Productos\"}},{\"@type\":\"ListItem\",\"position\":3,\"item\":{\"@type\":\"WebPage\",\"@id\":\"https:\/\/www.comercialanma.es\/?product=lomo-de-salmon-ahumado-alga-y-wasabi\",\"url\":\"https:\/\/www.comercialanma.es\/?product=lomo-de-salmon-ahumado-alga-y-wasabi\",\"name\":\"Lomos de salm\\u00f3n ahumado con algas y crema wasabi Benfumat 150gr.\"}}]}]}<\/script>\n<!-- \/ Yoast SEO plugin. -->","_links":{"self":[{"href":"https:\/\/www.comercialanma.es\/index.php?rest_route=\/wp\/v2\/product\/17387"}],"collection":[{"href":"https:\/\/www.comercialanma.es\/index.php?rest_route=\/wp\/v2\/product"}],"about":[{"href":"https:\/\/www.comercialanma.es\/index.php?rest_route=\/wp\/v2\/types\/product"}],"version-history":[{"count":1,"href":"https:\/\/www.comercialanma.es\/index.php?rest_route=\/wp\/v2\/product\/17387\/revisions"}],"predecessor-version":[{"id":17389,"href":"https:\/\/www.comercialanma.es\/index.php?rest_route=\/wp\/v2\/product\/17387\/revisions\/17389"}],"wp:featuredmedia":[{"embeddable":true,"href":"https:\/\/www.comercialanma.es\/index.php?rest_route=\/wp\/v2\/media\/17388"}],"wp:attachment":[{"href":"https:\/\/www.comercialanma.es\/index.php?rest_route=%2Fwp%2Fv2%2Fmedia&parent=17387"}],"curies":[{"name":"wp","href":"https:\/\/api.w.org\/{rel}","templated":true}]}}