
{"id":17467,"date":"2021-07-13T12:44:38","date_gmt":"2021-07-13T10:44:38","guid":{"rendered":"https:\/\/www.comercialanma.es\/?post_type=product&#038;p=17467"},"modified":"2021-07-13T12:52:47","modified_gmt":"2021-07-13T10:52:47","slug":"marques-de-grinon-picual-50","status":"publish","type":"product","link":"https:\/\/www.comercialanma.es\/?product=marques-de-grinon-picual-50","title":{"rendered":"Aceite oliva virgen extra Marqu\u00e9s de Gri\u00f1\u00f3n Picual 50cl."},"content":{"rendered":"<p>Descripci\u00f3n: Aceite de oliva virgen extra<\/p>\n<p>Marca: Marqu\u00e9s de Gri\u00f1\u00f3n<\/p>\n<p>Tipo aceituna: Picual<\/p>\n<p>Cantidad: 50cl.<\/p>\n<p>&nbsp;<\/p>\n","protected":false},"excerpt":{"rendered":"<p>Aceite de oliva virgen extra | M. de Gri\u00f1\u00f3n | 50cl.|<\/p>\n<p>Variedad de aceituna Picual. Hemos seleccionado especialmente este aceite de oliva virgen extra por sus aromas frescos a hierba y tomate. Su sabor suave ensalza la mayor\u00eda de sus platos tradicionales de la cocina mediterr\u00e1nea como las legumbres, las pastas, las verduras a la plancha o cocidas, los productos de la huerta en ensalada, las carnes asadas y por supuesto los pescados.<\/p>\n<p>&nbsp;<\/p>\n","protected":false},"featured_media":17468,"template":"","meta":{"spay_email":""},"yoast_head":"<!-- This site is optimized with the Yoast SEO plugin v15.9 - https:\/\/yoast.com\/wordpress\/plugins\/seo\/ -->\n<title>Aceite oliva virgen extra Marqu\u00e9s de Gri\u00f1\u00f3n Picual 50cl. - Comercial de Hosteleria Anma<\/title>\n<meta name=\"description\" content=\"Aceite de oliva virgen extra | M. de Gri\u00f1\u00f3n | 50cl.| Aceite oliva virgen extra. Variedad de aceituna Picual.\" \/>\n<meta name=\"robots\" content=\"index, follow, max-snippet:-1, max-image-preview:large, max-video-preview:-1\" \/>\n<link rel=\"canonical\" href=\"https:\/\/www.comercialanma.es\/?product=marques-de-grinon-picual-50\" \/>\n<meta property=\"og:locale\" content=\"es_ES\" \/>\n<meta property=\"og:type\" content=\"article\" \/>\n<meta property=\"og:title\" content=\"Aceite oliva virgen extra Marqu\u00e9s de Gri\u00f1\u00f3n Picual 50cl. - Comercial de Hosteleria Anma\" \/>\n<meta property=\"og:description\" content=\"Aceite de oliva virgen extra | M. de Gri\u00f1\u00f3n | 50cl.| Aceite oliva virgen extra. Variedad de aceituna Picual.\" \/>\n<meta property=\"og:url\" content=\"https:\/\/www.comercialanma.es\/?product=marques-de-grinon-picual-50\" \/>\n<meta property=\"og:site_name\" content=\"Comercial de Hosteleria Anma\" \/>\n<meta property=\"article:publisher\" content=\"https:\/\/www.facebook.com\/AnmaHosteleria\" \/>\n<meta property=\"article:modified_time\" content=\"2021-07-13T10:52:47+00:00\" \/>\n<meta property=\"og:image\" content=\"https:\/\/i2.wp.com\/www.comercialanma.es\/wp-content\/uploads\/2021\/07\/Marques-de-grinon-picual-50cl.jpg?fit=1080%2C1080&#038;ssl=1\" \/>\n\t<meta property=\"og:image:width\" content=\"1080\" \/>\n\t<meta property=\"og:image:height\" content=\"1080\" \/>\n<meta name=\"twitter:card\" content=\"summary_large_image\" \/>\n<meta name=\"twitter:label1\" content=\"Tiempo de lectura\">\n\t<meta name=\"twitter:data1\" content=\"1 minuto\">\n<script type=\"application\/ld+json\" class=\"yoast-schema-graph\">{\"@context\":\"https:\/\/schema.org\",\"@graph\":[{\"@type\":\"Organization\",\"@id\":\"https:\/\/www.comercialanma.es\/#organization\",\"name\":\"Comercial Anma\",\"url\":\"https:\/\/www.comercialanma.es\/\",\"sameAs\":[\"https:\/\/www.facebook.com\/AnmaHosteleria\",\"https:\/\/www.instagram.com\/anmahosteleria\/?hl=es\",\"https:\/\/www.youtube.com\/channel\/UCT2nmn08Ntks0hmpZPnDgCA\"],\"logo\":{\"@type\":\"ImageObject\",\"@id\":\"https:\/\/www.comercialanma.es\/#logo\",\"inLanguage\":\"es\",\"url\":\"https:\/\/i2.wp.com\/www.comercialanma.es\/wp-content\/uploads\/2019\/06\/logo-anma-color.png?fit=247%2C101&ssl=1\",\"width\":247,\"height\":101,\"caption\":\"Comercial Anma\"},\"image\":{\"@id\":\"https:\/\/www.comercialanma.es\/#logo\"}},{\"@type\":\"WebSite\",\"@id\":\"https:\/\/www.comercialanma.es\/#website\",\"url\":\"https:\/\/www.comercialanma.es\/\",\"name\":\"Comercial de Hosteleria Anma\",\"description\":\"\",\"publisher\":{\"@id\":\"https:\/\/www.comercialanma.es\/#organization\"},\"potentialAction\":[{\"@type\":\"SearchAction\",\"target\":\"https:\/\/www.comercialanma.es\/?s={search_term_string}\",\"query-input\":\"required name=search_term_string\"}],\"inLanguage\":\"es\"},{\"@type\":\"ImageObject\",\"@id\":\"https:\/\/www.comercialanma.es\/?product=marques-de-grinon-picual-50#primaryimage\",\"inLanguage\":\"es\",\"url\":\"https:\/\/i2.wp.com\/www.comercialanma.es\/wp-content\/uploads\/2021\/07\/Marques-de-grinon-picual-50cl.jpg?fit=1080%2C1080&ssl=1\",\"width\":1080,\"height\":1080},{\"@type\":\"WebPage\",\"@id\":\"https:\/\/www.comercialanma.es\/?product=marques-de-grinon-picual-50#webpage\",\"url\":\"https:\/\/www.comercialanma.es\/?product=marques-de-grinon-picual-50\",\"name\":\"Aceite oliva virgen extra Marqu\\u00e9s de Gri\\u00f1\\u00f3n Picual 50cl. - Comercial de Hosteleria Anma\",\"isPartOf\":{\"@id\":\"https:\/\/www.comercialanma.es\/#website\"},\"primaryImageOfPage\":{\"@id\":\"https:\/\/www.comercialanma.es\/?product=marques-de-grinon-picual-50#primaryimage\"},\"datePublished\":\"2021-07-13T10:44:38+00:00\",\"dateModified\":\"2021-07-13T10:52:47+00:00\",\"description\":\"Aceite de oliva virgen extra | M. de Gri\\u00f1\\u00f3n | 50cl.| Aceite oliva virgen extra. Variedad de aceituna Picual.\",\"breadcrumb\":{\"@id\":\"https:\/\/www.comercialanma.es\/?product=marques-de-grinon-picual-50#breadcrumb\"},\"inLanguage\":\"es\",\"potentialAction\":[{\"@type\":\"ReadAction\",\"target\":[\"https:\/\/www.comercialanma.es\/?product=marques-de-grinon-picual-50\"]}]},{\"@type\":\"BreadcrumbList\",\"@id\":\"https:\/\/www.comercialanma.es\/?product=marques-de-grinon-picual-50#breadcrumb\",\"itemListElement\":[{\"@type\":\"ListItem\",\"position\":1,\"item\":{\"@type\":\"WebPage\",\"@id\":\"https:\/\/www.comercialanma.es\/\",\"url\":\"https:\/\/www.comercialanma.es\/\",\"name\":\"Portada\"}},{\"@type\":\"ListItem\",\"position\":2,\"item\":{\"@type\":\"WebPage\",\"@id\":\"https:\/\/www.comercialanma.es\/?page_id=3963\",\"url\":\"https:\/\/www.comercialanma.es\/?page_id=3963\",\"name\":\"Cat\\u00e1logo de Productos\"}},{\"@type\":\"ListItem\",\"position\":3,\"item\":{\"@type\":\"WebPage\",\"@id\":\"https:\/\/www.comercialanma.es\/?product=marques-de-grinon-picual-50\",\"url\":\"https:\/\/www.comercialanma.es\/?product=marques-de-grinon-picual-50\",\"name\":\"Aceite oliva virgen extra Marqu\\u00e9s de Gri\\u00f1\\u00f3n Picual 50cl.\"}}]}]}<\/script>\n<!-- \/ Yoast SEO plugin. -->","_links":{"self":[{"href":"https:\/\/www.comercialanma.es\/index.php?rest_route=\/wp\/v2\/product\/17467"}],"collection":[{"href":"https:\/\/www.comercialanma.es\/index.php?rest_route=\/wp\/v2\/product"}],"about":[{"href":"https:\/\/www.comercialanma.es\/index.php?rest_route=\/wp\/v2\/types\/product"}],"version-history":[{"count":2,"href":"https:\/\/www.comercialanma.es\/index.php?rest_route=\/wp\/v2\/product\/17467\/revisions"}],"predecessor-version":[{"id":17470,"href":"https:\/\/www.comercialanma.es\/index.php?rest_route=\/wp\/v2\/product\/17467\/revisions\/17470"}],"wp:featuredmedia":[{"embeddable":true,"href":"https:\/\/www.comercialanma.es\/index.php?rest_route=\/wp\/v2\/media\/17468"}],"wp:attachment":[{"href":"https:\/\/www.comercialanma.es\/index.php?rest_route=%2Fwp%2Fv2%2Fmedia&parent=17467"}],"curies":[{"name":"wp","href":"https:\/\/api.w.org\/{rel}","templated":true}]}}