
{"id":17482,"date":"2021-07-13T16:00:20","date_gmt":"2021-07-13T14:00:20","guid":{"rendered":"https:\/\/www.comercialanma.es\/?post_type=product&#038;p=17482"},"modified":"2022-07-25T17:28:24","modified_gmt":"2022-07-25T15:28:24","slug":"azucar-blanca-bazar","status":"publish","type":"product","link":"https:\/\/www.comercialanma.es\/?product=azucar-blanca-bazar","title":{"rendered":"Az\u00facar blanca Bazar 7gr. 1000u."},"content":{"rendered":"<p>Descripci\u00f3n: Az\u00facar blanca<\/p>\n<p>Marca: Bazar<\/p>\n<p>Cantidad: 7gr x 1000 unidades<\/p>\n<p>&nbsp;<\/p>\n","protected":false},"excerpt":{"rendered":"<p>Az\u00facar blanca | 7gr | caja 1000u.|<\/p>\n<p>El sobre de az\u00facar Bazar 7 Gramos representa un nuevo formato de sobres de az\u00facar que est\u00e1 disfrutando de gran \u00e9xito. Se debe principalmente a que proporciona la cantidad justa de az\u00facar para cada taza de caf\u00e9.<\/p>\n<p>Hablar del az\u00facar es hablar de la ca\u00f1a de az\u00facar. El cultivo y extracci\u00f3n del az\u00facar no se desarrolla hasta la \u00e9poca de Napole\u00f3n.<\/p>\n<div><\/div>\n","protected":false},"featured_media":17483,"template":"","meta":{"spay_email":""},"yoast_head":"<!-- This site is optimized with the Yoast SEO plugin v15.9 - https:\/\/yoast.com\/wordpress\/plugins\/seo\/ -->\n<title>Az\u00facar blanca Bazar 7gr. 1000u. - Comercial de Hosteleria Anma<\/title>\n<meta name=\"description\" content=\"Az\u00facar blanca | 7gr | caja 1000u. | El sobre de az\u00facar Bazar 7 Gramos proporciona la cantidad justa de az\u00facar para cada taza de caf\u00e9.\" \/>\n<meta name=\"robots\" content=\"index, follow, max-snippet:-1, max-image-preview:large, max-video-preview:-1\" \/>\n<link rel=\"canonical\" href=\"https:\/\/www.comercialanma.es\/?product=azucar-blanca-bazar\" \/>\n<meta property=\"og:locale\" content=\"es_ES\" \/>\n<meta property=\"og:type\" content=\"article\" \/>\n<meta property=\"og:title\" content=\"Az\u00facar blanca Bazar 7gr. 1000u. - Comercial de Hosteleria Anma\" \/>\n<meta property=\"og:description\" content=\"Az\u00facar blanca | 7gr | caja 1000u. | El sobre de az\u00facar Bazar 7 Gramos proporciona la cantidad justa de az\u00facar para cada taza de caf\u00e9.\" \/>\n<meta property=\"og:url\" content=\"https:\/\/www.comercialanma.es\/?product=azucar-blanca-bazar\" \/>\n<meta property=\"og:site_name\" content=\"Comercial de Hosteleria Anma\" \/>\n<meta property=\"article:publisher\" content=\"https:\/\/www.facebook.com\/AnmaHosteleria\" \/>\n<meta property=\"article:modified_time\" content=\"2022-07-25T15:28:24+00:00\" \/>\n<meta property=\"og:image\" content=\"https:\/\/i2.wp.com\/www.comercialanma.es\/wp-content\/uploads\/2021\/07\/azucar-bazar-7g.jpg?fit=1080%2C1080&#038;ssl=1\" \/>\n\t<meta property=\"og:image:width\" content=\"1080\" \/>\n\t<meta property=\"og:image:height\" content=\"1080\" \/>\n<meta name=\"twitter:card\" content=\"summary_large_image\" \/>\n<meta name=\"twitter:label1\" content=\"Tiempo de lectura\">\n\t<meta name=\"twitter:data1\" content=\"1 minuto\">\n<script type=\"application\/ld+json\" class=\"yoast-schema-graph\">{\"@context\":\"https:\/\/schema.org\",\"@graph\":[{\"@type\":\"Organization\",\"@id\":\"https:\/\/www.comercialanma.es\/#organization\",\"name\":\"Comercial Anma\",\"url\":\"https:\/\/www.comercialanma.es\/\",\"sameAs\":[\"https:\/\/www.facebook.com\/AnmaHosteleria\",\"https:\/\/www.instagram.com\/anmahosteleria\/?hl=es\",\"https:\/\/www.youtube.com\/channel\/UCT2nmn08Ntks0hmpZPnDgCA\"],\"logo\":{\"@type\":\"ImageObject\",\"@id\":\"https:\/\/www.comercialanma.es\/#logo\",\"inLanguage\":\"es\",\"url\":\"https:\/\/i2.wp.com\/www.comercialanma.es\/wp-content\/uploads\/2019\/06\/logo-anma-color.png?fit=247%2C101&ssl=1\",\"width\":247,\"height\":101,\"caption\":\"Comercial Anma\"},\"image\":{\"@id\":\"https:\/\/www.comercialanma.es\/#logo\"}},{\"@type\":\"WebSite\",\"@id\":\"https:\/\/www.comercialanma.es\/#website\",\"url\":\"https:\/\/www.comercialanma.es\/\",\"name\":\"Comercial de Hosteleria Anma\",\"description\":\"\",\"publisher\":{\"@id\":\"https:\/\/www.comercialanma.es\/#organization\"},\"potentialAction\":[{\"@type\":\"SearchAction\",\"target\":\"https:\/\/www.comercialanma.es\/?s={search_term_string}\",\"query-input\":\"required name=search_term_string\"}],\"inLanguage\":\"es\"},{\"@type\":\"ImageObject\",\"@id\":\"https:\/\/www.comercialanma.es\/?product=azucar-blanca-bazar#primaryimage\",\"inLanguage\":\"es\",\"url\":\"https:\/\/i2.wp.com\/www.comercialanma.es\/wp-content\/uploads\/2021\/07\/azucar-bazar-7g.jpg?fit=1080%2C1080&ssl=1\",\"width\":1080,\"height\":1080},{\"@type\":\"WebPage\",\"@id\":\"https:\/\/www.comercialanma.es\/?product=azucar-blanca-bazar#webpage\",\"url\":\"https:\/\/www.comercialanma.es\/?product=azucar-blanca-bazar\",\"name\":\"Az\\u00facar blanca Bazar 7gr. 1000u. - Comercial de Hosteleria Anma\",\"isPartOf\":{\"@id\":\"https:\/\/www.comercialanma.es\/#website\"},\"primaryImageOfPage\":{\"@id\":\"https:\/\/www.comercialanma.es\/?product=azucar-blanca-bazar#primaryimage\"},\"datePublished\":\"2021-07-13T14:00:20+00:00\",\"dateModified\":\"2022-07-25T15:28:24+00:00\",\"description\":\"Az\\u00facar blanca | 7gr | caja 1000u. | El sobre de az\\u00facar Bazar 7 Gramos proporciona la cantidad justa de az\\u00facar para cada taza de caf\\u00e9.\",\"breadcrumb\":{\"@id\":\"https:\/\/www.comercialanma.es\/?product=azucar-blanca-bazar#breadcrumb\"},\"inLanguage\":\"es\",\"potentialAction\":[{\"@type\":\"ReadAction\",\"target\":[\"https:\/\/www.comercialanma.es\/?product=azucar-blanca-bazar\"]}]},{\"@type\":\"BreadcrumbList\",\"@id\":\"https:\/\/www.comercialanma.es\/?product=azucar-blanca-bazar#breadcrumb\",\"itemListElement\":[{\"@type\":\"ListItem\",\"position\":1,\"item\":{\"@type\":\"WebPage\",\"@id\":\"https:\/\/www.comercialanma.es\/\",\"url\":\"https:\/\/www.comercialanma.es\/\",\"name\":\"Portada\"}},{\"@type\":\"ListItem\",\"position\":2,\"item\":{\"@type\":\"WebPage\",\"@id\":\"https:\/\/www.comercialanma.es\/?page_id=3963\",\"url\":\"https:\/\/www.comercialanma.es\/?page_id=3963\",\"name\":\"Cat\\u00e1logo de Productos\"}},{\"@type\":\"ListItem\",\"position\":3,\"item\":{\"@type\":\"WebPage\",\"@id\":\"https:\/\/www.comercialanma.es\/?product=azucar-blanca-bazar\",\"url\":\"https:\/\/www.comercialanma.es\/?product=azucar-blanca-bazar\",\"name\":\"Az\\u00facar blanca Bazar 7gr. 1000u.\"}}]}]}<\/script>\n<!-- \/ Yoast SEO plugin. -->","_links":{"self":[{"href":"https:\/\/www.comercialanma.es\/index.php?rest_route=\/wp\/v2\/product\/17482"}],"collection":[{"href":"https:\/\/www.comercialanma.es\/index.php?rest_route=\/wp\/v2\/product"}],"about":[{"href":"https:\/\/www.comercialanma.es\/index.php?rest_route=\/wp\/v2\/types\/product"}],"version-history":[{"count":2,"href":"https:\/\/www.comercialanma.es\/index.php?rest_route=\/wp\/v2\/product\/17482\/revisions"}],"predecessor-version":[{"id":21742,"href":"https:\/\/www.comercialanma.es\/index.php?rest_route=\/wp\/v2\/product\/17482\/revisions\/21742"}],"wp:featuredmedia":[{"embeddable":true,"href":"https:\/\/www.comercialanma.es\/index.php?rest_route=\/wp\/v2\/media\/17483"}],"wp:attachment":[{"href":"https:\/\/www.comercialanma.es\/index.php?rest_route=%2Fwp%2Fv2%2Fmedia&parent=17482"}],"curies":[{"name":"wp","href":"https:\/\/api.w.org\/{rel}","templated":true}]}}