
{"id":17493,"date":"2021-07-13T17:41:44","date_gmt":"2021-07-13T15:41:44","guid":{"rendered":"https:\/\/www.comercialanma.es\/?post_type=product&#038;p=17493"},"modified":"2022-07-25T17:26:48","modified_gmt":"2022-07-25T15:26:48","slug":"azucar-no-refinado-eco-400","status":"publish","type":"product","link":"https:\/\/www.comercialanma.es\/?product=azucar-no-refinado-eco-400","title":{"rendered":"Panela az\u00facar de ca\u00f1a eco no refinado 400gr."},"content":{"rendered":"<p>Descripci\u00f3n: endulcorante natural<\/p>\n<p>Cantidad: Caja 60 unidades<\/p>\n<ul>\n<li>Previene dolores articulares: adem\u00e1s de ser menos inflamatoria que el az\u00facar blanco, el az\u00facar moreno integral es rico en potasio. Un mineral que no solo mantiene tus articulaciones en buen estado, tambi\u00e9n previene la osteoporosis.<\/li>\n<li>Mantiene tus c\u00e9lulas sanas: el sodio del az\u00facar moreno contribuye al buen funcionamiento de los l\u00edquidos del cuerpo, bajos niveles de sodio pueden ocasionar que estos l\u00edquidos entren en tus c\u00e9lulas da\u00f1\u00e1ndolas.<\/li>\n<li>Mantiene tus ri\u00f1ones m\u00e1s limpios: El f\u00f3sforo presente en el az\u00facar de ca\u00f1a integral ayuda a limpiar los ri\u00f1ones lo que se traduce en menos dificultades de sufrir fatiga cr\u00f3nica, disminuci\u00f3n de los problemas renales y mejor calidad de vida en general.<\/li>\n<\/ul>\n<p>&nbsp;<\/p>\n","protected":false},"excerpt":{"rendered":"<p>Az\u00facar de Ca\u00f1a Integral (Panela) . Origen: Colombia<\/p>\n<p>Propiedades y beneficios\u00a0de la Az\u00facar de Ca\u00f1a Integral<\/p>\n<p>&nbsp;<\/p>\n","protected":false},"featured_media":17495,"template":"","meta":{"spay_email":""},"yoast_head":"<!-- This site is optimized with the Yoast SEO plugin v15.9 - https:\/\/yoast.com\/wordpress\/plugins\/seo\/ -->\n<title>Panela az\u00facar de ca\u00f1a eco no refinado 400gr. - Comercial de Hosteleria Anma<\/title>\n<meta name=\"description\" content=\"Az\u00facar de ca\u00f1a no refinado | Eco| 400gr. | Usar como endulzante en bebida, yogur, infusi\u00f3n, como ingrediente en distintos platos.\" \/>\n<meta name=\"robots\" content=\"index, follow, max-snippet:-1, max-image-preview:large, max-video-preview:-1\" \/>\n<link rel=\"canonical\" href=\"https:\/\/www.comercialanma.es\/?product=azucar-no-refinado-eco-400\" \/>\n<meta property=\"og:locale\" content=\"es_ES\" \/>\n<meta property=\"og:type\" content=\"article\" \/>\n<meta property=\"og:title\" content=\"Panela az\u00facar de ca\u00f1a eco no refinado 400gr. - Comercial de Hosteleria Anma\" \/>\n<meta property=\"og:description\" content=\"Az\u00facar de ca\u00f1a no refinado | Eco| 400gr. | Usar como endulzante en bebida, yogur, infusi\u00f3n, como ingrediente en distintos platos.\" \/>\n<meta property=\"og:url\" content=\"https:\/\/www.comercialanma.es\/?product=azucar-no-refinado-eco-400\" \/>\n<meta property=\"og:site_name\" content=\"Comercial de Hosteleria Anma\" \/>\n<meta property=\"article:publisher\" content=\"https:\/\/www.facebook.com\/AnmaHosteleria\" \/>\n<meta property=\"article:modified_time\" content=\"2022-07-25T15:26:48+00:00\" \/>\n<meta property=\"og:image\" content=\"https:\/\/i0.wp.com\/www.comercialanma.es\/wp-content\/uploads\/2021\/07\/Panela-sucre-de-canya.jpg?fit=1080%2C1080&#038;ssl=1\" \/>\n\t<meta property=\"og:image:width\" content=\"1080\" \/>\n\t<meta property=\"og:image:height\" content=\"1080\" \/>\n<meta name=\"twitter:card\" content=\"summary_large_image\" \/>\n<meta name=\"twitter:label1\" content=\"Tiempo de lectura\">\n\t<meta name=\"twitter:data1\" content=\"1 minuto\">\n<script type=\"application\/ld+json\" class=\"yoast-schema-graph\">{\"@context\":\"https:\/\/schema.org\",\"@graph\":[{\"@type\":\"Organization\",\"@id\":\"https:\/\/www.comercialanma.es\/#organization\",\"name\":\"Comercial Anma\",\"url\":\"https:\/\/www.comercialanma.es\/\",\"sameAs\":[\"https:\/\/www.facebook.com\/AnmaHosteleria\",\"https:\/\/www.instagram.com\/anmahosteleria\/?hl=es\",\"https:\/\/www.youtube.com\/channel\/UCT2nmn08Ntks0hmpZPnDgCA\"],\"logo\":{\"@type\":\"ImageObject\",\"@id\":\"https:\/\/www.comercialanma.es\/#logo\",\"inLanguage\":\"es\",\"url\":\"https:\/\/i2.wp.com\/www.comercialanma.es\/wp-content\/uploads\/2019\/06\/logo-anma-color.png?fit=247%2C101&ssl=1\",\"width\":247,\"height\":101,\"caption\":\"Comercial Anma\"},\"image\":{\"@id\":\"https:\/\/www.comercialanma.es\/#logo\"}},{\"@type\":\"WebSite\",\"@id\":\"https:\/\/www.comercialanma.es\/#website\",\"url\":\"https:\/\/www.comercialanma.es\/\",\"name\":\"Comercial de Hosteleria Anma\",\"description\":\"\",\"publisher\":{\"@id\":\"https:\/\/www.comercialanma.es\/#organization\"},\"potentialAction\":[{\"@type\":\"SearchAction\",\"target\":\"https:\/\/www.comercialanma.es\/?s={search_term_string}\",\"query-input\":\"required name=search_term_string\"}],\"inLanguage\":\"es\"},{\"@type\":\"ImageObject\",\"@id\":\"https:\/\/www.comercialanma.es\/?product=azucar-no-refinado-eco-400#primaryimage\",\"inLanguage\":\"es\",\"url\":\"https:\/\/i0.wp.com\/www.comercialanma.es\/wp-content\/uploads\/2021\/07\/Panela-sucre-de-canya.jpg?fit=1080%2C1080&ssl=1\",\"width\":1080,\"height\":1080},{\"@type\":\"WebPage\",\"@id\":\"https:\/\/www.comercialanma.es\/?product=azucar-no-refinado-eco-400#webpage\",\"url\":\"https:\/\/www.comercialanma.es\/?product=azucar-no-refinado-eco-400\",\"name\":\"Panela az\\u00facar de ca\\u00f1a eco no refinado 400gr. - Comercial de Hosteleria Anma\",\"isPartOf\":{\"@id\":\"https:\/\/www.comercialanma.es\/#website\"},\"primaryImageOfPage\":{\"@id\":\"https:\/\/www.comercialanma.es\/?product=azucar-no-refinado-eco-400#primaryimage\"},\"datePublished\":\"2021-07-13T15:41:44+00:00\",\"dateModified\":\"2022-07-25T15:26:48+00:00\",\"description\":\"Az\\u00facar de ca\\u00f1a no refinado | Eco| 400gr. | Usar como endulzante en bebida, yogur, infusi\\u00f3n, como ingrediente en distintos platos.\",\"breadcrumb\":{\"@id\":\"https:\/\/www.comercialanma.es\/?product=azucar-no-refinado-eco-400#breadcrumb\"},\"inLanguage\":\"es\",\"potentialAction\":[{\"@type\":\"ReadAction\",\"target\":[\"https:\/\/www.comercialanma.es\/?product=azucar-no-refinado-eco-400\"]}]},{\"@type\":\"BreadcrumbList\",\"@id\":\"https:\/\/www.comercialanma.es\/?product=azucar-no-refinado-eco-400#breadcrumb\",\"itemListElement\":[{\"@type\":\"ListItem\",\"position\":1,\"item\":{\"@type\":\"WebPage\",\"@id\":\"https:\/\/www.comercialanma.es\/\",\"url\":\"https:\/\/www.comercialanma.es\/\",\"name\":\"Portada\"}},{\"@type\":\"ListItem\",\"position\":2,\"item\":{\"@type\":\"WebPage\",\"@id\":\"https:\/\/www.comercialanma.es\/?page_id=3963\",\"url\":\"https:\/\/www.comercialanma.es\/?page_id=3963\",\"name\":\"Cat\\u00e1logo de Productos\"}},{\"@type\":\"ListItem\",\"position\":3,\"item\":{\"@type\":\"WebPage\",\"@id\":\"https:\/\/www.comercialanma.es\/?product=azucar-no-refinado-eco-400\",\"url\":\"https:\/\/www.comercialanma.es\/?product=azucar-no-refinado-eco-400\",\"name\":\"Panela az\\u00facar de ca\\u00f1a eco no refinado 400gr.\"}}]}]}<\/script>\n<!-- \/ Yoast SEO plugin. -->","_links":{"self":[{"href":"https:\/\/www.comercialanma.es\/index.php?rest_route=\/wp\/v2\/product\/17493"}],"collection":[{"href":"https:\/\/www.comercialanma.es\/index.php?rest_route=\/wp\/v2\/product"}],"about":[{"href":"https:\/\/www.comercialanma.es\/index.php?rest_route=\/wp\/v2\/types\/product"}],"version-history":[{"count":3,"href":"https:\/\/www.comercialanma.es\/index.php?rest_route=\/wp\/v2\/product\/17493\/revisions"}],"predecessor-version":[{"id":21741,"href":"https:\/\/www.comercialanma.es\/index.php?rest_route=\/wp\/v2\/product\/17493\/revisions\/21741"}],"wp:featuredmedia":[{"embeddable":true,"href":"https:\/\/www.comercialanma.es\/index.php?rest_route=\/wp\/v2\/media\/17495"}],"wp:attachment":[{"href":"https:\/\/www.comercialanma.es\/index.php?rest_route=%2Fwp%2Fv2%2Fmedia&parent=17493"}],"curies":[{"name":"wp","href":"https:\/\/api.w.org\/{rel}","templated":true}]}}