
{"id":17591,"date":"2021-07-19T12:02:01","date_gmt":"2021-07-19T10:02:01","guid":{"rendered":"https:\/\/www.comercialanma.es\/?post_type=product&#038;p=17591"},"modified":"2021-07-19T12:09:14","modified_gmt":"2021-07-19T10:09:14","slug":"pastel-fresco-de-limon-promolac","status":"publish","type":"product","link":"https:\/\/www.comercialanma.es\/?product=pastel-fresco-de-limon-promolac","title":{"rendered":"Pastel fresco de lim\u00f3n Promolac 600gr."},"content":{"rendered":"<p>Marca: Promolac<\/p>\n<p>Pastel fresco de lim\u00f3n<\/p>\n<p>Cantidad: 600gr.<\/p>\n<p>&nbsp;<\/p>\n","protected":false},"excerpt":{"rendered":"<div class=\"col span_12 left\">\n<div class=\"vc_col-sm-12 wpb_column column_container vc_column_container col has-animation no-extra-padding instance-2 animated-in\" data-bg-cover=\"\" data-padding-pos=\"all\" data-has-bg-color=\"false\" data-bg-color=\"\" data-bg-opacity=\"1\" data-hover-bg=\"\" data-hover-bg-opacity=\"1\" data-animation=\"fade-in-from-bottom\" data-delay=\"300\">\n<div class=\"vc_column-inner\">\n<div class=\"wpb_wrapper\">Pastel fresco de lim\u00f3n | Promolac | 600gr. |<\/div>\n<div>A partir de nuestra amplia experiencia en el sector de la hosteler\u00eda y restauraci\u00f3n, nuestro equipo les puede orientar para dise\u00f1ar platos f\u00e1ciles de preparar, econ\u00f3micos pero sabrosos, con los or\u00edgenes de ingredientes de dieta mediterranea de Promolac. Actualmente trabajamos con m\u00e1s de 50 pa\u00edses en el sector Horeca adapt\u00e1ndonos a cada sabor local y requerimiento espec\u00edfico del cliente.<\/div>\n<\/div>\n<\/div>\n<\/div>\n","protected":false},"featured_media":17592,"template":"","meta":{"spay_email":""},"yoast_head":"<!-- This site is optimized with the Yoast SEO plugin v15.9 - https:\/\/yoast.com\/wordpress\/plugins\/seo\/ -->\n<title>Pastel fresco de lim\u00f3n Promolac 600gr. - Comercial de Hosteleria Anma<\/title>\n<meta name=\"description\" content=\"Pastel fresco de lim\u00f3n | Promolac | 600gr. | Dise\u00f1ar platos y postres f\u00e1ciles de preparar, econ\u00f3micos pero sabrosos.\" \/>\n<meta name=\"robots\" content=\"index, follow, max-snippet:-1, max-image-preview:large, max-video-preview:-1\" \/>\n<link rel=\"canonical\" href=\"https:\/\/www.comercialanma.es\/?product=pastel-fresco-de-limon-promolac\" \/>\n<meta property=\"og:locale\" content=\"es_ES\" \/>\n<meta property=\"og:type\" content=\"article\" \/>\n<meta property=\"og:title\" content=\"Pastel fresco de lim\u00f3n Promolac 600gr. - Comercial de Hosteleria Anma\" \/>\n<meta property=\"og:description\" content=\"Pastel fresco de lim\u00f3n | Promolac | 600gr. | Dise\u00f1ar platos y postres f\u00e1ciles de preparar, econ\u00f3micos pero sabrosos.\" \/>\n<meta property=\"og:url\" content=\"https:\/\/www.comercialanma.es\/?product=pastel-fresco-de-limon-promolac\" \/>\n<meta property=\"og:site_name\" content=\"Comercial de Hosteleria Anma\" \/>\n<meta property=\"article:publisher\" content=\"https:\/\/www.facebook.com\/AnmaHosteleria\" \/>\n<meta property=\"article:modified_time\" content=\"2021-07-19T10:09:14+00:00\" \/>\n<meta property=\"og:image\" content=\"https:\/\/i1.wp.com\/www.comercialanma.es\/wp-content\/uploads\/2021\/07\/pastel-fresco-limon-promolac-600.jpg?fit=1080%2C1080&#038;ssl=1\" \/>\n\t<meta property=\"og:image:width\" content=\"1080\" \/>\n\t<meta property=\"og:image:height\" content=\"1080\" \/>\n<meta name=\"twitter:card\" content=\"summary_large_image\" \/>\n<meta name=\"twitter:label1\" content=\"Tiempo de lectura\">\n\t<meta name=\"twitter:data1\" content=\"1 minuto\">\n<script type=\"application\/ld+json\" class=\"yoast-schema-graph\">{\"@context\":\"https:\/\/schema.org\",\"@graph\":[{\"@type\":\"Organization\",\"@id\":\"https:\/\/www.comercialanma.es\/#organization\",\"name\":\"Comercial Anma\",\"url\":\"https:\/\/www.comercialanma.es\/\",\"sameAs\":[\"https:\/\/www.facebook.com\/AnmaHosteleria\",\"https:\/\/www.instagram.com\/anmahosteleria\/?hl=es\",\"https:\/\/www.youtube.com\/channel\/UCT2nmn08Ntks0hmpZPnDgCA\"],\"logo\":{\"@type\":\"ImageObject\",\"@id\":\"https:\/\/www.comercialanma.es\/#logo\",\"inLanguage\":\"es\",\"url\":\"https:\/\/i2.wp.com\/www.comercialanma.es\/wp-content\/uploads\/2019\/06\/logo-anma-color.png?fit=247%2C101&ssl=1\",\"width\":247,\"height\":101,\"caption\":\"Comercial Anma\"},\"image\":{\"@id\":\"https:\/\/www.comercialanma.es\/#logo\"}},{\"@type\":\"WebSite\",\"@id\":\"https:\/\/www.comercialanma.es\/#website\",\"url\":\"https:\/\/www.comercialanma.es\/\",\"name\":\"Comercial de Hosteleria Anma\",\"description\":\"\",\"publisher\":{\"@id\":\"https:\/\/www.comercialanma.es\/#organization\"},\"potentialAction\":[{\"@type\":\"SearchAction\",\"target\":\"https:\/\/www.comercialanma.es\/?s={search_term_string}\",\"query-input\":\"required name=search_term_string\"}],\"inLanguage\":\"es\"},{\"@type\":\"ImageObject\",\"@id\":\"https:\/\/www.comercialanma.es\/?product=pastel-fresco-de-limon-promolac#primaryimage\",\"inLanguage\":\"es\",\"url\":\"https:\/\/i1.wp.com\/www.comercialanma.es\/wp-content\/uploads\/2021\/07\/pastel-fresco-limon-promolac-600.jpg?fit=1080%2C1080&ssl=1\",\"width\":1080,\"height\":1080},{\"@type\":\"WebPage\",\"@id\":\"https:\/\/www.comercialanma.es\/?product=pastel-fresco-de-limon-promolac#webpage\",\"url\":\"https:\/\/www.comercialanma.es\/?product=pastel-fresco-de-limon-promolac\",\"name\":\"Pastel fresco de lim\\u00f3n Promolac 600gr. - Comercial de Hosteleria Anma\",\"isPartOf\":{\"@id\":\"https:\/\/www.comercialanma.es\/#website\"},\"primaryImageOfPage\":{\"@id\":\"https:\/\/www.comercialanma.es\/?product=pastel-fresco-de-limon-promolac#primaryimage\"},\"datePublished\":\"2021-07-19T10:02:01+00:00\",\"dateModified\":\"2021-07-19T10:09:14+00:00\",\"description\":\"Pastel fresco de lim\\u00f3n | Promolac | 600gr. | Dise\\u00f1ar platos y postres f\\u00e1ciles de preparar, econ\\u00f3micos pero sabrosos.\",\"breadcrumb\":{\"@id\":\"https:\/\/www.comercialanma.es\/?product=pastel-fresco-de-limon-promolac#breadcrumb\"},\"inLanguage\":\"es\",\"potentialAction\":[{\"@type\":\"ReadAction\",\"target\":[\"https:\/\/www.comercialanma.es\/?product=pastel-fresco-de-limon-promolac\"]}]},{\"@type\":\"BreadcrumbList\",\"@id\":\"https:\/\/www.comercialanma.es\/?product=pastel-fresco-de-limon-promolac#breadcrumb\",\"itemListElement\":[{\"@type\":\"ListItem\",\"position\":1,\"item\":{\"@type\":\"WebPage\",\"@id\":\"https:\/\/www.comercialanma.es\/\",\"url\":\"https:\/\/www.comercialanma.es\/\",\"name\":\"Portada\"}},{\"@type\":\"ListItem\",\"position\":2,\"item\":{\"@type\":\"WebPage\",\"@id\":\"https:\/\/www.comercialanma.es\/?page_id=3963\",\"url\":\"https:\/\/www.comercialanma.es\/?page_id=3963\",\"name\":\"Cat\\u00e1logo de Productos\"}},{\"@type\":\"ListItem\",\"position\":3,\"item\":{\"@type\":\"WebPage\",\"@id\":\"https:\/\/www.comercialanma.es\/?product=pastel-fresco-de-limon-promolac\",\"url\":\"https:\/\/www.comercialanma.es\/?product=pastel-fresco-de-limon-promolac\",\"name\":\"Pastel fresco de lim\\u00f3n Promolac 600gr.\"}}]}]}<\/script>\n<!-- \/ Yoast SEO plugin. -->","_links":{"self":[{"href":"https:\/\/www.comercialanma.es\/index.php?rest_route=\/wp\/v2\/product\/17591"}],"collection":[{"href":"https:\/\/www.comercialanma.es\/index.php?rest_route=\/wp\/v2\/product"}],"about":[{"href":"https:\/\/www.comercialanma.es\/index.php?rest_route=\/wp\/v2\/types\/product"}],"version-history":[{"count":1,"href":"https:\/\/www.comercialanma.es\/index.php?rest_route=\/wp\/v2\/product\/17591\/revisions"}],"predecessor-version":[{"id":17593,"href":"https:\/\/www.comercialanma.es\/index.php?rest_route=\/wp\/v2\/product\/17591\/revisions\/17593"}],"wp:featuredmedia":[{"embeddable":true,"href":"https:\/\/www.comercialanma.es\/index.php?rest_route=\/wp\/v2\/media\/17592"}],"wp:attachment":[{"href":"https:\/\/www.comercialanma.es\/index.php?rest_route=%2Fwp%2Fv2%2Fmedia&parent=17591"}],"curies":[{"name":"wp","href":"https:\/\/api.w.org\/{rel}","templated":true}]}}