
{"id":17688,"date":"2021-07-20T17:00:55","date_gmt":"2021-07-20T15:00:55","guid":{"rendered":"https:\/\/www.comercialanma.es\/?post_type=product&#038;p=17688"},"modified":"2021-07-21T10:25:21","modified_gmt":"2021-07-21T08:25:21","slug":"berberechos-ria-noia-20-30-arlequin","status":"publish","type":"product","link":"https:\/\/www.comercialanma.es\/?product=berberechos-ria-noia-20-30-arlequin","title":{"rendered":"Berberechos Arlequ\u00edn 20\/30 al natural R\u00eda Noia 120gr."},"content":{"rendered":"<p>Marca: Arlequ\u00edn<\/p>\n<p>Descripci\u00f3n: Berberechos R\u00edas Gallegas Arlequ\u00edn serie oro<\/p>\n<p>Cantidad: 20-30 piezas<\/p>\n","protected":false},"excerpt":{"rendered":"<p>Berberechos al natural R\u00eda Noia | 20\/30 | 120gr. |<\/p>\n<p>Una de las mejores conservas de berberechos al natural\u00a0 de las R\u00edas Gallegas Serie ORO de Arlequ\u00edn. El envase contiene de 20 a 30 piezas de berberechos con una textura firme y consistente con el mejor sabor del mar. Su peso escurrido es de 63 gr.Despu\u00e9s de su captura en las R\u00eda de Noia, los berberechos se dejan depurar (se desbaba) durante 24 horas de manera que pierden la arena que puedan contener, y se cuece durante 5 minutos en agua de mar\u00a0 a 100 grados, se desconcha y se lava en una salmuera para eliminar impurezas. Todo elaborado de forma tradicional y muy artesanal.<\/p>\n<p>&nbsp;<\/p>\n<p>&nbsp;<\/p>\n","protected":false},"featured_media":17689,"template":"","meta":{"spay_email":""},"yoast_head":"<!-- This site is optimized with the Yoast SEO plugin v15.9 - https:\/\/yoast.com\/wordpress\/plugins\/seo\/ -->\n<title>Berberechos Arlequ\u00edn 20\/30 al natural R\u00eda Noia 120gr. - Comercial de Hosteleria Anma<\/title>\n<meta name=\"description\" content=\"Berberechos al natural R\u00eda Noia | 20\/30 | 120gr. | Arlequ\u00edn | Berrberechos con una textura firme y consistente.\" \/>\n<meta name=\"robots\" content=\"index, follow, max-snippet:-1, max-image-preview:large, max-video-preview:-1\" \/>\n<link rel=\"canonical\" href=\"https:\/\/www.comercialanma.es\/?product=berberechos-ria-noia-20-30-arlequin\" \/>\n<meta property=\"og:locale\" content=\"es_ES\" \/>\n<meta property=\"og:type\" content=\"article\" \/>\n<meta property=\"og:title\" content=\"Berberechos Arlequ\u00edn 20\/30 al natural R\u00eda Noia 120gr. - Comercial de Hosteleria Anma\" \/>\n<meta property=\"og:description\" content=\"Berberechos al natural R\u00eda Noia | 20\/30 | 120gr. | Arlequ\u00edn | Berrberechos con una textura firme y consistente.\" \/>\n<meta property=\"og:url\" content=\"https:\/\/www.comercialanma.es\/?product=berberechos-ria-noia-20-30-arlequin\" \/>\n<meta property=\"og:site_name\" content=\"Comercial de Hosteleria Anma\" \/>\n<meta property=\"article:publisher\" content=\"https:\/\/www.facebook.com\/AnmaHosteleria\" \/>\n<meta property=\"article:modified_time\" content=\"2021-07-21T08:25:21+00:00\" \/>\n<meta property=\"og:image\" content=\"https:\/\/i2.wp.com\/www.comercialanma.es\/wp-content\/uploads\/2021\/07\/berberechos-al-natural-ria-anoia-arlequin-20-30.jpg?fit=1080%2C1080&#038;ssl=1\" \/>\n\t<meta property=\"og:image:width\" content=\"1080\" \/>\n\t<meta property=\"og:image:height\" content=\"1080\" \/>\n<meta name=\"twitter:card\" content=\"summary_large_image\" \/>\n<meta name=\"twitter:label1\" content=\"Tiempo de lectura\">\n\t<meta name=\"twitter:data1\" content=\"1 minuto\">\n<script type=\"application\/ld+json\" class=\"yoast-schema-graph\">{\"@context\":\"https:\/\/schema.org\",\"@graph\":[{\"@type\":\"Organization\",\"@id\":\"https:\/\/www.comercialanma.es\/#organization\",\"name\":\"Comercial Anma\",\"url\":\"https:\/\/www.comercialanma.es\/\",\"sameAs\":[\"https:\/\/www.facebook.com\/AnmaHosteleria\",\"https:\/\/www.instagram.com\/anmahosteleria\/?hl=es\",\"https:\/\/www.youtube.com\/channel\/UCT2nmn08Ntks0hmpZPnDgCA\"],\"logo\":{\"@type\":\"ImageObject\",\"@id\":\"https:\/\/www.comercialanma.es\/#logo\",\"inLanguage\":\"es\",\"url\":\"https:\/\/i2.wp.com\/www.comercialanma.es\/wp-content\/uploads\/2019\/06\/logo-anma-color.png?fit=247%2C101&ssl=1\",\"width\":247,\"height\":101,\"caption\":\"Comercial Anma\"},\"image\":{\"@id\":\"https:\/\/www.comercialanma.es\/#logo\"}},{\"@type\":\"WebSite\",\"@id\":\"https:\/\/www.comercialanma.es\/#website\",\"url\":\"https:\/\/www.comercialanma.es\/\",\"name\":\"Comercial de Hosteleria Anma\",\"description\":\"\",\"publisher\":{\"@id\":\"https:\/\/www.comercialanma.es\/#organization\"},\"potentialAction\":[{\"@type\":\"SearchAction\",\"target\":\"https:\/\/www.comercialanma.es\/?s={search_term_string}\",\"query-input\":\"required name=search_term_string\"}],\"inLanguage\":\"es\"},{\"@type\":\"ImageObject\",\"@id\":\"https:\/\/www.comercialanma.es\/?product=berberechos-ria-noia-20-30-arlequin#primaryimage\",\"inLanguage\":\"es\",\"url\":\"https:\/\/i2.wp.com\/www.comercialanma.es\/wp-content\/uploads\/2021\/07\/berberechos-al-natural-ria-anoia-arlequin-20-30.jpg?fit=1080%2C1080&ssl=1\",\"width\":1080,\"height\":1080},{\"@type\":\"WebPage\",\"@id\":\"https:\/\/www.comercialanma.es\/?product=berberechos-ria-noia-20-30-arlequin#webpage\",\"url\":\"https:\/\/www.comercialanma.es\/?product=berberechos-ria-noia-20-30-arlequin\",\"name\":\"Berberechos Arlequ\\u00edn 20\/30 al natural R\\u00eda Noia 120gr. - Comercial de Hosteleria Anma\",\"isPartOf\":{\"@id\":\"https:\/\/www.comercialanma.es\/#website\"},\"primaryImageOfPage\":{\"@id\":\"https:\/\/www.comercialanma.es\/?product=berberechos-ria-noia-20-30-arlequin#primaryimage\"},\"datePublished\":\"2021-07-20T15:00:55+00:00\",\"dateModified\":\"2021-07-21T08:25:21+00:00\",\"description\":\"Berberechos al natural R\\u00eda Noia | 20\/30 | 120gr. | Arlequ\\u00edn | Berrberechos con una textura firme y consistente.\",\"breadcrumb\":{\"@id\":\"https:\/\/www.comercialanma.es\/?product=berberechos-ria-noia-20-30-arlequin#breadcrumb\"},\"inLanguage\":\"es\",\"potentialAction\":[{\"@type\":\"ReadAction\",\"target\":[\"https:\/\/www.comercialanma.es\/?product=berberechos-ria-noia-20-30-arlequin\"]}]},{\"@type\":\"BreadcrumbList\",\"@id\":\"https:\/\/www.comercialanma.es\/?product=berberechos-ria-noia-20-30-arlequin#breadcrumb\",\"itemListElement\":[{\"@type\":\"ListItem\",\"position\":1,\"item\":{\"@type\":\"WebPage\",\"@id\":\"https:\/\/www.comercialanma.es\/\",\"url\":\"https:\/\/www.comercialanma.es\/\",\"name\":\"Portada\"}},{\"@type\":\"ListItem\",\"position\":2,\"item\":{\"@type\":\"WebPage\",\"@id\":\"https:\/\/www.comercialanma.es\/?page_id=3963\",\"url\":\"https:\/\/www.comercialanma.es\/?page_id=3963\",\"name\":\"Cat\\u00e1logo de Productos\"}},{\"@type\":\"ListItem\",\"position\":3,\"item\":{\"@type\":\"WebPage\",\"@id\":\"https:\/\/www.comercialanma.es\/?product=berberechos-ria-noia-20-30-arlequin\",\"url\":\"https:\/\/www.comercialanma.es\/?product=berberechos-ria-noia-20-30-arlequin\",\"name\":\"Berberechos Arlequ\\u00edn 20\/30 al natural R\\u00eda Noia 120gr.\"}}]}]}<\/script>\n<!-- \/ Yoast SEO plugin. -->","_links":{"self":[{"href":"https:\/\/www.comercialanma.es\/index.php?rest_route=\/wp\/v2\/product\/17688"}],"collection":[{"href":"https:\/\/www.comercialanma.es\/index.php?rest_route=\/wp\/v2\/product"}],"about":[{"href":"https:\/\/www.comercialanma.es\/index.php?rest_route=\/wp\/v2\/types\/product"}],"version-history":[{"count":4,"href":"https:\/\/www.comercialanma.es\/index.php?rest_route=\/wp\/v2\/product\/17688\/revisions"}],"predecessor-version":[{"id":17715,"href":"https:\/\/www.comercialanma.es\/index.php?rest_route=\/wp\/v2\/product\/17688\/revisions\/17715"}],"wp:featuredmedia":[{"embeddable":true,"href":"https:\/\/www.comercialanma.es\/index.php?rest_route=\/wp\/v2\/media\/17689"}],"wp:attachment":[{"href":"https:\/\/www.comercialanma.es\/index.php?rest_route=%2Fwp%2Fv2%2Fmedia&parent=17688"}],"curies":[{"name":"wp","href":"https:\/\/api.w.org\/{rel}","templated":true}]}}