
{"id":17761,"date":"2021-07-21T12:47:34","date_gmt":"2021-07-21T10:47:34","guid":{"rendered":"https:\/\/www.comercialanma.es\/?post_type=product&#038;p=17761"},"modified":"2021-07-22T17:43:10","modified_gmt":"2021-07-22T15:43:10","slug":"galleta-marbu-dorada-200","status":"publish","type":"product","link":"https:\/\/www.comercialanma.es\/?product=galleta-marbu-dorada-200","title":{"rendered":"Galletas Marb\u00fa Dorada 200gr."},"content":{"rendered":"<h3>Ingredientes:<\/h3>\n<p><span class=\"allergen\">Harina de trigo<\/span>, aceite de girasol alto oleico, az\u00facar, jarabe de glucosa y fructosa, suero l\u00e1cteo en polvo, gasificantes (bicarbonatos am\u00f3nico y s\u00f3dico), sal, aromas, antioxidantes (E 304, E 306), agente de tratamiento de la harina (metabisulfito s\u00f3dico). Contiene <span class=\"allergen\">huevo<\/span>. Puede contener <span class=\"allergen\">soja<\/span>.<\/p>\n","protected":false},"excerpt":{"rendered":"<p>Galletas Marb\u00fa Dorada | 200gr. | Artiach |<\/p>\n<p>Prepara un gran vaso de leche calentita. A\u00f1ade cacao, caf\u00e9 o sencillamente, nada de nada. Luego moja una Marb\u00fa Dorada y descubre su secreto: Ninguna otra galleta permanece tan crujiente despu\u00e9s de mojarla. Son inconfundibles e inimitables. Puedes repetir la operaci\u00f3n tantas veces como te apetezca\u2026Su sabor y su textura nunca cambiar\u00e1n.<\/p>\n<p>&nbsp;<\/p>\n<p>&nbsp;<\/p>\n<p>&nbsp;<\/p>\n<p>&nbsp;<\/p>\n<p>&nbsp;<\/p>\n<p>&nbsp;<\/p>\n<p>&nbsp;<\/p>\n<p>&nbsp;<\/p>\n","protected":false},"featured_media":17766,"template":"","meta":{"spay_email":""},"yoast_head":"<!-- This site is optimized with the Yoast SEO plugin v15.9 - https:\/\/yoast.com\/wordpress\/plugins\/seo\/ -->\n<title>Galletas Marb\u00fa Dorada 200gr. - Comercial de Hosteleria Anma<\/title>\n<meta name=\"description\" content=\"Galletas Marb\u00fa Dorada | 200gr. | Artiach | Prepara un gran vaso de leche calentita. A\u00f1ade cacao, caf\u00e9 o sencillamente, nada de nada.\" \/>\n<meta name=\"robots\" content=\"index, follow, max-snippet:-1, max-image-preview:large, max-video-preview:-1\" \/>\n<link rel=\"canonical\" href=\"https:\/\/www.comercialanma.es\/?product=galleta-marbu-dorada-200\" \/>\n<meta property=\"og:locale\" content=\"es_ES\" \/>\n<meta property=\"og:type\" content=\"article\" \/>\n<meta property=\"og:title\" content=\"Galletas Marb\u00fa Dorada 200gr. - Comercial de Hosteleria Anma\" \/>\n<meta property=\"og:description\" content=\"Galletas Marb\u00fa Dorada | 200gr. | Artiach | Prepara un gran vaso de leche calentita. A\u00f1ade cacao, caf\u00e9 o sencillamente, nada de nada.\" \/>\n<meta property=\"og:url\" content=\"https:\/\/www.comercialanma.es\/?product=galleta-marbu-dorada-200\" \/>\n<meta property=\"og:site_name\" content=\"Comercial de Hosteleria Anma\" \/>\n<meta property=\"article:publisher\" content=\"https:\/\/www.facebook.com\/AnmaHosteleria\" \/>\n<meta property=\"article:modified_time\" content=\"2021-07-22T15:43:10+00:00\" \/>\n<meta property=\"og:image\" content=\"https:\/\/i1.wp.com\/www.comercialanma.es\/wp-content\/uploads\/2021\/07\/galletas-marbu-dorada-200gr.jpg?fit=1080%2C1080&#038;ssl=1\" \/>\n\t<meta property=\"og:image:width\" content=\"1080\" \/>\n\t<meta property=\"og:image:height\" content=\"1080\" \/>\n<meta name=\"twitter:card\" content=\"summary_large_image\" \/>\n<meta name=\"twitter:label1\" content=\"Tiempo de lectura\">\n\t<meta name=\"twitter:data1\" content=\"1 minuto\">\n<script type=\"application\/ld+json\" class=\"yoast-schema-graph\">{\"@context\":\"https:\/\/schema.org\",\"@graph\":[{\"@type\":\"Organization\",\"@id\":\"https:\/\/www.comercialanma.es\/#organization\",\"name\":\"Comercial Anma\",\"url\":\"https:\/\/www.comercialanma.es\/\",\"sameAs\":[\"https:\/\/www.facebook.com\/AnmaHosteleria\",\"https:\/\/www.instagram.com\/anmahosteleria\/?hl=es\",\"https:\/\/www.youtube.com\/channel\/UCT2nmn08Ntks0hmpZPnDgCA\"],\"logo\":{\"@type\":\"ImageObject\",\"@id\":\"https:\/\/www.comercialanma.es\/#logo\",\"inLanguage\":\"es\",\"url\":\"https:\/\/i2.wp.com\/www.comercialanma.es\/wp-content\/uploads\/2019\/06\/logo-anma-color.png?fit=247%2C101&ssl=1\",\"width\":247,\"height\":101,\"caption\":\"Comercial Anma\"},\"image\":{\"@id\":\"https:\/\/www.comercialanma.es\/#logo\"}},{\"@type\":\"WebSite\",\"@id\":\"https:\/\/www.comercialanma.es\/#website\",\"url\":\"https:\/\/www.comercialanma.es\/\",\"name\":\"Comercial de Hosteleria Anma\",\"description\":\"\",\"publisher\":{\"@id\":\"https:\/\/www.comercialanma.es\/#organization\"},\"potentialAction\":[{\"@type\":\"SearchAction\",\"target\":\"https:\/\/www.comercialanma.es\/?s={search_term_string}\",\"query-input\":\"required name=search_term_string\"}],\"inLanguage\":\"es\"},{\"@type\":\"ImageObject\",\"@id\":\"https:\/\/www.comercialanma.es\/?product=galleta-marbu-dorada-200#primaryimage\",\"inLanguage\":\"es\",\"url\":\"https:\/\/i1.wp.com\/www.comercialanma.es\/wp-content\/uploads\/2021\/07\/galletas-marbu-dorada-200gr.jpg?fit=1080%2C1080&ssl=1\",\"width\":1080,\"height\":1080},{\"@type\":\"WebPage\",\"@id\":\"https:\/\/www.comercialanma.es\/?product=galleta-marbu-dorada-200#webpage\",\"url\":\"https:\/\/www.comercialanma.es\/?product=galleta-marbu-dorada-200\",\"name\":\"Galletas Marb\\u00fa Dorada 200gr. - Comercial de Hosteleria Anma\",\"isPartOf\":{\"@id\":\"https:\/\/www.comercialanma.es\/#website\"},\"primaryImageOfPage\":{\"@id\":\"https:\/\/www.comercialanma.es\/?product=galleta-marbu-dorada-200#primaryimage\"},\"datePublished\":\"2021-07-21T10:47:34+00:00\",\"dateModified\":\"2021-07-22T15:43:10+00:00\",\"description\":\"Galletas Marb\\u00fa Dorada | 200gr. | Artiach | Prepara un gran vaso de leche calentita. A\\u00f1ade cacao, caf\\u00e9 o sencillamente, nada de nada.\",\"breadcrumb\":{\"@id\":\"https:\/\/www.comercialanma.es\/?product=galleta-marbu-dorada-200#breadcrumb\"},\"inLanguage\":\"es\",\"potentialAction\":[{\"@type\":\"ReadAction\",\"target\":[\"https:\/\/www.comercialanma.es\/?product=galleta-marbu-dorada-200\"]}]},{\"@type\":\"BreadcrumbList\",\"@id\":\"https:\/\/www.comercialanma.es\/?product=galleta-marbu-dorada-200#breadcrumb\",\"itemListElement\":[{\"@type\":\"ListItem\",\"position\":1,\"item\":{\"@type\":\"WebPage\",\"@id\":\"https:\/\/www.comercialanma.es\/\",\"url\":\"https:\/\/www.comercialanma.es\/\",\"name\":\"Portada\"}},{\"@type\":\"ListItem\",\"position\":2,\"item\":{\"@type\":\"WebPage\",\"@id\":\"https:\/\/www.comercialanma.es\/?page_id=3963\",\"url\":\"https:\/\/www.comercialanma.es\/?page_id=3963\",\"name\":\"Cat\\u00e1logo de Productos\"}},{\"@type\":\"ListItem\",\"position\":3,\"item\":{\"@type\":\"WebPage\",\"@id\":\"https:\/\/www.comercialanma.es\/?product=galleta-marbu-dorada-200\",\"url\":\"https:\/\/www.comercialanma.es\/?product=galleta-marbu-dorada-200\",\"name\":\"Galletas Marb\\u00fa Dorada 200gr.\"}}]}]}<\/script>\n<!-- \/ Yoast SEO plugin. -->","_links":{"self":[{"href":"https:\/\/www.comercialanma.es\/index.php?rest_route=\/wp\/v2\/product\/17761"}],"collection":[{"href":"https:\/\/www.comercialanma.es\/index.php?rest_route=\/wp\/v2\/product"}],"about":[{"href":"https:\/\/www.comercialanma.es\/index.php?rest_route=\/wp\/v2\/types\/product"}],"version-history":[{"count":2,"href":"https:\/\/www.comercialanma.es\/index.php?rest_route=\/wp\/v2\/product\/17761\/revisions"}],"predecessor-version":[{"id":17767,"href":"https:\/\/www.comercialanma.es\/index.php?rest_route=\/wp\/v2\/product\/17761\/revisions\/17767"}],"wp:featuredmedia":[{"embeddable":true,"href":"https:\/\/www.comercialanma.es\/index.php?rest_route=\/wp\/v2\/media\/17766"}],"wp:attachment":[{"href":"https:\/\/www.comercialanma.es\/index.php?rest_route=%2Fwp%2Fv2%2Fmedia&parent=17761"}],"curies":[{"name":"wp","href":"https:\/\/api.w.org\/{rel}","templated":true}]}}