
{"id":17790,"date":"2021-07-23T12:41:05","date_gmt":"2021-07-23T10:41:05","guid":{"rendered":"https:\/\/www.comercialanma.es\/?post_type=product&#038;p=17790"},"modified":"2021-07-23T12:50:22","modified_gmt":"2021-07-23T10:50:22","slug":"la-florens-montsant","status":"publish","type":"product","link":"https:\/\/www.comercialanma.es\/?product=la-florens-montsant","title":{"rendered":"La Florens tinto 75cl."},"content":{"rendered":"<h3>D.O.:<\/h3>\n<ul>\n<li>Montsant.<\/li>\n<\/ul>\n<h3>Variedades de uva:<\/h3>\n<ul>\n<li>Garnacha Tinta<\/li>\n<\/ul>\n<h3>Graduaci\u00f3n:<\/h3>\n<ul>\n<li>Graduaci\u00f3n: 14,5% vol.<\/li>\n<\/ul>\n<h3>Nota de cata:<\/h3>\n<p>Josep Grau La Florens 2017 es un vino tinto jugoso con aromas de fruta negra madura con sutiles p\u00e9talos de lilas, toques de naranja amarga y con un fondo mineral.<\/p>\n<p>En boca, es ligero y elegante.<\/p>\n<p>Presenta una fina acidez que contrarresta con los toques de madera en segundo plano.<\/p>\n","protected":false},"excerpt":{"rendered":"<p>La Florens | 75cl. | D.O Montsant |<\/p>\n<div>\n<p>Fruto de una finca situada en Mar\u00e7\u00e0, en el coraz\u00f3n de la\u00a0DO Montsant, nace este vino\u00a0La Florens. En esta finca encontramos cepas de 40, 70 y 100 a\u00f1os; pero para la elaboraci\u00f3n de este vino s\u00f3lo se utilizan el fruto de las cepas centenarias de\u00a0Garnacha. Estas vi\u00f1as se cultivan siguiendo los par\u00e1metros de la viticultura org\u00e1nica y est\u00e1n plantadas en suelos arcillosos y calc\u00e1rios.<\/p>\n<p>La vendimia, como todos los procesos, se realiza a mano. Para su fermentaci\u00f3n,\u00a0Josep Grau Viticultor\u00a0ha decidido realizarla en dep\u00f3sitos de cemento y con levaduras ind\u00edgenas. Para la crianza se han escogido foudres de 2.000 litros de roble austr\u00edaco de secci\u00f3n circular donde el vino tinto\u00a0La Florens 2018\u00a0reposa durante 14 meses antes de ser embotellado.<\/p>\n<p>Con una producci\u00f3n de unas 5.000 botellas, recomendamos airear este vino tinto con crianza 1 hora antes de servirlo, para disfrutar de todo su potencial.<\/p>\n<p>Una\u00a0Garnacha del Montsant\u00a0que es toda una explosi\u00f3n de jugosa fruta.<\/p>\n<\/div>\n","protected":false},"featured_media":17791,"template":"","meta":{"spay_email":""},"yoast_head":"<!-- This site is optimized with the Yoast SEO plugin v15.9 - https:\/\/yoast.com\/wordpress\/plugins\/seo\/ -->\n<title>La Florens tinto 75cl. - Comercial de Hosteleria Anma<\/title>\n<meta name=\"description\" content=\"La Florens | 75cl. | D.O Montsant | Vino tinto de Garnacha centenaria del Montsant envejecida durante 14 meses barricas de roble austr\u00edaco.\" \/>\n<meta name=\"robots\" content=\"index, follow, max-snippet:-1, max-image-preview:large, max-video-preview:-1\" \/>\n<link rel=\"canonical\" href=\"https:\/\/www.comercialanma.es\/?product=la-florens-montsant\" \/>\n<meta property=\"og:locale\" content=\"es_ES\" \/>\n<meta property=\"og:type\" content=\"article\" \/>\n<meta property=\"og:title\" content=\"La Florens tinto 75cl. - Comercial de Hosteleria Anma\" \/>\n<meta property=\"og:description\" content=\"La Florens | 75cl. | D.O Montsant | Vino tinto de Garnacha centenaria del Montsant envejecida durante 14 meses barricas de roble austr\u00edaco.\" \/>\n<meta property=\"og:url\" content=\"https:\/\/www.comercialanma.es\/?product=la-florens-montsant\" \/>\n<meta property=\"og:site_name\" content=\"Comercial de Hosteleria Anma\" \/>\n<meta property=\"article:publisher\" content=\"https:\/\/www.facebook.com\/AnmaHosteleria\" \/>\n<meta property=\"article:modified_time\" content=\"2021-07-23T10:50:22+00:00\" \/>\n<meta property=\"og:image\" content=\"https:\/\/i0.wp.com\/www.comercialanma.es\/wp-content\/uploads\/2021\/07\/LA-FLORENS-JOSEP-GRAU.jpg?fit=1080%2C1080&#038;ssl=1\" \/>\n\t<meta property=\"og:image:width\" content=\"1080\" \/>\n\t<meta property=\"og:image:height\" content=\"1080\" \/>\n<meta name=\"twitter:card\" content=\"summary_large_image\" \/>\n<meta name=\"twitter:label1\" content=\"Tiempo de lectura\">\n\t<meta name=\"twitter:data1\" content=\"1 minuto\">\n<script type=\"application\/ld+json\" class=\"yoast-schema-graph\">{\"@context\":\"https:\/\/schema.org\",\"@graph\":[{\"@type\":\"Organization\",\"@id\":\"https:\/\/www.comercialanma.es\/#organization\",\"name\":\"Comercial Anma\",\"url\":\"https:\/\/www.comercialanma.es\/\",\"sameAs\":[\"https:\/\/www.facebook.com\/AnmaHosteleria\",\"https:\/\/www.instagram.com\/anmahosteleria\/?hl=es\",\"https:\/\/www.youtube.com\/channel\/UCT2nmn08Ntks0hmpZPnDgCA\"],\"logo\":{\"@type\":\"ImageObject\",\"@id\":\"https:\/\/www.comercialanma.es\/#logo\",\"inLanguage\":\"es\",\"url\":\"https:\/\/i2.wp.com\/www.comercialanma.es\/wp-content\/uploads\/2019\/06\/logo-anma-color.png?fit=247%2C101&ssl=1\",\"width\":247,\"height\":101,\"caption\":\"Comercial Anma\"},\"image\":{\"@id\":\"https:\/\/www.comercialanma.es\/#logo\"}},{\"@type\":\"WebSite\",\"@id\":\"https:\/\/www.comercialanma.es\/#website\",\"url\":\"https:\/\/www.comercialanma.es\/\",\"name\":\"Comercial de Hosteleria Anma\",\"description\":\"\",\"publisher\":{\"@id\":\"https:\/\/www.comercialanma.es\/#organization\"},\"potentialAction\":[{\"@type\":\"SearchAction\",\"target\":\"https:\/\/www.comercialanma.es\/?s={search_term_string}\",\"query-input\":\"required name=search_term_string\"}],\"inLanguage\":\"es\"},{\"@type\":\"ImageObject\",\"@id\":\"https:\/\/www.comercialanma.es\/?product=la-florens-montsant#primaryimage\",\"inLanguage\":\"es\",\"url\":\"https:\/\/i0.wp.com\/www.comercialanma.es\/wp-content\/uploads\/2021\/07\/LA-FLORENS-JOSEP-GRAU.jpg?fit=1080%2C1080&ssl=1\",\"width\":1080,\"height\":1080},{\"@type\":\"WebPage\",\"@id\":\"https:\/\/www.comercialanma.es\/?product=la-florens-montsant#webpage\",\"url\":\"https:\/\/www.comercialanma.es\/?product=la-florens-montsant\",\"name\":\"La Florens tinto 75cl. - Comercial de Hosteleria Anma\",\"isPartOf\":{\"@id\":\"https:\/\/www.comercialanma.es\/#website\"},\"primaryImageOfPage\":{\"@id\":\"https:\/\/www.comercialanma.es\/?product=la-florens-montsant#primaryimage\"},\"datePublished\":\"2021-07-23T10:41:05+00:00\",\"dateModified\":\"2021-07-23T10:50:22+00:00\",\"description\":\"La Florens | 75cl. | D.O Montsant | Vino tinto de Garnacha centenaria del Montsant envejecida durante 14 meses barricas de roble austr\\u00edaco.\",\"breadcrumb\":{\"@id\":\"https:\/\/www.comercialanma.es\/?product=la-florens-montsant#breadcrumb\"},\"inLanguage\":\"es\",\"potentialAction\":[{\"@type\":\"ReadAction\",\"target\":[\"https:\/\/www.comercialanma.es\/?product=la-florens-montsant\"]}]},{\"@type\":\"BreadcrumbList\",\"@id\":\"https:\/\/www.comercialanma.es\/?product=la-florens-montsant#breadcrumb\",\"itemListElement\":[{\"@type\":\"ListItem\",\"position\":1,\"item\":{\"@type\":\"WebPage\",\"@id\":\"https:\/\/www.comercialanma.es\/\",\"url\":\"https:\/\/www.comercialanma.es\/\",\"name\":\"Portada\"}},{\"@type\":\"ListItem\",\"position\":2,\"item\":{\"@type\":\"WebPage\",\"@id\":\"https:\/\/www.comercialanma.es\/?page_id=3963\",\"url\":\"https:\/\/www.comercialanma.es\/?page_id=3963\",\"name\":\"Cat\\u00e1logo de Productos\"}},{\"@type\":\"ListItem\",\"position\":3,\"item\":{\"@type\":\"WebPage\",\"@id\":\"https:\/\/www.comercialanma.es\/?product=la-florens-montsant\",\"url\":\"https:\/\/www.comercialanma.es\/?product=la-florens-montsant\",\"name\":\"La Florens tinto 75cl.\"}}]}]}<\/script>\n<!-- \/ Yoast SEO plugin. -->","_links":{"self":[{"href":"https:\/\/www.comercialanma.es\/index.php?rest_route=\/wp\/v2\/product\/17790"}],"collection":[{"href":"https:\/\/www.comercialanma.es\/index.php?rest_route=\/wp\/v2\/product"}],"about":[{"href":"https:\/\/www.comercialanma.es\/index.php?rest_route=\/wp\/v2\/types\/product"}],"version-history":[{"count":1,"href":"https:\/\/www.comercialanma.es\/index.php?rest_route=\/wp\/v2\/product\/17790\/revisions"}],"predecessor-version":[{"id":17792,"href":"https:\/\/www.comercialanma.es\/index.php?rest_route=\/wp\/v2\/product\/17790\/revisions\/17792"}],"wp:featuredmedia":[{"embeddable":true,"href":"https:\/\/www.comercialanma.es\/index.php?rest_route=\/wp\/v2\/media\/17791"}],"wp:attachment":[{"href":"https:\/\/www.comercialanma.es\/index.php?rest_route=%2Fwp%2Fv2%2Fmedia&parent=17790"}],"curies":[{"name":"wp","href":"https:\/\/api.w.org\/{rel}","templated":true}]}}