
{"id":17908,"date":"2021-07-26T15:35:11","date_gmt":"2021-07-26T13:35:11","guid":{"rendered":"https:\/\/www.comercialanma.es\/?post_type=product&#038;p=17908"},"modified":"2021-07-27T15:58:35","modified_gmt":"2021-07-27T13:58:35","slug":"salsa-pesto-190","status":"publish","type":"product","link":"https:\/\/www.comercialanma.es\/?product=salsa-pesto-190","title":{"rendered":"Salsa Gallo pesto 190gr."},"content":{"rendered":"<p>Marca: Gallo<\/p>\n<p>Presentaci\u00f3n: Tarro vidrio<\/p>\n<p>Cantidad: 190gr.<\/p>\n","protected":false},"excerpt":{"rendered":"<div>\n<p>Salsa pesto | Gallo | 190gr. |<\/p>\n<p>Salsa Pesto de Gallo perfecta para tu pasta! Gallo ofrece una amplia gama de salsas en conserva, elaboradas con ingredientes naturales, ideales para acompa\u00f1ar cualquier plato de pasta. Salsas para pasta Gallo. La forma m\u00e1s f\u00e1cil y sabrosa de comer pasta.<\/p>\n<\/div>\n","protected":false},"featured_media":17936,"template":"","meta":{"spay_email":""},"yoast_head":"<!-- This site is optimized with the Yoast SEO plugin v15.9 - https:\/\/yoast.com\/wordpress\/plugins\/seo\/ -->\n<title>Salsa Gallo pesto 190gr. - Comercial de Hosteleria Anma<\/title>\n<meta name=\"description\" content=\"Salsa pesto | Gallo | 190gr. | Salsa Pesto de Gallo perfecta para tu pasta! Gallo ofrece una amplia gama de salsas en conserva.\" \/>\n<meta name=\"robots\" content=\"index, follow, max-snippet:-1, max-image-preview:large, max-video-preview:-1\" \/>\n<link rel=\"canonical\" href=\"https:\/\/www.comercialanma.es\/?product=salsa-pesto-190\" \/>\n<meta property=\"og:locale\" content=\"es_ES\" \/>\n<meta property=\"og:type\" content=\"article\" \/>\n<meta property=\"og:title\" content=\"Salsa Gallo pesto 190gr. - Comercial de Hosteleria Anma\" \/>\n<meta property=\"og:description\" content=\"Salsa pesto | Gallo | 190gr. | Salsa Pesto de Gallo perfecta para tu pasta! Gallo ofrece una amplia gama de salsas en conserva.\" \/>\n<meta property=\"og:url\" content=\"https:\/\/www.comercialanma.es\/?product=salsa-pesto-190\" \/>\n<meta property=\"og:site_name\" content=\"Comercial de Hosteleria Anma\" \/>\n<meta property=\"article:publisher\" content=\"https:\/\/www.facebook.com\/AnmaHosteleria\" \/>\n<meta property=\"article:modified_time\" content=\"2021-07-27T13:58:35+00:00\" \/>\n<meta property=\"og:image\" content=\"https:\/\/i1.wp.com\/www.comercialanma.es\/wp-content\/uploads\/2021\/07\/salsa-tomate-casera-gallo-400.jpg?fit=1080%2C1080&#038;ssl=1\" \/>\n\t<meta property=\"og:image:width\" content=\"1080\" \/>\n\t<meta property=\"og:image:height\" content=\"1080\" \/>\n<meta name=\"twitter:card\" content=\"summary_large_image\" \/>\n<meta name=\"twitter:label1\" content=\"Tiempo de lectura\">\n\t<meta name=\"twitter:data1\" content=\"1 minuto\">\n<script type=\"application\/ld+json\" class=\"yoast-schema-graph\">{\"@context\":\"https:\/\/schema.org\",\"@graph\":[{\"@type\":\"Organization\",\"@id\":\"https:\/\/www.comercialanma.es\/#organization\",\"name\":\"Comercial Anma\",\"url\":\"https:\/\/www.comercialanma.es\/\",\"sameAs\":[\"https:\/\/www.facebook.com\/AnmaHosteleria\",\"https:\/\/www.instagram.com\/anmahosteleria\/?hl=es\",\"https:\/\/www.youtube.com\/channel\/UCT2nmn08Ntks0hmpZPnDgCA\"],\"logo\":{\"@type\":\"ImageObject\",\"@id\":\"https:\/\/www.comercialanma.es\/#logo\",\"inLanguage\":\"es\",\"url\":\"https:\/\/i2.wp.com\/www.comercialanma.es\/wp-content\/uploads\/2019\/06\/logo-anma-color.png?fit=247%2C101&ssl=1\",\"width\":247,\"height\":101,\"caption\":\"Comercial Anma\"},\"image\":{\"@id\":\"https:\/\/www.comercialanma.es\/#logo\"}},{\"@type\":\"WebSite\",\"@id\":\"https:\/\/www.comercialanma.es\/#website\",\"url\":\"https:\/\/www.comercialanma.es\/\",\"name\":\"Comercial de Hosteleria Anma\",\"description\":\"\",\"publisher\":{\"@id\":\"https:\/\/www.comercialanma.es\/#organization\"},\"potentialAction\":[{\"@type\":\"SearchAction\",\"target\":\"https:\/\/www.comercialanma.es\/?s={search_term_string}\",\"query-input\":\"required name=search_term_string\"}],\"inLanguage\":\"es\"},{\"@type\":\"ImageObject\",\"@id\":\"https:\/\/www.comercialanma.es\/?product=salsa-pesto-190#primaryimage\",\"inLanguage\":\"es\",\"url\":\"https:\/\/i1.wp.com\/www.comercialanma.es\/wp-content\/uploads\/2021\/07\/salsa-tomate-casera-gallo-400.jpg?fit=1080%2C1080&ssl=1\",\"width\":1080,\"height\":1080},{\"@type\":\"WebPage\",\"@id\":\"https:\/\/www.comercialanma.es\/?product=salsa-pesto-190#webpage\",\"url\":\"https:\/\/www.comercialanma.es\/?product=salsa-pesto-190\",\"name\":\"Salsa Gallo pesto 190gr. - Comercial de Hosteleria Anma\",\"isPartOf\":{\"@id\":\"https:\/\/www.comercialanma.es\/#website\"},\"primaryImageOfPage\":{\"@id\":\"https:\/\/www.comercialanma.es\/?product=salsa-pesto-190#primaryimage\"},\"datePublished\":\"2021-07-26T13:35:11+00:00\",\"dateModified\":\"2021-07-27T13:58:35+00:00\",\"description\":\"Salsa pesto | Gallo | 190gr. | Salsa Pesto de Gallo perfecta para tu pasta! Gallo ofrece una amplia gama de salsas en conserva.\",\"breadcrumb\":{\"@id\":\"https:\/\/www.comercialanma.es\/?product=salsa-pesto-190#breadcrumb\"},\"inLanguage\":\"es\",\"potentialAction\":[{\"@type\":\"ReadAction\",\"target\":[\"https:\/\/www.comercialanma.es\/?product=salsa-pesto-190\"]}]},{\"@type\":\"BreadcrumbList\",\"@id\":\"https:\/\/www.comercialanma.es\/?product=salsa-pesto-190#breadcrumb\",\"itemListElement\":[{\"@type\":\"ListItem\",\"position\":1,\"item\":{\"@type\":\"WebPage\",\"@id\":\"https:\/\/www.comercialanma.es\/\",\"url\":\"https:\/\/www.comercialanma.es\/\",\"name\":\"Portada\"}},{\"@type\":\"ListItem\",\"position\":2,\"item\":{\"@type\":\"WebPage\",\"@id\":\"https:\/\/www.comercialanma.es\/?page_id=3963\",\"url\":\"https:\/\/www.comercialanma.es\/?page_id=3963\",\"name\":\"Cat\\u00e1logo de Productos\"}},{\"@type\":\"ListItem\",\"position\":3,\"item\":{\"@type\":\"WebPage\",\"@id\":\"https:\/\/www.comercialanma.es\/?product=salsa-pesto-190\",\"url\":\"https:\/\/www.comercialanma.es\/?product=salsa-pesto-190\",\"name\":\"Salsa Gallo pesto 190gr.\"}}]}]}<\/script>\n<!-- \/ Yoast SEO plugin. -->","_links":{"self":[{"href":"https:\/\/www.comercialanma.es\/index.php?rest_route=\/wp\/v2\/product\/17908"}],"collection":[{"href":"https:\/\/www.comercialanma.es\/index.php?rest_route=\/wp\/v2\/product"}],"about":[{"href":"https:\/\/www.comercialanma.es\/index.php?rest_route=\/wp\/v2\/types\/product"}],"version-history":[{"count":1,"href":"https:\/\/www.comercialanma.es\/index.php?rest_route=\/wp\/v2\/product\/17908\/revisions"}],"predecessor-version":[{"id":17910,"href":"https:\/\/www.comercialanma.es\/index.php?rest_route=\/wp\/v2\/product\/17908\/revisions\/17910"}],"wp:featuredmedia":[{"embeddable":true,"href":"https:\/\/www.comercialanma.es\/index.php?rest_route=\/wp\/v2\/media\/17936"}],"wp:attachment":[{"href":"https:\/\/www.comercialanma.es\/index.php?rest_route=%2Fwp%2Fv2%2Fmedia&parent=17908"}],"curies":[{"name":"wp","href":"https:\/\/api.w.org\/{rel}","templated":true}]}}