
{"id":17920,"date":"2021-07-26T16:14:40","date_gmt":"2021-07-26T14:14:40","guid":{"rendered":"https:\/\/www.comercialanma.es\/?post_type=product&#038;p=17920"},"modified":"2021-07-27T15:55:48","modified_gmt":"2021-07-27T13:55:48","slug":"bovril-carne-500","status":"publish","type":"product","link":"https:\/\/www.comercialanma.es\/?product=bovril-carne-500","title":{"rendered":"Bovril Caldo de Carne Concentrado 500gr."},"content":{"rendered":"<p>Marca: Knorr<\/p>\n<p>Cantidad: 500gr.<\/p>\n<p>Presentaci\u00f3n: Envase pl\u00e1stico<\/p>\n","protected":false},"excerpt":{"rendered":"<div>Bovril Caldo de Carne Concentrado | 500gr. | Kanorr|<\/div>\n<div>\n<p><span class=\"a-list-item\"> Elaborado con un 41% de caldo de carne reducido; sin conservantes. Aporta color y sabor rustido a guisos, salsas, carnes a la plancha, steak tartar, etc. Larga tradici\u00f3n de m\u00e1s de 100 a\u00f1os en las cocinas profesionales. Receta \u00fanica. Uso en multitud de aplicaciones. <\/span><\/p>\n<\/div>\n","protected":false},"featured_media":17922,"template":"","meta":{"spay_email":""},"yoast_head":"<!-- This site is optimized with the Yoast SEO plugin v15.9 - https:\/\/yoast.com\/wordpress\/plugins\/seo\/ -->\n<title>Bovril Caldo de Carne Concentrado 500gr. - Comercial de Hosteleria Anma<\/title>\n<meta name=\"description\" content=\"Bovril Caldo de Carne Concentrado | 500gr. | Kanorr| Elaborado con un 41% de caldo de carne reducido; sin conservantes.\" \/>\n<meta name=\"robots\" content=\"index, follow, max-snippet:-1, max-image-preview:large, max-video-preview:-1\" \/>\n<link rel=\"canonical\" href=\"https:\/\/www.comercialanma.es\/?product=bovril-carne-500\" \/>\n<meta property=\"og:locale\" content=\"es_ES\" \/>\n<meta property=\"og:type\" content=\"article\" \/>\n<meta property=\"og:title\" content=\"Bovril Caldo de Carne Concentrado 500gr. - Comercial de Hosteleria Anma\" \/>\n<meta property=\"og:description\" content=\"Bovril Caldo de Carne Concentrado | 500gr. | Kanorr| Elaborado con un 41% de caldo de carne reducido; sin conservantes.\" \/>\n<meta property=\"og:url\" content=\"https:\/\/www.comercialanma.es\/?product=bovril-carne-500\" \/>\n<meta property=\"og:site_name\" content=\"Comercial de Hosteleria Anma\" \/>\n<meta property=\"article:publisher\" content=\"https:\/\/www.facebook.com\/AnmaHosteleria\" \/>\n<meta property=\"article:modified_time\" content=\"2021-07-27T13:55:48+00:00\" \/>\n<meta property=\"og:image\" content=\"https:\/\/i1.wp.com\/www.comercialanma.es\/wp-content\/uploads\/2021\/07\/Bovril-concentrado-500.jpg?fit=1080%2C1080&#038;ssl=1\" \/>\n\t<meta property=\"og:image:width\" content=\"1080\" \/>\n\t<meta property=\"og:image:height\" content=\"1080\" \/>\n<meta name=\"twitter:card\" content=\"summary_large_image\" \/>\n<meta name=\"twitter:label1\" content=\"Tiempo de lectura\">\n\t<meta name=\"twitter:data1\" content=\"1 minuto\">\n<script type=\"application\/ld+json\" class=\"yoast-schema-graph\">{\"@context\":\"https:\/\/schema.org\",\"@graph\":[{\"@type\":\"Organization\",\"@id\":\"https:\/\/www.comercialanma.es\/#organization\",\"name\":\"Comercial Anma\",\"url\":\"https:\/\/www.comercialanma.es\/\",\"sameAs\":[\"https:\/\/www.facebook.com\/AnmaHosteleria\",\"https:\/\/www.instagram.com\/anmahosteleria\/?hl=es\",\"https:\/\/www.youtube.com\/channel\/UCT2nmn08Ntks0hmpZPnDgCA\"],\"logo\":{\"@type\":\"ImageObject\",\"@id\":\"https:\/\/www.comercialanma.es\/#logo\",\"inLanguage\":\"es\",\"url\":\"https:\/\/i2.wp.com\/www.comercialanma.es\/wp-content\/uploads\/2019\/06\/logo-anma-color.png?fit=247%2C101&ssl=1\",\"width\":247,\"height\":101,\"caption\":\"Comercial Anma\"},\"image\":{\"@id\":\"https:\/\/www.comercialanma.es\/#logo\"}},{\"@type\":\"WebSite\",\"@id\":\"https:\/\/www.comercialanma.es\/#website\",\"url\":\"https:\/\/www.comercialanma.es\/\",\"name\":\"Comercial de Hosteleria Anma\",\"description\":\"\",\"publisher\":{\"@id\":\"https:\/\/www.comercialanma.es\/#organization\"},\"potentialAction\":[{\"@type\":\"SearchAction\",\"target\":\"https:\/\/www.comercialanma.es\/?s={search_term_string}\",\"query-input\":\"required name=search_term_string\"}],\"inLanguage\":\"es\"},{\"@type\":\"ImageObject\",\"@id\":\"https:\/\/www.comercialanma.es\/?product=bovril-carne-500#primaryimage\",\"inLanguage\":\"es\",\"url\":\"https:\/\/i1.wp.com\/www.comercialanma.es\/wp-content\/uploads\/2021\/07\/Bovril-concentrado-500.jpg?fit=1080%2C1080&ssl=1\",\"width\":1080,\"height\":1080},{\"@type\":\"WebPage\",\"@id\":\"https:\/\/www.comercialanma.es\/?product=bovril-carne-500#webpage\",\"url\":\"https:\/\/www.comercialanma.es\/?product=bovril-carne-500\",\"name\":\"Bovril Caldo de Carne Concentrado 500gr. - Comercial de Hosteleria Anma\",\"isPartOf\":{\"@id\":\"https:\/\/www.comercialanma.es\/#website\"},\"primaryImageOfPage\":{\"@id\":\"https:\/\/www.comercialanma.es\/?product=bovril-carne-500#primaryimage\"},\"datePublished\":\"2021-07-26T14:14:40+00:00\",\"dateModified\":\"2021-07-27T13:55:48+00:00\",\"description\":\"Bovril Caldo de Carne Concentrado | 500gr. | Kanorr| Elaborado con un 41% de caldo de carne reducido; sin conservantes.\",\"breadcrumb\":{\"@id\":\"https:\/\/www.comercialanma.es\/?product=bovril-carne-500#breadcrumb\"},\"inLanguage\":\"es\",\"potentialAction\":[{\"@type\":\"ReadAction\",\"target\":[\"https:\/\/www.comercialanma.es\/?product=bovril-carne-500\"]}]},{\"@type\":\"BreadcrumbList\",\"@id\":\"https:\/\/www.comercialanma.es\/?product=bovril-carne-500#breadcrumb\",\"itemListElement\":[{\"@type\":\"ListItem\",\"position\":1,\"item\":{\"@type\":\"WebPage\",\"@id\":\"https:\/\/www.comercialanma.es\/\",\"url\":\"https:\/\/www.comercialanma.es\/\",\"name\":\"Portada\"}},{\"@type\":\"ListItem\",\"position\":2,\"item\":{\"@type\":\"WebPage\",\"@id\":\"https:\/\/www.comercialanma.es\/?page_id=3963\",\"url\":\"https:\/\/www.comercialanma.es\/?page_id=3963\",\"name\":\"Cat\\u00e1logo de Productos\"}},{\"@type\":\"ListItem\",\"position\":3,\"item\":{\"@type\":\"WebPage\",\"@id\":\"https:\/\/www.comercialanma.es\/?product=bovril-carne-500\",\"url\":\"https:\/\/www.comercialanma.es\/?product=bovril-carne-500\",\"name\":\"Bovril Caldo de Carne Concentrado 500gr.\"}}]}]}<\/script>\n<!-- \/ Yoast SEO plugin. -->","_links":{"self":[{"href":"https:\/\/www.comercialanma.es\/index.php?rest_route=\/wp\/v2\/product\/17920"}],"collection":[{"href":"https:\/\/www.comercialanma.es\/index.php?rest_route=\/wp\/v2\/product"}],"about":[{"href":"https:\/\/www.comercialanma.es\/index.php?rest_route=\/wp\/v2\/types\/product"}],"version-history":[{"count":1,"href":"https:\/\/www.comercialanma.es\/index.php?rest_route=\/wp\/v2\/product\/17920\/revisions"}],"predecessor-version":[{"id":17923,"href":"https:\/\/www.comercialanma.es\/index.php?rest_route=\/wp\/v2\/product\/17920\/revisions\/17923"}],"wp:featuredmedia":[{"embeddable":true,"href":"https:\/\/www.comercialanma.es\/index.php?rest_route=\/wp\/v2\/media\/17922"}],"wp:attachment":[{"href":"https:\/\/www.comercialanma.es\/index.php?rest_route=%2Fwp%2Fv2%2Fmedia&parent=17920"}],"curies":[{"name":"wp","href":"https:\/\/api.w.org\/{rel}","templated":true}]}}