
{"id":17984,"date":"2021-07-27T17:18:21","date_gmt":"2021-07-27T15:18:21","guid":{"rendered":"https:\/\/www.comercialanma.es\/?post_type=product&#038;p=17984"},"modified":"2021-07-27T17:21:47","modified_gmt":"2021-07-27T15:21:47","slug":"millas-top-down-mostaza","status":"publish","type":"product","link":"https:\/\/www.comercialanma.es\/?product=millas-top-down-mostaza","title":{"rendered":"Salsa Mostaza Top Down Mill\u00e1s 340gr."},"content":{"rendered":"<ul>\n<li>Fabricante: Mill\u00e1s<\/li>\n<li>Formato: Antigoteo<\/li>\n<li>Envase: 340ml.<\/li>\n<\/ul>\n","protected":false},"excerpt":{"rendered":"<div>\n<p>Salsa Mostaza Mill\u00e1s (Biber\u00f3n) 800ml. |<\/p>\n<div class=\"clearfix text-formatted field field--name-body field--type-text-with-summary field--label-hidden field__item\">\n<p>Salsa no emulsionada, elaborada a partir de concentrado del grano de mostaza. Consistente. Color amarillo \u2013 marr\u00f3n. Sabor t\u00edpico a mostaza. Formato no rellenable y m\u00e1s higi\u00e9nico ideal para cadenas y restaurantes de comida r\u00e1pida.<\/p>\n<\/div>\n<\/div>\n","protected":false},"featured_media":17985,"template":"","meta":{"spay_email":""},"yoast_head":"<!-- This site is optimized with the Yoast SEO plugin v15.9 - https:\/\/yoast.com\/wordpress\/plugins\/seo\/ -->\n<title>Salsa Mostaza Top Down Mill\u00e1s 340gr. - Comercial de Hosteleria Anma<\/title>\n<meta name=\"description\" content=\"Salsa Mostaza Top Down | Mill\u00e1s| 340gr. | Antigoteo | Salsa no emulsionada, elaborada a partir de concentrado del grano de mostaza.\" \/>\n<meta name=\"robots\" content=\"index, follow, max-snippet:-1, max-image-preview:large, max-video-preview:-1\" \/>\n<link rel=\"canonical\" href=\"https:\/\/www.comercialanma.es\/?product=millas-top-down-mostaza\" \/>\n<meta property=\"og:locale\" content=\"es_ES\" \/>\n<meta property=\"og:type\" content=\"article\" \/>\n<meta property=\"og:title\" content=\"Salsa Mostaza Top Down Mill\u00e1s 340gr. - Comercial de Hosteleria Anma\" \/>\n<meta property=\"og:description\" content=\"Salsa Mostaza Top Down | Mill\u00e1s| 340gr. | Antigoteo | Salsa no emulsionada, elaborada a partir de concentrado del grano de mostaza.\" \/>\n<meta property=\"og:url\" content=\"https:\/\/www.comercialanma.es\/?product=millas-top-down-mostaza\" \/>\n<meta property=\"og:site_name\" content=\"Comercial de Hosteleria Anma\" \/>\n<meta property=\"article:publisher\" content=\"https:\/\/www.facebook.com\/AnmaHosteleria\" \/>\n<meta property=\"article:modified_time\" content=\"2021-07-27T15:21:47+00:00\" \/>\n<meta property=\"og:image\" content=\"https:\/\/i2.wp.com\/www.comercialanma.es\/wp-content\/uploads\/2021\/07\/mostaza-top-down-millas.jpg?fit=1080%2C1080&#038;ssl=1\" \/>\n\t<meta property=\"og:image:width\" content=\"1080\" \/>\n\t<meta property=\"og:image:height\" content=\"1080\" \/>\n<meta name=\"twitter:card\" content=\"summary_large_image\" \/>\n<meta name=\"twitter:label1\" content=\"Tiempo de lectura\">\n\t<meta name=\"twitter:data1\" content=\"1 minuto\">\n<script type=\"application\/ld+json\" class=\"yoast-schema-graph\">{\"@context\":\"https:\/\/schema.org\",\"@graph\":[{\"@type\":\"Organization\",\"@id\":\"https:\/\/www.comercialanma.es\/#organization\",\"name\":\"Comercial Anma\",\"url\":\"https:\/\/www.comercialanma.es\/\",\"sameAs\":[\"https:\/\/www.facebook.com\/AnmaHosteleria\",\"https:\/\/www.instagram.com\/anmahosteleria\/?hl=es\",\"https:\/\/www.youtube.com\/channel\/UCT2nmn08Ntks0hmpZPnDgCA\"],\"logo\":{\"@type\":\"ImageObject\",\"@id\":\"https:\/\/www.comercialanma.es\/#logo\",\"inLanguage\":\"es\",\"url\":\"https:\/\/i2.wp.com\/www.comercialanma.es\/wp-content\/uploads\/2019\/06\/logo-anma-color.png?fit=247%2C101&ssl=1\",\"width\":247,\"height\":101,\"caption\":\"Comercial Anma\"},\"image\":{\"@id\":\"https:\/\/www.comercialanma.es\/#logo\"}},{\"@type\":\"WebSite\",\"@id\":\"https:\/\/www.comercialanma.es\/#website\",\"url\":\"https:\/\/www.comercialanma.es\/\",\"name\":\"Comercial de Hosteleria Anma\",\"description\":\"\",\"publisher\":{\"@id\":\"https:\/\/www.comercialanma.es\/#organization\"},\"potentialAction\":[{\"@type\":\"SearchAction\",\"target\":\"https:\/\/www.comercialanma.es\/?s={search_term_string}\",\"query-input\":\"required name=search_term_string\"}],\"inLanguage\":\"es\"},{\"@type\":\"ImageObject\",\"@id\":\"https:\/\/www.comercialanma.es\/?product=millas-top-down-mostaza#primaryimage\",\"inLanguage\":\"es\",\"url\":\"https:\/\/i2.wp.com\/www.comercialanma.es\/wp-content\/uploads\/2021\/07\/mostaza-top-down-millas.jpg?fit=1080%2C1080&ssl=1\",\"width\":1080,\"height\":1080},{\"@type\":\"WebPage\",\"@id\":\"https:\/\/www.comercialanma.es\/?product=millas-top-down-mostaza#webpage\",\"url\":\"https:\/\/www.comercialanma.es\/?product=millas-top-down-mostaza\",\"name\":\"Salsa Mostaza Top Down Mill\\u00e1s 340gr. - Comercial de Hosteleria Anma\",\"isPartOf\":{\"@id\":\"https:\/\/www.comercialanma.es\/#website\"},\"primaryImageOfPage\":{\"@id\":\"https:\/\/www.comercialanma.es\/?product=millas-top-down-mostaza#primaryimage\"},\"datePublished\":\"2021-07-27T15:18:21+00:00\",\"dateModified\":\"2021-07-27T15:21:47+00:00\",\"description\":\"Salsa Mostaza Top Down | Mill\\u00e1s| 340gr. | Antigoteo | Salsa no emulsionada, elaborada a partir de concentrado del grano de mostaza.\",\"breadcrumb\":{\"@id\":\"https:\/\/www.comercialanma.es\/?product=millas-top-down-mostaza#breadcrumb\"},\"inLanguage\":\"es\",\"potentialAction\":[{\"@type\":\"ReadAction\",\"target\":[\"https:\/\/www.comercialanma.es\/?product=millas-top-down-mostaza\"]}]},{\"@type\":\"BreadcrumbList\",\"@id\":\"https:\/\/www.comercialanma.es\/?product=millas-top-down-mostaza#breadcrumb\",\"itemListElement\":[{\"@type\":\"ListItem\",\"position\":1,\"item\":{\"@type\":\"WebPage\",\"@id\":\"https:\/\/www.comercialanma.es\/\",\"url\":\"https:\/\/www.comercialanma.es\/\",\"name\":\"Portada\"}},{\"@type\":\"ListItem\",\"position\":2,\"item\":{\"@type\":\"WebPage\",\"@id\":\"https:\/\/www.comercialanma.es\/?page_id=3963\",\"url\":\"https:\/\/www.comercialanma.es\/?page_id=3963\",\"name\":\"Cat\\u00e1logo de Productos\"}},{\"@type\":\"ListItem\",\"position\":3,\"item\":{\"@type\":\"WebPage\",\"@id\":\"https:\/\/www.comercialanma.es\/?product=millas-top-down-mostaza\",\"url\":\"https:\/\/www.comercialanma.es\/?product=millas-top-down-mostaza\",\"name\":\"Salsa Mostaza Top Down Mill\\u00e1s 340gr.\"}}]}]}<\/script>\n<!-- \/ Yoast SEO plugin. -->","_links":{"self":[{"href":"https:\/\/www.comercialanma.es\/index.php?rest_route=\/wp\/v2\/product\/17984"}],"collection":[{"href":"https:\/\/www.comercialanma.es\/index.php?rest_route=\/wp\/v2\/product"}],"about":[{"href":"https:\/\/www.comercialanma.es\/index.php?rest_route=\/wp\/v2\/types\/product"}],"version-history":[{"count":1,"href":"https:\/\/www.comercialanma.es\/index.php?rest_route=\/wp\/v2\/product\/17984\/revisions"}],"predecessor-version":[{"id":17986,"href":"https:\/\/www.comercialanma.es\/index.php?rest_route=\/wp\/v2\/product\/17984\/revisions\/17986"}],"wp:featuredmedia":[{"embeddable":true,"href":"https:\/\/www.comercialanma.es\/index.php?rest_route=\/wp\/v2\/media\/17985"}],"wp:attachment":[{"href":"https:\/\/www.comercialanma.es\/index.php?rest_route=%2Fwp%2Fv2%2Fmedia&parent=17984"}],"curies":[{"name":"wp","href":"https:\/\/api.w.org\/{rel}","templated":true}]}}