
{"id":18014,"date":"2021-07-28T12:31:17","date_gmt":"2021-07-28T10:31:17","guid":{"rendered":"https:\/\/www.comercialanma.es\/?post_type=product&#038;p=18014"},"modified":"2021-07-28T12:36:18","modified_gmt":"2021-07-28T10:36:18","slug":"mayonesa-kraft-500","status":"publish","type":"product","link":"https:\/\/www.comercialanma.es\/?product=mayonesa-kraft-500","title":{"rendered":"Mayonesa Kraft 500ml."},"content":{"rendered":"<h3><b> INGREDIENTES Y AL\u00c9RGENOS\u00a0<\/b><\/h3>\n<p>Agua, aceite de girasol 36%, vinagre de vino, almid\u00f3n modificado, huevo 4,1%, az\u00facar, sal, yema de huevo 1%, conservante (sorbato de potasio), regulador de la acidez (\u00e1cido l\u00e1ctico), espesantes (goma xantana, goma guar), Antioxidante (EDTA de calcio y disodio), color (extracto de paprika).<\/p>\n","protected":false},"excerpt":{"rendered":"<div>\n<p>Salsa mayonesa | Kraft | 500ml. |<\/p>\n<p>Mayonesa original Kraft agrega sabor ligero y textura cremosa a todo tipo de platos. Hecho con huevos sin jaula, vinagre fuerte, jugo de lim\u00f3n y la combinaci\u00f3n perfecta de condimentos, esta mayonesa favorita de la familia ofrece un delicioso sabor en cada bocado. Esta mayonesa es perfecta para agregar sabor salado a s\u00e1ndwiches, ensaladas y m\u00e1s.<\/p>\n<\/div>\n","protected":false},"featured_media":18015,"template":"","meta":{"spay_email":""},"yoast_head":"<!-- This site is optimized with the Yoast SEO plugin v15.9 - https:\/\/yoast.com\/wordpress\/plugins\/seo\/ -->\n<title>Mayonesa Kraft 500ml. - Comercial de Hosteleria Anma<\/title>\n<meta name=\"description\" content=\"Salsa mayonesa | Kraft | 500ml. | Mayonesa original Kraft agrega sabor ligero y textura cremosa a todo tipo de platos.\" \/>\n<meta name=\"robots\" content=\"index, follow, max-snippet:-1, max-image-preview:large, max-video-preview:-1\" \/>\n<link rel=\"canonical\" href=\"https:\/\/www.comercialanma.es\/?product=mayonesa-kraft-500\" \/>\n<meta property=\"og:locale\" content=\"es_ES\" \/>\n<meta property=\"og:type\" content=\"article\" \/>\n<meta property=\"og:title\" content=\"Mayonesa Kraft 500ml. - Comercial de Hosteleria Anma\" \/>\n<meta property=\"og:description\" content=\"Salsa mayonesa | Kraft | 500ml. | Mayonesa original Kraft agrega sabor ligero y textura cremosa a todo tipo de platos.\" \/>\n<meta property=\"og:url\" content=\"https:\/\/www.comercialanma.es\/?product=mayonesa-kraft-500\" \/>\n<meta property=\"og:site_name\" content=\"Comercial de Hosteleria Anma\" \/>\n<meta property=\"article:publisher\" content=\"https:\/\/www.facebook.com\/AnmaHosteleria\" \/>\n<meta property=\"article:modified_time\" content=\"2021-07-28T10:36:18+00:00\" \/>\n<meta property=\"og:image\" content=\"https:\/\/i2.wp.com\/www.comercialanma.es\/wp-content\/uploads\/2021\/07\/mayonesa-kraft-500.jpg?fit=1080%2C1080&#038;ssl=1\" \/>\n\t<meta property=\"og:image:width\" content=\"1080\" \/>\n\t<meta property=\"og:image:height\" content=\"1080\" \/>\n<meta name=\"twitter:card\" content=\"summary_large_image\" \/>\n<meta name=\"twitter:label1\" content=\"Tiempo de lectura\">\n\t<meta name=\"twitter:data1\" content=\"1 minuto\">\n<script type=\"application\/ld+json\" class=\"yoast-schema-graph\">{\"@context\":\"https:\/\/schema.org\",\"@graph\":[{\"@type\":\"Organization\",\"@id\":\"https:\/\/www.comercialanma.es\/#organization\",\"name\":\"Comercial Anma\",\"url\":\"https:\/\/www.comercialanma.es\/\",\"sameAs\":[\"https:\/\/www.facebook.com\/AnmaHosteleria\",\"https:\/\/www.instagram.com\/anmahosteleria\/?hl=es\",\"https:\/\/www.youtube.com\/channel\/UCT2nmn08Ntks0hmpZPnDgCA\"],\"logo\":{\"@type\":\"ImageObject\",\"@id\":\"https:\/\/www.comercialanma.es\/#logo\",\"inLanguage\":\"es\",\"url\":\"https:\/\/i2.wp.com\/www.comercialanma.es\/wp-content\/uploads\/2019\/06\/logo-anma-color.png?fit=247%2C101&ssl=1\",\"width\":247,\"height\":101,\"caption\":\"Comercial Anma\"},\"image\":{\"@id\":\"https:\/\/www.comercialanma.es\/#logo\"}},{\"@type\":\"WebSite\",\"@id\":\"https:\/\/www.comercialanma.es\/#website\",\"url\":\"https:\/\/www.comercialanma.es\/\",\"name\":\"Comercial de Hosteleria Anma\",\"description\":\"\",\"publisher\":{\"@id\":\"https:\/\/www.comercialanma.es\/#organization\"},\"potentialAction\":[{\"@type\":\"SearchAction\",\"target\":\"https:\/\/www.comercialanma.es\/?s={search_term_string}\",\"query-input\":\"required name=search_term_string\"}],\"inLanguage\":\"es\"},{\"@type\":\"ImageObject\",\"@id\":\"https:\/\/www.comercialanma.es\/?product=mayonesa-kraft-500#primaryimage\",\"inLanguage\":\"es\",\"url\":\"https:\/\/i2.wp.com\/www.comercialanma.es\/wp-content\/uploads\/2021\/07\/mayonesa-kraft-500.jpg?fit=1080%2C1080&ssl=1\",\"width\":1080,\"height\":1080},{\"@type\":\"WebPage\",\"@id\":\"https:\/\/www.comercialanma.es\/?product=mayonesa-kraft-500#webpage\",\"url\":\"https:\/\/www.comercialanma.es\/?product=mayonesa-kraft-500\",\"name\":\"Mayonesa Kraft 500ml. - Comercial de Hosteleria Anma\",\"isPartOf\":{\"@id\":\"https:\/\/www.comercialanma.es\/#website\"},\"primaryImageOfPage\":{\"@id\":\"https:\/\/www.comercialanma.es\/?product=mayonesa-kraft-500#primaryimage\"},\"datePublished\":\"2021-07-28T10:31:17+00:00\",\"dateModified\":\"2021-07-28T10:36:18+00:00\",\"description\":\"Salsa mayonesa | Kraft | 500ml. | Mayonesa original Kraft agrega sabor ligero y textura cremosa a todo tipo de platos.\",\"breadcrumb\":{\"@id\":\"https:\/\/www.comercialanma.es\/?product=mayonesa-kraft-500#breadcrumb\"},\"inLanguage\":\"es\",\"potentialAction\":[{\"@type\":\"ReadAction\",\"target\":[\"https:\/\/www.comercialanma.es\/?product=mayonesa-kraft-500\"]}]},{\"@type\":\"BreadcrumbList\",\"@id\":\"https:\/\/www.comercialanma.es\/?product=mayonesa-kraft-500#breadcrumb\",\"itemListElement\":[{\"@type\":\"ListItem\",\"position\":1,\"item\":{\"@type\":\"WebPage\",\"@id\":\"https:\/\/www.comercialanma.es\/\",\"url\":\"https:\/\/www.comercialanma.es\/\",\"name\":\"Portada\"}},{\"@type\":\"ListItem\",\"position\":2,\"item\":{\"@type\":\"WebPage\",\"@id\":\"https:\/\/www.comercialanma.es\/?page_id=3963\",\"url\":\"https:\/\/www.comercialanma.es\/?page_id=3963\",\"name\":\"Cat\\u00e1logo de Productos\"}},{\"@type\":\"ListItem\",\"position\":3,\"item\":{\"@type\":\"WebPage\",\"@id\":\"https:\/\/www.comercialanma.es\/?product=mayonesa-kraft-500\",\"url\":\"https:\/\/www.comercialanma.es\/?product=mayonesa-kraft-500\",\"name\":\"Mayonesa Kraft 500ml.\"}}]}]}<\/script>\n<!-- \/ Yoast SEO plugin. -->","_links":{"self":[{"href":"https:\/\/www.comercialanma.es\/index.php?rest_route=\/wp\/v2\/product\/18014"}],"collection":[{"href":"https:\/\/www.comercialanma.es\/index.php?rest_route=\/wp\/v2\/product"}],"about":[{"href":"https:\/\/www.comercialanma.es\/index.php?rest_route=\/wp\/v2\/types\/product"}],"version-history":[{"count":1,"href":"https:\/\/www.comercialanma.es\/index.php?rest_route=\/wp\/v2\/product\/18014\/revisions"}],"predecessor-version":[{"id":18016,"href":"https:\/\/www.comercialanma.es\/index.php?rest_route=\/wp\/v2\/product\/18014\/revisions\/18016"}],"wp:featuredmedia":[{"embeddable":true,"href":"https:\/\/www.comercialanma.es\/index.php?rest_route=\/wp\/v2\/media\/18015"}],"wp:attachment":[{"href":"https:\/\/www.comercialanma.es\/index.php?rest_route=%2Fwp%2Fv2%2Fmedia&parent=18014"}],"curies":[{"name":"wp","href":"https:\/\/api.w.org\/{rel}","templated":true}]}}