
{"id":18052,"date":"2021-07-30T08:44:00","date_gmt":"2021-07-30T06:44:00","guid":{"rendered":"https:\/\/www.comercialanma.es\/?post_type=product&#038;p=18052"},"modified":"2021-07-30T08:53:03","modified_gmt":"2021-07-30T06:53:03","slug":"lays-campesinas-133","status":"publish","type":"product","link":"https:\/\/www.comercialanma.es\/?product=lays-campesinas-133","title":{"rendered":"Patatas fritas Lay&#8217;s Campesinas 133gr."},"content":{"rendered":"<div class=\"productTabContent grupo\">\n<div class=\"productDescriptionText\">\n<div class=\"foodIngredients\">\n<h3>Ingredientes:<\/h3>\n<p>Patatas. aceite de ma\u00edz. condimento preparado de vegetales y especias [lactosa. az\u00facar. potenciadores del sabor (glutamato monos\u00f3dico. 5&#8242;-ribonucle\u00f3tido dis\u00f3dico). dextrosa. cebolla en polvo. piment\u00f3n molido. tomate en polvo. ajo en polvo. perejil. prote\u00edna hidrolizada de soja. sustancias aromatizantes. reguladores de acidez (\u00e1cido c\u00edtrico. \u00e1cido m\u00e1lico). colorante (extracto de piment\u00f3n). edulcorante (aspartamo). prote\u00ednas de leche. aromas de humo]. sal. Contiene una fuente de fenilalanina.<\/p>\n<\/div>\n<\/div>\n<\/div>\n","protected":false},"excerpt":{"rendered":"<p>Patatas fritas Lay&#8217;s Campesinas | 133gr. |<\/p>\n<p>Una cuidada selecci\u00f3n de <em>sabores<\/em> vegetales para que los disfrutes en tus <em>lay&#8217;s<\/em> de siempre. Sin gluten.<\/p>\n","protected":false},"featured_media":18053,"template":"","meta":{"spay_email":""},"yoast_head":"<!-- This site is optimized with the Yoast SEO plugin v15.9 - https:\/\/yoast.com\/wordpress\/plugins\/seo\/ -->\n<title>Patatas fritas Lay&#039;s Campesinas 133gr. - Comercial de Hosteleria Anma<\/title>\n<meta name=\"description\" content=\"Patatas fritas Lay&#039;s Campesinas | 133gr. | Una selecci\u00f3n de sabores vegetales para que los disfrutes en tus lay&#039;s de siempre. Sin gluten.\" \/>\n<meta name=\"robots\" content=\"index, follow, max-snippet:-1, max-image-preview:large, max-video-preview:-1\" \/>\n<link rel=\"canonical\" href=\"https:\/\/www.comercialanma.es\/?product=lays-campesinas-133\" \/>\n<meta property=\"og:locale\" content=\"es_ES\" \/>\n<meta property=\"og:type\" content=\"article\" \/>\n<meta property=\"og:title\" content=\"Patatas fritas Lay&#039;s Campesinas 133gr. - Comercial de Hosteleria Anma\" \/>\n<meta property=\"og:description\" content=\"Patatas fritas Lay&#039;s Campesinas | 133gr. | Una selecci\u00f3n de sabores vegetales para que los disfrutes en tus lay&#039;s de siempre. Sin gluten.\" \/>\n<meta property=\"og:url\" content=\"https:\/\/www.comercialanma.es\/?product=lays-campesinas-133\" \/>\n<meta property=\"og:site_name\" content=\"Comercial de Hosteleria Anma\" \/>\n<meta property=\"article:publisher\" content=\"https:\/\/www.facebook.com\/AnmaHosteleria\" \/>\n<meta property=\"article:modified_time\" content=\"2021-07-30T06:53:03+00:00\" \/>\n<meta property=\"og:image\" content=\"https:\/\/i2.wp.com\/www.comercialanma.es\/wp-content\/uploads\/2021\/07\/lays-campesinas-133.jpg?fit=1080%2C1080&#038;ssl=1\" \/>\n\t<meta property=\"og:image:width\" content=\"1080\" \/>\n\t<meta property=\"og:image:height\" content=\"1080\" \/>\n<meta name=\"twitter:card\" content=\"summary_large_image\" \/>\n<meta name=\"twitter:label1\" content=\"Tiempo de lectura\">\n\t<meta name=\"twitter:data1\" content=\"1 minuto\">\n<script type=\"application\/ld+json\" class=\"yoast-schema-graph\">{\"@context\":\"https:\/\/schema.org\",\"@graph\":[{\"@type\":\"Organization\",\"@id\":\"https:\/\/www.comercialanma.es\/#organization\",\"name\":\"Comercial Anma\",\"url\":\"https:\/\/www.comercialanma.es\/\",\"sameAs\":[\"https:\/\/www.facebook.com\/AnmaHosteleria\",\"https:\/\/www.instagram.com\/anmahosteleria\/?hl=es\",\"https:\/\/www.youtube.com\/channel\/UCT2nmn08Ntks0hmpZPnDgCA\"],\"logo\":{\"@type\":\"ImageObject\",\"@id\":\"https:\/\/www.comercialanma.es\/#logo\",\"inLanguage\":\"es\",\"url\":\"https:\/\/i2.wp.com\/www.comercialanma.es\/wp-content\/uploads\/2019\/06\/logo-anma-color.png?fit=247%2C101&ssl=1\",\"width\":247,\"height\":101,\"caption\":\"Comercial Anma\"},\"image\":{\"@id\":\"https:\/\/www.comercialanma.es\/#logo\"}},{\"@type\":\"WebSite\",\"@id\":\"https:\/\/www.comercialanma.es\/#website\",\"url\":\"https:\/\/www.comercialanma.es\/\",\"name\":\"Comercial de Hosteleria Anma\",\"description\":\"\",\"publisher\":{\"@id\":\"https:\/\/www.comercialanma.es\/#organization\"},\"potentialAction\":[{\"@type\":\"SearchAction\",\"target\":\"https:\/\/www.comercialanma.es\/?s={search_term_string}\",\"query-input\":\"required name=search_term_string\"}],\"inLanguage\":\"es\"},{\"@type\":\"ImageObject\",\"@id\":\"https:\/\/www.comercialanma.es\/?product=lays-campesinas-133#primaryimage\",\"inLanguage\":\"es\",\"url\":\"https:\/\/i2.wp.com\/www.comercialanma.es\/wp-content\/uploads\/2021\/07\/lays-campesinas-133.jpg?fit=1080%2C1080&ssl=1\",\"width\":1080,\"height\":1080},{\"@type\":\"WebPage\",\"@id\":\"https:\/\/www.comercialanma.es\/?product=lays-campesinas-133#webpage\",\"url\":\"https:\/\/www.comercialanma.es\/?product=lays-campesinas-133\",\"name\":\"Patatas fritas Lay's Campesinas 133gr. - Comercial de Hosteleria Anma\",\"isPartOf\":{\"@id\":\"https:\/\/www.comercialanma.es\/#website\"},\"primaryImageOfPage\":{\"@id\":\"https:\/\/www.comercialanma.es\/?product=lays-campesinas-133#primaryimage\"},\"datePublished\":\"2021-07-30T06:44:00+00:00\",\"dateModified\":\"2021-07-30T06:53:03+00:00\",\"description\":\"Patatas fritas Lay's Campesinas | 133gr. | Una selecci\\u00f3n de sabores vegetales para que los disfrutes en tus lay's de siempre. Sin gluten.\",\"breadcrumb\":{\"@id\":\"https:\/\/www.comercialanma.es\/?product=lays-campesinas-133#breadcrumb\"},\"inLanguage\":\"es\",\"potentialAction\":[{\"@type\":\"ReadAction\",\"target\":[\"https:\/\/www.comercialanma.es\/?product=lays-campesinas-133\"]}]},{\"@type\":\"BreadcrumbList\",\"@id\":\"https:\/\/www.comercialanma.es\/?product=lays-campesinas-133#breadcrumb\",\"itemListElement\":[{\"@type\":\"ListItem\",\"position\":1,\"item\":{\"@type\":\"WebPage\",\"@id\":\"https:\/\/www.comercialanma.es\/\",\"url\":\"https:\/\/www.comercialanma.es\/\",\"name\":\"Portada\"}},{\"@type\":\"ListItem\",\"position\":2,\"item\":{\"@type\":\"WebPage\",\"@id\":\"https:\/\/www.comercialanma.es\/?page_id=3963\",\"url\":\"https:\/\/www.comercialanma.es\/?page_id=3963\",\"name\":\"Cat\\u00e1logo de Productos\"}},{\"@type\":\"ListItem\",\"position\":3,\"item\":{\"@type\":\"WebPage\",\"@id\":\"https:\/\/www.comercialanma.es\/?product=lays-campesinas-133\",\"url\":\"https:\/\/www.comercialanma.es\/?product=lays-campesinas-133\",\"name\":\"Patatas fritas Lay&#8217;s Campesinas 133gr.\"}}]}]}<\/script>\n<!-- \/ Yoast SEO plugin. -->","_links":{"self":[{"href":"https:\/\/www.comercialanma.es\/index.php?rest_route=\/wp\/v2\/product\/18052"}],"collection":[{"href":"https:\/\/www.comercialanma.es\/index.php?rest_route=\/wp\/v2\/product"}],"about":[{"href":"https:\/\/www.comercialanma.es\/index.php?rest_route=\/wp\/v2\/types\/product"}],"version-history":[{"count":1,"href":"https:\/\/www.comercialanma.es\/index.php?rest_route=\/wp\/v2\/product\/18052\/revisions"}],"predecessor-version":[{"id":18054,"href":"https:\/\/www.comercialanma.es\/index.php?rest_route=\/wp\/v2\/product\/18052\/revisions\/18054"}],"wp:featuredmedia":[{"embeddable":true,"href":"https:\/\/www.comercialanma.es\/index.php?rest_route=\/wp\/v2\/media\/18053"}],"wp:attachment":[{"href":"https:\/\/www.comercialanma.es\/index.php?rest_route=%2Fwp%2Fv2%2Fmedia&parent=18052"}],"curies":[{"name":"wp","href":"https:\/\/api.w.org\/{rel}","templated":true}]}}