
{"id":18077,"date":"2021-07-30T12:03:04","date_gmt":"2021-07-30T10:03:04","guid":{"rendered":"https:\/\/www.comercialanma.es\/?post_type=product&#038;p=18077"},"modified":"2021-07-30T12:04:36","modified_gmt":"2021-07-30T10:04:36","slug":"doritos-tex-mex-182","status":"publish","type":"product","link":"https:\/\/www.comercialanma.es\/?product=doritos-tex-mex-182","title":{"rendered":"Doritos Tex-Mex 182gr."},"content":{"rendered":"<div class=\"productTabContent grupo\">\n<div class=\"productDescriptionText\">\n<div class=\"foodIngredients\">\n<h3>Ingredientes:<\/h3>\n<p>Ma\u00edz (80%) aceites vegetales (ma\u00edz y girasol en proporciones variables), condimento preparado con sabor a queso [suero de leche en polvo, harina de trigo, sal, queso en polvo (de leche), tomate en polvo, preparaciones y sustancias aromatizantes (contienen leche), cebolla en polvo, suero de mantequilla en polvo (de leche), cloruro pot\u00e1sico, potenciador del sabor (glutamato monos\u00f3dico), prote\u00ednas de leche, ajo en polvo, dextrosa, correctores de acidez (\u00e1cido l\u00e1ctico, \u00e1cido c\u00edtrico), colorantes (extracto de piment\u00f3n, annato caramelo natural), especias, az\u00facar, leche desnatada en polvo]<\/p>\n<\/div>\n<\/div>\n<\/div>\n","protected":false},"excerpt":{"rendered":"<p>Doritos Tex-Mex | 182gr. |<\/p>\n<p><span class=\"a-list-item\">Los Doritos sabor TEX MEX son un snack atrevido adecuado para picotear o dipear con forma triangular para acompa\u00f1ar con la salsa que prefieras.<\/span><\/p>\n","protected":false},"featured_media":18066,"template":"","meta":{"spay_email":""},"yoast_head":"<!-- This site is optimized with the Yoast SEO plugin v15.9 - https:\/\/yoast.com\/wordpress\/plugins\/seo\/ -->\n<title>Doritos Tex-Mex 182gr. - Comercial de Hosteleria Anma<\/title>\n<meta name=\"description\" content=\"Doritos Tex-Mex | 182gr. | Los Doritos sabor TEX MEX son un snack atrevido adecuado para picotear o dipear con forma triangular.\" \/>\n<meta name=\"robots\" content=\"index, follow, max-snippet:-1, max-image-preview:large, max-video-preview:-1\" \/>\n<link rel=\"canonical\" href=\"https:\/\/www.comercialanma.es\/?product=doritos-tex-mex-182\" \/>\n<meta property=\"og:locale\" content=\"es_ES\" \/>\n<meta property=\"og:type\" content=\"article\" \/>\n<meta property=\"og:title\" content=\"Doritos Tex-Mex 182gr. - Comercial de Hosteleria Anma\" \/>\n<meta property=\"og:description\" content=\"Doritos Tex-Mex | 182gr. | Los Doritos sabor TEX MEX son un snack atrevido adecuado para picotear o dipear con forma triangular.\" \/>\n<meta property=\"og:url\" content=\"https:\/\/www.comercialanma.es\/?product=doritos-tex-mex-182\" \/>\n<meta property=\"og:site_name\" content=\"Comercial de Hosteleria Anma\" \/>\n<meta property=\"article:publisher\" content=\"https:\/\/www.facebook.com\/AnmaHosteleria\" \/>\n<meta property=\"article:modified_time\" content=\"2021-07-30T10:04:36+00:00\" \/>\n<meta property=\"og:image\" content=\"https:\/\/i2.wp.com\/www.comercialanma.es\/wp-content\/uploads\/2021\/07\/doritos-tex-mex.jpg?fit=1080%2C1080&#038;ssl=1\" \/>\n\t<meta property=\"og:image:width\" content=\"1080\" \/>\n\t<meta property=\"og:image:height\" content=\"1080\" \/>\n<meta name=\"twitter:card\" content=\"summary_large_image\" \/>\n<meta name=\"twitter:label1\" content=\"Tiempo de lectura\">\n\t<meta name=\"twitter:data1\" content=\"1 minuto\">\n<script type=\"application\/ld+json\" class=\"yoast-schema-graph\">{\"@context\":\"https:\/\/schema.org\",\"@graph\":[{\"@type\":\"Organization\",\"@id\":\"https:\/\/www.comercialanma.es\/#organization\",\"name\":\"Comercial Anma\",\"url\":\"https:\/\/www.comercialanma.es\/\",\"sameAs\":[\"https:\/\/www.facebook.com\/AnmaHosteleria\",\"https:\/\/www.instagram.com\/anmahosteleria\/?hl=es\",\"https:\/\/www.youtube.com\/channel\/UCT2nmn08Ntks0hmpZPnDgCA\"],\"logo\":{\"@type\":\"ImageObject\",\"@id\":\"https:\/\/www.comercialanma.es\/#logo\",\"inLanguage\":\"es\",\"url\":\"https:\/\/i2.wp.com\/www.comercialanma.es\/wp-content\/uploads\/2019\/06\/logo-anma-color.png?fit=247%2C101&ssl=1\",\"width\":247,\"height\":101,\"caption\":\"Comercial Anma\"},\"image\":{\"@id\":\"https:\/\/www.comercialanma.es\/#logo\"}},{\"@type\":\"WebSite\",\"@id\":\"https:\/\/www.comercialanma.es\/#website\",\"url\":\"https:\/\/www.comercialanma.es\/\",\"name\":\"Comercial de Hosteleria Anma\",\"description\":\"\",\"publisher\":{\"@id\":\"https:\/\/www.comercialanma.es\/#organization\"},\"potentialAction\":[{\"@type\":\"SearchAction\",\"target\":\"https:\/\/www.comercialanma.es\/?s={search_term_string}\",\"query-input\":\"required name=search_term_string\"}],\"inLanguage\":\"es\"},{\"@type\":\"ImageObject\",\"@id\":\"https:\/\/www.comercialanma.es\/?product=doritos-tex-mex-182#primaryimage\",\"inLanguage\":\"es\",\"url\":\"https:\/\/i2.wp.com\/www.comercialanma.es\/wp-content\/uploads\/2021\/07\/doritos-tex-mex.jpg?fit=1080%2C1080&ssl=1\",\"width\":1080,\"height\":1080},{\"@type\":\"WebPage\",\"@id\":\"https:\/\/www.comercialanma.es\/?product=doritos-tex-mex-182#webpage\",\"url\":\"https:\/\/www.comercialanma.es\/?product=doritos-tex-mex-182\",\"name\":\"Doritos Tex-Mex 182gr. - Comercial de Hosteleria Anma\",\"isPartOf\":{\"@id\":\"https:\/\/www.comercialanma.es\/#website\"},\"primaryImageOfPage\":{\"@id\":\"https:\/\/www.comercialanma.es\/?product=doritos-tex-mex-182#primaryimage\"},\"datePublished\":\"2021-07-30T10:03:04+00:00\",\"dateModified\":\"2021-07-30T10:04:36+00:00\",\"description\":\"Doritos Tex-Mex | 182gr. | Los Doritos sabor TEX MEX son un snack atrevido adecuado para picotear o dipear con forma triangular.\",\"breadcrumb\":{\"@id\":\"https:\/\/www.comercialanma.es\/?product=doritos-tex-mex-182#breadcrumb\"},\"inLanguage\":\"es\",\"potentialAction\":[{\"@type\":\"ReadAction\",\"target\":[\"https:\/\/www.comercialanma.es\/?product=doritos-tex-mex-182\"]}]},{\"@type\":\"BreadcrumbList\",\"@id\":\"https:\/\/www.comercialanma.es\/?product=doritos-tex-mex-182#breadcrumb\",\"itemListElement\":[{\"@type\":\"ListItem\",\"position\":1,\"item\":{\"@type\":\"WebPage\",\"@id\":\"https:\/\/www.comercialanma.es\/\",\"url\":\"https:\/\/www.comercialanma.es\/\",\"name\":\"Portada\"}},{\"@type\":\"ListItem\",\"position\":2,\"item\":{\"@type\":\"WebPage\",\"@id\":\"https:\/\/www.comercialanma.es\/?page_id=3963\",\"url\":\"https:\/\/www.comercialanma.es\/?page_id=3963\",\"name\":\"Cat\\u00e1logo de Productos\"}},{\"@type\":\"ListItem\",\"position\":3,\"item\":{\"@type\":\"WebPage\",\"@id\":\"https:\/\/www.comercialanma.es\/?product=doritos-tex-mex-182\",\"url\":\"https:\/\/www.comercialanma.es\/?product=doritos-tex-mex-182\",\"name\":\"Doritos Tex-Mex 182gr.\"}}]}]}<\/script>\n<!-- \/ Yoast SEO plugin. -->","_links":{"self":[{"href":"https:\/\/www.comercialanma.es\/index.php?rest_route=\/wp\/v2\/product\/18077"}],"collection":[{"href":"https:\/\/www.comercialanma.es\/index.php?rest_route=\/wp\/v2\/product"}],"about":[{"href":"https:\/\/www.comercialanma.es\/index.php?rest_route=\/wp\/v2\/types\/product"}],"version-history":[{"count":1,"href":"https:\/\/www.comercialanma.es\/index.php?rest_route=\/wp\/v2\/product\/18077\/revisions"}],"predecessor-version":[{"id":18078,"href":"https:\/\/www.comercialanma.es\/index.php?rest_route=\/wp\/v2\/product\/18077\/revisions\/18078"}],"wp:featuredmedia":[{"embeddable":true,"href":"https:\/\/www.comercialanma.es\/index.php?rest_route=\/wp\/v2\/media\/18066"}],"wp:attachment":[{"href":"https:\/\/www.comercialanma.es\/index.php?rest_route=%2Fwp%2Fv2%2Fmedia&parent=18077"}],"curies":[{"name":"wp","href":"https:\/\/api.w.org\/{rel}","templated":true}]}}