
{"id":18136,"date":"2021-08-17T16:53:20","date_gmt":"2021-08-17T14:53:20","guid":{"rendered":"https:\/\/www.comercialanma.es\/?post_type=product&#038;p=18136"},"modified":"2021-08-17T17:04:16","modified_gmt":"2021-08-17T15:04:16","slug":"aquarius-naranja-15l","status":"publish","type":"product","link":"https:\/\/www.comercialanma.es\/?product=aquarius-naranja-15l","title":{"rendered":"Aquarius Naranja 1,5L."},"content":{"rendered":"<ul class=\"a-unordered-list a-vertical a-spacing-mini\">\n<li>Marca: Coca-Cola<\/li>\n<li>Formato: Pet<\/li>\n<li>Capacidad: 1,500ml.<\/li>\n<\/ul>\n<h3>Ingredientes:<\/h3>\n<p>Agua, az\u00facar, acidulantes: \u00e1cido c\u00edtrico y \u00e1cido m\u00e1lico, potenciadores del sabor: cloruro s\u00f3dico, fosfato pot\u00e1sico y fosfato c\u00e1lcico, corrector de acidez citrato s\u00f3dico, antioxidante \u00e1cido asc\u00f3rbico, estabilizantes: E-414 y E-445, gluconato de zinc, edulcorantes: sucralosa y acesulfamo K, aromas naturales de c\u00edtricos y colorante carotenos.<\/p>\n","protected":false},"excerpt":{"rendered":"<p>Aquarius naranja | 1500ml.| by Coca-Cola | Envase Pet |<\/p>\n<p>Bebida isot\u00f3nica con sabor a naranja que te hidrata y refresca.<\/p>\n","protected":false},"featured_media":18137,"template":"","meta":{"spay_email":""},"yoast_head":"<!-- This site is optimized with the Yoast SEO plugin v15.9 - https:\/\/yoast.com\/wordpress\/plugins\/seo\/ -->\n<title>Aquarius Naranja 1,5L. - Comercial de Hosteleria Anma<\/title>\n<meta name=\"description\" content=\"Aquarius naranja | 1500ml.| by Coca-Cola | Envase Pet | Bebida isot\u00f3nica con sabor a naranja que te hidrata y refresca.\" \/>\n<meta name=\"robots\" content=\"index, follow, max-snippet:-1, max-image-preview:large, max-video-preview:-1\" \/>\n<link rel=\"canonical\" href=\"https:\/\/www.comercialanma.es\/?product=aquarius-naranja-15l\" \/>\n<meta property=\"og:locale\" content=\"es_ES\" \/>\n<meta property=\"og:type\" content=\"article\" \/>\n<meta property=\"og:title\" content=\"Aquarius Naranja 1,5L. - Comercial de Hosteleria Anma\" \/>\n<meta property=\"og:description\" content=\"Aquarius naranja | 1500ml.| by Coca-Cola | Envase Pet | Bebida isot\u00f3nica con sabor a naranja que te hidrata y refresca.\" \/>\n<meta property=\"og:url\" content=\"https:\/\/www.comercialanma.es\/?product=aquarius-naranja-15l\" \/>\n<meta property=\"og:site_name\" content=\"Comercial de Hosteleria Anma\" \/>\n<meta property=\"article:publisher\" content=\"https:\/\/www.facebook.com\/AnmaHosteleria\" \/>\n<meta property=\"article:modified_time\" content=\"2021-08-17T15:04:16+00:00\" \/>\n<meta property=\"og:image\" content=\"https:\/\/i0.wp.com\/www.comercialanma.es\/wp-content\/uploads\/2021\/08\/aquarius-naranja-15.jpg?fit=1080%2C1080&#038;ssl=1\" \/>\n\t<meta property=\"og:image:width\" content=\"1080\" \/>\n\t<meta property=\"og:image:height\" content=\"1080\" \/>\n<meta name=\"twitter:card\" content=\"summary_large_image\" \/>\n<meta name=\"twitter:label1\" content=\"Tiempo de lectura\">\n\t<meta name=\"twitter:data1\" content=\"1 minuto\">\n<script type=\"application\/ld+json\" class=\"yoast-schema-graph\">{\"@context\":\"https:\/\/schema.org\",\"@graph\":[{\"@type\":\"Organization\",\"@id\":\"https:\/\/www.comercialanma.es\/#organization\",\"name\":\"Comercial Anma\",\"url\":\"https:\/\/www.comercialanma.es\/\",\"sameAs\":[\"https:\/\/www.facebook.com\/AnmaHosteleria\",\"https:\/\/www.instagram.com\/anmahosteleria\/?hl=es\",\"https:\/\/www.youtube.com\/channel\/UCT2nmn08Ntks0hmpZPnDgCA\"],\"logo\":{\"@type\":\"ImageObject\",\"@id\":\"https:\/\/www.comercialanma.es\/#logo\",\"inLanguage\":\"es\",\"url\":\"https:\/\/i2.wp.com\/www.comercialanma.es\/wp-content\/uploads\/2019\/06\/logo-anma-color.png?fit=247%2C101&ssl=1\",\"width\":247,\"height\":101,\"caption\":\"Comercial Anma\"},\"image\":{\"@id\":\"https:\/\/www.comercialanma.es\/#logo\"}},{\"@type\":\"WebSite\",\"@id\":\"https:\/\/www.comercialanma.es\/#website\",\"url\":\"https:\/\/www.comercialanma.es\/\",\"name\":\"Comercial de Hosteleria Anma\",\"description\":\"\",\"publisher\":{\"@id\":\"https:\/\/www.comercialanma.es\/#organization\"},\"potentialAction\":[{\"@type\":\"SearchAction\",\"target\":\"https:\/\/www.comercialanma.es\/?s={search_term_string}\",\"query-input\":\"required name=search_term_string\"}],\"inLanguage\":\"es\"},{\"@type\":\"ImageObject\",\"@id\":\"https:\/\/www.comercialanma.es\/?product=aquarius-naranja-15l#primaryimage\",\"inLanguage\":\"es\",\"url\":\"https:\/\/i0.wp.com\/www.comercialanma.es\/wp-content\/uploads\/2021\/08\/aquarius-naranja-15.jpg?fit=1080%2C1080&ssl=1\",\"width\":1080,\"height\":1080},{\"@type\":\"WebPage\",\"@id\":\"https:\/\/www.comercialanma.es\/?product=aquarius-naranja-15l#webpage\",\"url\":\"https:\/\/www.comercialanma.es\/?product=aquarius-naranja-15l\",\"name\":\"Aquarius Naranja 1,5L. - Comercial de Hosteleria Anma\",\"isPartOf\":{\"@id\":\"https:\/\/www.comercialanma.es\/#website\"},\"primaryImageOfPage\":{\"@id\":\"https:\/\/www.comercialanma.es\/?product=aquarius-naranja-15l#primaryimage\"},\"datePublished\":\"2021-08-17T14:53:20+00:00\",\"dateModified\":\"2021-08-17T15:04:16+00:00\",\"description\":\"Aquarius naranja | 1500ml.| by Coca-Cola | Envase Pet | Bebida isot\\u00f3nica con sabor a naranja que te hidrata y refresca.\",\"breadcrumb\":{\"@id\":\"https:\/\/www.comercialanma.es\/?product=aquarius-naranja-15l#breadcrumb\"},\"inLanguage\":\"es\",\"potentialAction\":[{\"@type\":\"ReadAction\",\"target\":[\"https:\/\/www.comercialanma.es\/?product=aquarius-naranja-15l\"]}]},{\"@type\":\"BreadcrumbList\",\"@id\":\"https:\/\/www.comercialanma.es\/?product=aquarius-naranja-15l#breadcrumb\",\"itemListElement\":[{\"@type\":\"ListItem\",\"position\":1,\"item\":{\"@type\":\"WebPage\",\"@id\":\"https:\/\/www.comercialanma.es\/\",\"url\":\"https:\/\/www.comercialanma.es\/\",\"name\":\"Portada\"}},{\"@type\":\"ListItem\",\"position\":2,\"item\":{\"@type\":\"WebPage\",\"@id\":\"https:\/\/www.comercialanma.es\/?page_id=3963\",\"url\":\"https:\/\/www.comercialanma.es\/?page_id=3963\",\"name\":\"Cat\\u00e1logo de Productos\"}},{\"@type\":\"ListItem\",\"position\":3,\"item\":{\"@type\":\"WebPage\",\"@id\":\"https:\/\/www.comercialanma.es\/?product=aquarius-naranja-15l\",\"url\":\"https:\/\/www.comercialanma.es\/?product=aquarius-naranja-15l\",\"name\":\"Aquarius Naranja 1,5L.\"}}]}]}<\/script>\n<!-- \/ Yoast SEO plugin. -->","_links":{"self":[{"href":"https:\/\/www.comercialanma.es\/index.php?rest_route=\/wp\/v2\/product\/18136"}],"collection":[{"href":"https:\/\/www.comercialanma.es\/index.php?rest_route=\/wp\/v2\/product"}],"about":[{"href":"https:\/\/www.comercialanma.es\/index.php?rest_route=\/wp\/v2\/types\/product"}],"version-history":[{"count":1,"href":"https:\/\/www.comercialanma.es\/index.php?rest_route=\/wp\/v2\/product\/18136\/revisions"}],"predecessor-version":[{"id":18138,"href":"https:\/\/www.comercialanma.es\/index.php?rest_route=\/wp\/v2\/product\/18136\/revisions\/18138"}],"wp:featuredmedia":[{"embeddable":true,"href":"https:\/\/www.comercialanma.es\/index.php?rest_route=\/wp\/v2\/media\/18137"}],"wp:attachment":[{"href":"https:\/\/www.comercialanma.es\/index.php?rest_route=%2Fwp%2Fv2%2Fmedia&parent=18136"}],"curies":[{"name":"wp","href":"https:\/\/api.w.org\/{rel}","templated":true}]}}