
{"id":18200,"date":"2021-08-19T10:39:58","date_gmt":"2021-08-19T08:39:58","guid":{"rendered":"https:\/\/www.comercialanma.es\/?post_type=product&#038;p=18200"},"modified":"2021-10-11T16:04:34","modified_gmt":"2021-10-11T14:04:34","slug":"cuchillo-santoku-escorial-185","status":"publish","type":"product","link":"https:\/\/www.comercialanma.es\/?product=cuchillo-santoku-escorial-185","title":{"rendered":"Cuchillo Santoku serie Escorial 185mm."},"content":{"rendered":"<p>Material hoja: ACERO MOVA<\/p>\n<p>Material mango: POLIOXIMETILENO (POM)<\/p>\n<p>Medida hoja: 185mm<\/p>\n<p>Uso: JAPONES\/SANTOKU<\/p>\n<p>Color: Blanco<\/p>\n","protected":false},"excerpt":{"rendered":"<p>Cuchillo Santoku serie Escorial | 185mm.|<\/p>\n<p>Cuchillo santoku de 18.5 cm con mango POM serie Escorial. Es el perfecto cuchillo multiusos, por su hoja ancha y alveolada nos permite cortar carne, pescado y verduras en l\u00e1minas, tipo juliana o en trozos. Fant\u00e1stico para preparar cualquier especialidad asi\u00e1tica.<\/p>\n<p>La hoja de este cuchillo esta fabricado en acero inox + molybdenum vanadium, con excelentes propiedades, alto rendimiento y durabilidad.<\/p>\n<p>El mango POM le aporta una alta resistencia al impacto, rigidez y dureza.<\/p>\n<p>&nbsp;<\/p>\n","protected":false},"featured_media":18201,"template":"","meta":{"spay_email":""},"yoast_head":"<!-- This site is optimized with the Yoast SEO plugin v15.9 - https:\/\/yoast.com\/wordpress\/plugins\/seo\/ -->\n<title>Cuchillo Santoku serie Escorial 185mm. - Comercial de Hosteleria Anma<\/title>\n<meta name=\"description\" content=\"Cuchillo Santoku serie Escorial | 185mm.| Es el perfecto cuchillo multiusos, por su hoja ancha y alveolada.\" \/>\n<meta name=\"robots\" content=\"index, follow, max-snippet:-1, max-image-preview:large, max-video-preview:-1\" \/>\n<link rel=\"canonical\" href=\"https:\/\/www.comercialanma.es\/?product=cuchillo-santoku-escorial-185\" \/>\n<meta property=\"og:locale\" content=\"es_ES\" \/>\n<meta property=\"og:type\" content=\"article\" \/>\n<meta property=\"og:title\" content=\"Cuchillo Santoku serie Escorial 185mm. - Comercial de Hosteleria Anma\" \/>\n<meta property=\"og:description\" content=\"Cuchillo Santoku serie Escorial | 185mm.| Es el perfecto cuchillo multiusos, por su hoja ancha y alveolada.\" \/>\n<meta property=\"og:url\" content=\"https:\/\/www.comercialanma.es\/?product=cuchillo-santoku-escorial-185\" \/>\n<meta property=\"og:site_name\" content=\"Comercial de Hosteleria Anma\" \/>\n<meta property=\"article:publisher\" content=\"https:\/\/www.facebook.com\/AnmaHosteleria\" \/>\n<meta property=\"article:modified_time\" content=\"2021-10-11T14:04:34+00:00\" \/>\n<meta property=\"og:image\" content=\"https:\/\/i0.wp.com\/www.comercialanma.es\/wp-content\/uploads\/2021\/08\/cuchillo-santoku-serie-escorial-185.jpg?fit=1080%2C1080&#038;ssl=1\" \/>\n\t<meta property=\"og:image:width\" content=\"1080\" \/>\n\t<meta property=\"og:image:height\" content=\"1080\" \/>\n<meta name=\"twitter:card\" content=\"summary_large_image\" \/>\n<meta name=\"twitter:label1\" content=\"Tiempo de lectura\">\n\t<meta name=\"twitter:data1\" content=\"1 minuto\">\n<script type=\"application\/ld+json\" class=\"yoast-schema-graph\">{\"@context\":\"https:\/\/schema.org\",\"@graph\":[{\"@type\":\"Organization\",\"@id\":\"https:\/\/www.comercialanma.es\/#organization\",\"name\":\"Comercial Anma\",\"url\":\"https:\/\/www.comercialanma.es\/\",\"sameAs\":[\"https:\/\/www.facebook.com\/AnmaHosteleria\",\"https:\/\/www.instagram.com\/anmahosteleria\/?hl=es\",\"https:\/\/www.youtube.com\/channel\/UCT2nmn08Ntks0hmpZPnDgCA\"],\"logo\":{\"@type\":\"ImageObject\",\"@id\":\"https:\/\/www.comercialanma.es\/#logo\",\"inLanguage\":\"es\",\"url\":\"https:\/\/i2.wp.com\/www.comercialanma.es\/wp-content\/uploads\/2019\/06\/logo-anma-color.png?fit=247%2C101&ssl=1\",\"width\":247,\"height\":101,\"caption\":\"Comercial Anma\"},\"image\":{\"@id\":\"https:\/\/www.comercialanma.es\/#logo\"}},{\"@type\":\"WebSite\",\"@id\":\"https:\/\/www.comercialanma.es\/#website\",\"url\":\"https:\/\/www.comercialanma.es\/\",\"name\":\"Comercial de Hosteleria Anma\",\"description\":\"\",\"publisher\":{\"@id\":\"https:\/\/www.comercialanma.es\/#organization\"},\"potentialAction\":[{\"@type\":\"SearchAction\",\"target\":\"https:\/\/www.comercialanma.es\/?s={search_term_string}\",\"query-input\":\"required name=search_term_string\"}],\"inLanguage\":\"es\"},{\"@type\":\"ImageObject\",\"@id\":\"https:\/\/www.comercialanma.es\/?product=cuchillo-santoku-escorial-185#primaryimage\",\"inLanguage\":\"es\",\"url\":\"https:\/\/i0.wp.com\/www.comercialanma.es\/wp-content\/uploads\/2021\/08\/cuchillo-santoku-serie-escorial-185.jpg?fit=1080%2C1080&ssl=1\",\"width\":1080,\"height\":1080},{\"@type\":\"WebPage\",\"@id\":\"https:\/\/www.comercialanma.es\/?product=cuchillo-santoku-escorial-185#webpage\",\"url\":\"https:\/\/www.comercialanma.es\/?product=cuchillo-santoku-escorial-185\",\"name\":\"Cuchillo Santoku serie Escorial 185mm. - Comercial de Hosteleria Anma\",\"isPartOf\":{\"@id\":\"https:\/\/www.comercialanma.es\/#website\"},\"primaryImageOfPage\":{\"@id\":\"https:\/\/www.comercialanma.es\/?product=cuchillo-santoku-escorial-185#primaryimage\"},\"datePublished\":\"2021-08-19T08:39:58+00:00\",\"dateModified\":\"2021-10-11T14:04:34+00:00\",\"description\":\"Cuchillo Santoku serie Escorial | 185mm.| Es el perfecto cuchillo multiusos, por su hoja ancha y alveolada.\",\"breadcrumb\":{\"@id\":\"https:\/\/www.comercialanma.es\/?product=cuchillo-santoku-escorial-185#breadcrumb\"},\"inLanguage\":\"es\",\"potentialAction\":[{\"@type\":\"ReadAction\",\"target\":[\"https:\/\/www.comercialanma.es\/?product=cuchillo-santoku-escorial-185\"]}]},{\"@type\":\"BreadcrumbList\",\"@id\":\"https:\/\/www.comercialanma.es\/?product=cuchillo-santoku-escorial-185#breadcrumb\",\"itemListElement\":[{\"@type\":\"ListItem\",\"position\":1,\"item\":{\"@type\":\"WebPage\",\"@id\":\"https:\/\/www.comercialanma.es\/\",\"url\":\"https:\/\/www.comercialanma.es\/\",\"name\":\"Portada\"}},{\"@type\":\"ListItem\",\"position\":2,\"item\":{\"@type\":\"WebPage\",\"@id\":\"https:\/\/www.comercialanma.es\/?page_id=3963\",\"url\":\"https:\/\/www.comercialanma.es\/?page_id=3963\",\"name\":\"Cat\\u00e1logo de Productos\"}},{\"@type\":\"ListItem\",\"position\":3,\"item\":{\"@type\":\"WebPage\",\"@id\":\"https:\/\/www.comercialanma.es\/?product=cuchillo-santoku-escorial-185\",\"url\":\"https:\/\/www.comercialanma.es\/?product=cuchillo-santoku-escorial-185\",\"name\":\"Cuchillo Santoku serie Escorial 185mm.\"}}]}]}<\/script>\n<!-- \/ Yoast SEO plugin. -->","_links":{"self":[{"href":"https:\/\/www.comercialanma.es\/index.php?rest_route=\/wp\/v2\/product\/18200"}],"collection":[{"href":"https:\/\/www.comercialanma.es\/index.php?rest_route=\/wp\/v2\/product"}],"about":[{"href":"https:\/\/www.comercialanma.es\/index.php?rest_route=\/wp\/v2\/types\/product"}],"version-history":[{"count":1,"href":"https:\/\/www.comercialanma.es\/index.php?rest_route=\/wp\/v2\/product\/18200\/revisions"}],"predecessor-version":[{"id":18202,"href":"https:\/\/www.comercialanma.es\/index.php?rest_route=\/wp\/v2\/product\/18200\/revisions\/18202"}],"wp:featuredmedia":[{"embeddable":true,"href":"https:\/\/www.comercialanma.es\/index.php?rest_route=\/wp\/v2\/media\/18201"}],"wp:attachment":[{"href":"https:\/\/www.comercialanma.es\/index.php?rest_route=%2Fwp%2Fv2%2Fmedia&parent=18200"}],"curies":[{"name":"wp","href":"https:\/\/api.w.org\/{rel}","templated":true}]}}