
{"id":18250,"date":"2021-08-26T09:50:43","date_gmt":"2021-08-26T07:50:43","guid":{"rendered":"https:\/\/www.comercialanma.es\/?post_type=product&#038;p=18250"},"modified":"2023-01-09T09:34:24","modified_gmt":"2023-01-09T08:34:24","slug":"desengrasante-energico-codina","status":"publish","type":"product","link":"https:\/\/www.comercialanma.es\/?product=desengrasante-energico-codina","title":{"rendered":"Desengrasante en\u00e9rgico Codina 5L."},"content":{"rendered":"<h3>PROPIEDADES DEL PRODUCTO<\/h3>\n<ul>\n<li>F\u00f3rmula muy equilibrada con gran poder de disoluci\u00f3n de todo tipo de grasas adheridas sobre cualquier superficie o tejido.<\/li>\n<li>Para la limpieza de cocinas, hornos, quemadores, campanas extractoras de humos, parrillas, planchas, freidoras, paelleras, sartenes, azulejos, cuartos de aseo, cristales, pl\u00e1sticos, superficies esmaltadas&#8230;<\/li>\n<li>Para las prendas de tejido que tengan manchas resistentes o suciedades dif\u00edciles de eliminar (grasas, aceite, sudor en cuellos y pu\u00f1os, etc&#8230;) Y tambi\u00e9n para limpiar manchas y roces en alfombras moquetas y tapizados.<\/li>\n<\/ul>\n<h3>USO<\/h3>\n<ul>\n<li>Aplicar sobre la superficie y dejar de 1 a 5 minutos, limpiar con un pa\u00f1o y aclarar con agua abundante.<\/li>\n<li>Puede hacerse tambi\u00e9n por inmersi\u00f3n o cepillado de las piezas a desengrasar.<\/li>\n<li>El empleo es m\u00e1s eficaz si la superficie o el agua est\u00e1 entre 50 y 60\u00baC.<\/li>\n<li>Tejidos: impregne bien la parte sucia, frotar un poco y aclarar con agua para que no deje ruedos. A continuaci\u00f3n, si lo desea, proceder al lavado normal introduciendo la ropa en la lavadora.<\/li>\n<\/ul>\n","protected":false},"excerpt":{"rendered":"<p>Desengrasante en\u00e9rgico | Codina | 5L.|<\/p>\n<p>F\u00f3rmula muy equilibrada con gran poder de disoluci\u00f3n de todo tipo de grasas adheridas sobre cualquier superficie o tejido.<\/p>\n","protected":false},"featured_media":22027,"template":"","meta":{"spay_email":""},"yoast_head":"<!-- This site is optimized with the Yoast SEO plugin v15.9 - https:\/\/yoast.com\/wordpress\/plugins\/seo\/ -->\n<title>Desengrasante en\u00e9rgico Codina 5L. - Comercial de Hosteleria Anma<\/title>\n<meta name=\"description\" content=\"Desengrasante en\u00e9rgico | Codina | 5L.| Gran poder de disoluci\u00f3n de todo tipo de grasas adheridas sobre cualquier superficie o tejido.\" \/>\n<meta name=\"robots\" content=\"index, follow, max-snippet:-1, max-image-preview:large, max-video-preview:-1\" \/>\n<link rel=\"canonical\" href=\"https:\/\/www.comercialanma.es\/?product=desengrasante-energico-codina\" \/>\n<meta property=\"og:locale\" content=\"es_ES\" \/>\n<meta property=\"og:type\" content=\"article\" \/>\n<meta property=\"og:title\" content=\"Desengrasante en\u00e9rgico Codina 5L. - Comercial de Hosteleria Anma\" \/>\n<meta property=\"og:description\" content=\"Desengrasante en\u00e9rgico | Codina | 5L.| Gran poder de disoluci\u00f3n de todo tipo de grasas adheridas sobre cualquier superficie o tejido.\" \/>\n<meta property=\"og:url\" content=\"https:\/\/www.comercialanma.es\/?product=desengrasante-energico-codina\" \/>\n<meta property=\"og:site_name\" content=\"Comercial de Hosteleria Anma\" \/>\n<meta property=\"article:publisher\" content=\"https:\/\/www.facebook.com\/AnmaHosteleria\" \/>\n<meta property=\"article:modified_time\" content=\"2023-01-09T08:34:24+00:00\" \/>\n<meta property=\"og:image\" content=\"https:\/\/i2.wp.com\/www.comercialanma.es\/wp-content\/uploads\/2021\/08\/Antigrasa-codina-energico-5l.png?fit=1080%2C1080&#038;ssl=1\" \/>\n\t<meta property=\"og:image:width\" content=\"1080\" \/>\n\t<meta property=\"og:image:height\" content=\"1080\" \/>\n<meta name=\"twitter:card\" content=\"summary_large_image\" \/>\n<meta name=\"twitter:label1\" content=\"Tiempo de lectura\">\n\t<meta name=\"twitter:data1\" content=\"1 minuto\">\n<script type=\"application\/ld+json\" class=\"yoast-schema-graph\">{\"@context\":\"https:\/\/schema.org\",\"@graph\":[{\"@type\":\"Organization\",\"@id\":\"https:\/\/www.comercialanma.es\/#organization\",\"name\":\"Comercial Anma\",\"url\":\"https:\/\/www.comercialanma.es\/\",\"sameAs\":[\"https:\/\/www.facebook.com\/AnmaHosteleria\",\"https:\/\/www.instagram.com\/anmahosteleria\/?hl=es\",\"https:\/\/www.youtube.com\/channel\/UCT2nmn08Ntks0hmpZPnDgCA\"],\"logo\":{\"@type\":\"ImageObject\",\"@id\":\"https:\/\/www.comercialanma.es\/#logo\",\"inLanguage\":\"es\",\"url\":\"https:\/\/i2.wp.com\/www.comercialanma.es\/wp-content\/uploads\/2019\/06\/logo-anma-color.png?fit=247%2C101&ssl=1\",\"width\":247,\"height\":101,\"caption\":\"Comercial Anma\"},\"image\":{\"@id\":\"https:\/\/www.comercialanma.es\/#logo\"}},{\"@type\":\"WebSite\",\"@id\":\"https:\/\/www.comercialanma.es\/#website\",\"url\":\"https:\/\/www.comercialanma.es\/\",\"name\":\"Comercial de Hosteleria Anma\",\"description\":\"\",\"publisher\":{\"@id\":\"https:\/\/www.comercialanma.es\/#organization\"},\"potentialAction\":[{\"@type\":\"SearchAction\",\"target\":\"https:\/\/www.comercialanma.es\/?s={search_term_string}\",\"query-input\":\"required name=search_term_string\"}],\"inLanguage\":\"es\"},{\"@type\":\"ImageObject\",\"@id\":\"https:\/\/www.comercialanma.es\/?product=desengrasante-energico-codina#primaryimage\",\"inLanguage\":\"es\",\"url\":\"https:\/\/i2.wp.com\/www.comercialanma.es\/wp-content\/uploads\/2021\/08\/Antigrasa-codina-energico-5l.png?fit=1080%2C1080&ssl=1\",\"width\":1080,\"height\":1080},{\"@type\":\"WebPage\",\"@id\":\"https:\/\/www.comercialanma.es\/?product=desengrasante-energico-codina#webpage\",\"url\":\"https:\/\/www.comercialanma.es\/?product=desengrasante-energico-codina\",\"name\":\"Desengrasante en\\u00e9rgico Codina 5L. - Comercial de Hosteleria Anma\",\"isPartOf\":{\"@id\":\"https:\/\/www.comercialanma.es\/#website\"},\"primaryImageOfPage\":{\"@id\":\"https:\/\/www.comercialanma.es\/?product=desengrasante-energico-codina#primaryimage\"},\"datePublished\":\"2021-08-26T07:50:43+00:00\",\"dateModified\":\"2023-01-09T08:34:24+00:00\",\"description\":\"Desengrasante en\\u00e9rgico | Codina | 5L.| Gran poder de disoluci\\u00f3n de todo tipo de grasas adheridas sobre cualquier superficie o tejido.\",\"breadcrumb\":{\"@id\":\"https:\/\/www.comercialanma.es\/?product=desengrasante-energico-codina#breadcrumb\"},\"inLanguage\":\"es\",\"potentialAction\":[{\"@type\":\"ReadAction\",\"target\":[\"https:\/\/www.comercialanma.es\/?product=desengrasante-energico-codina\"]}]},{\"@type\":\"BreadcrumbList\",\"@id\":\"https:\/\/www.comercialanma.es\/?product=desengrasante-energico-codina#breadcrumb\",\"itemListElement\":[{\"@type\":\"ListItem\",\"position\":1,\"item\":{\"@type\":\"WebPage\",\"@id\":\"https:\/\/www.comercialanma.es\/\",\"url\":\"https:\/\/www.comercialanma.es\/\",\"name\":\"Portada\"}},{\"@type\":\"ListItem\",\"position\":2,\"item\":{\"@type\":\"WebPage\",\"@id\":\"https:\/\/www.comercialanma.es\/?page_id=3963\",\"url\":\"https:\/\/www.comercialanma.es\/?page_id=3963\",\"name\":\"Cat\\u00e1logo de Productos\"}},{\"@type\":\"ListItem\",\"position\":3,\"item\":{\"@type\":\"WebPage\",\"@id\":\"https:\/\/www.comercialanma.es\/?product=desengrasante-energico-codina\",\"url\":\"https:\/\/www.comercialanma.es\/?product=desengrasante-energico-codina\",\"name\":\"Desengrasante en\\u00e9rgico Codina 5L.\"}}]}]}<\/script>\n<!-- \/ Yoast SEO plugin. -->","_links":{"self":[{"href":"https:\/\/www.comercialanma.es\/index.php?rest_route=\/wp\/v2\/product\/18250"}],"collection":[{"href":"https:\/\/www.comercialanma.es\/index.php?rest_route=\/wp\/v2\/product"}],"about":[{"href":"https:\/\/www.comercialanma.es\/index.php?rest_route=\/wp\/v2\/types\/product"}],"version-history":[{"count":1,"href":"https:\/\/www.comercialanma.es\/index.php?rest_route=\/wp\/v2\/product\/18250\/revisions"}],"predecessor-version":[{"id":18252,"href":"https:\/\/www.comercialanma.es\/index.php?rest_route=\/wp\/v2\/product\/18250\/revisions\/18252"}],"wp:featuredmedia":[{"embeddable":true,"href":"https:\/\/www.comercialanma.es\/index.php?rest_route=\/wp\/v2\/media\/22027"}],"wp:attachment":[{"href":"https:\/\/www.comercialanma.es\/index.php?rest_route=%2Fwp%2Fv2%2Fmedia&parent=18250"}],"curies":[{"name":"wp","href":"https:\/\/api.w.org\/{rel}","templated":true}]}}