
{"id":18256,"date":"2021-08-26T10:19:20","date_gmt":"2021-08-26T08:19:20","guid":{"rendered":"https:\/\/www.comercialanma.es\/?post_type=product&#038;p=18256"},"modified":"2021-08-26T11:04:18","modified_gmt":"2021-08-26T09:04:18","slug":"limpiador-desinfectante-codi-5l","status":"publish","type":"product","link":"https:\/\/www.comercialanma.es\/?product=limpiador-desinfectante-codi-5l","title":{"rendered":"Limpiador bactericida Codina 5L."},"content":{"rendered":"<ul>\n<li>PROPIEDADES DEL PRODUCTO<\/li>\n<li>Elimina bacterias y g\u00e9rmenes nocivos que provocan contagios y malos olores. Este desinfectante no mancha ni perjudica ca\u00f1er\u00edas, gomas, desag\u00fces, etc.<\/li>\n<li>Es muy apropiado para la limpieza de suelos, cocinas, cuartos de ba\u00f1o, y muy especialmente en locales p\u00fablicos, hoteles, residencias, hospitales, colegios, parvularios, gimnasios, piscinas, industrias c\u00e1rnicas y de alimentaci\u00f3n, etc.<\/li>\n<li>Alto poder bactericida con acci\u00f3n prolongada.<\/li>\n<li>INSCRITO EN EL REG.OF.PLAGUICIDAS PARA INDUSTRIA ALIMENTARIA.<\/li>\n<\/ul>\n<h3>USO<\/h3>\n<ul>\n<li>Mezclar la medida de unos 4 tapones (60 gramos) por cada cubo de agua.<\/li>\n<li>Lavadora: Desinfecci\u00f3n en el lavado de prendas mal olientes poner una dosis (unos 2 tapones) durante el ciclo de aclarado.<\/li>\n<li>Cubo de basura: Mezclar el contenido de unos 4 tapones con el agua para enjuagar.<\/li>\n<li>Excrementos de animales dom\u00e9sticos: Vierta directamente en el lugar ensuciado y enjuague despu\u00e9s de unos minutos. Conseguir\u00e1 limpieza, desinfecci\u00f3n y ausencia de malos olores.<\/li>\n<\/ul>\n","protected":false},"excerpt":{"rendered":"<p>Limpiador desinfectante viricida sin lej\u00eda | Codina | 5L.|<\/p>\n<p>F\u00f3rmula muy equilibrada con gran poder de disoluci\u00f3n de todo tipo de grasas adheridas sobre cualquier superficie o tejido.<\/p>\n","protected":false},"featured_media":18257,"template":"","meta":{"spay_email":""},"yoast_head":"<!-- This site is optimized with the Yoast SEO plugin v15.9 - https:\/\/yoast.com\/wordpress\/plugins\/seo\/ -->\n<title>Limpiador bactericida Codina 5L. - Comercial de Hosteleria Anma<\/title>\n<meta name=\"description\" content=\"Desinfectante viricida sin lej\u00eda | Codina | 5L.| Elimina bacterias y g\u00e9rmenes nocivos que provocan contagios y malos olores.\" \/>\n<meta name=\"robots\" content=\"index, follow, max-snippet:-1, max-image-preview:large, max-video-preview:-1\" \/>\n<link rel=\"canonical\" href=\"https:\/\/www.comercialanma.es\/?product=limpiador-desinfectante-codi-5l\" \/>\n<meta property=\"og:locale\" content=\"es_ES\" \/>\n<meta property=\"og:type\" content=\"article\" \/>\n<meta property=\"og:title\" content=\"Limpiador bactericida Codina 5L. - Comercial de Hosteleria Anma\" \/>\n<meta property=\"og:description\" content=\"Desinfectante viricida sin lej\u00eda | Codina | 5L.| Elimina bacterias y g\u00e9rmenes nocivos que provocan contagios y malos olores.\" \/>\n<meta property=\"og:url\" content=\"https:\/\/www.comercialanma.es\/?product=limpiador-desinfectante-codi-5l\" \/>\n<meta property=\"og:site_name\" content=\"Comercial de Hosteleria Anma\" \/>\n<meta property=\"article:publisher\" content=\"https:\/\/www.facebook.com\/AnmaHosteleria\" \/>\n<meta property=\"article:modified_time\" content=\"2021-08-26T09:04:18+00:00\" \/>\n<meta property=\"og:image\" content=\"https:\/\/i2.wp.com\/www.comercialanma.es\/wp-content\/uploads\/2021\/08\/limpiador-bactericida-codina-5l.jpg?fit=1080%2C1080&#038;ssl=1\" \/>\n\t<meta property=\"og:image:width\" content=\"1080\" \/>\n\t<meta property=\"og:image:height\" content=\"1080\" \/>\n<meta name=\"twitter:card\" content=\"summary_large_image\" \/>\n<meta name=\"twitter:label1\" content=\"Tiempo de lectura\">\n\t<meta name=\"twitter:data1\" content=\"1 minuto\">\n<script type=\"application\/ld+json\" class=\"yoast-schema-graph\">{\"@context\":\"https:\/\/schema.org\",\"@graph\":[{\"@type\":\"Organization\",\"@id\":\"https:\/\/www.comercialanma.es\/#organization\",\"name\":\"Comercial Anma\",\"url\":\"https:\/\/www.comercialanma.es\/\",\"sameAs\":[\"https:\/\/www.facebook.com\/AnmaHosteleria\",\"https:\/\/www.instagram.com\/anmahosteleria\/?hl=es\",\"https:\/\/www.youtube.com\/channel\/UCT2nmn08Ntks0hmpZPnDgCA\"],\"logo\":{\"@type\":\"ImageObject\",\"@id\":\"https:\/\/www.comercialanma.es\/#logo\",\"inLanguage\":\"es\",\"url\":\"https:\/\/i2.wp.com\/www.comercialanma.es\/wp-content\/uploads\/2019\/06\/logo-anma-color.png?fit=247%2C101&ssl=1\",\"width\":247,\"height\":101,\"caption\":\"Comercial Anma\"},\"image\":{\"@id\":\"https:\/\/www.comercialanma.es\/#logo\"}},{\"@type\":\"WebSite\",\"@id\":\"https:\/\/www.comercialanma.es\/#website\",\"url\":\"https:\/\/www.comercialanma.es\/\",\"name\":\"Comercial de Hosteleria Anma\",\"description\":\"\",\"publisher\":{\"@id\":\"https:\/\/www.comercialanma.es\/#organization\"},\"potentialAction\":[{\"@type\":\"SearchAction\",\"target\":\"https:\/\/www.comercialanma.es\/?s={search_term_string}\",\"query-input\":\"required name=search_term_string\"}],\"inLanguage\":\"es\"},{\"@type\":\"ImageObject\",\"@id\":\"https:\/\/www.comercialanma.es\/?product=limpiador-desinfectante-codi-5l#primaryimage\",\"inLanguage\":\"es\",\"url\":\"https:\/\/i2.wp.com\/www.comercialanma.es\/wp-content\/uploads\/2021\/08\/limpiador-bactericida-codina-5l.jpg?fit=1080%2C1080&ssl=1\",\"width\":1080,\"height\":1080},{\"@type\":\"WebPage\",\"@id\":\"https:\/\/www.comercialanma.es\/?product=limpiador-desinfectante-codi-5l#webpage\",\"url\":\"https:\/\/www.comercialanma.es\/?product=limpiador-desinfectante-codi-5l\",\"name\":\"Limpiador bactericida Codina 5L. - Comercial de Hosteleria Anma\",\"isPartOf\":{\"@id\":\"https:\/\/www.comercialanma.es\/#website\"},\"primaryImageOfPage\":{\"@id\":\"https:\/\/www.comercialanma.es\/?product=limpiador-desinfectante-codi-5l#primaryimage\"},\"datePublished\":\"2021-08-26T08:19:20+00:00\",\"dateModified\":\"2021-08-26T09:04:18+00:00\",\"description\":\"Desinfectante viricida sin lej\\u00eda | Codina | 5L.| Elimina bacterias y g\\u00e9rmenes nocivos que provocan contagios y malos olores.\",\"breadcrumb\":{\"@id\":\"https:\/\/www.comercialanma.es\/?product=limpiador-desinfectante-codi-5l#breadcrumb\"},\"inLanguage\":\"es\",\"potentialAction\":[{\"@type\":\"ReadAction\",\"target\":[\"https:\/\/www.comercialanma.es\/?product=limpiador-desinfectante-codi-5l\"]}]},{\"@type\":\"BreadcrumbList\",\"@id\":\"https:\/\/www.comercialanma.es\/?product=limpiador-desinfectante-codi-5l#breadcrumb\",\"itemListElement\":[{\"@type\":\"ListItem\",\"position\":1,\"item\":{\"@type\":\"WebPage\",\"@id\":\"https:\/\/www.comercialanma.es\/\",\"url\":\"https:\/\/www.comercialanma.es\/\",\"name\":\"Portada\"}},{\"@type\":\"ListItem\",\"position\":2,\"item\":{\"@type\":\"WebPage\",\"@id\":\"https:\/\/www.comercialanma.es\/?page_id=3963\",\"url\":\"https:\/\/www.comercialanma.es\/?page_id=3963\",\"name\":\"Cat\\u00e1logo de Productos\"}},{\"@type\":\"ListItem\",\"position\":3,\"item\":{\"@type\":\"WebPage\",\"@id\":\"https:\/\/www.comercialanma.es\/?product=limpiador-desinfectante-codi-5l\",\"url\":\"https:\/\/www.comercialanma.es\/?product=limpiador-desinfectante-codi-5l\",\"name\":\"Limpiador bactericida Codina 5L.\"}}]}]}<\/script>\n<!-- \/ Yoast SEO plugin. -->","_links":{"self":[{"href":"https:\/\/www.comercialanma.es\/index.php?rest_route=\/wp\/v2\/product\/18256"}],"collection":[{"href":"https:\/\/www.comercialanma.es\/index.php?rest_route=\/wp\/v2\/product"}],"about":[{"href":"https:\/\/www.comercialanma.es\/index.php?rest_route=\/wp\/v2\/types\/product"}],"version-history":[{"count":1,"href":"https:\/\/www.comercialanma.es\/index.php?rest_route=\/wp\/v2\/product\/18256\/revisions"}],"predecessor-version":[{"id":18258,"href":"https:\/\/www.comercialanma.es\/index.php?rest_route=\/wp\/v2\/product\/18256\/revisions\/18258"}],"wp:featuredmedia":[{"embeddable":true,"href":"https:\/\/www.comercialanma.es\/index.php?rest_route=\/wp\/v2\/media\/18257"}],"wp:attachment":[{"href":"https:\/\/www.comercialanma.es\/index.php?rest_route=%2Fwp%2Fv2%2Fmedia&parent=18256"}],"curies":[{"name":"wp","href":"https:\/\/api.w.org\/{rel}","templated":true}]}}