
{"id":18262,"date":"2021-08-26T11:09:43","date_gmt":"2021-08-26T09:09:43","guid":{"rendered":"https:\/\/www.comercialanma.es\/?post_type=product&#038;p=18262"},"modified":"2021-08-26T11:57:01","modified_gmt":"2021-08-26T09:57:01","slug":"noubact-20-5l","status":"publish","type":"product","link":"https:\/\/www.comercialanma.es\/?product=noubact-20-5l","title":{"rendered":"Noubact 20 limpiador bactericida fungicida 5L."},"content":{"rendered":"<h3>DESCRIPCI\u00d3N<\/h3>\n<ul>\n<li>Detergente con acci\u00f3n bactericida y fungicida. Certificado y avalado tanto por el ministerio de sanidad como por un laboratorio externo regido por el ministerio, proporciona una alta desinfecci\u00f3n de una gran variedad de microorganismos.<\/li>\n<\/ul>\n<h3>USO<\/h3>\n<ul>\n<li>NOUBACT 20 es utilizable para higiene alimentaria y tambi\u00e9n para desinfecci\u00f3n en el \u00e1mbito industrial y medio ambiental. Apto para todo tipo de superficies lavables conagua permite limpiar y desinfectar de manera simple y eficaz.<\/li>\n<\/ul>\n<h3>VENTAJAS<\/h3>\n<ul>\n<li>\u00a0Alto poder desinfectante para una gran variedad de microorganismos.<\/li>\n<li>Unifica la acci\u00f3n detergente con la desinfectante.<\/li>\n<li>Utilizable tanto en \u00e1mbito alimentario como industrial medioambiental.<\/li>\n<\/ul>\n","protected":false},"excerpt":{"rendered":"<p>Noubact 20 limpiador bactericida fungicida | 5L. |<\/p>\n<p>Limpiador desinfectante que proporciona una alta desinfecci\u00f3n de una gran variedad de microorganismos.<\/p>\n","protected":false},"featured_media":18263,"template":"","meta":{"spay_email":""},"yoast_head":"<!-- This site is optimized with the Yoast SEO plugin v15.9 - https:\/\/yoast.com\/wordpress\/plugins\/seo\/ -->\n<title>Noubact 20 limpiador bactericida fungicida 5L. - Comercial de Hosteleria Anma<\/title>\n<meta name=\"description\" content=\"Noubact 20 limpiador bactericida fungicida | 5L. | proporciona una alta desinfecci\u00f3n de una gran variedad de microorganismos.\" \/>\n<meta name=\"robots\" content=\"index, follow, max-snippet:-1, max-image-preview:large, max-video-preview:-1\" \/>\n<link rel=\"canonical\" href=\"https:\/\/www.comercialanma.es\/?product=noubact-20-5l\" \/>\n<meta property=\"og:locale\" content=\"es_ES\" \/>\n<meta property=\"og:type\" content=\"article\" \/>\n<meta property=\"og:title\" content=\"Noubact 20 limpiador bactericida fungicida 5L. - Comercial de Hosteleria Anma\" \/>\n<meta property=\"og:description\" content=\"Noubact 20 limpiador bactericida fungicida | 5L. | proporciona una alta desinfecci\u00f3n de una gran variedad de microorganismos.\" \/>\n<meta property=\"og:url\" content=\"https:\/\/www.comercialanma.es\/?product=noubact-20-5l\" \/>\n<meta property=\"og:site_name\" content=\"Comercial de Hosteleria Anma\" \/>\n<meta property=\"article:publisher\" content=\"https:\/\/www.facebook.com\/AnmaHosteleria\" \/>\n<meta property=\"article:modified_time\" content=\"2021-08-26T09:57:01+00:00\" \/>\n<meta property=\"og:image\" content=\"https:\/\/i1.wp.com\/www.comercialanma.es\/wp-content\/uploads\/2021\/08\/NOUBACT-20-5L.jpg?fit=1080%2C1080&#038;ssl=1\" \/>\n\t<meta property=\"og:image:width\" content=\"1080\" \/>\n\t<meta property=\"og:image:height\" content=\"1080\" \/>\n<meta name=\"twitter:card\" content=\"summary_large_image\" \/>\n<meta name=\"twitter:label1\" content=\"Tiempo de lectura\">\n\t<meta name=\"twitter:data1\" content=\"1 minuto\">\n<script type=\"application\/ld+json\" class=\"yoast-schema-graph\">{\"@context\":\"https:\/\/schema.org\",\"@graph\":[{\"@type\":\"Organization\",\"@id\":\"https:\/\/www.comercialanma.es\/#organization\",\"name\":\"Comercial Anma\",\"url\":\"https:\/\/www.comercialanma.es\/\",\"sameAs\":[\"https:\/\/www.facebook.com\/AnmaHosteleria\",\"https:\/\/www.instagram.com\/anmahosteleria\/?hl=es\",\"https:\/\/www.youtube.com\/channel\/UCT2nmn08Ntks0hmpZPnDgCA\"],\"logo\":{\"@type\":\"ImageObject\",\"@id\":\"https:\/\/www.comercialanma.es\/#logo\",\"inLanguage\":\"es\",\"url\":\"https:\/\/i2.wp.com\/www.comercialanma.es\/wp-content\/uploads\/2019\/06\/logo-anma-color.png?fit=247%2C101&ssl=1\",\"width\":247,\"height\":101,\"caption\":\"Comercial Anma\"},\"image\":{\"@id\":\"https:\/\/www.comercialanma.es\/#logo\"}},{\"@type\":\"WebSite\",\"@id\":\"https:\/\/www.comercialanma.es\/#website\",\"url\":\"https:\/\/www.comercialanma.es\/\",\"name\":\"Comercial de Hosteleria Anma\",\"description\":\"\",\"publisher\":{\"@id\":\"https:\/\/www.comercialanma.es\/#organization\"},\"potentialAction\":[{\"@type\":\"SearchAction\",\"target\":\"https:\/\/www.comercialanma.es\/?s={search_term_string}\",\"query-input\":\"required name=search_term_string\"}],\"inLanguage\":\"es\"},{\"@type\":\"ImageObject\",\"@id\":\"https:\/\/www.comercialanma.es\/?product=noubact-20-5l#primaryimage\",\"inLanguage\":\"es\",\"url\":\"https:\/\/i1.wp.com\/www.comercialanma.es\/wp-content\/uploads\/2021\/08\/NOUBACT-20-5L.jpg?fit=1080%2C1080&ssl=1\",\"width\":1080,\"height\":1080},{\"@type\":\"WebPage\",\"@id\":\"https:\/\/www.comercialanma.es\/?product=noubact-20-5l#webpage\",\"url\":\"https:\/\/www.comercialanma.es\/?product=noubact-20-5l\",\"name\":\"Noubact 20 limpiador bactericida fungicida 5L. - Comercial de Hosteleria Anma\",\"isPartOf\":{\"@id\":\"https:\/\/www.comercialanma.es\/#website\"},\"primaryImageOfPage\":{\"@id\":\"https:\/\/www.comercialanma.es\/?product=noubact-20-5l#primaryimage\"},\"datePublished\":\"2021-08-26T09:09:43+00:00\",\"dateModified\":\"2021-08-26T09:57:01+00:00\",\"description\":\"Noubact 20 limpiador bactericida fungicida | 5L. | proporciona una alta desinfecci\\u00f3n de una gran variedad de microorganismos.\",\"breadcrumb\":{\"@id\":\"https:\/\/www.comercialanma.es\/?product=noubact-20-5l#breadcrumb\"},\"inLanguage\":\"es\",\"potentialAction\":[{\"@type\":\"ReadAction\",\"target\":[\"https:\/\/www.comercialanma.es\/?product=noubact-20-5l\"]}]},{\"@type\":\"BreadcrumbList\",\"@id\":\"https:\/\/www.comercialanma.es\/?product=noubact-20-5l#breadcrumb\",\"itemListElement\":[{\"@type\":\"ListItem\",\"position\":1,\"item\":{\"@type\":\"WebPage\",\"@id\":\"https:\/\/www.comercialanma.es\/\",\"url\":\"https:\/\/www.comercialanma.es\/\",\"name\":\"Portada\"}},{\"@type\":\"ListItem\",\"position\":2,\"item\":{\"@type\":\"WebPage\",\"@id\":\"https:\/\/www.comercialanma.es\/?page_id=3963\",\"url\":\"https:\/\/www.comercialanma.es\/?page_id=3963\",\"name\":\"Cat\\u00e1logo de Productos\"}},{\"@type\":\"ListItem\",\"position\":3,\"item\":{\"@type\":\"WebPage\",\"@id\":\"https:\/\/www.comercialanma.es\/?product=noubact-20-5l\",\"url\":\"https:\/\/www.comercialanma.es\/?product=noubact-20-5l\",\"name\":\"Noubact 20 limpiador bactericida fungicida 5L.\"}}]}]}<\/script>\n<!-- \/ Yoast SEO plugin. -->","_links":{"self":[{"href":"https:\/\/www.comercialanma.es\/index.php?rest_route=\/wp\/v2\/product\/18262"}],"collection":[{"href":"https:\/\/www.comercialanma.es\/index.php?rest_route=\/wp\/v2\/product"}],"about":[{"href":"https:\/\/www.comercialanma.es\/index.php?rest_route=\/wp\/v2\/types\/product"}],"version-history":[{"count":1,"href":"https:\/\/www.comercialanma.es\/index.php?rest_route=\/wp\/v2\/product\/18262\/revisions"}],"predecessor-version":[{"id":18264,"href":"https:\/\/www.comercialanma.es\/index.php?rest_route=\/wp\/v2\/product\/18262\/revisions\/18264"}],"wp:featuredmedia":[{"embeddable":true,"href":"https:\/\/www.comercialanma.es\/index.php?rest_route=\/wp\/v2\/media\/18263"}],"wp:attachment":[{"href":"https:\/\/www.comercialanma.es\/index.php?rest_route=%2Fwp%2Fv2%2Fmedia&parent=18262"}],"curies":[{"name":"wp","href":"https:\/\/api.w.org\/{rel}","templated":true}]}}