
{"id":18269,"date":"2021-08-26T12:05:04","date_gmt":"2021-08-26T10:05:04","guid":{"rendered":"https:\/\/www.comercialanma.es\/?post_type=product&#038;p=18269"},"modified":"2021-08-26T12:26:23","modified_gmt":"2021-08-26T10:26:23","slug":"oxa-bacterdet-750","status":"publish","type":"product","link":"https:\/\/www.comercialanma.es\/?product=oxa-bacterdet-750","title":{"rendered":"Oxa Bacterdet detergente desinfectante 750ml."},"content":{"rendered":"<h3>DESCRIPCI\u00d3N<\/h3>\n<ul>\n<li>Detergente de alcalinidad moderada con elevado poder limpiador y que incorpora en su f\u00f3rmula productos de acci\u00f3n microbicida de amplio espectro.<\/li>\n<\/ul>\n<h3>USO<\/h3>\n<ul>\n<li>Suelos de residencias, hoteles, colegios, etc.<\/li>\n<li>Superficies de todo tipo en saunas, gimnasios, vestuarios y ba\u00f1os de todo tipo de colectividades.<\/li>\n<li>Focos de malos olores de todo tipo, como contenedores de basuras y zonas poco ventiladas.<\/li>\n<li>Es recomendable su uso para los interiores de los veh\u00edculos de transporte<\/li>\n<\/ul>\n","protected":false},"excerpt":{"rendered":"<p>Oxa Bacterdet detergente desinfectante de amplio espectro |750ml.|<\/p>\n<p>Detergente de alcalinidad moderada con elevado poder limpiador y que incorpora en su f\u00f3rmula productos de acci\u00f3n microbicida de amplio espectro. Elimina con facilidad las acumulaciones de suciedad dif\u00edcil sin atacar a ning\u00fan tipo de superficie debido a su car\u00e1cter ligeramente alcalino.<\/p>\n<p>A una concentraci\u00f3n del 4% es eficaz como desinfectante bactericida y destruye las bacterias que producen malos olores en el ambiente y diluido al 5% tambi\u00e9n es eficaz como desinfectante fungicida y virucida.<\/p>\n","protected":false},"featured_media":18270,"template":"","meta":{"spay_email":""},"yoast_head":"<!-- This site is optimized with the Yoast SEO plugin v15.9 - https:\/\/yoast.com\/wordpress\/plugins\/seo\/ -->\n<title>Oxa Bacterdet detergente desinfectante 750ml. - Comercial de Hosteleria Anma<\/title>\n<meta name=\"description\" content=\"Oxa Bacterdet detergente desinfectante de amplio espectro | 750ml. | elevado poder limpiador, producto de acci\u00f3n microbicida.\" \/>\n<meta name=\"robots\" content=\"index, follow, max-snippet:-1, max-image-preview:large, max-video-preview:-1\" \/>\n<link rel=\"canonical\" href=\"https:\/\/www.comercialanma.es\/?product=oxa-bacterdet-750\" \/>\n<meta property=\"og:locale\" content=\"es_ES\" \/>\n<meta property=\"og:type\" content=\"article\" \/>\n<meta property=\"og:title\" content=\"Oxa Bacterdet detergente desinfectante 750ml. - Comercial de Hosteleria Anma\" \/>\n<meta property=\"og:description\" content=\"Oxa Bacterdet detergente desinfectante de amplio espectro | 750ml. | elevado poder limpiador, producto de acci\u00f3n microbicida.\" \/>\n<meta property=\"og:url\" content=\"https:\/\/www.comercialanma.es\/?product=oxa-bacterdet-750\" \/>\n<meta property=\"og:site_name\" content=\"Comercial de Hosteleria Anma\" \/>\n<meta property=\"article:publisher\" content=\"https:\/\/www.facebook.com\/AnmaHosteleria\" \/>\n<meta property=\"article:modified_time\" content=\"2021-08-26T10:26:23+00:00\" \/>\n<meta property=\"og:image\" content=\"https:\/\/i2.wp.com\/www.comercialanma.es\/wp-content\/uploads\/2021\/08\/oxa-bacterdet-1l.jpg?fit=1080%2C1080&#038;ssl=1\" \/>\n\t<meta property=\"og:image:width\" content=\"1080\" \/>\n\t<meta property=\"og:image:height\" content=\"1080\" \/>\n<meta name=\"twitter:card\" content=\"summary_large_image\" \/>\n<meta name=\"twitter:label1\" content=\"Tiempo de lectura\">\n\t<meta name=\"twitter:data1\" content=\"1 minuto\">\n<script type=\"application\/ld+json\" class=\"yoast-schema-graph\">{\"@context\":\"https:\/\/schema.org\",\"@graph\":[{\"@type\":\"Organization\",\"@id\":\"https:\/\/www.comercialanma.es\/#organization\",\"name\":\"Comercial Anma\",\"url\":\"https:\/\/www.comercialanma.es\/\",\"sameAs\":[\"https:\/\/www.facebook.com\/AnmaHosteleria\",\"https:\/\/www.instagram.com\/anmahosteleria\/?hl=es\",\"https:\/\/www.youtube.com\/channel\/UCT2nmn08Ntks0hmpZPnDgCA\"],\"logo\":{\"@type\":\"ImageObject\",\"@id\":\"https:\/\/www.comercialanma.es\/#logo\",\"inLanguage\":\"es\",\"url\":\"https:\/\/i2.wp.com\/www.comercialanma.es\/wp-content\/uploads\/2019\/06\/logo-anma-color.png?fit=247%2C101&ssl=1\",\"width\":247,\"height\":101,\"caption\":\"Comercial Anma\"},\"image\":{\"@id\":\"https:\/\/www.comercialanma.es\/#logo\"}},{\"@type\":\"WebSite\",\"@id\":\"https:\/\/www.comercialanma.es\/#website\",\"url\":\"https:\/\/www.comercialanma.es\/\",\"name\":\"Comercial de Hosteleria Anma\",\"description\":\"\",\"publisher\":{\"@id\":\"https:\/\/www.comercialanma.es\/#organization\"},\"potentialAction\":[{\"@type\":\"SearchAction\",\"target\":\"https:\/\/www.comercialanma.es\/?s={search_term_string}\",\"query-input\":\"required name=search_term_string\"}],\"inLanguage\":\"es\"},{\"@type\":\"ImageObject\",\"@id\":\"https:\/\/www.comercialanma.es\/?product=oxa-bacterdet-750#primaryimage\",\"inLanguage\":\"es\",\"url\":\"https:\/\/i2.wp.com\/www.comercialanma.es\/wp-content\/uploads\/2021\/08\/oxa-bacterdet-1l.jpg?fit=1080%2C1080&ssl=1\",\"width\":1080,\"height\":1080},{\"@type\":\"WebPage\",\"@id\":\"https:\/\/www.comercialanma.es\/?product=oxa-bacterdet-750#webpage\",\"url\":\"https:\/\/www.comercialanma.es\/?product=oxa-bacterdet-750\",\"name\":\"Oxa Bacterdet detergente desinfectante 750ml. - Comercial de Hosteleria Anma\",\"isPartOf\":{\"@id\":\"https:\/\/www.comercialanma.es\/#website\"},\"primaryImageOfPage\":{\"@id\":\"https:\/\/www.comercialanma.es\/?product=oxa-bacterdet-750#primaryimage\"},\"datePublished\":\"2021-08-26T10:05:04+00:00\",\"dateModified\":\"2021-08-26T10:26:23+00:00\",\"description\":\"Oxa Bacterdet detergente desinfectante de amplio espectro | 750ml. | elevado poder limpiador, producto de acci\\u00f3n microbicida.\",\"breadcrumb\":{\"@id\":\"https:\/\/www.comercialanma.es\/?product=oxa-bacterdet-750#breadcrumb\"},\"inLanguage\":\"es\",\"potentialAction\":[{\"@type\":\"ReadAction\",\"target\":[\"https:\/\/www.comercialanma.es\/?product=oxa-bacterdet-750\"]}]},{\"@type\":\"BreadcrumbList\",\"@id\":\"https:\/\/www.comercialanma.es\/?product=oxa-bacterdet-750#breadcrumb\",\"itemListElement\":[{\"@type\":\"ListItem\",\"position\":1,\"item\":{\"@type\":\"WebPage\",\"@id\":\"https:\/\/www.comercialanma.es\/\",\"url\":\"https:\/\/www.comercialanma.es\/\",\"name\":\"Portada\"}},{\"@type\":\"ListItem\",\"position\":2,\"item\":{\"@type\":\"WebPage\",\"@id\":\"https:\/\/www.comercialanma.es\/?page_id=3963\",\"url\":\"https:\/\/www.comercialanma.es\/?page_id=3963\",\"name\":\"Cat\\u00e1logo de Productos\"}},{\"@type\":\"ListItem\",\"position\":3,\"item\":{\"@type\":\"WebPage\",\"@id\":\"https:\/\/www.comercialanma.es\/?product=oxa-bacterdet-750\",\"url\":\"https:\/\/www.comercialanma.es\/?product=oxa-bacterdet-750\",\"name\":\"Oxa Bacterdet detergente desinfectante 750ml.\"}}]}]}<\/script>\n<!-- \/ Yoast SEO plugin. -->","_links":{"self":[{"href":"https:\/\/www.comercialanma.es\/index.php?rest_route=\/wp\/v2\/product\/18269"}],"collection":[{"href":"https:\/\/www.comercialanma.es\/index.php?rest_route=\/wp\/v2\/product"}],"about":[{"href":"https:\/\/www.comercialanma.es\/index.php?rest_route=\/wp\/v2\/types\/product"}],"version-history":[{"count":1,"href":"https:\/\/www.comercialanma.es\/index.php?rest_route=\/wp\/v2\/product\/18269\/revisions"}],"predecessor-version":[{"id":18271,"href":"https:\/\/www.comercialanma.es\/index.php?rest_route=\/wp\/v2\/product\/18269\/revisions\/18271"}],"wp:featuredmedia":[{"embeddable":true,"href":"https:\/\/www.comercialanma.es\/index.php?rest_route=\/wp\/v2\/media\/18270"}],"wp:attachment":[{"href":"https:\/\/www.comercialanma.es\/index.php?rest_route=%2Fwp%2Fv2%2Fmedia&parent=18269"}],"curies":[{"name":"wp","href":"https:\/\/api.w.org\/{rel}","templated":true}]}}