
{"id":18348,"date":"2021-08-30T11:56:11","date_gmt":"2021-08-30T09:56:11","guid":{"rendered":"https:\/\/www.comercialanma.es\/?post_type=product&#038;p=18348"},"modified":"2021-08-30T15:04:48","modified_gmt":"2021-08-30T13:04:48","slug":"pelador-aguacate-lacor","status":"publish","type":"product","link":"https:\/\/www.comercialanma.es\/?product=pelador-aguacate-lacor","title":{"rendered":"Pelador aguacate 5 funciones Lacor"},"content":{"rendered":"<section class=\"content\">\n<ul class=\"keyFeatures__wrapper__list\">\n<li class=\"product-brand ng-star-inserted\">Fabricante: <span class=\"product-brand__name\">Lacor<\/span><\/li>\n<li class=\"ng-star-inserted\"><span class=\"ng-star-inserted\"> Color<\/span>: <span class=\"ng-star-inserted\">Negro, verde.<br \/>\n<\/span><\/li>\n<li class=\"ng-star-inserted\"><span class=\"ng-star-inserted\"> Material<\/span> mango: Pl\u00e1stico ABS<\/li>\n<li class=\"ng-star-inserted\"><span class=\"ng-star-inserted\">Material pelador: Acero Inox<br \/>\n<\/span><\/li>\n<\/ul>\n<\/section>\n","protected":false},"excerpt":{"rendered":"<div class=\"field field-name-body field-type-text-with-summary field-label-hidden\">\n<div class=\"field-items\">\n<div class=\"field-item even\">\n<p>Pelador aguacate 5 funciones | Lacor | \u00bfEres un amante de los aguacates? Pide ahora el pelador de aguacates 5 funciones y disfruta.<\/p>\n<p>Pelador de aguacates con 5 funciones: pela, extrae el hueso, vac\u00eda, corta y tritura el aguacate de forma r\u00e1pida y precisa. Adem\u00e1s contiene una funda protectora para evitar cualquier peligro.<\/p>\n<p>Est\u00e1 fabricado en acero inoxidable para garantizar la m\u00e1xima calidad en su uso. El mango es de material pl\u00e1stico ABS, lo que facilita al m\u00e1ximo la manipulaci\u00f3n del pelador.<\/p>\n<\/div>\n<\/div>\n<\/div>\n<p>&nbsp;<\/p>\n","protected":false},"featured_media":18349,"template":"","meta":{"spay_email":""},"yoast_head":"<!-- This site is optimized with the Yoast SEO plugin v15.9 - https:\/\/yoast.com\/wordpress\/plugins\/seo\/ -->\n<title>Pelador aguacate 5 funciones Lacor - Comercial de Hosteleria Anma<\/title>\n<meta name=\"description\" content=\"Pelador aguacate 5 funciones | Lacor | \u00bfEres un amante de los aguacates? Pide ahora el pelador de aguacates 5 funciones y disfruta.\" \/>\n<meta name=\"robots\" content=\"index, follow, max-snippet:-1, max-image-preview:large, max-video-preview:-1\" \/>\n<link rel=\"canonical\" href=\"https:\/\/www.comercialanma.es\/?product=pelador-aguacate-lacor\" \/>\n<meta property=\"og:locale\" content=\"es_ES\" \/>\n<meta property=\"og:type\" content=\"article\" \/>\n<meta property=\"og:title\" content=\"Pelador aguacate 5 funciones Lacor - Comercial de Hosteleria Anma\" \/>\n<meta property=\"og:description\" content=\"Pelador aguacate 5 funciones | Lacor | \u00bfEres un amante de los aguacates? Pide ahora el pelador de aguacates 5 funciones y disfruta.\" \/>\n<meta property=\"og:url\" content=\"https:\/\/www.comercialanma.es\/?product=pelador-aguacate-lacor\" \/>\n<meta property=\"og:site_name\" content=\"Comercial de Hosteleria Anma\" \/>\n<meta property=\"article:publisher\" content=\"https:\/\/www.facebook.com\/AnmaHosteleria\" \/>\n<meta property=\"article:modified_time\" content=\"2021-08-30T13:04:48+00:00\" \/>\n<meta property=\"og:image\" content=\"https:\/\/i1.wp.com\/www.comercialanma.es\/wp-content\/uploads\/2021\/08\/Pelador-aguacate-5-funciones.jpg?fit=1080%2C1080&#038;ssl=1\" \/>\n\t<meta property=\"og:image:width\" content=\"1080\" \/>\n\t<meta property=\"og:image:height\" content=\"1080\" \/>\n<meta name=\"twitter:card\" content=\"summary_large_image\" \/>\n<meta name=\"twitter:label1\" content=\"Tiempo de lectura\">\n\t<meta name=\"twitter:data1\" content=\"1 minuto\">\n<script type=\"application\/ld+json\" class=\"yoast-schema-graph\">{\"@context\":\"https:\/\/schema.org\",\"@graph\":[{\"@type\":\"Organization\",\"@id\":\"https:\/\/www.comercialanma.es\/#organization\",\"name\":\"Comercial Anma\",\"url\":\"https:\/\/www.comercialanma.es\/\",\"sameAs\":[\"https:\/\/www.facebook.com\/AnmaHosteleria\",\"https:\/\/www.instagram.com\/anmahosteleria\/?hl=es\",\"https:\/\/www.youtube.com\/channel\/UCT2nmn08Ntks0hmpZPnDgCA\"],\"logo\":{\"@type\":\"ImageObject\",\"@id\":\"https:\/\/www.comercialanma.es\/#logo\",\"inLanguage\":\"es\",\"url\":\"https:\/\/i2.wp.com\/www.comercialanma.es\/wp-content\/uploads\/2019\/06\/logo-anma-color.png?fit=247%2C101&ssl=1\",\"width\":247,\"height\":101,\"caption\":\"Comercial Anma\"},\"image\":{\"@id\":\"https:\/\/www.comercialanma.es\/#logo\"}},{\"@type\":\"WebSite\",\"@id\":\"https:\/\/www.comercialanma.es\/#website\",\"url\":\"https:\/\/www.comercialanma.es\/\",\"name\":\"Comercial de Hosteleria Anma\",\"description\":\"\",\"publisher\":{\"@id\":\"https:\/\/www.comercialanma.es\/#organization\"},\"potentialAction\":[{\"@type\":\"SearchAction\",\"target\":\"https:\/\/www.comercialanma.es\/?s={search_term_string}\",\"query-input\":\"required name=search_term_string\"}],\"inLanguage\":\"es\"},{\"@type\":\"ImageObject\",\"@id\":\"https:\/\/www.comercialanma.es\/?product=pelador-aguacate-lacor#primaryimage\",\"inLanguage\":\"es\",\"url\":\"https:\/\/i1.wp.com\/www.comercialanma.es\/wp-content\/uploads\/2021\/08\/Pelador-aguacate-5-funciones.jpg?fit=1080%2C1080&ssl=1\",\"width\":1080,\"height\":1080},{\"@type\":\"WebPage\",\"@id\":\"https:\/\/www.comercialanma.es\/?product=pelador-aguacate-lacor#webpage\",\"url\":\"https:\/\/www.comercialanma.es\/?product=pelador-aguacate-lacor\",\"name\":\"Pelador aguacate 5 funciones Lacor - Comercial de Hosteleria Anma\",\"isPartOf\":{\"@id\":\"https:\/\/www.comercialanma.es\/#website\"},\"primaryImageOfPage\":{\"@id\":\"https:\/\/www.comercialanma.es\/?product=pelador-aguacate-lacor#primaryimage\"},\"datePublished\":\"2021-08-30T09:56:11+00:00\",\"dateModified\":\"2021-08-30T13:04:48+00:00\",\"description\":\"Pelador aguacate 5 funciones | Lacor | \\u00bfEres un amante de los aguacates? Pide ahora el pelador de aguacates 5 funciones y disfruta.\",\"breadcrumb\":{\"@id\":\"https:\/\/www.comercialanma.es\/?product=pelador-aguacate-lacor#breadcrumb\"},\"inLanguage\":\"es\",\"potentialAction\":[{\"@type\":\"ReadAction\",\"target\":[\"https:\/\/www.comercialanma.es\/?product=pelador-aguacate-lacor\"]}]},{\"@type\":\"BreadcrumbList\",\"@id\":\"https:\/\/www.comercialanma.es\/?product=pelador-aguacate-lacor#breadcrumb\",\"itemListElement\":[{\"@type\":\"ListItem\",\"position\":1,\"item\":{\"@type\":\"WebPage\",\"@id\":\"https:\/\/www.comercialanma.es\/\",\"url\":\"https:\/\/www.comercialanma.es\/\",\"name\":\"Portada\"}},{\"@type\":\"ListItem\",\"position\":2,\"item\":{\"@type\":\"WebPage\",\"@id\":\"https:\/\/www.comercialanma.es\/?page_id=3963\",\"url\":\"https:\/\/www.comercialanma.es\/?page_id=3963\",\"name\":\"Cat\\u00e1logo de Productos\"}},{\"@type\":\"ListItem\",\"position\":3,\"item\":{\"@type\":\"WebPage\",\"@id\":\"https:\/\/www.comercialanma.es\/?product=pelador-aguacate-lacor\",\"url\":\"https:\/\/www.comercialanma.es\/?product=pelador-aguacate-lacor\",\"name\":\"Pelador aguacate 5 funciones Lacor\"}}]}]}<\/script>\n<!-- \/ Yoast SEO plugin. -->","_links":{"self":[{"href":"https:\/\/www.comercialanma.es\/index.php?rest_route=\/wp\/v2\/product\/18348"}],"collection":[{"href":"https:\/\/www.comercialanma.es\/index.php?rest_route=\/wp\/v2\/product"}],"about":[{"href":"https:\/\/www.comercialanma.es\/index.php?rest_route=\/wp\/v2\/types\/product"}],"version-history":[{"count":1,"href":"https:\/\/www.comercialanma.es\/index.php?rest_route=\/wp\/v2\/product\/18348\/revisions"}],"predecessor-version":[{"id":18352,"href":"https:\/\/www.comercialanma.es\/index.php?rest_route=\/wp\/v2\/product\/18348\/revisions\/18352"}],"wp:featuredmedia":[{"embeddable":true,"href":"https:\/\/www.comercialanma.es\/index.php?rest_route=\/wp\/v2\/media\/18349"}],"wp:attachment":[{"href":"https:\/\/www.comercialanma.es\/index.php?rest_route=%2Fwp%2Fv2%2Fmedia&parent=18348"}],"curies":[{"name":"wp","href":"https:\/\/api.w.org\/{rel}","templated":true}]}}