
{"id":18366,"date":"2021-08-30T17:04:31","date_gmt":"2021-08-30T15:04:31","guid":{"rendered":"https:\/\/www.comercialanma.es\/?post_type=product&#038;p=18366"},"modified":"2021-10-11T11:26:15","modified_gmt":"2021-10-11T09:26:15","slug":"puntilla-serie-escorial-gazcon","status":"publish","type":"product","link":"https:\/\/www.comercialanma.es\/?product=puntilla-serie-escorial-gazcon","title":{"rendered":"Puntilla Serie Escorial 10cm."},"content":{"rendered":"<ul>\n<li><b>Material hoja: <\/b> ACERO MOVA<\/li>\n<li><b>Material mango: <\/b> POLIOXIMETILENO (POM)<\/li>\n<li><b>Medida hoja: <\/b> 100mm<\/li>\n<li><b>Color: <\/b> Negro<\/li>\n<\/ul>\n","protected":false},"excerpt":{"rendered":"<div id=\"tab-label-product.info.description\" class=\"data item title active\" tabindex=\"0\" role=\"tab\" aria-labeledby=\"tab-label-product.info.description-title\" data-role=\"collapsible\" data-collapsible=\"true\" aria-controls=\"product.info.description\" aria-selected=\"false\" aria-expanded=\"true\">Puntilla | Serie Escorial | 10cm. |<\/div>\n<div id=\"product.info.description\" class=\"data item content\" role=\"tabpanel\" data-role=\"content\" aria-labelledby=\"tab-label-product.info.description\" aria-hidden=\"false\">\n<div class=\"product attribute description\">\n<div class=\"value\">\n<p>Puntilla de 10 cm con mango POM serie Escorial de hoja recta y punta centrada, con ella podr\u00e1 pelar facilmente patatas, verduras y frutas. Muy manejable gracias a su peque\u00f1o tama\u00f1o y peso ligero.<\/p>\n<p>La hoja de este cuchillo esta fabricado en acero inox + molybdenum vanadium, con excelentes propiedades, alto rendimiento y durabilidad.<\/p>\n<\/div>\n<\/div>\n<\/div>\n","protected":false},"featured_media":18367,"template":"","meta":{"spay_email":""},"yoast_head":"<!-- This site is optimized with the Yoast SEO plugin v15.9 - https:\/\/yoast.com\/wordpress\/plugins\/seo\/ -->\n<title>Puntilla Serie Escorial 10cm. - Comercial de Hosteleria Anma<\/title>\n<meta name=\"description\" content=\"Puntilla | Serie Escorial | 10cm. | Hoja recta y punta centrada, con ella podr\u00e1 pelar facilmente patatas, verduras y frutas.\" \/>\n<meta name=\"robots\" content=\"index, follow, max-snippet:-1, max-image-preview:large, max-video-preview:-1\" \/>\n<link rel=\"canonical\" href=\"https:\/\/www.comercialanma.es\/?product=puntilla-serie-escorial-gazcon\" \/>\n<meta property=\"og:locale\" content=\"es_ES\" \/>\n<meta property=\"og:type\" content=\"article\" \/>\n<meta property=\"og:title\" content=\"Puntilla Serie Escorial 10cm. - Comercial de Hosteleria Anma\" \/>\n<meta property=\"og:description\" content=\"Puntilla | Serie Escorial | 10cm. | Hoja recta y punta centrada, con ella podr\u00e1 pelar facilmente patatas, verduras y frutas.\" \/>\n<meta property=\"og:url\" content=\"https:\/\/www.comercialanma.es\/?product=puntilla-serie-escorial-gazcon\" \/>\n<meta property=\"og:site_name\" content=\"Comercial de Hosteleria Anma\" \/>\n<meta property=\"article:publisher\" content=\"https:\/\/www.facebook.com\/AnmaHosteleria\" \/>\n<meta property=\"article:modified_time\" content=\"2021-10-11T09:26:15+00:00\" \/>\n<meta property=\"og:image\" content=\"https:\/\/i2.wp.com\/www.comercialanma.es\/wp-content\/uploads\/2021\/08\/puntilla-serie-escorial-10cm-gazcon.jpeg?fit=738%2C738&#038;ssl=1\" \/>\n\t<meta property=\"og:image:width\" content=\"738\" \/>\n\t<meta property=\"og:image:height\" content=\"738\" \/>\n<meta name=\"twitter:card\" content=\"summary_large_image\" \/>\n<meta name=\"twitter:label1\" content=\"Tiempo de lectura\">\n\t<meta name=\"twitter:data1\" content=\"1 minuto\">\n<script type=\"application\/ld+json\" class=\"yoast-schema-graph\">{\"@context\":\"https:\/\/schema.org\",\"@graph\":[{\"@type\":\"Organization\",\"@id\":\"https:\/\/www.comercialanma.es\/#organization\",\"name\":\"Comercial Anma\",\"url\":\"https:\/\/www.comercialanma.es\/\",\"sameAs\":[\"https:\/\/www.facebook.com\/AnmaHosteleria\",\"https:\/\/www.instagram.com\/anmahosteleria\/?hl=es\",\"https:\/\/www.youtube.com\/channel\/UCT2nmn08Ntks0hmpZPnDgCA\"],\"logo\":{\"@type\":\"ImageObject\",\"@id\":\"https:\/\/www.comercialanma.es\/#logo\",\"inLanguage\":\"es\",\"url\":\"https:\/\/i2.wp.com\/www.comercialanma.es\/wp-content\/uploads\/2019\/06\/logo-anma-color.png?fit=247%2C101&ssl=1\",\"width\":247,\"height\":101,\"caption\":\"Comercial Anma\"},\"image\":{\"@id\":\"https:\/\/www.comercialanma.es\/#logo\"}},{\"@type\":\"WebSite\",\"@id\":\"https:\/\/www.comercialanma.es\/#website\",\"url\":\"https:\/\/www.comercialanma.es\/\",\"name\":\"Comercial de Hosteleria Anma\",\"description\":\"\",\"publisher\":{\"@id\":\"https:\/\/www.comercialanma.es\/#organization\"},\"potentialAction\":[{\"@type\":\"SearchAction\",\"target\":\"https:\/\/www.comercialanma.es\/?s={search_term_string}\",\"query-input\":\"required name=search_term_string\"}],\"inLanguage\":\"es\"},{\"@type\":\"ImageObject\",\"@id\":\"https:\/\/www.comercialanma.es\/?product=puntilla-serie-escorial-gazcon#primaryimage\",\"inLanguage\":\"es\",\"url\":\"https:\/\/i2.wp.com\/www.comercialanma.es\/wp-content\/uploads\/2021\/08\/puntilla-serie-escorial-10cm-gazcon.jpeg?fit=738%2C738&ssl=1\",\"width\":738,\"height\":738},{\"@type\":\"WebPage\",\"@id\":\"https:\/\/www.comercialanma.es\/?product=puntilla-serie-escorial-gazcon#webpage\",\"url\":\"https:\/\/www.comercialanma.es\/?product=puntilla-serie-escorial-gazcon\",\"name\":\"Puntilla Serie Escorial 10cm. - Comercial de Hosteleria Anma\",\"isPartOf\":{\"@id\":\"https:\/\/www.comercialanma.es\/#website\"},\"primaryImageOfPage\":{\"@id\":\"https:\/\/www.comercialanma.es\/?product=puntilla-serie-escorial-gazcon#primaryimage\"},\"datePublished\":\"2021-08-30T15:04:31+00:00\",\"dateModified\":\"2021-10-11T09:26:15+00:00\",\"description\":\"Puntilla | Serie Escorial | 10cm. | Hoja recta y punta centrada, con ella podr\\u00e1 pelar facilmente patatas, verduras y frutas.\",\"breadcrumb\":{\"@id\":\"https:\/\/www.comercialanma.es\/?product=puntilla-serie-escorial-gazcon#breadcrumb\"},\"inLanguage\":\"es\",\"potentialAction\":[{\"@type\":\"ReadAction\",\"target\":[\"https:\/\/www.comercialanma.es\/?product=puntilla-serie-escorial-gazcon\"]}]},{\"@type\":\"BreadcrumbList\",\"@id\":\"https:\/\/www.comercialanma.es\/?product=puntilla-serie-escorial-gazcon#breadcrumb\",\"itemListElement\":[{\"@type\":\"ListItem\",\"position\":1,\"item\":{\"@type\":\"WebPage\",\"@id\":\"https:\/\/www.comercialanma.es\/\",\"url\":\"https:\/\/www.comercialanma.es\/\",\"name\":\"Portada\"}},{\"@type\":\"ListItem\",\"position\":2,\"item\":{\"@type\":\"WebPage\",\"@id\":\"https:\/\/www.comercialanma.es\/?page_id=3963\",\"url\":\"https:\/\/www.comercialanma.es\/?page_id=3963\",\"name\":\"Cat\\u00e1logo de Productos\"}},{\"@type\":\"ListItem\",\"position\":3,\"item\":{\"@type\":\"WebPage\",\"@id\":\"https:\/\/www.comercialanma.es\/?product=puntilla-serie-escorial-gazcon\",\"url\":\"https:\/\/www.comercialanma.es\/?product=puntilla-serie-escorial-gazcon\",\"name\":\"Puntilla Serie Escorial 10cm.\"}}]}]}<\/script>\n<!-- \/ Yoast SEO plugin. -->","_links":{"self":[{"href":"https:\/\/www.comercialanma.es\/index.php?rest_route=\/wp\/v2\/product\/18366"}],"collection":[{"href":"https:\/\/www.comercialanma.es\/index.php?rest_route=\/wp\/v2\/product"}],"about":[{"href":"https:\/\/www.comercialanma.es\/index.php?rest_route=\/wp\/v2\/types\/product"}],"version-history":[{"count":1,"href":"https:\/\/www.comercialanma.es\/index.php?rest_route=\/wp\/v2\/product\/18366\/revisions"}],"predecessor-version":[{"id":18368,"href":"https:\/\/www.comercialanma.es\/index.php?rest_route=\/wp\/v2\/product\/18366\/revisions\/18368"}],"wp:featuredmedia":[{"embeddable":true,"href":"https:\/\/www.comercialanma.es\/index.php?rest_route=\/wp\/v2\/media\/18367"}],"wp:attachment":[{"href":"https:\/\/www.comercialanma.es\/index.php?rest_route=%2Fwp%2Fv2%2Fmedia&parent=18366"}],"curies":[{"name":"wp","href":"https:\/\/api.w.org\/{rel}","templated":true}]}}