
{"id":18512,"date":"2021-09-01T10:51:44","date_gmt":"2021-09-01T08:51:44","guid":{"rendered":"https:\/\/www.comercialanma.es\/?post_type=product&#038;p=18512"},"modified":"2021-09-01T11:12:44","modified_gmt":"2021-09-01T09:12:44","slug":"agua-la-serreta-corona-8","status":"publish","type":"product","link":"https:\/\/www.comercialanma.es\/?product=agua-la-serreta-corona-8","title":{"rendered":"Agua La Serreta Corona 8L."},"content":{"rendered":"<p><strong>COMPOSICION<\/strong><\/p>\n<p>Calcio 54,5 mg\/I<br \/>\nMagnesio: 35 mg\/I.<br \/>\nBicarbonatos: 261 mg\/I<br \/>\nSodio: 16 mg\/I.<\/p>\n","protected":false},"excerpt":{"rendered":"<p>Agua procedente del paraje Juncarejos situado en el t\u00e9rmino municipal de la Font de la Figuera en la Comunidad Valenciana.<\/p>\n<p>La serreta es un agua de mineralizaci\u00f3n d\u00e9bil, indicada para dietas bajas en sodio y para la preparaci\u00f3n de alimentos infantiles. Es un agua mineral natural de excepcional relaci\u00f3n calidad- precio y por su equilibrada mineralizaci\u00f3n contribuye al bienestar y salud de toda la familia. Por su composici\u00f3n proporciona un nivel significativo de minerales esenciales como son el calcio y magnesio.<\/p>\n<p>Su alto contenido en sales minerales y bicarbonatos ayudan a saciar la sed y mejorar la digesti\u00f3n<\/p>\n","protected":false},"featured_media":18513,"template":"","meta":{"spay_email":""},"yoast_head":"<!-- This site is optimized with the Yoast SEO plugin v15.9 - https:\/\/yoast.com\/wordpress\/plugins\/seo\/ -->\n<title>Agua La Serreta Corona 8L. - Comercial de Hosteleria Anma<\/title>\n<meta name=\"description\" content=\"Agua La Serreta Corona | 8L. | Agua mineral natural por su equilibrada mineralizaci\u00f3n contribuye al bienestar y salud de toda la familia.\" \/>\n<meta name=\"robots\" content=\"index, follow, max-snippet:-1, max-image-preview:large, max-video-preview:-1\" \/>\n<link rel=\"canonical\" href=\"https:\/\/www.comercialanma.es\/?product=agua-la-serreta-corona-8\" \/>\n<meta property=\"og:locale\" content=\"es_ES\" \/>\n<meta property=\"og:type\" content=\"article\" \/>\n<meta property=\"og:title\" content=\"Agua La Serreta Corona 8L. - Comercial de Hosteleria Anma\" \/>\n<meta property=\"og:description\" content=\"Agua La Serreta Corona | 8L. | Agua mineral natural por su equilibrada mineralizaci\u00f3n contribuye al bienestar y salud de toda la familia.\" \/>\n<meta property=\"og:url\" content=\"https:\/\/www.comercialanma.es\/?product=agua-la-serreta-corona-8\" \/>\n<meta property=\"og:site_name\" content=\"Comercial de Hosteleria Anma\" \/>\n<meta property=\"article:publisher\" content=\"https:\/\/www.facebook.com\/AnmaHosteleria\" \/>\n<meta property=\"article:modified_time\" content=\"2021-09-01T09:12:44+00:00\" \/>\n<meta property=\"og:image\" content=\"https:\/\/i1.wp.com\/www.comercialanma.es\/wp-content\/uploads\/2021\/09\/agua-la-serreta-corona-8l.jpg?fit=1080%2C1080&#038;ssl=1\" \/>\n\t<meta property=\"og:image:width\" content=\"1080\" \/>\n\t<meta property=\"og:image:height\" content=\"1080\" \/>\n<meta name=\"twitter:card\" content=\"summary_large_image\" \/>\n<meta name=\"twitter:label1\" content=\"Tiempo de lectura\">\n\t<meta name=\"twitter:data1\" content=\"1 minuto\">\n<script type=\"application\/ld+json\" class=\"yoast-schema-graph\">{\"@context\":\"https:\/\/schema.org\",\"@graph\":[{\"@type\":\"Organization\",\"@id\":\"https:\/\/www.comercialanma.es\/#organization\",\"name\":\"Comercial Anma\",\"url\":\"https:\/\/www.comercialanma.es\/\",\"sameAs\":[\"https:\/\/www.facebook.com\/AnmaHosteleria\",\"https:\/\/www.instagram.com\/anmahosteleria\/?hl=es\",\"https:\/\/www.youtube.com\/channel\/UCT2nmn08Ntks0hmpZPnDgCA\"],\"logo\":{\"@type\":\"ImageObject\",\"@id\":\"https:\/\/www.comercialanma.es\/#logo\",\"inLanguage\":\"es\",\"url\":\"https:\/\/i2.wp.com\/www.comercialanma.es\/wp-content\/uploads\/2019\/06\/logo-anma-color.png?fit=247%2C101&ssl=1\",\"width\":247,\"height\":101,\"caption\":\"Comercial Anma\"},\"image\":{\"@id\":\"https:\/\/www.comercialanma.es\/#logo\"}},{\"@type\":\"WebSite\",\"@id\":\"https:\/\/www.comercialanma.es\/#website\",\"url\":\"https:\/\/www.comercialanma.es\/\",\"name\":\"Comercial de Hosteleria Anma\",\"description\":\"\",\"publisher\":{\"@id\":\"https:\/\/www.comercialanma.es\/#organization\"},\"potentialAction\":[{\"@type\":\"SearchAction\",\"target\":\"https:\/\/www.comercialanma.es\/?s={search_term_string}\",\"query-input\":\"required name=search_term_string\"}],\"inLanguage\":\"es\"},{\"@type\":\"ImageObject\",\"@id\":\"https:\/\/www.comercialanma.es\/?product=agua-la-serreta-corona-8#primaryimage\",\"inLanguage\":\"es\",\"url\":\"https:\/\/i1.wp.com\/www.comercialanma.es\/wp-content\/uploads\/2021\/09\/agua-la-serreta-corona-8l.jpg?fit=1080%2C1080&ssl=1\",\"width\":1080,\"height\":1080},{\"@type\":\"WebPage\",\"@id\":\"https:\/\/www.comercialanma.es\/?product=agua-la-serreta-corona-8#webpage\",\"url\":\"https:\/\/www.comercialanma.es\/?product=agua-la-serreta-corona-8\",\"name\":\"Agua La Serreta Corona 8L. - Comercial de Hosteleria Anma\",\"isPartOf\":{\"@id\":\"https:\/\/www.comercialanma.es\/#website\"},\"primaryImageOfPage\":{\"@id\":\"https:\/\/www.comercialanma.es\/?product=agua-la-serreta-corona-8#primaryimage\"},\"datePublished\":\"2021-09-01T08:51:44+00:00\",\"dateModified\":\"2021-09-01T09:12:44+00:00\",\"description\":\"Agua La Serreta Corona | 8L. | Agua mineral natural por su equilibrada mineralizaci\\u00f3n contribuye al bienestar y salud de toda la familia.\",\"breadcrumb\":{\"@id\":\"https:\/\/www.comercialanma.es\/?product=agua-la-serreta-corona-8#breadcrumb\"},\"inLanguage\":\"es\",\"potentialAction\":[{\"@type\":\"ReadAction\",\"target\":[\"https:\/\/www.comercialanma.es\/?product=agua-la-serreta-corona-8\"]}]},{\"@type\":\"BreadcrumbList\",\"@id\":\"https:\/\/www.comercialanma.es\/?product=agua-la-serreta-corona-8#breadcrumb\",\"itemListElement\":[{\"@type\":\"ListItem\",\"position\":1,\"item\":{\"@type\":\"WebPage\",\"@id\":\"https:\/\/www.comercialanma.es\/\",\"url\":\"https:\/\/www.comercialanma.es\/\",\"name\":\"Portada\"}},{\"@type\":\"ListItem\",\"position\":2,\"item\":{\"@type\":\"WebPage\",\"@id\":\"https:\/\/www.comercialanma.es\/?page_id=3963\",\"url\":\"https:\/\/www.comercialanma.es\/?page_id=3963\",\"name\":\"Cat\\u00e1logo de Productos\"}},{\"@type\":\"ListItem\",\"position\":3,\"item\":{\"@type\":\"WebPage\",\"@id\":\"https:\/\/www.comercialanma.es\/?product=agua-la-serreta-corona-8\",\"url\":\"https:\/\/www.comercialanma.es\/?product=agua-la-serreta-corona-8\",\"name\":\"Agua La Serreta Corona 8L.\"}}]}]}<\/script>\n<!-- \/ Yoast SEO plugin. -->","_links":{"self":[{"href":"https:\/\/www.comercialanma.es\/index.php?rest_route=\/wp\/v2\/product\/18512"}],"collection":[{"href":"https:\/\/www.comercialanma.es\/index.php?rest_route=\/wp\/v2\/product"}],"about":[{"href":"https:\/\/www.comercialanma.es\/index.php?rest_route=\/wp\/v2\/types\/product"}],"version-history":[{"count":1,"href":"https:\/\/www.comercialanma.es\/index.php?rest_route=\/wp\/v2\/product\/18512\/revisions"}],"predecessor-version":[{"id":18514,"href":"https:\/\/www.comercialanma.es\/index.php?rest_route=\/wp\/v2\/product\/18512\/revisions\/18514"}],"wp:featuredmedia":[{"embeddable":true,"href":"https:\/\/www.comercialanma.es\/index.php?rest_route=\/wp\/v2\/media\/18513"}],"wp:attachment":[{"href":"https:\/\/www.comercialanma.es\/index.php?rest_route=%2Fwp%2Fv2%2Fmedia&parent=18512"}],"curies":[{"name":"wp","href":"https:\/\/api.w.org\/{rel}","templated":true}]}}