
{"id":18538,"date":"2021-09-01T12:45:12","date_gmt":"2021-09-01T10:45:12","guid":{"rendered":"https:\/\/www.comercialanma.es\/?post_type=product&#038;p=18538"},"modified":"2021-09-02T10:05:00","modified_gmt":"2021-09-02T08:05:00","slug":"sarten-robust-aluminio-antiadherente-32cm","status":"publish","type":"product","link":"https:\/\/www.comercialanma.es\/?product=sarten-robust-aluminio-antiadherente-32cm","title":{"rendered":"Sart\u00e9n Robust aluminio antiadherente 32cm."},"content":{"rendered":"<ul class=\"keyFeatures__wrapper__list\">\n<li class=\"product-brand ng-star-inserted\">Marca: <span class=\"product-brand__name\"> LACOR <\/span><\/li>\n<li>Medidas: <span class=\"ng-star-inserted\">10 x 32 x 6 cm.<\/span><\/li>\n<li class=\"ng-star-inserted\">Fabricada en aluminio de m\u00e1xima calidad<\/li>\n<li class=\"ng-star-inserted\">Recubrimiento antiadherente Multi-capa ecol\u00f3gico y libre de PFOA<\/li>\n<li class=\"ng-star-inserted\">Ligera, manejable y f\u00e1cil de limpiar<\/li>\n<li class=\"ng-star-inserted\">Dise\u00f1ada para uso profesional<\/li>\n<li class=\"ng-star-inserted\">\u00d3ptimo para un uso continuo<\/li>\n<\/ul>\n","protected":false},"excerpt":{"rendered":"<p>Sart\u00e9n Robust aluminio antiadherente | 32cm. | Lacor |<\/p>\n<p><span class=\"product__description__content\">Sart\u00e9n fabricada en aluminio de m\u00e1xima calidad, para uso profesional. <\/span><span class=\"product__description__content\">\u00d3ptima distribuci\u00f3n de calor conservando las propiedadeds nutritivas y con m\u00ednimo gasto de energ\u00eda.<\/span><\/p>\n<p><span class=\"product__description__content\">Recubrimiento antiadherente de alta calidad, 2 capas.\u00a0 <\/span><span class=\"product__description__content\">Libre de PFOA. Es v\u00e1lida para cocinas de gas, vitro y el\u00e9ctrica. <\/span><span class=\"product__description__content\">Ligera y manejable.<\/span><\/p>\n","protected":false},"featured_media":18536,"template":"","meta":{"spay_email":""},"yoast_head":"<!-- This site is optimized with the Yoast SEO plugin v15.9 - https:\/\/yoast.com\/wordpress\/plugins\/seo\/ -->\n<title>Sart\u00e9n Robust aluminio antiadherente 32cm. - Comercial de Hosteleria Anma<\/title>\n<meta name=\"description\" content=\"Sart\u00e9n Robust aluminio antiadherente | 32cm. | Lacor |Sart\u00e9n fabricada en aluminio de m\u00e1xima calidad, para uso profesional.\" \/>\n<meta name=\"robots\" content=\"index, follow, max-snippet:-1, max-image-preview:large, max-video-preview:-1\" \/>\n<link rel=\"canonical\" href=\"https:\/\/www.comercialanma.es\/?product=sarten-robust-aluminio-antiadherente-32cm\" \/>\n<meta property=\"og:locale\" content=\"es_ES\" \/>\n<meta property=\"og:type\" content=\"article\" \/>\n<meta property=\"og:title\" content=\"Sart\u00e9n Robust aluminio antiadherente 32cm. - Comercial de Hosteleria Anma\" \/>\n<meta property=\"og:description\" content=\"Sart\u00e9n Robust aluminio antiadherente | 32cm. | Lacor |Sart\u00e9n fabricada en aluminio de m\u00e1xima calidad, para uso profesional.\" \/>\n<meta property=\"og:url\" content=\"https:\/\/www.comercialanma.es\/?product=sarten-robust-aluminio-antiadherente-32cm\" \/>\n<meta property=\"og:site_name\" content=\"Comercial de Hosteleria Anma\" \/>\n<meta property=\"article:publisher\" content=\"https:\/\/www.facebook.com\/AnmaHosteleria\" \/>\n<meta property=\"article:modified_time\" content=\"2021-09-02T08:05:00+00:00\" \/>\n<meta property=\"og:image\" content=\"https:\/\/i1.wp.com\/www.comercialanma.es\/wp-content\/uploads\/2021\/09\/sarten-robust-36.jpg?fit=1080%2C1080&#038;ssl=1\" \/>\n\t<meta property=\"og:image:width\" content=\"1080\" \/>\n\t<meta property=\"og:image:height\" content=\"1080\" \/>\n<meta name=\"twitter:card\" content=\"summary_large_image\" \/>\n<meta name=\"twitter:label1\" content=\"Tiempo de lectura\">\n\t<meta name=\"twitter:data1\" content=\"1 minuto\">\n<script type=\"application\/ld+json\" class=\"yoast-schema-graph\">{\"@context\":\"https:\/\/schema.org\",\"@graph\":[{\"@type\":\"Organization\",\"@id\":\"https:\/\/www.comercialanma.es\/#organization\",\"name\":\"Comercial Anma\",\"url\":\"https:\/\/www.comercialanma.es\/\",\"sameAs\":[\"https:\/\/www.facebook.com\/AnmaHosteleria\",\"https:\/\/www.instagram.com\/anmahosteleria\/?hl=es\",\"https:\/\/www.youtube.com\/channel\/UCT2nmn08Ntks0hmpZPnDgCA\"],\"logo\":{\"@type\":\"ImageObject\",\"@id\":\"https:\/\/www.comercialanma.es\/#logo\",\"inLanguage\":\"es\",\"url\":\"https:\/\/i2.wp.com\/www.comercialanma.es\/wp-content\/uploads\/2019\/06\/logo-anma-color.png?fit=247%2C101&ssl=1\",\"width\":247,\"height\":101,\"caption\":\"Comercial Anma\"},\"image\":{\"@id\":\"https:\/\/www.comercialanma.es\/#logo\"}},{\"@type\":\"WebSite\",\"@id\":\"https:\/\/www.comercialanma.es\/#website\",\"url\":\"https:\/\/www.comercialanma.es\/\",\"name\":\"Comercial de Hosteleria Anma\",\"description\":\"\",\"publisher\":{\"@id\":\"https:\/\/www.comercialanma.es\/#organization\"},\"potentialAction\":[{\"@type\":\"SearchAction\",\"target\":\"https:\/\/www.comercialanma.es\/?s={search_term_string}\",\"query-input\":\"required name=search_term_string\"}],\"inLanguage\":\"es\"},{\"@type\":\"ImageObject\",\"@id\":\"https:\/\/www.comercialanma.es\/?product=sarten-robust-aluminio-antiadherente-32cm#primaryimage\",\"inLanguage\":\"es\",\"url\":\"https:\/\/i1.wp.com\/www.comercialanma.es\/wp-content\/uploads\/2021\/09\/sarten-robust-36.jpg?fit=1080%2C1080&ssl=1\",\"width\":1080,\"height\":1080},{\"@type\":\"WebPage\",\"@id\":\"https:\/\/www.comercialanma.es\/?product=sarten-robust-aluminio-antiadherente-32cm#webpage\",\"url\":\"https:\/\/www.comercialanma.es\/?product=sarten-robust-aluminio-antiadherente-32cm\",\"name\":\"Sart\\u00e9n Robust aluminio antiadherente 32cm. - Comercial de Hosteleria Anma\",\"isPartOf\":{\"@id\":\"https:\/\/www.comercialanma.es\/#website\"},\"primaryImageOfPage\":{\"@id\":\"https:\/\/www.comercialanma.es\/?product=sarten-robust-aluminio-antiadherente-32cm#primaryimage\"},\"datePublished\":\"2021-09-01T10:45:12+00:00\",\"dateModified\":\"2021-09-02T08:05:00+00:00\",\"description\":\"Sart\\u00e9n Robust aluminio antiadherente | 32cm. | Lacor |Sart\\u00e9n fabricada en aluminio de m\\u00e1xima calidad, para uso profesional.\",\"breadcrumb\":{\"@id\":\"https:\/\/www.comercialanma.es\/?product=sarten-robust-aluminio-antiadherente-32cm#breadcrumb\"},\"inLanguage\":\"es\",\"potentialAction\":[{\"@type\":\"ReadAction\",\"target\":[\"https:\/\/www.comercialanma.es\/?product=sarten-robust-aluminio-antiadherente-32cm\"]}]},{\"@type\":\"BreadcrumbList\",\"@id\":\"https:\/\/www.comercialanma.es\/?product=sarten-robust-aluminio-antiadherente-32cm#breadcrumb\",\"itemListElement\":[{\"@type\":\"ListItem\",\"position\":1,\"item\":{\"@type\":\"WebPage\",\"@id\":\"https:\/\/www.comercialanma.es\/\",\"url\":\"https:\/\/www.comercialanma.es\/\",\"name\":\"Portada\"}},{\"@type\":\"ListItem\",\"position\":2,\"item\":{\"@type\":\"WebPage\",\"@id\":\"https:\/\/www.comercialanma.es\/?page_id=3963\",\"url\":\"https:\/\/www.comercialanma.es\/?page_id=3963\",\"name\":\"Cat\\u00e1logo de Productos\"}},{\"@type\":\"ListItem\",\"position\":3,\"item\":{\"@type\":\"WebPage\",\"@id\":\"https:\/\/www.comercialanma.es\/?product=sarten-robust-aluminio-antiadherente-32cm\",\"url\":\"https:\/\/www.comercialanma.es\/?product=sarten-robust-aluminio-antiadherente-32cm\",\"name\":\"Sart\\u00e9n Robust aluminio antiadherente 32cm.\"}}]}]}<\/script>\n<!-- \/ Yoast SEO plugin. -->","_links":{"self":[{"href":"https:\/\/www.comercialanma.es\/index.php?rest_route=\/wp\/v2\/product\/18538"}],"collection":[{"href":"https:\/\/www.comercialanma.es\/index.php?rest_route=\/wp\/v2\/product"}],"about":[{"href":"https:\/\/www.comercialanma.es\/index.php?rest_route=\/wp\/v2\/types\/product"}],"version-history":[{"count":1,"href":"https:\/\/www.comercialanma.es\/index.php?rest_route=\/wp\/v2\/product\/18538\/revisions"}],"predecessor-version":[{"id":18539,"href":"https:\/\/www.comercialanma.es\/index.php?rest_route=\/wp\/v2\/product\/18538\/revisions\/18539"}],"wp:featuredmedia":[{"embeddable":true,"href":"https:\/\/www.comercialanma.es\/index.php?rest_route=\/wp\/v2\/media\/18536"}],"wp:attachment":[{"href":"https:\/\/www.comercialanma.es\/index.php?rest_route=%2Fwp%2Fv2%2Fmedia&parent=18538"}],"curies":[{"name":"wp","href":"https:\/\/api.w.org\/{rel}","templated":true}]}}