
{"id":18573,"date":"2021-09-02T10:21:07","date_gmt":"2021-09-02T08:21:07","guid":{"rendered":"https:\/\/www.comercialanma.es\/?post_type=product&#038;p=18573"},"modified":"2021-09-02T10:22:19","modified_gmt":"2021-09-02T08:22:19","slug":"sarten-de-hierro-fundido-new-classic-de-boj-28cm","status":"publish","type":"product","link":"https:\/\/www.comercialanma.es\/?product=sarten-de-hierro-fundido-new-classic-de-boj-28cm","title":{"rendered":"Sarten de hierro fundido New Classic de Boj 28cm."},"content":{"rendered":"<ul class=\"a-unordered-list a-vertical a-spacing-mini\">\n<li><span class=\"a-list-item\"> Fabricado en Hierro Fundido con fondo ferr\u00edtico, de 28cm<\/span><\/li>\n<li><span class=\"a-list-item\"> Con recubrimiento ILAG, un tipo de recubrimiento especial con patente Suiza <\/span><\/li>\n<li><span class=\"a-list-item\"> Aunque su recubrimiento ILAG lo protege de la oxidaci\u00f3n, no es recomendable el uso de lavavajillas <\/span><\/li>\n<li><span class=\"a-list-item\"> Apta para fuego el\u00e9ctrico, de gas, inducci\u00f3n, y otras fuentes de calor. <\/span><\/li>\n<li><span class=\"a-list-item\"> BOJ 1905 colabora con la FSA fundaci\u00f3n de seguridad alimentaria y prevenci\u00f3n de al\u00e9rgias <\/span><\/li>\n<\/ul>\n","protected":false},"excerpt":{"rendered":"<p>Sarten de hierro fundido New Classic | Boj Ola\u00f1eta | 28cm. |<\/p>\n<p>Apta para fuego el\u00e9ctrico, de gas, inducci\u00f3n, y otras fuentes de calor.<\/p>\n","protected":false},"featured_media":18558,"template":"","meta":{"spay_email":""},"yoast_head":"<!-- This site is optimized with the Yoast SEO plugin v15.9 - https:\/\/yoast.com\/wordpress\/plugins\/seo\/ -->\n<title>Sarten de hierro fundido New Classic de Boj 28cm. - Comercial de Hosteleria Anma<\/title>\n<meta name=\"description\" content=\"Sarten de hierro fundido New Classic | Boj Ola\u00f1eta | 28cm. | Apta para fuego el\u00e9ctrico, de gas, inducci\u00f3n, y otras fuentes de calor.\" \/>\n<meta name=\"robots\" content=\"index, follow, max-snippet:-1, max-image-preview:large, max-video-preview:-1\" \/>\n<link rel=\"canonical\" href=\"https:\/\/www.comercialanma.es\/?product=sarten-de-hierro-fundido-new-classic-de-boj-28cm\" \/>\n<meta property=\"og:locale\" content=\"es_ES\" \/>\n<meta property=\"og:type\" content=\"article\" \/>\n<meta property=\"og:title\" content=\"Sarten de hierro fundido New Classic de Boj 28cm. - Comercial de Hosteleria Anma\" \/>\n<meta property=\"og:description\" content=\"Sarten de hierro fundido New Classic | Boj Ola\u00f1eta | 28cm. | Apta para fuego el\u00e9ctrico, de gas, inducci\u00f3n, y otras fuentes de calor.\" \/>\n<meta property=\"og:url\" content=\"https:\/\/www.comercialanma.es\/?product=sarten-de-hierro-fundido-new-classic-de-boj-28cm\" \/>\n<meta property=\"og:site_name\" content=\"Comercial de Hosteleria Anma\" \/>\n<meta property=\"article:publisher\" content=\"https:\/\/www.facebook.com\/AnmaHosteleria\" \/>\n<meta property=\"article:modified_time\" content=\"2021-09-02T08:22:19+00:00\" \/>\n<meta property=\"og:image\" content=\"https:\/\/i2.wp.com\/www.comercialanma.es\/wp-content\/uploads\/2021\/09\/sarten-boj-new-clasic-20.jpg?fit=1080%2C1080&#038;ssl=1\" \/>\n\t<meta property=\"og:image:width\" content=\"1080\" \/>\n\t<meta property=\"og:image:height\" content=\"1080\" \/>\n<meta name=\"twitter:card\" content=\"summary_large_image\" \/>\n<meta name=\"twitter:label1\" content=\"Tiempo de lectura\">\n\t<meta name=\"twitter:data1\" content=\"1 minuto\">\n<script type=\"application\/ld+json\" class=\"yoast-schema-graph\">{\"@context\":\"https:\/\/schema.org\",\"@graph\":[{\"@type\":\"Organization\",\"@id\":\"https:\/\/www.comercialanma.es\/#organization\",\"name\":\"Comercial Anma\",\"url\":\"https:\/\/www.comercialanma.es\/\",\"sameAs\":[\"https:\/\/www.facebook.com\/AnmaHosteleria\",\"https:\/\/www.instagram.com\/anmahosteleria\/?hl=es\",\"https:\/\/www.youtube.com\/channel\/UCT2nmn08Ntks0hmpZPnDgCA\"],\"logo\":{\"@type\":\"ImageObject\",\"@id\":\"https:\/\/www.comercialanma.es\/#logo\",\"inLanguage\":\"es\",\"url\":\"https:\/\/i2.wp.com\/www.comercialanma.es\/wp-content\/uploads\/2019\/06\/logo-anma-color.png?fit=247%2C101&ssl=1\",\"width\":247,\"height\":101,\"caption\":\"Comercial Anma\"},\"image\":{\"@id\":\"https:\/\/www.comercialanma.es\/#logo\"}},{\"@type\":\"WebSite\",\"@id\":\"https:\/\/www.comercialanma.es\/#website\",\"url\":\"https:\/\/www.comercialanma.es\/\",\"name\":\"Comercial de Hosteleria Anma\",\"description\":\"\",\"publisher\":{\"@id\":\"https:\/\/www.comercialanma.es\/#organization\"},\"potentialAction\":[{\"@type\":\"SearchAction\",\"target\":\"https:\/\/www.comercialanma.es\/?s={search_term_string}\",\"query-input\":\"required name=search_term_string\"}],\"inLanguage\":\"es\"},{\"@type\":\"ImageObject\",\"@id\":\"https:\/\/www.comercialanma.es\/?product=sarten-de-hierro-fundido-new-classic-de-boj-28cm#primaryimage\",\"inLanguage\":\"es\",\"url\":\"https:\/\/i2.wp.com\/www.comercialanma.es\/wp-content\/uploads\/2021\/09\/sarten-boj-new-clasic-20.jpg?fit=1080%2C1080&ssl=1\",\"width\":1080,\"height\":1080},{\"@type\":\"WebPage\",\"@id\":\"https:\/\/www.comercialanma.es\/?product=sarten-de-hierro-fundido-new-classic-de-boj-28cm#webpage\",\"url\":\"https:\/\/www.comercialanma.es\/?product=sarten-de-hierro-fundido-new-classic-de-boj-28cm\",\"name\":\"Sarten de hierro fundido New Classic de Boj 28cm. - Comercial de Hosteleria Anma\",\"isPartOf\":{\"@id\":\"https:\/\/www.comercialanma.es\/#website\"},\"primaryImageOfPage\":{\"@id\":\"https:\/\/www.comercialanma.es\/?product=sarten-de-hierro-fundido-new-classic-de-boj-28cm#primaryimage\"},\"datePublished\":\"2021-09-02T08:21:07+00:00\",\"dateModified\":\"2021-09-02T08:22:19+00:00\",\"description\":\"Sarten de hierro fundido New Classic | Boj Ola\\u00f1eta | 28cm. | Apta para fuego el\\u00e9ctrico, de gas, inducci\\u00f3n, y otras fuentes de calor.\",\"breadcrumb\":{\"@id\":\"https:\/\/www.comercialanma.es\/?product=sarten-de-hierro-fundido-new-classic-de-boj-28cm#breadcrumb\"},\"inLanguage\":\"es\",\"potentialAction\":[{\"@type\":\"ReadAction\",\"target\":[\"https:\/\/www.comercialanma.es\/?product=sarten-de-hierro-fundido-new-classic-de-boj-28cm\"]}]},{\"@type\":\"BreadcrumbList\",\"@id\":\"https:\/\/www.comercialanma.es\/?product=sarten-de-hierro-fundido-new-classic-de-boj-28cm#breadcrumb\",\"itemListElement\":[{\"@type\":\"ListItem\",\"position\":1,\"item\":{\"@type\":\"WebPage\",\"@id\":\"https:\/\/www.comercialanma.es\/\",\"url\":\"https:\/\/www.comercialanma.es\/\",\"name\":\"Portada\"}},{\"@type\":\"ListItem\",\"position\":2,\"item\":{\"@type\":\"WebPage\",\"@id\":\"https:\/\/www.comercialanma.es\/?page_id=3963\",\"url\":\"https:\/\/www.comercialanma.es\/?page_id=3963\",\"name\":\"Cat\\u00e1logo de Productos\"}},{\"@type\":\"ListItem\",\"position\":3,\"item\":{\"@type\":\"WebPage\",\"@id\":\"https:\/\/www.comercialanma.es\/?product=sarten-de-hierro-fundido-new-classic-de-boj-28cm\",\"url\":\"https:\/\/www.comercialanma.es\/?product=sarten-de-hierro-fundido-new-classic-de-boj-28cm\",\"name\":\"Sarten de hierro fundido New Classic de Boj 28cm.\"}}]}]}<\/script>\n<!-- \/ Yoast SEO plugin. -->","_links":{"self":[{"href":"https:\/\/www.comercialanma.es\/index.php?rest_route=\/wp\/v2\/product\/18573"}],"collection":[{"href":"https:\/\/www.comercialanma.es\/index.php?rest_route=\/wp\/v2\/product"}],"about":[{"href":"https:\/\/www.comercialanma.es\/index.php?rest_route=\/wp\/v2\/types\/product"}],"version-history":[{"count":1,"href":"https:\/\/www.comercialanma.es\/index.php?rest_route=\/wp\/v2\/product\/18573\/revisions"}],"predecessor-version":[{"id":18574,"href":"https:\/\/www.comercialanma.es\/index.php?rest_route=\/wp\/v2\/product\/18573\/revisions\/18574"}],"wp:featuredmedia":[{"embeddable":true,"href":"https:\/\/www.comercialanma.es\/index.php?rest_route=\/wp\/v2\/media\/18558"}],"wp:attachment":[{"href":"https:\/\/www.comercialanma.es\/index.php?rest_route=%2Fwp%2Fv2%2Fmedia&parent=18573"}],"curies":[{"name":"wp","href":"https:\/\/api.w.org\/{rel}","templated":true}]}}