
{"id":18641,"date":"2021-09-02T16:37:20","date_gmt":"2021-09-02T14:37:20","guid":{"rendered":"https:\/\/www.comercialanma.es\/?post_type=product&#038;p=18641"},"modified":"2021-09-02T16:38:22","modified_gmt":"2021-09-02T14:38:22","slug":"sautex-chef-inox-classic-36","status":"publish","type":"product","link":"https:\/\/www.comercialanma.es\/?product=sautex-chef-inox-classic-36","title":{"rendered":"Sautex Chef Inox Classic 36cm."},"content":{"rendered":"<p>Marca: Lacor<\/p>\n<p>Medida: 36cm.<\/p>\n<p>Est\u00e1 \u00edntegramente fabricada en acero inoxidable 18\/10 (de mayor calidad y durabilidad que el acero inox convencional), tanto los cuerpos como las asas y los mangos.<\/p>\n<p>Es extremadamente resistente contra la corrosi\u00f3n, la oxidaci\u00f3n, los \u00e1cidos y la sal. Las piezas tienen un grosor entre 0.7 y 1.2 mm que garantizan una gran resistencia ante todo tipo de imprevistos.<\/p>\n","protected":false},"excerpt":{"rendered":"<p>Sautex Chef Inox Classic | 36cm. |<\/p>\n<p>El sautex Chef-Classic de Lacor es un producto dise\u00f1ado para profesionales, aunque muchos particulares apreciar\u00e1n tener en su cocina esta pieza.<\/p>\n","protected":false},"featured_media":18637,"template":"","meta":{"spay_email":""},"yoast_head":"<!-- This site is optimized with the Yoast SEO plugin v15.9 - https:\/\/yoast.com\/wordpress\/plugins\/seo\/ -->\n<title>Sautex Chef Inox Classic 36cm. - Comercial de Hosteleria Anma<\/title>\n<meta name=\"description\" content=\"Sautex Chef Inox Classic | 36cm. | Producto dise\u00f1ado para profesionales, aunque muchos particulares apreciar\u00e1n tener en su cocina esta pieza.\" \/>\n<meta name=\"robots\" content=\"index, follow, max-snippet:-1, max-image-preview:large, max-video-preview:-1\" \/>\n<link rel=\"canonical\" href=\"https:\/\/www.comercialanma.es\/?product=sautex-chef-inox-classic-36\" \/>\n<meta property=\"og:locale\" content=\"es_ES\" \/>\n<meta property=\"og:type\" content=\"article\" \/>\n<meta property=\"og:title\" content=\"Sautex Chef Inox Classic 36cm. - Comercial de Hosteleria Anma\" \/>\n<meta property=\"og:description\" content=\"Sautex Chef Inox Classic | 36cm. | Producto dise\u00f1ado para profesionales, aunque muchos particulares apreciar\u00e1n tener en su cocina esta pieza.\" \/>\n<meta property=\"og:url\" content=\"https:\/\/www.comercialanma.es\/?product=sautex-chef-inox-classic-36\" \/>\n<meta property=\"og:site_name\" content=\"Comercial de Hosteleria Anma\" \/>\n<meta property=\"article:publisher\" content=\"https:\/\/www.facebook.com\/AnmaHosteleria\" \/>\n<meta property=\"article:modified_time\" content=\"2021-09-02T14:38:22+00:00\" \/>\n<meta property=\"og:image\" content=\"https:\/\/i0.wp.com\/www.comercialanma.es\/wp-content\/uploads\/2021\/09\/sautex-mango-32.jpg?fit=1080%2C1080&#038;ssl=1\" \/>\n\t<meta property=\"og:image:width\" content=\"1080\" \/>\n\t<meta property=\"og:image:height\" content=\"1080\" \/>\n<meta name=\"twitter:card\" content=\"summary_large_image\" \/>\n<meta name=\"twitter:label1\" content=\"Tiempo de lectura\">\n\t<meta name=\"twitter:data1\" content=\"1 minuto\">\n<script type=\"application\/ld+json\" class=\"yoast-schema-graph\">{\"@context\":\"https:\/\/schema.org\",\"@graph\":[{\"@type\":\"Organization\",\"@id\":\"https:\/\/www.comercialanma.es\/#organization\",\"name\":\"Comercial Anma\",\"url\":\"https:\/\/www.comercialanma.es\/\",\"sameAs\":[\"https:\/\/www.facebook.com\/AnmaHosteleria\",\"https:\/\/www.instagram.com\/anmahosteleria\/?hl=es\",\"https:\/\/www.youtube.com\/channel\/UCT2nmn08Ntks0hmpZPnDgCA\"],\"logo\":{\"@type\":\"ImageObject\",\"@id\":\"https:\/\/www.comercialanma.es\/#logo\",\"inLanguage\":\"es\",\"url\":\"https:\/\/i2.wp.com\/www.comercialanma.es\/wp-content\/uploads\/2019\/06\/logo-anma-color.png?fit=247%2C101&ssl=1\",\"width\":247,\"height\":101,\"caption\":\"Comercial Anma\"},\"image\":{\"@id\":\"https:\/\/www.comercialanma.es\/#logo\"}},{\"@type\":\"WebSite\",\"@id\":\"https:\/\/www.comercialanma.es\/#website\",\"url\":\"https:\/\/www.comercialanma.es\/\",\"name\":\"Comercial de Hosteleria Anma\",\"description\":\"\",\"publisher\":{\"@id\":\"https:\/\/www.comercialanma.es\/#organization\"},\"potentialAction\":[{\"@type\":\"SearchAction\",\"target\":\"https:\/\/www.comercialanma.es\/?s={search_term_string}\",\"query-input\":\"required name=search_term_string\"}],\"inLanguage\":\"es\"},{\"@type\":\"ImageObject\",\"@id\":\"https:\/\/www.comercialanma.es\/?product=sautex-chef-inox-classic-36#primaryimage\",\"inLanguage\":\"es\",\"url\":\"https:\/\/i0.wp.com\/www.comercialanma.es\/wp-content\/uploads\/2021\/09\/sautex-mango-32.jpg?fit=1080%2C1080&ssl=1\",\"width\":1080,\"height\":1080},{\"@type\":\"WebPage\",\"@id\":\"https:\/\/www.comercialanma.es\/?product=sautex-chef-inox-classic-36#webpage\",\"url\":\"https:\/\/www.comercialanma.es\/?product=sautex-chef-inox-classic-36\",\"name\":\"Sautex Chef Inox Classic 36cm. - Comercial de Hosteleria Anma\",\"isPartOf\":{\"@id\":\"https:\/\/www.comercialanma.es\/#website\"},\"primaryImageOfPage\":{\"@id\":\"https:\/\/www.comercialanma.es\/?product=sautex-chef-inox-classic-36#primaryimage\"},\"datePublished\":\"2021-09-02T14:37:20+00:00\",\"dateModified\":\"2021-09-02T14:38:22+00:00\",\"description\":\"Sautex Chef Inox Classic | 36cm. | Producto dise\\u00f1ado para profesionales, aunque muchos particulares apreciar\\u00e1n tener en su cocina esta pieza.\",\"breadcrumb\":{\"@id\":\"https:\/\/www.comercialanma.es\/?product=sautex-chef-inox-classic-36#breadcrumb\"},\"inLanguage\":\"es\",\"potentialAction\":[{\"@type\":\"ReadAction\",\"target\":[\"https:\/\/www.comercialanma.es\/?product=sautex-chef-inox-classic-36\"]}]},{\"@type\":\"BreadcrumbList\",\"@id\":\"https:\/\/www.comercialanma.es\/?product=sautex-chef-inox-classic-36#breadcrumb\",\"itemListElement\":[{\"@type\":\"ListItem\",\"position\":1,\"item\":{\"@type\":\"WebPage\",\"@id\":\"https:\/\/www.comercialanma.es\/\",\"url\":\"https:\/\/www.comercialanma.es\/\",\"name\":\"Portada\"}},{\"@type\":\"ListItem\",\"position\":2,\"item\":{\"@type\":\"WebPage\",\"@id\":\"https:\/\/www.comercialanma.es\/?page_id=3963\",\"url\":\"https:\/\/www.comercialanma.es\/?page_id=3963\",\"name\":\"Cat\\u00e1logo de Productos\"}},{\"@type\":\"ListItem\",\"position\":3,\"item\":{\"@type\":\"WebPage\",\"@id\":\"https:\/\/www.comercialanma.es\/?product=sautex-chef-inox-classic-36\",\"url\":\"https:\/\/www.comercialanma.es\/?product=sautex-chef-inox-classic-36\",\"name\":\"Sautex Chef Inox Classic 36cm.\"}}]}]}<\/script>\n<!-- \/ Yoast SEO plugin. -->","_links":{"self":[{"href":"https:\/\/www.comercialanma.es\/index.php?rest_route=\/wp\/v2\/product\/18641"}],"collection":[{"href":"https:\/\/www.comercialanma.es\/index.php?rest_route=\/wp\/v2\/product"}],"about":[{"href":"https:\/\/www.comercialanma.es\/index.php?rest_route=\/wp\/v2\/types\/product"}],"version-history":[{"count":1,"href":"https:\/\/www.comercialanma.es\/index.php?rest_route=\/wp\/v2\/product\/18641\/revisions"}],"predecessor-version":[{"id":18642,"href":"https:\/\/www.comercialanma.es\/index.php?rest_route=\/wp\/v2\/product\/18641\/revisions\/18642"}],"wp:featuredmedia":[{"embeddable":true,"href":"https:\/\/www.comercialanma.es\/index.php?rest_route=\/wp\/v2\/media\/18637"}],"wp:attachment":[{"href":"https:\/\/www.comercialanma.es\/index.php?rest_route=%2Fwp%2Fv2%2Fmedia&parent=18641"}],"curies":[{"name":"wp","href":"https:\/\/api.w.org\/{rel}","templated":true}]}}