
{"id":18722,"date":"2021-09-06T12:33:33","date_gmt":"2021-09-06T10:33:33","guid":{"rendered":"https:\/\/www.comercialanma.es\/?post_type=product&#038;p=18722"},"modified":"2021-09-06T12:44:28","modified_gmt":"2021-09-06T10:44:28","slug":"crema-sabor-fresa-con-tequila-capitan-freson-70cl","status":"publish","type":"product","link":"https:\/\/www.comercialanma.es\/?product=crema-sabor-fresa-con-tequila-capitan-freson-70cl","title":{"rendered":"Crema sabor fresa con tequila Capit\u00e1n Fres\u00f3n 70cl."},"content":{"rendered":"<p>El l\u00edder de los\u00a0Cream H\u00e9roes\u00a0y el primer luchador en su lucha por la igualdad y contra la violencia de g\u00e9nero.<br \/>\nUna mezcla suave y sedosa de una deliciosa crema de fresa con el excitante sabor del tequila.<\/p>\n<h3>Graduaci\u00f3n:<\/h3>\n<ul>\n<li>17% vol.<\/li>\n<\/ul>\n","protected":false},"excerpt":{"rendered":"<p>Os presentamos Capit\u00e1n Fres\u00f3n,una crema con sabor a fresa con un poco de tequila procedente de M\u00e9jico.La botella,con un dise\u00f1o divertido y atrevido,est\u00e1 llena de ilustraciones que hacen referencia a M\u00e9jico.<\/p>\n<p>El l\u00edder de los\u00a0Cream H\u00e9roes\u00a0y el primer luchador en su lucha por la igualdad y contra la violencia de g\u00e9nero.<br \/>\nUna mezcla suave y sedosa de una deliciosa crema de fresa con el excitante sabor del tequila.<\/p>\n<p>&nbsp;<\/p>\n<p>&nbsp;<\/p>\n","protected":false},"featured_media":18723,"template":"","meta":{"spay_email":""},"yoast_head":"<!-- This site is optimized with the Yoast SEO plugin v15.9 - https:\/\/yoast.com\/wordpress\/plugins\/seo\/ -->\n<title>Crema sabor fresa con tequila Capit\u00e1n Fres\u00f3n 70cl. - Comercial de Hosteleria Anma<\/title>\n<meta name=\"description\" content=\"Crema sabor fresa con tequila Capit\u00e1n Fres\u00f3n| 70cl.| 17\u00ba vol. | crema con sabor a fresa con un poco de tequila procedente de M\u00e9jico.\" \/>\n<meta name=\"robots\" content=\"index, follow, max-snippet:-1, max-image-preview:large, max-video-preview:-1\" \/>\n<link rel=\"canonical\" href=\"https:\/\/www.comercialanma.es\/?product=crema-sabor-fresa-con-tequila-capitan-freson-70cl\" \/>\n<meta property=\"og:locale\" content=\"es_ES\" \/>\n<meta property=\"og:type\" content=\"article\" \/>\n<meta property=\"og:title\" content=\"Crema sabor fresa con tequila Capit\u00e1n Fres\u00f3n 70cl. - Comercial de Hosteleria Anma\" \/>\n<meta property=\"og:description\" content=\"Crema sabor fresa con tequila Capit\u00e1n Fres\u00f3n| 70cl.| 17\u00ba vol. | crema con sabor a fresa con un poco de tequila procedente de M\u00e9jico.\" \/>\n<meta property=\"og:url\" content=\"https:\/\/www.comercialanma.es\/?product=crema-sabor-fresa-con-tequila-capitan-freson-70cl\" \/>\n<meta property=\"og:site_name\" content=\"Comercial de Hosteleria Anma\" \/>\n<meta property=\"article:publisher\" content=\"https:\/\/www.facebook.com\/AnmaHosteleria\" \/>\n<meta property=\"article:modified_time\" content=\"2021-09-06T10:44:28+00:00\" \/>\n<meta property=\"og:image\" content=\"https:\/\/i1.wp.com\/www.comercialanma.es\/wp-content\/uploads\/2021\/09\/Crema-de-tequila-con-fresa-capitan-freson.jpg?fit=1080%2C1080&#038;ssl=1\" \/>\n\t<meta property=\"og:image:width\" content=\"1080\" \/>\n\t<meta property=\"og:image:height\" content=\"1080\" \/>\n<meta name=\"twitter:card\" content=\"summary_large_image\" \/>\n<meta name=\"twitter:label1\" content=\"Tiempo de lectura\">\n\t<meta name=\"twitter:data1\" content=\"1 minuto\">\n<script type=\"application\/ld+json\" class=\"yoast-schema-graph\">{\"@context\":\"https:\/\/schema.org\",\"@graph\":[{\"@type\":\"Organization\",\"@id\":\"https:\/\/www.comercialanma.es\/#organization\",\"name\":\"Comercial Anma\",\"url\":\"https:\/\/www.comercialanma.es\/\",\"sameAs\":[\"https:\/\/www.facebook.com\/AnmaHosteleria\",\"https:\/\/www.instagram.com\/anmahosteleria\/?hl=es\",\"https:\/\/www.youtube.com\/channel\/UCT2nmn08Ntks0hmpZPnDgCA\"],\"logo\":{\"@type\":\"ImageObject\",\"@id\":\"https:\/\/www.comercialanma.es\/#logo\",\"inLanguage\":\"es\",\"url\":\"https:\/\/i2.wp.com\/www.comercialanma.es\/wp-content\/uploads\/2019\/06\/logo-anma-color.png?fit=247%2C101&ssl=1\",\"width\":247,\"height\":101,\"caption\":\"Comercial Anma\"},\"image\":{\"@id\":\"https:\/\/www.comercialanma.es\/#logo\"}},{\"@type\":\"WebSite\",\"@id\":\"https:\/\/www.comercialanma.es\/#website\",\"url\":\"https:\/\/www.comercialanma.es\/\",\"name\":\"Comercial de Hosteleria Anma\",\"description\":\"\",\"publisher\":{\"@id\":\"https:\/\/www.comercialanma.es\/#organization\"},\"potentialAction\":[{\"@type\":\"SearchAction\",\"target\":\"https:\/\/www.comercialanma.es\/?s={search_term_string}\",\"query-input\":\"required name=search_term_string\"}],\"inLanguage\":\"es\"},{\"@type\":\"ImageObject\",\"@id\":\"https:\/\/www.comercialanma.es\/?product=crema-sabor-fresa-con-tequila-capitan-freson-70cl#primaryimage\",\"inLanguage\":\"es\",\"url\":\"https:\/\/i1.wp.com\/www.comercialanma.es\/wp-content\/uploads\/2021\/09\/Crema-de-tequila-con-fresa-capitan-freson.jpg?fit=1080%2C1080&ssl=1\",\"width\":1080,\"height\":1080},{\"@type\":\"WebPage\",\"@id\":\"https:\/\/www.comercialanma.es\/?product=crema-sabor-fresa-con-tequila-capitan-freson-70cl#webpage\",\"url\":\"https:\/\/www.comercialanma.es\/?product=crema-sabor-fresa-con-tequila-capitan-freson-70cl\",\"name\":\"Crema sabor fresa con tequila Capit\\u00e1n Fres\\u00f3n 70cl. - Comercial de Hosteleria Anma\",\"isPartOf\":{\"@id\":\"https:\/\/www.comercialanma.es\/#website\"},\"primaryImageOfPage\":{\"@id\":\"https:\/\/www.comercialanma.es\/?product=crema-sabor-fresa-con-tequila-capitan-freson-70cl#primaryimage\"},\"datePublished\":\"2021-09-06T10:33:33+00:00\",\"dateModified\":\"2021-09-06T10:44:28+00:00\",\"description\":\"Crema sabor fresa con tequila Capit\\u00e1n Fres\\u00f3n| 70cl.| 17\\u00ba vol. | crema con sabor a fresa con un poco de tequila procedente de M\\u00e9jico.\",\"breadcrumb\":{\"@id\":\"https:\/\/www.comercialanma.es\/?product=crema-sabor-fresa-con-tequila-capitan-freson-70cl#breadcrumb\"},\"inLanguage\":\"es\",\"potentialAction\":[{\"@type\":\"ReadAction\",\"target\":[\"https:\/\/www.comercialanma.es\/?product=crema-sabor-fresa-con-tequila-capitan-freson-70cl\"]}]},{\"@type\":\"BreadcrumbList\",\"@id\":\"https:\/\/www.comercialanma.es\/?product=crema-sabor-fresa-con-tequila-capitan-freson-70cl#breadcrumb\",\"itemListElement\":[{\"@type\":\"ListItem\",\"position\":1,\"item\":{\"@type\":\"WebPage\",\"@id\":\"https:\/\/www.comercialanma.es\/\",\"url\":\"https:\/\/www.comercialanma.es\/\",\"name\":\"Portada\"}},{\"@type\":\"ListItem\",\"position\":2,\"item\":{\"@type\":\"WebPage\",\"@id\":\"https:\/\/www.comercialanma.es\/?page_id=3963\",\"url\":\"https:\/\/www.comercialanma.es\/?page_id=3963\",\"name\":\"Cat\\u00e1logo de Productos\"}},{\"@type\":\"ListItem\",\"position\":3,\"item\":{\"@type\":\"WebPage\",\"@id\":\"https:\/\/www.comercialanma.es\/?product=crema-sabor-fresa-con-tequila-capitan-freson-70cl\",\"url\":\"https:\/\/www.comercialanma.es\/?product=crema-sabor-fresa-con-tequila-capitan-freson-70cl\",\"name\":\"Crema sabor fresa con tequila Capit\\u00e1n Fres\\u00f3n 70cl.\"}}]}]}<\/script>\n<!-- \/ Yoast SEO plugin. -->","_links":{"self":[{"href":"https:\/\/www.comercialanma.es\/index.php?rest_route=\/wp\/v2\/product\/18722"}],"collection":[{"href":"https:\/\/www.comercialanma.es\/index.php?rest_route=\/wp\/v2\/product"}],"about":[{"href":"https:\/\/www.comercialanma.es\/index.php?rest_route=\/wp\/v2\/types\/product"}],"version-history":[{"count":1,"href":"https:\/\/www.comercialanma.es\/index.php?rest_route=\/wp\/v2\/product\/18722\/revisions"}],"predecessor-version":[{"id":18724,"href":"https:\/\/www.comercialanma.es\/index.php?rest_route=\/wp\/v2\/product\/18722\/revisions\/18724"}],"wp:featuredmedia":[{"embeddable":true,"href":"https:\/\/www.comercialanma.es\/index.php?rest_route=\/wp\/v2\/media\/18723"}],"wp:attachment":[{"href":"https:\/\/www.comercialanma.es\/index.php?rest_route=%2Fwp%2Fv2%2Fmedia&parent=18722"}],"curies":[{"name":"wp","href":"https:\/\/api.w.org\/{rel}","templated":true}]}}