
{"id":18730,"date":"2021-09-06T15:40:31","date_gmt":"2021-09-06T13:40:31","guid":{"rendered":"https:\/\/www.comercialanma.es\/?post_type=product&#038;p=18730"},"modified":"2021-09-06T16:02:18","modified_gmt":"2021-09-06T14:02:18","slug":"cazo-recto-lacor-20","status":"publish","type":"product","link":"https:\/\/www.comercialanma.es\/?product=cazo-recto-lacor-20","title":{"rendered":"Cazo recto bajo chef classic inox 20cm."},"content":{"rendered":"<ul class=\"a-unordered-list a-vertical a-spacing-mini\">\n<li>Lacor<\/li>\n<li><span class=\"a-list-item\"> Altura: 9 cm <\/span><\/li>\n<li><span class=\"a-list-item\"> Apto para todas las placas incluida la inducci\u00f3n <\/span><\/li>\n<li><span class=\"a-list-item\"> Capacidad: 2,8 L <\/span><\/li>\n<li><span class=\"a-list-item\"> Di\u00e1metro: 20 cm <\/span><\/li>\n<li><span class=\"a-list-item\"> Inoxidable 18\/10<\/span><\/li>\n<\/ul>\n","protected":false},"excerpt":{"rendered":"<div id=\"product.info.description\" class=\"data item content\" role=\"tabpanel\" data-role=\"content\" aria-labelledby=\"tab-label-product.info.description\" aria-hidden=\"false\">\n<p>Los cazos de hosteler\u00eda Chef-Classic de LACOR son la mejor soluci\u00f3n para todo tipo de cocinas (vitrocer\u00e1mica, el\u00e9ctrica, gas o inducci\u00f3n)<\/p>\n<p>Su cuerpo de acero inoxidable 18\/10 ofrece una excelente resistencia a la corrosi\u00f3n y a los \u00e1cidos alimentarios y sales.<\/p>\n<p>Cuenta con un fondo termodifusor s\u00e1ndwich (inoxidable-aluminio-inoxidable)<\/p>\n<p>Medidas: \u00d8 20cm. Altura: 9cm. Litros:2,8<\/p>\n<\/div>\n","protected":false},"featured_media":18731,"template":"","meta":{"spay_email":""},"yoast_head":"<!-- This site is optimized with the Yoast SEO plugin v15.9 - https:\/\/yoast.com\/wordpress\/plugins\/seo\/ -->\n<title>Cazo recto bajo chef classic inox 20cm. - Comercial de Hosteleria Anma<\/title>\n<meta name=\"description\" content=\"Cazo recto bajo chef classic inox | Lacor| 18cm. | Los cazos de hosteler\u00eda Chef-Classic de LACOR, la mejor soluci\u00f3n para todo tipo de cocinas.\" \/>\n<meta name=\"robots\" content=\"index, follow, max-snippet:-1, max-image-preview:large, max-video-preview:-1\" \/>\n<link rel=\"canonical\" href=\"https:\/\/www.comercialanma.es\/?product=cazo-recto-lacor-20\" \/>\n<meta property=\"og:locale\" content=\"es_ES\" \/>\n<meta property=\"og:type\" content=\"article\" \/>\n<meta property=\"og:title\" content=\"Cazo recto bajo chef classic inox 20cm. - Comercial de Hosteleria Anma\" \/>\n<meta property=\"og:description\" content=\"Cazo recto bajo chef classic inox | Lacor| 18cm. | Los cazos de hosteler\u00eda Chef-Classic de LACOR, la mejor soluci\u00f3n para todo tipo de cocinas.\" \/>\n<meta property=\"og:url\" content=\"https:\/\/www.comercialanma.es\/?product=cazo-recto-lacor-20\" \/>\n<meta property=\"og:site_name\" content=\"Comercial de Hosteleria Anma\" \/>\n<meta property=\"article:publisher\" content=\"https:\/\/www.facebook.com\/AnmaHosteleria\" \/>\n<meta property=\"article:modified_time\" content=\"2021-09-06T14:02:18+00:00\" \/>\n<meta property=\"og:image\" content=\"https:\/\/i0.wp.com\/www.comercialanma.es\/wp-content\/uploads\/2021\/09\/cazo-bajo-lacor-18.jpg?fit=600%2C600&#038;ssl=1\" \/>\n\t<meta property=\"og:image:width\" content=\"600\" \/>\n\t<meta property=\"og:image:height\" content=\"600\" \/>\n<meta name=\"twitter:card\" content=\"summary_large_image\" \/>\n<meta name=\"twitter:label1\" content=\"Tiempo de lectura\">\n\t<meta name=\"twitter:data1\" content=\"1 minuto\">\n<script type=\"application\/ld+json\" class=\"yoast-schema-graph\">{\"@context\":\"https:\/\/schema.org\",\"@graph\":[{\"@type\":\"Organization\",\"@id\":\"https:\/\/www.comercialanma.es\/#organization\",\"name\":\"Comercial Anma\",\"url\":\"https:\/\/www.comercialanma.es\/\",\"sameAs\":[\"https:\/\/www.facebook.com\/AnmaHosteleria\",\"https:\/\/www.instagram.com\/anmahosteleria\/?hl=es\",\"https:\/\/www.youtube.com\/channel\/UCT2nmn08Ntks0hmpZPnDgCA\"],\"logo\":{\"@type\":\"ImageObject\",\"@id\":\"https:\/\/www.comercialanma.es\/#logo\",\"inLanguage\":\"es\",\"url\":\"https:\/\/i2.wp.com\/www.comercialanma.es\/wp-content\/uploads\/2019\/06\/logo-anma-color.png?fit=247%2C101&ssl=1\",\"width\":247,\"height\":101,\"caption\":\"Comercial Anma\"},\"image\":{\"@id\":\"https:\/\/www.comercialanma.es\/#logo\"}},{\"@type\":\"WebSite\",\"@id\":\"https:\/\/www.comercialanma.es\/#website\",\"url\":\"https:\/\/www.comercialanma.es\/\",\"name\":\"Comercial de Hosteleria Anma\",\"description\":\"\",\"publisher\":{\"@id\":\"https:\/\/www.comercialanma.es\/#organization\"},\"potentialAction\":[{\"@type\":\"SearchAction\",\"target\":\"https:\/\/www.comercialanma.es\/?s={search_term_string}\",\"query-input\":\"required name=search_term_string\"}],\"inLanguage\":\"es\"},{\"@type\":\"ImageObject\",\"@id\":\"https:\/\/www.comercialanma.es\/?product=cazo-recto-lacor-20#primaryimage\",\"inLanguage\":\"es\",\"url\":\"https:\/\/i0.wp.com\/www.comercialanma.es\/wp-content\/uploads\/2021\/09\/cazo-bajo-lacor-18.jpg?fit=600%2C600&ssl=1\",\"width\":600,\"height\":600},{\"@type\":\"WebPage\",\"@id\":\"https:\/\/www.comercialanma.es\/?product=cazo-recto-lacor-20#webpage\",\"url\":\"https:\/\/www.comercialanma.es\/?product=cazo-recto-lacor-20\",\"name\":\"Cazo recto bajo chef classic inox 20cm. - Comercial de Hosteleria Anma\",\"isPartOf\":{\"@id\":\"https:\/\/www.comercialanma.es\/#website\"},\"primaryImageOfPage\":{\"@id\":\"https:\/\/www.comercialanma.es\/?product=cazo-recto-lacor-20#primaryimage\"},\"datePublished\":\"2021-09-06T13:40:31+00:00\",\"dateModified\":\"2021-09-06T14:02:18+00:00\",\"description\":\"Cazo recto bajo chef classic inox | Lacor| 18cm. | Los cazos de hosteler\\u00eda Chef-Classic de LACOR, la mejor soluci\\u00f3n para todo tipo de cocinas.\",\"breadcrumb\":{\"@id\":\"https:\/\/www.comercialanma.es\/?product=cazo-recto-lacor-20#breadcrumb\"},\"inLanguage\":\"es\",\"potentialAction\":[{\"@type\":\"ReadAction\",\"target\":[\"https:\/\/www.comercialanma.es\/?product=cazo-recto-lacor-20\"]}]},{\"@type\":\"BreadcrumbList\",\"@id\":\"https:\/\/www.comercialanma.es\/?product=cazo-recto-lacor-20#breadcrumb\",\"itemListElement\":[{\"@type\":\"ListItem\",\"position\":1,\"item\":{\"@type\":\"WebPage\",\"@id\":\"https:\/\/www.comercialanma.es\/\",\"url\":\"https:\/\/www.comercialanma.es\/\",\"name\":\"Portada\"}},{\"@type\":\"ListItem\",\"position\":2,\"item\":{\"@type\":\"WebPage\",\"@id\":\"https:\/\/www.comercialanma.es\/?page_id=3963\",\"url\":\"https:\/\/www.comercialanma.es\/?page_id=3963\",\"name\":\"Cat\\u00e1logo de Productos\"}},{\"@type\":\"ListItem\",\"position\":3,\"item\":{\"@type\":\"WebPage\",\"@id\":\"https:\/\/www.comercialanma.es\/?product=cazo-recto-lacor-20\",\"url\":\"https:\/\/www.comercialanma.es\/?product=cazo-recto-lacor-20\",\"name\":\"Cazo recto bajo chef classic inox 20cm.\"}}]}]}<\/script>\n<!-- \/ Yoast SEO plugin. -->","_links":{"self":[{"href":"https:\/\/www.comercialanma.es\/index.php?rest_route=\/wp\/v2\/product\/18730"}],"collection":[{"href":"https:\/\/www.comercialanma.es\/index.php?rest_route=\/wp\/v2\/product"}],"about":[{"href":"https:\/\/www.comercialanma.es\/index.php?rest_route=\/wp\/v2\/types\/product"}],"version-history":[{"count":3,"href":"https:\/\/www.comercialanma.es\/index.php?rest_route=\/wp\/v2\/product\/18730\/revisions"}],"predecessor-version":[{"id":18734,"href":"https:\/\/www.comercialanma.es\/index.php?rest_route=\/wp\/v2\/product\/18730\/revisions\/18734"}],"wp:featuredmedia":[{"embeddable":true,"href":"https:\/\/www.comercialanma.es\/index.php?rest_route=\/wp\/v2\/media\/18731"}],"wp:attachment":[{"href":"https:\/\/www.comercialanma.es\/index.php?rest_route=%2Fwp%2Fv2%2Fmedia&parent=18730"}],"curies":[{"name":"wp","href":"https:\/\/api.w.org\/{rel}","templated":true}]}}