
{"id":18739,"date":"2021-09-06T17:02:54","date_gmt":"2021-09-06T15:02:54","guid":{"rendered":"https:\/\/www.comercialanma.es\/?post_type=product&#038;p=18739"},"modified":"2021-09-06T17:16:39","modified_gmt":"2021-09-06T15:16:39","slug":"acantus-rosado","status":"publish","type":"product","link":"https:\/\/www.comercialanma.es\/?product=acantus-rosado","title":{"rendered":"Acantus Rosado 75cl."},"content":{"rendered":"<h3>D.O.:<\/h3>\n<ul>\n<li>Tierra de Castilla y Le\u00f3n<\/li>\n<\/ul>\n<h3>Variedades de uva:<\/h3>\n<ul>\n<li>Merlot, Syrah.<\/li>\n<\/ul>\n<h3>Graduaci\u00f3n:<\/h3>\n<ul>\n<li>Graduaci\u00f3n: 14,0% vol.<\/li>\n<\/ul>\n<h3>Nota de Cata:<\/h3>\n<ul>\n<li><span dir=\"ltr\" role=\"presentation\">Presenta un vivo color guinda con reflejos <\/span><span dir=\"ltr\" role=\"presentation\">fresa. <\/span><\/li>\n<li><span dir=\"ltr\" role=\"presentation\">En la nariz aparecen aromas de rosas y <\/span><span dir=\"ltr\" role=\"presentation\">frutales de gran intensidad. <\/span><\/li>\n<li><span dir=\"ltr\" role=\"presentation\">En<\/span> <span dir=\"ltr\" role=\"presentation\">boca es fresco <\/span><span dir=\"ltr\" role=\"presentation\">y sabroso, rico en matices y bien conjuntado.<\/span><\/li>\n<\/ul>\n","protected":false},"excerpt":{"rendered":"<p>Acantus es un vino tinto elaborado por Bodegas Olarra en Yepes (Toledo).<\/p>\n<p>La elaboraci\u00f3n de las distintas variedades que componen este vino se llev\u00f3 a cabo por separado con el fin de obtener la m\u00e1xima tipicidad varietal. Acantus tinto permaneci\u00f3 en barrica de roble para conseguir mayor complejidad.<\/p>\n","protected":false},"featured_media":18740,"template":"","meta":{"spay_email":""},"yoast_head":"<!-- This site is optimized with the Yoast SEO plugin v15.9 - https:\/\/yoast.com\/wordpress\/plugins\/seo\/ -->\n<title>Acantus Rosado 75cl. - Comercial de Hosteleria Anma<\/title>\n<meta name=\"description\" content=\"Acantus rosado | 75cl.| D.O Castilla y Le\u00f3n | Acantus es un vino tinto elaborado por Bodegas Olarra en Yepes (Toledo).\" \/>\n<meta name=\"robots\" content=\"index, follow, max-snippet:-1, max-image-preview:large, max-video-preview:-1\" \/>\n<link rel=\"canonical\" href=\"https:\/\/www.comercialanma.es\/?product=acantus-rosado\" \/>\n<meta property=\"og:locale\" content=\"es_ES\" \/>\n<meta property=\"og:type\" content=\"article\" \/>\n<meta property=\"og:title\" content=\"Acantus Rosado 75cl. - Comercial de Hosteleria Anma\" \/>\n<meta property=\"og:description\" content=\"Acantus rosado | 75cl.| D.O Castilla y Le\u00f3n | Acantus es un vino tinto elaborado por Bodegas Olarra en Yepes (Toledo).\" \/>\n<meta property=\"og:url\" content=\"https:\/\/www.comercialanma.es\/?product=acantus-rosado\" \/>\n<meta property=\"og:site_name\" content=\"Comercial de Hosteleria Anma\" \/>\n<meta property=\"article:publisher\" content=\"https:\/\/www.facebook.com\/AnmaHosteleria\" \/>\n<meta property=\"article:modified_time\" content=\"2021-09-06T15:16:39+00:00\" \/>\n<meta property=\"og:image\" content=\"https:\/\/i1.wp.com\/www.comercialanma.es\/wp-content\/uploads\/2021\/09\/ACANTUS-ROSADO.jpg?fit=1080%2C1080&#038;ssl=1\" \/>\n\t<meta property=\"og:image:width\" content=\"1080\" \/>\n\t<meta property=\"og:image:height\" content=\"1080\" \/>\n<meta name=\"twitter:card\" content=\"summary_large_image\" \/>\n<meta name=\"twitter:label1\" content=\"Tiempo de lectura\">\n\t<meta name=\"twitter:data1\" content=\"1 minuto\">\n<script type=\"application\/ld+json\" class=\"yoast-schema-graph\">{\"@context\":\"https:\/\/schema.org\",\"@graph\":[{\"@type\":\"Organization\",\"@id\":\"https:\/\/www.comercialanma.es\/#organization\",\"name\":\"Comercial Anma\",\"url\":\"https:\/\/www.comercialanma.es\/\",\"sameAs\":[\"https:\/\/www.facebook.com\/AnmaHosteleria\",\"https:\/\/www.instagram.com\/anmahosteleria\/?hl=es\",\"https:\/\/www.youtube.com\/channel\/UCT2nmn08Ntks0hmpZPnDgCA\"],\"logo\":{\"@type\":\"ImageObject\",\"@id\":\"https:\/\/www.comercialanma.es\/#logo\",\"inLanguage\":\"es\",\"url\":\"https:\/\/i2.wp.com\/www.comercialanma.es\/wp-content\/uploads\/2019\/06\/logo-anma-color.png?fit=247%2C101&ssl=1\",\"width\":247,\"height\":101,\"caption\":\"Comercial Anma\"},\"image\":{\"@id\":\"https:\/\/www.comercialanma.es\/#logo\"}},{\"@type\":\"WebSite\",\"@id\":\"https:\/\/www.comercialanma.es\/#website\",\"url\":\"https:\/\/www.comercialanma.es\/\",\"name\":\"Comercial de Hosteleria Anma\",\"description\":\"\",\"publisher\":{\"@id\":\"https:\/\/www.comercialanma.es\/#organization\"},\"potentialAction\":[{\"@type\":\"SearchAction\",\"target\":\"https:\/\/www.comercialanma.es\/?s={search_term_string}\",\"query-input\":\"required name=search_term_string\"}],\"inLanguage\":\"es\"},{\"@type\":\"ImageObject\",\"@id\":\"https:\/\/www.comercialanma.es\/?product=acantus-rosado#primaryimage\",\"inLanguage\":\"es\",\"url\":\"https:\/\/i1.wp.com\/www.comercialanma.es\/wp-content\/uploads\/2021\/09\/ACANTUS-ROSADO.jpg?fit=1080%2C1080&ssl=1\",\"width\":1080,\"height\":1080},{\"@type\":\"WebPage\",\"@id\":\"https:\/\/www.comercialanma.es\/?product=acantus-rosado#webpage\",\"url\":\"https:\/\/www.comercialanma.es\/?product=acantus-rosado\",\"name\":\"Acantus Rosado 75cl. - Comercial de Hosteleria Anma\",\"isPartOf\":{\"@id\":\"https:\/\/www.comercialanma.es\/#website\"},\"primaryImageOfPage\":{\"@id\":\"https:\/\/www.comercialanma.es\/?product=acantus-rosado#primaryimage\"},\"datePublished\":\"2021-09-06T15:02:54+00:00\",\"dateModified\":\"2021-09-06T15:16:39+00:00\",\"description\":\"Acantus rosado | 75cl.| D.O Castilla y Le\\u00f3n | Acantus es un vino tinto elaborado por Bodegas Olarra en Yepes (Toledo).\",\"breadcrumb\":{\"@id\":\"https:\/\/www.comercialanma.es\/?product=acantus-rosado#breadcrumb\"},\"inLanguage\":\"es\",\"potentialAction\":[{\"@type\":\"ReadAction\",\"target\":[\"https:\/\/www.comercialanma.es\/?product=acantus-rosado\"]}]},{\"@type\":\"BreadcrumbList\",\"@id\":\"https:\/\/www.comercialanma.es\/?product=acantus-rosado#breadcrumb\",\"itemListElement\":[{\"@type\":\"ListItem\",\"position\":1,\"item\":{\"@type\":\"WebPage\",\"@id\":\"https:\/\/www.comercialanma.es\/\",\"url\":\"https:\/\/www.comercialanma.es\/\",\"name\":\"Portada\"}},{\"@type\":\"ListItem\",\"position\":2,\"item\":{\"@type\":\"WebPage\",\"@id\":\"https:\/\/www.comercialanma.es\/?page_id=3963\",\"url\":\"https:\/\/www.comercialanma.es\/?page_id=3963\",\"name\":\"Cat\\u00e1logo de Productos\"}},{\"@type\":\"ListItem\",\"position\":3,\"item\":{\"@type\":\"WebPage\",\"@id\":\"https:\/\/www.comercialanma.es\/?product=acantus-rosado\",\"url\":\"https:\/\/www.comercialanma.es\/?product=acantus-rosado\",\"name\":\"Acantus Rosado 75cl.\"}}]}]}<\/script>\n<!-- \/ Yoast SEO plugin. -->","_links":{"self":[{"href":"https:\/\/www.comercialanma.es\/index.php?rest_route=\/wp\/v2\/product\/18739"}],"collection":[{"href":"https:\/\/www.comercialanma.es\/index.php?rest_route=\/wp\/v2\/product"}],"about":[{"href":"https:\/\/www.comercialanma.es\/index.php?rest_route=\/wp\/v2\/types\/product"}],"version-history":[{"count":1,"href":"https:\/\/www.comercialanma.es\/index.php?rest_route=\/wp\/v2\/product\/18739\/revisions"}],"predecessor-version":[{"id":18741,"href":"https:\/\/www.comercialanma.es\/index.php?rest_route=\/wp\/v2\/product\/18739\/revisions\/18741"}],"wp:featuredmedia":[{"embeddable":true,"href":"https:\/\/www.comercialanma.es\/index.php?rest_route=\/wp\/v2\/media\/18740"}],"wp:attachment":[{"href":"https:\/\/www.comercialanma.es\/index.php?rest_route=%2Fwp%2Fv2%2Fmedia&parent=18739"}],"curies":[{"name":"wp","href":"https:\/\/api.w.org\/{rel}","templated":true}]}}