
{"id":18752,"date":"2021-09-07T09:22:35","date_gmt":"2021-09-07T07:22:35","guid":{"rendered":"https:\/\/www.comercialanma.es\/?post_type=product&#038;p=18752"},"modified":"2021-09-07T09:25:47","modified_gmt":"2021-09-07T07:25:47","slug":"cazo-conico-chef-classic-inox-20cm","status":"publish","type":"product","link":"https:\/\/www.comercialanma.es\/?product=cazo-conico-chef-classic-inox-20cm","title":{"rendered":"Cazo C\u00f3nico Chef Classic Inox. 20cm."},"content":{"rendered":"<ul class=\"a-unordered-list a-vertical a-spacing-mini\">\n<li><span class=\"a-list-item\"> Fabricada en acero inoxidable 18\/10; el acabado interior y exterior es mate <\/span><\/li>\n<li><span class=\"a-list-item\"> Est\u00e1 pensada para ofrecer una alt\u00edsima calidad a los profesionales de la cocina <\/span><\/li>\n<li><span class=\"a-list-item\"> Ofrece una excelente resistencia a la corrosi\u00f3n y a los \u00e1cidos alimentarios y sales <\/span><\/li>\n<li><span class=\"a-list-item\"> Su mango permite una f\u00e1cil sujeci\u00f3n de la pieza <\/span><\/li>\n<li><span class=\"a-list-item\"> Cuenta con un fondo termodisfusor s\u00e1ndwich y es v\u00e1lido para cocinas de gas, el\u00e9ctrica, vitrocer\u00e1mica y de inducci\u00f3n <\/span><\/li>\n<li><span class=\"a-list-item\"> Higi\u00e9nica, de f\u00e1cil limpieza: el \u00e1ngulo del fondopermite una limpieza sencilla, y accesibilidad alrededor de las asas. <\/span><\/li>\n<li><span class=\"a-list-item\">Dimensiones: 20 (cm) \/ 6&#8217;5 h(cm) <\/span><\/li>\n<\/ul>\n","protected":false},"excerpt":{"rendered":"<p>Cazo C\u00f3nico Chef Classic Inox.| 20cm. |<\/p>\n<p>Est\u00e1 pensado para ofrecer una alt\u00edsima calidad a los profesionales de la cocina.<\/p>\n","protected":false},"featured_media":18750,"template":"","meta":{"spay_email":""},"yoast_head":"<!-- This site is optimized with the Yoast SEO plugin v15.9 - https:\/\/yoast.com\/wordpress\/plugins\/seo\/ -->\n<title>Cazo C\u00f3nico Chef Classic Inox. 20cm. - Comercial de Hosteleria Anma<\/title>\n<meta name=\"description\" content=\"Cazo C\u00f3nico Chef Classic Inox.| 20cm. | Est\u00e1 pensado para ofrecer una alt\u00edsima calidad a los profesionales de la cocina.\" \/>\n<meta name=\"robots\" content=\"index, follow, max-snippet:-1, max-image-preview:large, max-video-preview:-1\" \/>\n<link rel=\"canonical\" href=\"https:\/\/www.comercialanma.es\/?product=cazo-conico-chef-classic-inox-20cm\" \/>\n<meta property=\"og:locale\" content=\"es_ES\" \/>\n<meta property=\"og:type\" content=\"article\" \/>\n<meta property=\"og:title\" content=\"Cazo C\u00f3nico Chef Classic Inox. 20cm. - Comercial de Hosteleria Anma\" \/>\n<meta property=\"og:description\" content=\"Cazo C\u00f3nico Chef Classic Inox.| 20cm. | Est\u00e1 pensado para ofrecer una alt\u00edsima calidad a los profesionales de la cocina.\" \/>\n<meta property=\"og:url\" content=\"https:\/\/www.comercialanma.es\/?product=cazo-conico-chef-classic-inox-20cm\" \/>\n<meta property=\"og:site_name\" content=\"Comercial de Hosteleria Anma\" \/>\n<meta property=\"article:publisher\" content=\"https:\/\/www.facebook.com\/AnmaHosteleria\" \/>\n<meta property=\"article:modified_time\" content=\"2021-09-07T07:25:47+00:00\" \/>\n<meta property=\"og:image\" content=\"https:\/\/i0.wp.com\/www.comercialanma.es\/wp-content\/uploads\/2021\/09\/cazo-conico-22.jpg?fit=1080%2C1080&#038;ssl=1\" \/>\n\t<meta property=\"og:image:width\" content=\"1080\" \/>\n\t<meta property=\"og:image:height\" content=\"1080\" \/>\n<meta name=\"twitter:card\" content=\"summary_large_image\" \/>\n<meta name=\"twitter:label1\" content=\"Tiempo de lectura\">\n\t<meta name=\"twitter:data1\" content=\"1 minuto\">\n<script type=\"application\/ld+json\" class=\"yoast-schema-graph\">{\"@context\":\"https:\/\/schema.org\",\"@graph\":[{\"@type\":\"Organization\",\"@id\":\"https:\/\/www.comercialanma.es\/#organization\",\"name\":\"Comercial Anma\",\"url\":\"https:\/\/www.comercialanma.es\/\",\"sameAs\":[\"https:\/\/www.facebook.com\/AnmaHosteleria\",\"https:\/\/www.instagram.com\/anmahosteleria\/?hl=es\",\"https:\/\/www.youtube.com\/channel\/UCT2nmn08Ntks0hmpZPnDgCA\"],\"logo\":{\"@type\":\"ImageObject\",\"@id\":\"https:\/\/www.comercialanma.es\/#logo\",\"inLanguage\":\"es\",\"url\":\"https:\/\/i2.wp.com\/www.comercialanma.es\/wp-content\/uploads\/2019\/06\/logo-anma-color.png?fit=247%2C101&ssl=1\",\"width\":247,\"height\":101,\"caption\":\"Comercial Anma\"},\"image\":{\"@id\":\"https:\/\/www.comercialanma.es\/#logo\"}},{\"@type\":\"WebSite\",\"@id\":\"https:\/\/www.comercialanma.es\/#website\",\"url\":\"https:\/\/www.comercialanma.es\/\",\"name\":\"Comercial de Hosteleria Anma\",\"description\":\"\",\"publisher\":{\"@id\":\"https:\/\/www.comercialanma.es\/#organization\"},\"potentialAction\":[{\"@type\":\"SearchAction\",\"target\":\"https:\/\/www.comercialanma.es\/?s={search_term_string}\",\"query-input\":\"required name=search_term_string\"}],\"inLanguage\":\"es\"},{\"@type\":\"ImageObject\",\"@id\":\"https:\/\/www.comercialanma.es\/?product=cazo-conico-chef-classic-inox-20cm#primaryimage\",\"inLanguage\":\"es\",\"url\":\"https:\/\/i0.wp.com\/www.comercialanma.es\/wp-content\/uploads\/2021\/09\/cazo-conico-22.jpg?fit=1080%2C1080&ssl=1\",\"width\":1080,\"height\":1080},{\"@type\":\"WebPage\",\"@id\":\"https:\/\/www.comercialanma.es\/?product=cazo-conico-chef-classic-inox-20cm#webpage\",\"url\":\"https:\/\/www.comercialanma.es\/?product=cazo-conico-chef-classic-inox-20cm\",\"name\":\"Cazo C\\u00f3nico Chef Classic Inox. 20cm. - Comercial de Hosteleria Anma\",\"isPartOf\":{\"@id\":\"https:\/\/www.comercialanma.es\/#website\"},\"primaryImageOfPage\":{\"@id\":\"https:\/\/www.comercialanma.es\/?product=cazo-conico-chef-classic-inox-20cm#primaryimage\"},\"datePublished\":\"2021-09-07T07:22:35+00:00\",\"dateModified\":\"2021-09-07T07:25:47+00:00\",\"description\":\"Cazo C\\u00f3nico Chef Classic Inox.| 20cm. | Est\\u00e1 pensado para ofrecer una alt\\u00edsima calidad a los profesionales de la cocina.\",\"breadcrumb\":{\"@id\":\"https:\/\/www.comercialanma.es\/?product=cazo-conico-chef-classic-inox-20cm#breadcrumb\"},\"inLanguage\":\"es\",\"potentialAction\":[{\"@type\":\"ReadAction\",\"target\":[\"https:\/\/www.comercialanma.es\/?product=cazo-conico-chef-classic-inox-20cm\"]}]},{\"@type\":\"BreadcrumbList\",\"@id\":\"https:\/\/www.comercialanma.es\/?product=cazo-conico-chef-classic-inox-20cm#breadcrumb\",\"itemListElement\":[{\"@type\":\"ListItem\",\"position\":1,\"item\":{\"@type\":\"WebPage\",\"@id\":\"https:\/\/www.comercialanma.es\/\",\"url\":\"https:\/\/www.comercialanma.es\/\",\"name\":\"Portada\"}},{\"@type\":\"ListItem\",\"position\":2,\"item\":{\"@type\":\"WebPage\",\"@id\":\"https:\/\/www.comercialanma.es\/?page_id=3963\",\"url\":\"https:\/\/www.comercialanma.es\/?page_id=3963\",\"name\":\"Cat\\u00e1logo de Productos\"}},{\"@type\":\"ListItem\",\"position\":3,\"item\":{\"@type\":\"WebPage\",\"@id\":\"https:\/\/www.comercialanma.es\/?product=cazo-conico-chef-classic-inox-20cm\",\"url\":\"https:\/\/www.comercialanma.es\/?product=cazo-conico-chef-classic-inox-20cm\",\"name\":\"Cazo C\\u00f3nico Chef Classic Inox. 20cm.\"}}]}]}<\/script>\n<!-- \/ Yoast SEO plugin. -->","_links":{"self":[{"href":"https:\/\/www.comercialanma.es\/index.php?rest_route=\/wp\/v2\/product\/18752"}],"collection":[{"href":"https:\/\/www.comercialanma.es\/index.php?rest_route=\/wp\/v2\/product"}],"about":[{"href":"https:\/\/www.comercialanma.es\/index.php?rest_route=\/wp\/v2\/types\/product"}],"version-history":[{"count":1,"href":"https:\/\/www.comercialanma.es\/index.php?rest_route=\/wp\/v2\/product\/18752\/revisions"}],"predecessor-version":[{"id":18753,"href":"https:\/\/www.comercialanma.es\/index.php?rest_route=\/wp\/v2\/product\/18752\/revisions\/18753"}],"wp:featuredmedia":[{"embeddable":true,"href":"https:\/\/www.comercialanma.es\/index.php?rest_route=\/wp\/v2\/media\/18750"}],"wp:attachment":[{"href":"https:\/\/www.comercialanma.es\/index.php?rest_route=%2Fwp%2Fv2%2Fmedia&parent=18752"}],"curies":[{"name":"wp","href":"https:\/\/api.w.org\/{rel}","templated":true}]}}