
{"id":18757,"date":"2021-09-07T09:41:29","date_gmt":"2021-09-07T07:41:29","guid":{"rendered":"https:\/\/www.comercialanma.es\/?post_type=product&#038;p=18757"},"modified":"2021-09-07T10:03:29","modified_gmt":"2021-09-07T08:03:29","slug":"bano-maria-inox-lacor-16","status":"publish","type":"product","link":"https:\/\/www.comercialanma.es\/?product=bano-maria-inox-lacor-16","title":{"rendered":"Ba\u00f1o Mar\u00eda Con Fondo Chef Classic Inox 16cm."},"content":{"rendered":"<ul class=\"a-unordered-list a-vertical a-spacing-mini\">\n<li><span class=\"a-list-item\"> 16 cm <\/span><\/li>\n<li><span class=\"a-list-item\"> Altura: 16 cm <\/span><\/li>\n<li><span class=\"a-list-item\"> Apto para todas las placas incluida la inducci\u00f3n <\/span><\/li>\n<li><span class=\"a-list-item\"> Bain Marie Bottomless <\/span><\/li>\n<li><span class=\"a-list-item\"> Capacidad: 3,20 L <\/span><\/li>\n<li><span class=\"a-list-item\"> Inoxidable 18\/10 <\/span><\/li>\n<li><span class=\"a-list-item\"> Triple balance s\u00e1ndwich <\/span><\/li>\n<\/ul>\n","protected":false},"excerpt":{"rendered":"<p>Ba\u00f1o Mar\u00eda Chef Classic Inox | 16cm. | Lacor |<\/p>\n<p>Chef-Classic est\u00e1 pensada para ofrecer una alt\u00edsima calidad a los profesionales de la cocina.<\/p>\n","protected":false},"featured_media":18758,"template":"","meta":{"spay_email":""},"yoast_head":"<!-- This site is optimized with the Yoast SEO plugin v15.9 - https:\/\/yoast.com\/wordpress\/plugins\/seo\/ -->\n<title>Ba\u00f1o Mar\u00eda Con Fondo Chef Classic Inox 16cm. - Comercial de Hosteleria Anma<\/title>\n<meta name=\"description\" content=\"Ba\u00f1o Mar\u00eda Chef Classic Inox | 16cm. | Lacor | Chef-Classic est\u00e1 pensada para ofrecer una alt\u00edsima calidad a los profesionales de la cocina.\" \/>\n<meta name=\"robots\" content=\"index, follow, max-snippet:-1, max-image-preview:large, max-video-preview:-1\" \/>\n<link rel=\"canonical\" href=\"https:\/\/www.comercialanma.es\/?product=bano-maria-inox-lacor-16\" \/>\n<meta property=\"og:locale\" content=\"es_ES\" \/>\n<meta property=\"og:type\" content=\"article\" \/>\n<meta property=\"og:title\" content=\"Ba\u00f1o Mar\u00eda Con Fondo Chef Classic Inox 16cm. - Comercial de Hosteleria Anma\" \/>\n<meta property=\"og:description\" content=\"Ba\u00f1o Mar\u00eda Chef Classic Inox | 16cm. | Lacor | Chef-Classic est\u00e1 pensada para ofrecer una alt\u00edsima calidad a los profesionales de la cocina.\" \/>\n<meta property=\"og:url\" content=\"https:\/\/www.comercialanma.es\/?product=bano-maria-inox-lacor-16\" \/>\n<meta property=\"og:site_name\" content=\"Comercial de Hosteleria Anma\" \/>\n<meta property=\"article:publisher\" content=\"https:\/\/www.facebook.com\/AnmaHosteleria\" \/>\n<meta property=\"article:modified_time\" content=\"2021-09-07T08:03:29+00:00\" \/>\n<meta property=\"og:image\" content=\"https:\/\/i2.wp.com\/www.comercialanma.es\/wp-content\/uploads\/2021\/09\/ban\u0303o-maria-18-lacor.jpg?fit=1080%2C1080&#038;ssl=1\" \/>\n\t<meta property=\"og:image:width\" content=\"1080\" \/>\n\t<meta property=\"og:image:height\" content=\"1080\" \/>\n<meta name=\"twitter:card\" content=\"summary_large_image\" \/>\n<meta name=\"twitter:label1\" content=\"Tiempo de lectura\">\n\t<meta name=\"twitter:data1\" content=\"1 minuto\">\n<script type=\"application\/ld+json\" class=\"yoast-schema-graph\">{\"@context\":\"https:\/\/schema.org\",\"@graph\":[{\"@type\":\"Organization\",\"@id\":\"https:\/\/www.comercialanma.es\/#organization\",\"name\":\"Comercial Anma\",\"url\":\"https:\/\/www.comercialanma.es\/\",\"sameAs\":[\"https:\/\/www.facebook.com\/AnmaHosteleria\",\"https:\/\/www.instagram.com\/anmahosteleria\/?hl=es\",\"https:\/\/www.youtube.com\/channel\/UCT2nmn08Ntks0hmpZPnDgCA\"],\"logo\":{\"@type\":\"ImageObject\",\"@id\":\"https:\/\/www.comercialanma.es\/#logo\",\"inLanguage\":\"es\",\"url\":\"https:\/\/i2.wp.com\/www.comercialanma.es\/wp-content\/uploads\/2019\/06\/logo-anma-color.png?fit=247%2C101&ssl=1\",\"width\":247,\"height\":101,\"caption\":\"Comercial Anma\"},\"image\":{\"@id\":\"https:\/\/www.comercialanma.es\/#logo\"}},{\"@type\":\"WebSite\",\"@id\":\"https:\/\/www.comercialanma.es\/#website\",\"url\":\"https:\/\/www.comercialanma.es\/\",\"name\":\"Comercial de Hosteleria Anma\",\"description\":\"\",\"publisher\":{\"@id\":\"https:\/\/www.comercialanma.es\/#organization\"},\"potentialAction\":[{\"@type\":\"SearchAction\",\"target\":\"https:\/\/www.comercialanma.es\/?s={search_term_string}\",\"query-input\":\"required name=search_term_string\"}],\"inLanguage\":\"es\"},{\"@type\":\"ImageObject\",\"@id\":\"https:\/\/www.comercialanma.es\/?product=bano-maria-inox-lacor-16#primaryimage\",\"inLanguage\":\"es\",\"url\":\"https:\/\/i2.wp.com\/www.comercialanma.es\/wp-content\/uploads\/2021\/09\/ban\\u0303o-maria-18-lacor.jpg?fit=1080%2C1080&ssl=1\",\"width\":1080,\"height\":1080},{\"@type\":\"WebPage\",\"@id\":\"https:\/\/www.comercialanma.es\/?product=bano-maria-inox-lacor-16#webpage\",\"url\":\"https:\/\/www.comercialanma.es\/?product=bano-maria-inox-lacor-16\",\"name\":\"Ba\\u00f1o Mar\\u00eda Con Fondo Chef Classic Inox 16cm. - Comercial de Hosteleria Anma\",\"isPartOf\":{\"@id\":\"https:\/\/www.comercialanma.es\/#website\"},\"primaryImageOfPage\":{\"@id\":\"https:\/\/www.comercialanma.es\/?product=bano-maria-inox-lacor-16#primaryimage\"},\"datePublished\":\"2021-09-07T07:41:29+00:00\",\"dateModified\":\"2021-09-07T08:03:29+00:00\",\"description\":\"Ba\\u00f1o Mar\\u00eda Chef Classic Inox | 16cm. | Lacor | Chef-Classic est\\u00e1 pensada para ofrecer una alt\\u00edsima calidad a los profesionales de la cocina.\",\"breadcrumb\":{\"@id\":\"https:\/\/www.comercialanma.es\/?product=bano-maria-inox-lacor-16#breadcrumb\"},\"inLanguage\":\"es\",\"potentialAction\":[{\"@type\":\"ReadAction\",\"target\":[\"https:\/\/www.comercialanma.es\/?product=bano-maria-inox-lacor-16\"]}]},{\"@type\":\"BreadcrumbList\",\"@id\":\"https:\/\/www.comercialanma.es\/?product=bano-maria-inox-lacor-16#breadcrumb\",\"itemListElement\":[{\"@type\":\"ListItem\",\"position\":1,\"item\":{\"@type\":\"WebPage\",\"@id\":\"https:\/\/www.comercialanma.es\/\",\"url\":\"https:\/\/www.comercialanma.es\/\",\"name\":\"Portada\"}},{\"@type\":\"ListItem\",\"position\":2,\"item\":{\"@type\":\"WebPage\",\"@id\":\"https:\/\/www.comercialanma.es\/?page_id=3963\",\"url\":\"https:\/\/www.comercialanma.es\/?page_id=3963\",\"name\":\"Cat\\u00e1logo de Productos\"}},{\"@type\":\"ListItem\",\"position\":3,\"item\":{\"@type\":\"WebPage\",\"@id\":\"https:\/\/www.comercialanma.es\/?product=bano-maria-inox-lacor-16\",\"url\":\"https:\/\/www.comercialanma.es\/?product=bano-maria-inox-lacor-16\",\"name\":\"Ba\\u00f1o Mar\\u00eda Con Fondo Chef Classic Inox 16cm.\"}}]}]}<\/script>\n<!-- \/ Yoast SEO plugin. -->","_links":{"self":[{"href":"https:\/\/www.comercialanma.es\/index.php?rest_route=\/wp\/v2\/product\/18757"}],"collection":[{"href":"https:\/\/www.comercialanma.es\/index.php?rest_route=\/wp\/v2\/product"}],"about":[{"href":"https:\/\/www.comercialanma.es\/index.php?rest_route=\/wp\/v2\/types\/product"}],"version-history":[{"count":1,"href":"https:\/\/www.comercialanma.es\/index.php?rest_route=\/wp\/v2\/product\/18757\/revisions"}],"predecessor-version":[{"id":18759,"href":"https:\/\/www.comercialanma.es\/index.php?rest_route=\/wp\/v2\/product\/18757\/revisions\/18759"}],"wp:featuredmedia":[{"embeddable":true,"href":"https:\/\/www.comercialanma.es\/index.php?rest_route=\/wp\/v2\/media\/18758"}],"wp:attachment":[{"href":"https:\/\/www.comercialanma.es\/index.php?rest_route=%2Fwp%2Fv2%2Fmedia&parent=18757"}],"curies":[{"name":"wp","href":"https:\/\/api.w.org\/{rel}","templated":true}]}}