
{"id":18857,"date":"2021-09-10T16:30:29","date_gmt":"2021-09-10T14:30:29","guid":{"rendered":"https:\/\/www.comercialanma.es\/?post_type=product&#038;p=18857"},"modified":"2021-09-13T08:51:13","modified_gmt":"2021-09-13T06:51:13","slug":"colador-pletina-pulida","status":"publish","type":"product","link":"https:\/\/www.comercialanma.es\/?product=colador-pletina-pulida","title":{"rendered":"Colador pletina pulida 8cm."},"content":{"rendered":"<p>Colador con pletina pulida, para una mayor firmeza y resistencia.<\/p>\n<p>Pr\u00e1ctico y sencillo, filtra caldos, cremas, salsas, aceite, separando las partes s\u00f3lidas del l\u00edquido, sin dejar pasar los restos de los alimentos gracias a su fina malla.<\/p>\n<p>Tambi\u00e9n se utiliza para tamizar.<\/p>\n<p>Mango varilla.<\/p>\n<p>Dispone de una patilla en el lado opuesto al mango para apoyar el colador en los recipientes.<\/p>\n<p>Se puede colgar, facilitando el almacenamiento.<\/p>\n<p>Apto para lavavajillas.<\/p>\n","protected":false},"excerpt":{"rendered":"<p>Colador pletina pulida | Inoxibar | 8cm. |<\/p>\n<p>Colador con pletina pulida, para una mayor firmeza y resistencia.<\/p>\n","protected":false},"featured_media":18858,"template":"","meta":{"spay_email":""},"yoast_head":"<!-- This site is optimized with the Yoast SEO plugin v15.9 - https:\/\/yoast.com\/wordpress\/plugins\/seo\/ -->\n<title>Colador pletina pulida 8cm. - Comercial de Hosteleria Anma<\/title>\n<meta name=\"description\" content=\"Colador pletina pulida | Inoxibar | 8cm. | Colador con pletina pulida, para una mayor firmeza y resistencia.\" \/>\n<meta name=\"robots\" content=\"index, follow, max-snippet:-1, max-image-preview:large, max-video-preview:-1\" \/>\n<link rel=\"canonical\" href=\"https:\/\/www.comercialanma.es\/?product=colador-pletina-pulida\" \/>\n<meta property=\"og:locale\" content=\"es_ES\" \/>\n<meta property=\"og:type\" content=\"article\" \/>\n<meta property=\"og:title\" content=\"Colador pletina pulida 8cm. - Comercial de Hosteleria Anma\" \/>\n<meta property=\"og:description\" content=\"Colador pletina pulida | Inoxibar | 8cm. | Colador con pletina pulida, para una mayor firmeza y resistencia.\" \/>\n<meta property=\"og:url\" content=\"https:\/\/www.comercialanma.es\/?product=colador-pletina-pulida\" \/>\n<meta property=\"og:site_name\" content=\"Comercial de Hosteleria Anma\" \/>\n<meta property=\"article:publisher\" content=\"https:\/\/www.facebook.com\/AnmaHosteleria\" \/>\n<meta property=\"article:modified_time\" content=\"2021-09-13T06:51:13+00:00\" \/>\n<meta property=\"og:image\" content=\"https:\/\/i0.wp.com\/www.comercialanma.es\/wp-content\/uploads\/2021\/09\/colador-8cm-inoxibar.jpg?fit=1080%2C1080&#038;ssl=1\" \/>\n\t<meta property=\"og:image:width\" content=\"1080\" \/>\n\t<meta property=\"og:image:height\" content=\"1080\" \/>\n<meta name=\"twitter:card\" content=\"summary_large_image\" \/>\n<meta name=\"twitter:label1\" content=\"Tiempo de lectura\">\n\t<meta name=\"twitter:data1\" content=\"1 minuto\">\n<script type=\"application\/ld+json\" class=\"yoast-schema-graph\">{\"@context\":\"https:\/\/schema.org\",\"@graph\":[{\"@type\":\"Organization\",\"@id\":\"https:\/\/www.comercialanma.es\/#organization\",\"name\":\"Comercial Anma\",\"url\":\"https:\/\/www.comercialanma.es\/\",\"sameAs\":[\"https:\/\/www.facebook.com\/AnmaHosteleria\",\"https:\/\/www.instagram.com\/anmahosteleria\/?hl=es\",\"https:\/\/www.youtube.com\/channel\/UCT2nmn08Ntks0hmpZPnDgCA\"],\"logo\":{\"@type\":\"ImageObject\",\"@id\":\"https:\/\/www.comercialanma.es\/#logo\",\"inLanguage\":\"es\",\"url\":\"https:\/\/i2.wp.com\/www.comercialanma.es\/wp-content\/uploads\/2019\/06\/logo-anma-color.png?fit=247%2C101&ssl=1\",\"width\":247,\"height\":101,\"caption\":\"Comercial Anma\"},\"image\":{\"@id\":\"https:\/\/www.comercialanma.es\/#logo\"}},{\"@type\":\"WebSite\",\"@id\":\"https:\/\/www.comercialanma.es\/#website\",\"url\":\"https:\/\/www.comercialanma.es\/\",\"name\":\"Comercial de Hosteleria Anma\",\"description\":\"\",\"publisher\":{\"@id\":\"https:\/\/www.comercialanma.es\/#organization\"},\"potentialAction\":[{\"@type\":\"SearchAction\",\"target\":\"https:\/\/www.comercialanma.es\/?s={search_term_string}\",\"query-input\":\"required name=search_term_string\"}],\"inLanguage\":\"es\"},{\"@type\":\"ImageObject\",\"@id\":\"https:\/\/www.comercialanma.es\/?product=colador-pletina-pulida#primaryimage\",\"inLanguage\":\"es\",\"url\":\"https:\/\/i0.wp.com\/www.comercialanma.es\/wp-content\/uploads\/2021\/09\/colador-8cm-inoxibar.jpg?fit=1080%2C1080&ssl=1\",\"width\":1080,\"height\":1080},{\"@type\":\"WebPage\",\"@id\":\"https:\/\/www.comercialanma.es\/?product=colador-pletina-pulida#webpage\",\"url\":\"https:\/\/www.comercialanma.es\/?product=colador-pletina-pulida\",\"name\":\"Colador pletina pulida 8cm. - Comercial de Hosteleria Anma\",\"isPartOf\":{\"@id\":\"https:\/\/www.comercialanma.es\/#website\"},\"primaryImageOfPage\":{\"@id\":\"https:\/\/www.comercialanma.es\/?product=colador-pletina-pulida#primaryimage\"},\"datePublished\":\"2021-09-10T14:30:29+00:00\",\"dateModified\":\"2021-09-13T06:51:13+00:00\",\"description\":\"Colador pletina pulida | Inoxibar | 8cm. | Colador con pletina pulida, para una mayor firmeza y resistencia.\",\"breadcrumb\":{\"@id\":\"https:\/\/www.comercialanma.es\/?product=colador-pletina-pulida#breadcrumb\"},\"inLanguage\":\"es\",\"potentialAction\":[{\"@type\":\"ReadAction\",\"target\":[\"https:\/\/www.comercialanma.es\/?product=colador-pletina-pulida\"]}]},{\"@type\":\"BreadcrumbList\",\"@id\":\"https:\/\/www.comercialanma.es\/?product=colador-pletina-pulida#breadcrumb\",\"itemListElement\":[{\"@type\":\"ListItem\",\"position\":1,\"item\":{\"@type\":\"WebPage\",\"@id\":\"https:\/\/www.comercialanma.es\/\",\"url\":\"https:\/\/www.comercialanma.es\/\",\"name\":\"Portada\"}},{\"@type\":\"ListItem\",\"position\":2,\"item\":{\"@type\":\"WebPage\",\"@id\":\"https:\/\/www.comercialanma.es\/?page_id=3963\",\"url\":\"https:\/\/www.comercialanma.es\/?page_id=3963\",\"name\":\"Cat\\u00e1logo de Productos\"}},{\"@type\":\"ListItem\",\"position\":3,\"item\":{\"@type\":\"WebPage\",\"@id\":\"https:\/\/www.comercialanma.es\/?product=colador-pletina-pulida\",\"url\":\"https:\/\/www.comercialanma.es\/?product=colador-pletina-pulida\",\"name\":\"Colador pletina pulida 8cm.\"}}]}]}<\/script>\n<!-- \/ Yoast SEO plugin. -->","_links":{"self":[{"href":"https:\/\/www.comercialanma.es\/index.php?rest_route=\/wp\/v2\/product\/18857"}],"collection":[{"href":"https:\/\/www.comercialanma.es\/index.php?rest_route=\/wp\/v2\/product"}],"about":[{"href":"https:\/\/www.comercialanma.es\/index.php?rest_route=\/wp\/v2\/types\/product"}],"version-history":[{"count":2,"href":"https:\/\/www.comercialanma.es\/index.php?rest_route=\/wp\/v2\/product\/18857\/revisions"}],"predecessor-version":[{"id":18870,"href":"https:\/\/www.comercialanma.es\/index.php?rest_route=\/wp\/v2\/product\/18857\/revisions\/18870"}],"wp:featuredmedia":[{"embeddable":true,"href":"https:\/\/www.comercialanma.es\/index.php?rest_route=\/wp\/v2\/media\/18858"}],"wp:attachment":[{"href":"https:\/\/www.comercialanma.es\/index.php?rest_route=%2Fwp%2Fv2%2Fmedia&parent=18857"}],"curies":[{"name":"wp","href":"https:\/\/api.w.org\/{rel}","templated":true}]}}