
{"id":18863,"date":"2021-09-10T17:52:43","date_gmt":"2021-09-10T15:52:43","guid":{"rendered":"https:\/\/www.comercialanma.es\/?post_type=product&#038;p=18863"},"modified":"2021-10-06T15:05:06","modified_gmt":"2021-10-06T13:05:06","slug":"tequila-buen-amigo-silver","status":"publish","type":"product","link":"https:\/\/www.comercialanma.es\/?product=tequila-buen-amigo-silver","title":{"rendered":"Tequila Buen Amigo Silver 70cl."},"content":{"rendered":"<h3>Nota de cata:<\/h3>\n<ul>\n<li>Cristalino brillante<\/li>\n<li><span class=\"VIiyi\" lang=\"es\"><span class=\"JLqJ4b ChMk0b\" data-language-for-alternatives=\"es\" data-language-to-translate-into=\"en\" data-phrase-index=\"2\">El Tequila Buen Amigo Silver es joven, intenso y con car\u00e1cter, con un perfecto equilibrio entre cuerpo y sabor.<\/span> <\/span><\/li>\n<li><span class=\"VIiyi\" lang=\"es\"><span class=\"JLqJ4b ChMk0b\" data-language-for-alternatives=\"es\" data-language-to-translate-into=\"en\" data-phrase-index=\"3\">Ideal para usar en bebidas preparadas, su sabor intenso es agradable.<\/span><\/span><\/li>\n<\/ul>\n<h3>Graduaci\u00f3n:<\/h3>\n<ul>\n<li>40% vol.<\/li>\n<\/ul>\n","protected":false},"excerpt":{"rendered":"<p>Tequila Buen Amigo Silver | 70cl. |<\/p>\n<p>Elaborado con Agave Tequilana Weber en la regi\u00f3n Central de Jalisco. Extracci\u00f3n mediante molino de rodillos, fermentado en dep\u00f3sitos de acero inoxidable Mixto y destilado dos veces en ollas de acero inoxidable. El Tequila Buen Amigo Silver es joven, intenso y con car\u00e1cter, con un perfecto equilibrio entre cuerpo y sabor. Ideal para usar en bebidas preparadas, su sabor intenso es agradable.<\/p>\n<p>&nbsp;<\/p>\n<p>&nbsp;<\/p>\n","protected":false},"featured_media":18864,"template":"","meta":{"spay_email":""},"yoast_head":"<!-- This site is optimized with the Yoast SEO plugin v15.9 - https:\/\/yoast.com\/wordpress\/plugins\/seo\/ -->\n<title>Tequila Buen Amigo Silver 70cl. - Comercial de Hosteleria Anma<\/title>\n<meta name=\"description\" content=\"Tequila Buen Amigo Silver | 70cl. | Para disfrutarse solo, en las rocas, el mejor mezclador para bebidas y cocteles.\" \/>\n<meta name=\"robots\" content=\"index, follow, max-snippet:-1, max-image-preview:large, max-video-preview:-1\" \/>\n<link rel=\"canonical\" href=\"https:\/\/www.comercialanma.es\/?product=tequila-buen-amigo-silver\" \/>\n<meta property=\"og:locale\" content=\"es_ES\" \/>\n<meta property=\"og:type\" content=\"article\" \/>\n<meta property=\"og:title\" content=\"Tequila Buen Amigo Silver 70cl. - Comercial de Hosteleria Anma\" \/>\n<meta property=\"og:description\" content=\"Tequila Buen Amigo Silver | 70cl. | Para disfrutarse solo, en las rocas, el mejor mezclador para bebidas y cocteles.\" \/>\n<meta property=\"og:url\" content=\"https:\/\/www.comercialanma.es\/?product=tequila-buen-amigo-silver\" \/>\n<meta property=\"og:site_name\" content=\"Comercial de Hosteleria Anma\" \/>\n<meta property=\"article:publisher\" content=\"https:\/\/www.facebook.com\/AnmaHosteleria\" \/>\n<meta property=\"article:modified_time\" content=\"2021-10-06T13:05:06+00:00\" \/>\n<meta property=\"og:image\" content=\"https:\/\/i2.wp.com\/www.comercialanma.es\/wp-content\/uploads\/2021\/09\/tequila-buen-amigo-silver.jpg?fit=1080%2C1080&#038;ssl=1\" \/>\n\t<meta property=\"og:image:width\" content=\"1080\" \/>\n\t<meta property=\"og:image:height\" content=\"1080\" \/>\n<meta name=\"twitter:card\" content=\"summary_large_image\" \/>\n<meta name=\"twitter:label1\" content=\"Tiempo de lectura\">\n\t<meta name=\"twitter:data1\" content=\"1 minuto\">\n<script type=\"application\/ld+json\" class=\"yoast-schema-graph\">{\"@context\":\"https:\/\/schema.org\",\"@graph\":[{\"@type\":\"Organization\",\"@id\":\"https:\/\/www.comercialanma.es\/#organization\",\"name\":\"Comercial Anma\",\"url\":\"https:\/\/www.comercialanma.es\/\",\"sameAs\":[\"https:\/\/www.facebook.com\/AnmaHosteleria\",\"https:\/\/www.instagram.com\/anmahosteleria\/?hl=es\",\"https:\/\/www.youtube.com\/channel\/UCT2nmn08Ntks0hmpZPnDgCA\"],\"logo\":{\"@type\":\"ImageObject\",\"@id\":\"https:\/\/www.comercialanma.es\/#logo\",\"inLanguage\":\"es\",\"url\":\"https:\/\/i2.wp.com\/www.comercialanma.es\/wp-content\/uploads\/2019\/06\/logo-anma-color.png?fit=247%2C101&ssl=1\",\"width\":247,\"height\":101,\"caption\":\"Comercial Anma\"},\"image\":{\"@id\":\"https:\/\/www.comercialanma.es\/#logo\"}},{\"@type\":\"WebSite\",\"@id\":\"https:\/\/www.comercialanma.es\/#website\",\"url\":\"https:\/\/www.comercialanma.es\/\",\"name\":\"Comercial de Hosteleria Anma\",\"description\":\"\",\"publisher\":{\"@id\":\"https:\/\/www.comercialanma.es\/#organization\"},\"potentialAction\":[{\"@type\":\"SearchAction\",\"target\":\"https:\/\/www.comercialanma.es\/?s={search_term_string}\",\"query-input\":\"required name=search_term_string\"}],\"inLanguage\":\"es\"},{\"@type\":\"ImageObject\",\"@id\":\"https:\/\/www.comercialanma.es\/?product=tequila-buen-amigo-silver#primaryimage\",\"inLanguage\":\"es\",\"url\":\"https:\/\/i2.wp.com\/www.comercialanma.es\/wp-content\/uploads\/2021\/09\/tequila-buen-amigo-silver.jpg?fit=1080%2C1080&ssl=1\",\"width\":1080,\"height\":1080},{\"@type\":\"WebPage\",\"@id\":\"https:\/\/www.comercialanma.es\/?product=tequila-buen-amigo-silver#webpage\",\"url\":\"https:\/\/www.comercialanma.es\/?product=tequila-buen-amigo-silver\",\"name\":\"Tequila Buen Amigo Silver 70cl. - Comercial de Hosteleria Anma\",\"isPartOf\":{\"@id\":\"https:\/\/www.comercialanma.es\/#website\"},\"primaryImageOfPage\":{\"@id\":\"https:\/\/www.comercialanma.es\/?product=tequila-buen-amigo-silver#primaryimage\"},\"datePublished\":\"2021-09-10T15:52:43+00:00\",\"dateModified\":\"2021-10-06T13:05:06+00:00\",\"description\":\"Tequila Buen Amigo Silver | 70cl. | Para disfrutarse solo, en las rocas, el mejor mezclador para bebidas y cocteles.\",\"breadcrumb\":{\"@id\":\"https:\/\/www.comercialanma.es\/?product=tequila-buen-amigo-silver#breadcrumb\"},\"inLanguage\":\"es\",\"potentialAction\":[{\"@type\":\"ReadAction\",\"target\":[\"https:\/\/www.comercialanma.es\/?product=tequila-buen-amigo-silver\"]}]},{\"@type\":\"BreadcrumbList\",\"@id\":\"https:\/\/www.comercialanma.es\/?product=tequila-buen-amigo-silver#breadcrumb\",\"itemListElement\":[{\"@type\":\"ListItem\",\"position\":1,\"item\":{\"@type\":\"WebPage\",\"@id\":\"https:\/\/www.comercialanma.es\/\",\"url\":\"https:\/\/www.comercialanma.es\/\",\"name\":\"Portada\"}},{\"@type\":\"ListItem\",\"position\":2,\"item\":{\"@type\":\"WebPage\",\"@id\":\"https:\/\/www.comercialanma.es\/?page_id=3963\",\"url\":\"https:\/\/www.comercialanma.es\/?page_id=3963\",\"name\":\"Cat\\u00e1logo de Productos\"}},{\"@type\":\"ListItem\",\"position\":3,\"item\":{\"@type\":\"WebPage\",\"@id\":\"https:\/\/www.comercialanma.es\/?product=tequila-buen-amigo-silver\",\"url\":\"https:\/\/www.comercialanma.es\/?product=tequila-buen-amigo-silver\",\"name\":\"Tequila Buen Amigo Silver 70cl.\"}}]}]}<\/script>\n<!-- \/ Yoast SEO plugin. -->","_links":{"self":[{"href":"https:\/\/www.comercialanma.es\/index.php?rest_route=\/wp\/v2\/product\/18863"}],"collection":[{"href":"https:\/\/www.comercialanma.es\/index.php?rest_route=\/wp\/v2\/product"}],"about":[{"href":"https:\/\/www.comercialanma.es\/index.php?rest_route=\/wp\/v2\/types\/product"}],"version-history":[{"count":5,"href":"https:\/\/www.comercialanma.es\/index.php?rest_route=\/wp\/v2\/product\/18863\/revisions"}],"predecessor-version":[{"id":19311,"href":"https:\/\/www.comercialanma.es\/index.php?rest_route=\/wp\/v2\/product\/18863\/revisions\/19311"}],"wp:featuredmedia":[{"embeddable":true,"href":"https:\/\/www.comercialanma.es\/index.php?rest_route=\/wp\/v2\/media\/18864"}],"wp:attachment":[{"href":"https:\/\/www.comercialanma.es\/index.php?rest_route=%2Fwp%2Fv2%2Fmedia&parent=18863"}],"curies":[{"name":"wp","href":"https:\/\/api.w.org\/{rel}","templated":true}]}}