
{"id":18874,"date":"2021-09-13T10:57:00","date_gmt":"2021-09-13T08:57:00","guid":{"rendered":"https:\/\/www.comercialanma.es\/?post_type=product&#038;p=18874"},"modified":"2021-09-13T11:10:48","modified_gmt":"2021-09-13T09:10:48","slug":"colador-doble-malla-inoxibar-20","status":"publish","type":"product","link":"https:\/\/www.comercialanma.es\/?product=colador-doble-malla-inoxibar-20","title":{"rendered":"Colador Doble Malla 20cm."},"content":{"rendered":"<p><span class=\"a-list-item\">Marca: Inoxibar <\/span><\/p>\n<p><span class=\"a-list-item\">Tama\u00f1o: 20cm.<\/span><\/p>\n<p>Acero inox. 18\/10<\/p>\n","protected":false},"excerpt":{"rendered":"<p>Colador Doble Malla | Inoxibar | 20cm.|<\/p>\n<p>El colador de acero inoxidable 18\/10, dispone de una malla que colar\u00e1 de manera eficiente cualquier alimento, obteniendo un l\u00edquido, salsa o crema fina y el resto de elementos por separado.<br \/>\nPermite colar todo tipo de sopas, potajes, caldos, salsas, cremas, etc. de manera f\u00e1cil e eficiente. Sus dos ganchos y mango te permitir\u00e1n dejar apoyado el colador de cualquier olla o recipiente grande sin cargar el peso o dejarlo mientras haces otras cosas.<\/p>\n<p>Su mango m\u00e1s largo evita que te salpiques al evocar los alimentos dentro y a que se mantenga sujeto a las ollas o recipientes m\u00e1s grandes. Su mango tambi\u00e9n te permitir\u00e1 colgarlo de cualquier gancho c\u00f3modamente.<\/p>\n","protected":false},"featured_media":18875,"template":"","meta":{"spay_email":""},"yoast_head":"<!-- This site is optimized with the Yoast SEO plugin v15.9 - https:\/\/yoast.com\/wordpress\/plugins\/seo\/ -->\n<title>Colador Doble Malla 20cm. - Comercial de Hosteleria Anma<\/title>\n<meta name=\"description\" content=\"Colador Doble Malla | inoxibar | 20cm.| Fabricado en alambre Esta\u00f1ado.malla que colar\u00e1 de manera eficiente cualquier alimento.\" \/>\n<meta name=\"robots\" content=\"index, follow, max-snippet:-1, max-image-preview:large, max-video-preview:-1\" \/>\n<link rel=\"canonical\" href=\"https:\/\/www.comercialanma.es\/?product=colador-doble-malla-inoxibar-20\" \/>\n<meta property=\"og:locale\" content=\"es_ES\" \/>\n<meta property=\"og:type\" content=\"article\" \/>\n<meta property=\"og:title\" content=\"Colador Doble Malla 20cm. - Comercial de Hosteleria Anma\" \/>\n<meta property=\"og:description\" content=\"Colador Doble Malla | inoxibar | 20cm.| Fabricado en alambre Esta\u00f1ado.malla que colar\u00e1 de manera eficiente cualquier alimento.\" \/>\n<meta property=\"og:url\" content=\"https:\/\/www.comercialanma.es\/?product=colador-doble-malla-inoxibar-20\" \/>\n<meta property=\"og:site_name\" content=\"Comercial de Hosteleria Anma\" \/>\n<meta property=\"article:publisher\" content=\"https:\/\/www.facebook.com\/AnmaHosteleria\" \/>\n<meta property=\"article:modified_time\" content=\"2021-09-13T09:10:48+00:00\" \/>\n<meta property=\"og:image\" content=\"https:\/\/i1.wp.com\/www.comercialanma.es\/wp-content\/uploads\/2021\/09\/colador-doble-malla-inoxibar-20.jpg?fit=1080%2C1080&#038;ssl=1\" \/>\n\t<meta property=\"og:image:width\" content=\"1080\" \/>\n\t<meta property=\"og:image:height\" content=\"1080\" \/>\n<meta name=\"twitter:card\" content=\"summary_large_image\" \/>\n<meta name=\"twitter:label1\" content=\"Tiempo de lectura\">\n\t<meta name=\"twitter:data1\" content=\"1 minuto\">\n<script type=\"application\/ld+json\" class=\"yoast-schema-graph\">{\"@context\":\"https:\/\/schema.org\",\"@graph\":[{\"@type\":\"Organization\",\"@id\":\"https:\/\/www.comercialanma.es\/#organization\",\"name\":\"Comercial Anma\",\"url\":\"https:\/\/www.comercialanma.es\/\",\"sameAs\":[\"https:\/\/www.facebook.com\/AnmaHosteleria\",\"https:\/\/www.instagram.com\/anmahosteleria\/?hl=es\",\"https:\/\/www.youtube.com\/channel\/UCT2nmn08Ntks0hmpZPnDgCA\"],\"logo\":{\"@type\":\"ImageObject\",\"@id\":\"https:\/\/www.comercialanma.es\/#logo\",\"inLanguage\":\"es\",\"url\":\"https:\/\/i2.wp.com\/www.comercialanma.es\/wp-content\/uploads\/2019\/06\/logo-anma-color.png?fit=247%2C101&ssl=1\",\"width\":247,\"height\":101,\"caption\":\"Comercial Anma\"},\"image\":{\"@id\":\"https:\/\/www.comercialanma.es\/#logo\"}},{\"@type\":\"WebSite\",\"@id\":\"https:\/\/www.comercialanma.es\/#website\",\"url\":\"https:\/\/www.comercialanma.es\/\",\"name\":\"Comercial de Hosteleria Anma\",\"description\":\"\",\"publisher\":{\"@id\":\"https:\/\/www.comercialanma.es\/#organization\"},\"potentialAction\":[{\"@type\":\"SearchAction\",\"target\":\"https:\/\/www.comercialanma.es\/?s={search_term_string}\",\"query-input\":\"required name=search_term_string\"}],\"inLanguage\":\"es\"},{\"@type\":\"ImageObject\",\"@id\":\"https:\/\/www.comercialanma.es\/?product=colador-doble-malla-inoxibar-20#primaryimage\",\"inLanguage\":\"es\",\"url\":\"https:\/\/i1.wp.com\/www.comercialanma.es\/wp-content\/uploads\/2021\/09\/colador-doble-malla-inoxibar-20.jpg?fit=1080%2C1080&ssl=1\",\"width\":1080,\"height\":1080},{\"@type\":\"WebPage\",\"@id\":\"https:\/\/www.comercialanma.es\/?product=colador-doble-malla-inoxibar-20#webpage\",\"url\":\"https:\/\/www.comercialanma.es\/?product=colador-doble-malla-inoxibar-20\",\"name\":\"Colador Doble Malla 20cm. - Comercial de Hosteleria Anma\",\"isPartOf\":{\"@id\":\"https:\/\/www.comercialanma.es\/#website\"},\"primaryImageOfPage\":{\"@id\":\"https:\/\/www.comercialanma.es\/?product=colador-doble-malla-inoxibar-20#primaryimage\"},\"datePublished\":\"2021-09-13T08:57:00+00:00\",\"dateModified\":\"2021-09-13T09:10:48+00:00\",\"description\":\"Colador Doble Malla | inoxibar | 20cm.| Fabricado en alambre Esta\\u00f1ado.malla que colar\\u00e1 de manera eficiente cualquier alimento.\",\"breadcrumb\":{\"@id\":\"https:\/\/www.comercialanma.es\/?product=colador-doble-malla-inoxibar-20#breadcrumb\"},\"inLanguage\":\"es\",\"potentialAction\":[{\"@type\":\"ReadAction\",\"target\":[\"https:\/\/www.comercialanma.es\/?product=colador-doble-malla-inoxibar-20\"]}]},{\"@type\":\"BreadcrumbList\",\"@id\":\"https:\/\/www.comercialanma.es\/?product=colador-doble-malla-inoxibar-20#breadcrumb\",\"itemListElement\":[{\"@type\":\"ListItem\",\"position\":1,\"item\":{\"@type\":\"WebPage\",\"@id\":\"https:\/\/www.comercialanma.es\/\",\"url\":\"https:\/\/www.comercialanma.es\/\",\"name\":\"Portada\"}},{\"@type\":\"ListItem\",\"position\":2,\"item\":{\"@type\":\"WebPage\",\"@id\":\"https:\/\/www.comercialanma.es\/?page_id=3963\",\"url\":\"https:\/\/www.comercialanma.es\/?page_id=3963\",\"name\":\"Cat\\u00e1logo de Productos\"}},{\"@type\":\"ListItem\",\"position\":3,\"item\":{\"@type\":\"WebPage\",\"@id\":\"https:\/\/www.comercialanma.es\/?product=colador-doble-malla-inoxibar-20\",\"url\":\"https:\/\/www.comercialanma.es\/?product=colador-doble-malla-inoxibar-20\",\"name\":\"Colador Doble Malla 20cm.\"}}]}]}<\/script>\n<!-- \/ Yoast SEO plugin. -->","_links":{"self":[{"href":"https:\/\/www.comercialanma.es\/index.php?rest_route=\/wp\/v2\/product\/18874"}],"collection":[{"href":"https:\/\/www.comercialanma.es\/index.php?rest_route=\/wp\/v2\/product"}],"about":[{"href":"https:\/\/www.comercialanma.es\/index.php?rest_route=\/wp\/v2\/types\/product"}],"version-history":[{"count":1,"href":"https:\/\/www.comercialanma.es\/index.php?rest_route=\/wp\/v2\/product\/18874\/revisions"}],"predecessor-version":[{"id":18876,"href":"https:\/\/www.comercialanma.es\/index.php?rest_route=\/wp\/v2\/product\/18874\/revisions\/18876"}],"wp:featuredmedia":[{"embeddable":true,"href":"https:\/\/www.comercialanma.es\/index.php?rest_route=\/wp\/v2\/media\/18875"}],"wp:attachment":[{"href":"https:\/\/www.comercialanma.es\/index.php?rest_route=%2Fwp%2Fv2%2Fmedia&parent=18874"}],"curies":[{"name":"wp","href":"https:\/\/api.w.org\/{rel}","templated":true}]}}