
{"id":18926,"date":"2021-09-14T10:02:04","date_gmt":"2021-09-14T08:02:04","guid":{"rendered":"https:\/\/www.comercialanma.es\/?post_type=product&#038;p=18926"},"modified":"2021-09-14T10:04:35","modified_gmt":"2021-09-14T08:04:35","slug":"escurrefritos-con-bandeja-de-50cm","status":"publish","type":"product","link":"https:\/\/www.comercialanma.es\/?product=escurrefritos-con-bandeja-de-50cm","title":{"rendered":"Escurrefritos con bandeja de 50cm."},"content":{"rendered":"<section class=\"content\">\n<ul class=\"keyFeatures__wrapper__list\">\n<li class=\"product-brand ng-star-inserted\">Fabricante: <span class=\"product-brand__name\"> LACOR <\/span><\/li>\n<li class=\"ng-star-inserted\"><span class=\"ng-star-inserted\"> Color<\/span>: <span class=\"ng-star-inserted\"> gris <\/span><\/li>\n<li class=\"ng-star-inserted\"><span class=\"ng-star-inserted\"> Material<\/span>: <span class=\"ng-star-inserted\"> Acero <\/span><\/li>\n<li class=\"ng-star-inserted\"><span class=\"ng-star-inserted\"> Dimensiones del producto <\/span><span class=\"ng-star-inserted\"><span class=\"a-size-base\">50 x 39 x 8 cent\u00edmetros<\/span><\/span><\/li>\n<li class=\"ng-star-inserted\"><span class=\"ng-star-inserted\"> Peso del producto<\/span>: 3<span class=\"ng-star-inserted\">.06 kg <\/span><\/li>\n<\/ul>\n<\/section>\n","protected":false},"excerpt":{"rendered":"<div class=\"field field-name-body field-type-text-with-summary field-label-hidden\">\n<div class=\"field-items\">\n<div class=\"field-item even\">\n<p>Escurrefritos con bandeja de 50cm<\/p>\n<p><span class=\"product__description__content product__description__content__box\">El escurrefritos le ayudar\u00e1 a conseguir que los fritos lleguen al plato sin exceso de aceite: menos cal\u00f3ricos, m\u00e1s crujientes y sabrosos. <\/span><span class=\"product__description__content product__description__content__box\">Est\u00e1 formado por una capa superior con malla met\u00e1lica sobre la que se depositan los alimentos al sacarlos de la sart\u00e9n o freidora, y un recipiente inferior en el que se recoge el aceite sobrante al escurrir los fritos. Es f\u00e1cilmente manejable al contar cada una de las bandejas con asas robustas.\u00a0 Producto apto para lavavajillas.<\/span><\/p>\n<\/div>\n<\/div>\n<\/div>\n<p>&nbsp;<\/p>\n","protected":false},"featured_media":16379,"template":"","meta":{"spay_email":""},"yoast_head":"<!-- This site is optimized with the Yoast SEO plugin v15.9 - https:\/\/yoast.com\/wordpress\/plugins\/seo\/ -->\n<title>Escurrefritos con bandeja de 50cm. - Comercial de Hosteleria Anma<\/title>\n<meta name=\"description\" content=\"Escurrefritos con bandeja de 50cm.| Consiga que los fritos lleguen al plato sin exceso de aceite: menos cal\u00f3ricos, m\u00e1s crujientes y sabrosos.\" \/>\n<meta name=\"robots\" content=\"index, follow, max-snippet:-1, max-image-preview:large, max-video-preview:-1\" \/>\n<link rel=\"canonical\" href=\"https:\/\/www.comercialanma.es\/?product=escurrefritos-con-bandeja-de-50cm\" \/>\n<meta property=\"og:locale\" content=\"es_ES\" \/>\n<meta property=\"og:type\" content=\"article\" \/>\n<meta property=\"og:title\" content=\"Escurrefritos con bandeja de 50cm. - Comercial de Hosteleria Anma\" \/>\n<meta property=\"og:description\" content=\"Escurrefritos con bandeja de 50cm.| Consiga que los fritos lleguen al plato sin exceso de aceite: menos cal\u00f3ricos, m\u00e1s crujientes y sabrosos.\" \/>\n<meta property=\"og:url\" content=\"https:\/\/www.comercialanma.es\/?product=escurrefritos-con-bandeja-de-50cm\" \/>\n<meta property=\"og:site_name\" content=\"Comercial de Hosteleria Anma\" \/>\n<meta property=\"article:publisher\" content=\"https:\/\/www.facebook.com\/AnmaHosteleria\" \/>\n<meta property=\"article:modified_time\" content=\"2021-09-14T08:04:35+00:00\" \/>\n<meta property=\"og:image\" content=\"https:\/\/i2.wp.com\/www.comercialanma.es\/wp-content\/uploads\/2021\/05\/bandeja-escurrefritos-40.jpg?fit=1080%2C1080&#038;ssl=1\" \/>\n\t<meta property=\"og:image:width\" content=\"1080\" \/>\n\t<meta property=\"og:image:height\" content=\"1080\" \/>\n<meta name=\"twitter:card\" content=\"summary_large_image\" \/>\n<meta name=\"twitter:label1\" content=\"Tiempo de lectura\">\n\t<meta name=\"twitter:data1\" content=\"1 minuto\">\n<script type=\"application\/ld+json\" class=\"yoast-schema-graph\">{\"@context\":\"https:\/\/schema.org\",\"@graph\":[{\"@type\":\"Organization\",\"@id\":\"https:\/\/www.comercialanma.es\/#organization\",\"name\":\"Comercial Anma\",\"url\":\"https:\/\/www.comercialanma.es\/\",\"sameAs\":[\"https:\/\/www.facebook.com\/AnmaHosteleria\",\"https:\/\/www.instagram.com\/anmahosteleria\/?hl=es\",\"https:\/\/www.youtube.com\/channel\/UCT2nmn08Ntks0hmpZPnDgCA\"],\"logo\":{\"@type\":\"ImageObject\",\"@id\":\"https:\/\/www.comercialanma.es\/#logo\",\"inLanguage\":\"es\",\"url\":\"https:\/\/i2.wp.com\/www.comercialanma.es\/wp-content\/uploads\/2019\/06\/logo-anma-color.png?fit=247%2C101&ssl=1\",\"width\":247,\"height\":101,\"caption\":\"Comercial Anma\"},\"image\":{\"@id\":\"https:\/\/www.comercialanma.es\/#logo\"}},{\"@type\":\"WebSite\",\"@id\":\"https:\/\/www.comercialanma.es\/#website\",\"url\":\"https:\/\/www.comercialanma.es\/\",\"name\":\"Comercial de Hosteleria Anma\",\"description\":\"\",\"publisher\":{\"@id\":\"https:\/\/www.comercialanma.es\/#organization\"},\"potentialAction\":[{\"@type\":\"SearchAction\",\"target\":\"https:\/\/www.comercialanma.es\/?s={search_term_string}\",\"query-input\":\"required name=search_term_string\"}],\"inLanguage\":\"es\"},{\"@type\":\"ImageObject\",\"@id\":\"https:\/\/www.comercialanma.es\/?product=escurrefritos-con-bandeja-de-50cm#primaryimage\",\"inLanguage\":\"es\",\"url\":\"https:\/\/i2.wp.com\/www.comercialanma.es\/wp-content\/uploads\/2021\/05\/bandeja-escurrefritos-40.jpg?fit=1080%2C1080&ssl=1\",\"width\":1080,\"height\":1080},{\"@type\":\"WebPage\",\"@id\":\"https:\/\/www.comercialanma.es\/?product=escurrefritos-con-bandeja-de-50cm#webpage\",\"url\":\"https:\/\/www.comercialanma.es\/?product=escurrefritos-con-bandeja-de-50cm\",\"name\":\"Escurrefritos con bandeja de 50cm. - Comercial de Hosteleria Anma\",\"isPartOf\":{\"@id\":\"https:\/\/www.comercialanma.es\/#website\"},\"primaryImageOfPage\":{\"@id\":\"https:\/\/www.comercialanma.es\/?product=escurrefritos-con-bandeja-de-50cm#primaryimage\"},\"datePublished\":\"2021-09-14T08:02:04+00:00\",\"dateModified\":\"2021-09-14T08:04:35+00:00\",\"description\":\"Escurrefritos con bandeja de 50cm.| Consiga que los fritos lleguen al plato sin exceso de aceite: menos cal\\u00f3ricos, m\\u00e1s crujientes y sabrosos.\",\"breadcrumb\":{\"@id\":\"https:\/\/www.comercialanma.es\/?product=escurrefritos-con-bandeja-de-50cm#breadcrumb\"},\"inLanguage\":\"es\",\"potentialAction\":[{\"@type\":\"ReadAction\",\"target\":[\"https:\/\/www.comercialanma.es\/?product=escurrefritos-con-bandeja-de-50cm\"]}]},{\"@type\":\"BreadcrumbList\",\"@id\":\"https:\/\/www.comercialanma.es\/?product=escurrefritos-con-bandeja-de-50cm#breadcrumb\",\"itemListElement\":[{\"@type\":\"ListItem\",\"position\":1,\"item\":{\"@type\":\"WebPage\",\"@id\":\"https:\/\/www.comercialanma.es\/\",\"url\":\"https:\/\/www.comercialanma.es\/\",\"name\":\"Portada\"}},{\"@type\":\"ListItem\",\"position\":2,\"item\":{\"@type\":\"WebPage\",\"@id\":\"https:\/\/www.comercialanma.es\/?page_id=3963\",\"url\":\"https:\/\/www.comercialanma.es\/?page_id=3963\",\"name\":\"Cat\\u00e1logo de Productos\"}},{\"@type\":\"ListItem\",\"position\":3,\"item\":{\"@type\":\"WebPage\",\"@id\":\"https:\/\/www.comercialanma.es\/?product=escurrefritos-con-bandeja-de-50cm\",\"url\":\"https:\/\/www.comercialanma.es\/?product=escurrefritos-con-bandeja-de-50cm\",\"name\":\"Escurrefritos con bandeja de 50cm.\"}}]}]}<\/script>\n<!-- \/ Yoast SEO plugin. -->","_links":{"self":[{"href":"https:\/\/www.comercialanma.es\/index.php?rest_route=\/wp\/v2\/product\/18926"}],"collection":[{"href":"https:\/\/www.comercialanma.es\/index.php?rest_route=\/wp\/v2\/product"}],"about":[{"href":"https:\/\/www.comercialanma.es\/index.php?rest_route=\/wp\/v2\/types\/product"}],"version-history":[{"count":1,"href":"https:\/\/www.comercialanma.es\/index.php?rest_route=\/wp\/v2\/product\/18926\/revisions"}],"predecessor-version":[{"id":18927,"href":"https:\/\/www.comercialanma.es\/index.php?rest_route=\/wp\/v2\/product\/18926\/revisions\/18927"}],"wp:featuredmedia":[{"embeddable":true,"href":"https:\/\/www.comercialanma.es\/index.php?rest_route=\/wp\/v2\/media\/16379"}],"wp:attachment":[{"href":"https:\/\/www.comercialanma.es\/index.php?rest_route=%2Fwp%2Fv2%2Fmedia&parent=18926"}],"curies":[{"name":"wp","href":"https:\/\/api.w.org\/{rel}","templated":true}]}}