
{"id":18974,"date":"2021-09-15T10:51:48","date_gmt":"2021-09-15T08:51:48","guid":{"rendered":"https:\/\/www.comercialanma.es\/?post_type=product&#038;p=18974"},"modified":"2021-09-15T11:02:26","modified_gmt":"2021-09-15T09:02:26","slug":"espumadera-alambre-estanado-18","status":"publish","type":"product","link":"https:\/\/www.comercialanma.es\/?product=espumadera-alambre-estanado-18","title":{"rendered":"Espumadera Alambre Esta\u00f1ado Inox U.P. 18cm."},"content":{"rendered":"<p>Espumadera alambre esta\u00f1ado Inox.<\/p>\n<p>Medida 18cm.<\/p>\n<p>Cuerpo: acero.<\/p>\n<p>Cuenta con alambre esta\u00f1ado de alta calidad.<\/p>\n<p>Perfecta para extraer alimentos de las ollas.<\/p>\n<p>Apto para lavavajillas.<\/p>\n<p>&nbsp;<\/p>\n<p>&nbsp;<\/p>\n<p>&nbsp;<\/p>\n<p>&nbsp;<\/p>\n<p>&nbsp;<\/p>\n<p>&nbsp;<\/p>\n","protected":false},"excerpt":{"rendered":"<p>La espumadera de malla para profesional de la firma LACOR en alambre esta\u00f1ado, con su entramado har\u00e1 que el aceite caiga f\u00e1cilmente, al tener poca superficie que lo retenga. Es muy adecuada para retirar alimentos que se est\u00e9n cociendo o friendo y sacarlos sin caldo o aceites.<\/p>\n","protected":false},"featured_media":18975,"template":"","meta":{"spay_email":""},"yoast_head":"<!-- This site is optimized with the Yoast SEO plugin v15.9 - https:\/\/yoast.com\/wordpress\/plugins\/seo\/ -->\n<title>Espumadera Alambre Esta\u00f1ado Inox U.P. 18cm. - Comercial de Hosteleria Anma<\/title>\n<meta name=\"description\" content=\"Espumadera Alambre Esta\u00f1ado Inox U.P. | 18cm.| Lacor| Alambre esta\u00f1ado de alta calidad.Perfecta para extraer alimentos de las ollas.\" \/>\n<meta name=\"robots\" content=\"index, follow, max-snippet:-1, max-image-preview:large, max-video-preview:-1\" \/>\n<link rel=\"canonical\" href=\"https:\/\/www.comercialanma.es\/?product=espumadera-alambre-estanado-18\" \/>\n<meta property=\"og:locale\" content=\"es_ES\" \/>\n<meta property=\"og:type\" content=\"article\" \/>\n<meta property=\"og:title\" content=\"Espumadera Alambre Esta\u00f1ado Inox U.P. 18cm. - Comercial de Hosteleria Anma\" \/>\n<meta property=\"og:description\" content=\"Espumadera Alambre Esta\u00f1ado Inox U.P. | 18cm.| Lacor| Alambre esta\u00f1ado de alta calidad.Perfecta para extraer alimentos de las ollas.\" \/>\n<meta property=\"og:url\" content=\"https:\/\/www.comercialanma.es\/?product=espumadera-alambre-estanado-18\" \/>\n<meta property=\"og:site_name\" content=\"Comercial de Hosteleria Anma\" \/>\n<meta property=\"article:publisher\" content=\"https:\/\/www.facebook.com\/AnmaHosteleria\" \/>\n<meta property=\"article:modified_time\" content=\"2021-09-15T09:02:26+00:00\" \/>\n<meta property=\"og:image\" content=\"https:\/\/i0.wp.com\/www.comercialanma.es\/wp-content\/uploads\/2021\/09\/espumadera-alambre-estan\u0303ado-18.jpg?fit=1080%2C1080&#038;ssl=1\" \/>\n\t<meta property=\"og:image:width\" content=\"1080\" \/>\n\t<meta property=\"og:image:height\" content=\"1080\" \/>\n<meta name=\"twitter:card\" content=\"summary_large_image\" \/>\n<meta name=\"twitter:label1\" content=\"Tiempo de lectura\">\n\t<meta name=\"twitter:data1\" content=\"1 minuto\">\n<script type=\"application\/ld+json\" class=\"yoast-schema-graph\">{\"@context\":\"https:\/\/schema.org\",\"@graph\":[{\"@type\":\"Organization\",\"@id\":\"https:\/\/www.comercialanma.es\/#organization\",\"name\":\"Comercial Anma\",\"url\":\"https:\/\/www.comercialanma.es\/\",\"sameAs\":[\"https:\/\/www.facebook.com\/AnmaHosteleria\",\"https:\/\/www.instagram.com\/anmahosteleria\/?hl=es\",\"https:\/\/www.youtube.com\/channel\/UCT2nmn08Ntks0hmpZPnDgCA\"],\"logo\":{\"@type\":\"ImageObject\",\"@id\":\"https:\/\/www.comercialanma.es\/#logo\",\"inLanguage\":\"es\",\"url\":\"https:\/\/i2.wp.com\/www.comercialanma.es\/wp-content\/uploads\/2019\/06\/logo-anma-color.png?fit=247%2C101&ssl=1\",\"width\":247,\"height\":101,\"caption\":\"Comercial Anma\"},\"image\":{\"@id\":\"https:\/\/www.comercialanma.es\/#logo\"}},{\"@type\":\"WebSite\",\"@id\":\"https:\/\/www.comercialanma.es\/#website\",\"url\":\"https:\/\/www.comercialanma.es\/\",\"name\":\"Comercial de Hosteleria Anma\",\"description\":\"\",\"publisher\":{\"@id\":\"https:\/\/www.comercialanma.es\/#organization\"},\"potentialAction\":[{\"@type\":\"SearchAction\",\"target\":\"https:\/\/www.comercialanma.es\/?s={search_term_string}\",\"query-input\":\"required name=search_term_string\"}],\"inLanguage\":\"es\"},{\"@type\":\"ImageObject\",\"@id\":\"https:\/\/www.comercialanma.es\/?product=espumadera-alambre-estanado-18#primaryimage\",\"inLanguage\":\"es\",\"url\":\"https:\/\/i0.wp.com\/www.comercialanma.es\/wp-content\/uploads\/2021\/09\/espumadera-alambre-estan\\u0303ado-18.jpg?fit=1080%2C1080&ssl=1\",\"width\":1080,\"height\":1080},{\"@type\":\"WebPage\",\"@id\":\"https:\/\/www.comercialanma.es\/?product=espumadera-alambre-estanado-18#webpage\",\"url\":\"https:\/\/www.comercialanma.es\/?product=espumadera-alambre-estanado-18\",\"name\":\"Espumadera Alambre Esta\\u00f1ado Inox U.P. 18cm. - Comercial de Hosteleria Anma\",\"isPartOf\":{\"@id\":\"https:\/\/www.comercialanma.es\/#website\"},\"primaryImageOfPage\":{\"@id\":\"https:\/\/www.comercialanma.es\/?product=espumadera-alambre-estanado-18#primaryimage\"},\"datePublished\":\"2021-09-15T08:51:48+00:00\",\"dateModified\":\"2021-09-15T09:02:26+00:00\",\"description\":\"Espumadera Alambre Esta\\u00f1ado Inox U.P. | 18cm.| Lacor| Alambre esta\\u00f1ado de alta calidad.Perfecta para extraer alimentos de las ollas.\",\"breadcrumb\":{\"@id\":\"https:\/\/www.comercialanma.es\/?product=espumadera-alambre-estanado-18#breadcrumb\"},\"inLanguage\":\"es\",\"potentialAction\":[{\"@type\":\"ReadAction\",\"target\":[\"https:\/\/www.comercialanma.es\/?product=espumadera-alambre-estanado-18\"]}]},{\"@type\":\"BreadcrumbList\",\"@id\":\"https:\/\/www.comercialanma.es\/?product=espumadera-alambre-estanado-18#breadcrumb\",\"itemListElement\":[{\"@type\":\"ListItem\",\"position\":1,\"item\":{\"@type\":\"WebPage\",\"@id\":\"https:\/\/www.comercialanma.es\/\",\"url\":\"https:\/\/www.comercialanma.es\/\",\"name\":\"Portada\"}},{\"@type\":\"ListItem\",\"position\":2,\"item\":{\"@type\":\"WebPage\",\"@id\":\"https:\/\/www.comercialanma.es\/?page_id=3963\",\"url\":\"https:\/\/www.comercialanma.es\/?page_id=3963\",\"name\":\"Cat\\u00e1logo de Productos\"}},{\"@type\":\"ListItem\",\"position\":3,\"item\":{\"@type\":\"WebPage\",\"@id\":\"https:\/\/www.comercialanma.es\/?product=espumadera-alambre-estanado-18\",\"url\":\"https:\/\/www.comercialanma.es\/?product=espumadera-alambre-estanado-18\",\"name\":\"Espumadera Alambre Esta\\u00f1ado Inox U.P. 18cm.\"}}]}]}<\/script>\n<!-- \/ Yoast SEO plugin. -->","_links":{"self":[{"href":"https:\/\/www.comercialanma.es\/index.php?rest_route=\/wp\/v2\/product\/18974"}],"collection":[{"href":"https:\/\/www.comercialanma.es\/index.php?rest_route=\/wp\/v2\/product"}],"about":[{"href":"https:\/\/www.comercialanma.es\/index.php?rest_route=\/wp\/v2\/types\/product"}],"version-history":[{"count":2,"href":"https:\/\/www.comercialanma.es\/index.php?rest_route=\/wp\/v2\/product\/18974\/revisions"}],"predecessor-version":[{"id":18979,"href":"https:\/\/www.comercialanma.es\/index.php?rest_route=\/wp\/v2\/product\/18974\/revisions\/18979"}],"wp:featuredmedia":[{"embeddable":true,"href":"https:\/\/www.comercialanma.es\/index.php?rest_route=\/wp\/v2\/media\/18975"}],"wp:attachment":[{"href":"https:\/\/www.comercialanma.es\/index.php?rest_route=%2Fwp%2Fv2%2Fmedia&parent=18974"}],"curies":[{"name":"wp","href":"https:\/\/api.w.org\/{rel}","templated":true}]}}