
{"id":19007,"date":"2021-09-15T16:01:21","date_gmt":"2021-09-15T14:01:21","guid":{"rendered":"https:\/\/www.comercialanma.es\/?post_type=product&#038;p=19007"},"modified":"2021-09-15T16:13:34","modified_gmt":"2021-09-15T14:13:34","slug":"salsera-aladino","status":"publish","type":"product","link":"https:\/\/www.comercialanma.es\/?product=salsera-aladino","title":{"rendered":"Salsera Aladino Inox. 300ml."},"content":{"rendered":"<p>Fabricante: Lacor<\/p>\n<p>Medida\u00a0 300ml.<\/p>\n<p>Material: Acero Inoxidable<\/p>\n","protected":false},"excerpt":{"rendered":"<p>Salsera Aladino | Lacor | 300ml. |<\/p>\n<p>Dentro de su gama de utensilios para servicio de mesa Lacor ofrece esta salsera modelo ALADINO, muy demandada en el mercado por su estilo cl\u00e1sico y gran calidad. Su dise\u00f1o y acabado destacar\u00e1n la presentaci\u00f3n de sus salsas fr\u00edas o calientes con cualquier tipo de vajilla o decoraci\u00f3n de mesa. Es adecuada tanto para hosteler\u00eda como para uso dom\u00e9stico.<\/p>\n","protected":false},"featured_media":19008,"template":"","meta":{"spay_email":""},"yoast_head":"<!-- This site is optimized with the Yoast SEO plugin v15.9 - https:\/\/yoast.com\/wordpress\/plugins\/seo\/ -->\n<title>Salsera Aladino Inox. 300ml. - Comercial de Hosteleria Anma<\/title>\n<meta name=\"description\" content=\"Salsera Aladino | Lacor | 300ml. | Utensilios para servicio de mesa Lacor de estilo cl\u00e1sico y gran calidad.\" \/>\n<meta name=\"robots\" content=\"index, follow, max-snippet:-1, max-image-preview:large, max-video-preview:-1\" \/>\n<link rel=\"canonical\" href=\"https:\/\/www.comercialanma.es\/?product=salsera-aladino\" \/>\n<meta property=\"og:locale\" content=\"es_ES\" \/>\n<meta property=\"og:type\" content=\"article\" \/>\n<meta property=\"og:title\" content=\"Salsera Aladino Inox. 300ml. - Comercial de Hosteleria Anma\" \/>\n<meta property=\"og:description\" content=\"Salsera Aladino | Lacor | 300ml. | Utensilios para servicio de mesa Lacor de estilo cl\u00e1sico y gran calidad.\" \/>\n<meta property=\"og:url\" content=\"https:\/\/www.comercialanma.es\/?product=salsera-aladino\" \/>\n<meta property=\"og:site_name\" content=\"Comercial de Hosteleria Anma\" \/>\n<meta property=\"article:publisher\" content=\"https:\/\/www.facebook.com\/AnmaHosteleria\" \/>\n<meta property=\"article:modified_time\" content=\"2021-09-15T14:13:34+00:00\" \/>\n<meta property=\"og:image\" content=\"https:\/\/i0.wp.com\/www.comercialanma.es\/wp-content\/uploads\/2021\/09\/salsera-aladino-30.jpg?fit=1080%2C1080&#038;ssl=1\" \/>\n\t<meta property=\"og:image:width\" content=\"1080\" \/>\n\t<meta property=\"og:image:height\" content=\"1080\" \/>\n<meta name=\"twitter:card\" content=\"summary_large_image\" \/>\n<meta name=\"twitter:label1\" content=\"Tiempo de lectura\">\n\t<meta name=\"twitter:data1\" content=\"1 minuto\">\n<script type=\"application\/ld+json\" class=\"yoast-schema-graph\">{\"@context\":\"https:\/\/schema.org\",\"@graph\":[{\"@type\":\"Organization\",\"@id\":\"https:\/\/www.comercialanma.es\/#organization\",\"name\":\"Comercial Anma\",\"url\":\"https:\/\/www.comercialanma.es\/\",\"sameAs\":[\"https:\/\/www.facebook.com\/AnmaHosteleria\",\"https:\/\/www.instagram.com\/anmahosteleria\/?hl=es\",\"https:\/\/www.youtube.com\/channel\/UCT2nmn08Ntks0hmpZPnDgCA\"],\"logo\":{\"@type\":\"ImageObject\",\"@id\":\"https:\/\/www.comercialanma.es\/#logo\",\"inLanguage\":\"es\",\"url\":\"https:\/\/i2.wp.com\/www.comercialanma.es\/wp-content\/uploads\/2019\/06\/logo-anma-color.png?fit=247%2C101&ssl=1\",\"width\":247,\"height\":101,\"caption\":\"Comercial Anma\"},\"image\":{\"@id\":\"https:\/\/www.comercialanma.es\/#logo\"}},{\"@type\":\"WebSite\",\"@id\":\"https:\/\/www.comercialanma.es\/#website\",\"url\":\"https:\/\/www.comercialanma.es\/\",\"name\":\"Comercial de Hosteleria Anma\",\"description\":\"\",\"publisher\":{\"@id\":\"https:\/\/www.comercialanma.es\/#organization\"},\"potentialAction\":[{\"@type\":\"SearchAction\",\"target\":\"https:\/\/www.comercialanma.es\/?s={search_term_string}\",\"query-input\":\"required name=search_term_string\"}],\"inLanguage\":\"es\"},{\"@type\":\"ImageObject\",\"@id\":\"https:\/\/www.comercialanma.es\/?product=salsera-aladino#primaryimage\",\"inLanguage\":\"es\",\"url\":\"https:\/\/i0.wp.com\/www.comercialanma.es\/wp-content\/uploads\/2021\/09\/salsera-aladino-30.jpg?fit=1080%2C1080&ssl=1\",\"width\":1080,\"height\":1080},{\"@type\":\"WebPage\",\"@id\":\"https:\/\/www.comercialanma.es\/?product=salsera-aladino#webpage\",\"url\":\"https:\/\/www.comercialanma.es\/?product=salsera-aladino\",\"name\":\"Salsera Aladino Inox. 300ml. - Comercial de Hosteleria Anma\",\"isPartOf\":{\"@id\":\"https:\/\/www.comercialanma.es\/#website\"},\"primaryImageOfPage\":{\"@id\":\"https:\/\/www.comercialanma.es\/?product=salsera-aladino#primaryimage\"},\"datePublished\":\"2021-09-15T14:01:21+00:00\",\"dateModified\":\"2021-09-15T14:13:34+00:00\",\"description\":\"Salsera Aladino | Lacor | 300ml. | Utensilios para servicio de mesa Lacor de estilo cl\\u00e1sico y gran calidad.\",\"breadcrumb\":{\"@id\":\"https:\/\/www.comercialanma.es\/?product=salsera-aladino#breadcrumb\"},\"inLanguage\":\"es\",\"potentialAction\":[{\"@type\":\"ReadAction\",\"target\":[\"https:\/\/www.comercialanma.es\/?product=salsera-aladino\"]}]},{\"@type\":\"BreadcrumbList\",\"@id\":\"https:\/\/www.comercialanma.es\/?product=salsera-aladino#breadcrumb\",\"itemListElement\":[{\"@type\":\"ListItem\",\"position\":1,\"item\":{\"@type\":\"WebPage\",\"@id\":\"https:\/\/www.comercialanma.es\/\",\"url\":\"https:\/\/www.comercialanma.es\/\",\"name\":\"Portada\"}},{\"@type\":\"ListItem\",\"position\":2,\"item\":{\"@type\":\"WebPage\",\"@id\":\"https:\/\/www.comercialanma.es\/?page_id=3963\",\"url\":\"https:\/\/www.comercialanma.es\/?page_id=3963\",\"name\":\"Cat\\u00e1logo de Productos\"}},{\"@type\":\"ListItem\",\"position\":3,\"item\":{\"@type\":\"WebPage\",\"@id\":\"https:\/\/www.comercialanma.es\/?product=salsera-aladino\",\"url\":\"https:\/\/www.comercialanma.es\/?product=salsera-aladino\",\"name\":\"Salsera Aladino Inox. 300ml.\"}}]}]}<\/script>\n<!-- \/ Yoast SEO plugin. -->","_links":{"self":[{"href":"https:\/\/www.comercialanma.es\/index.php?rest_route=\/wp\/v2\/product\/19007"}],"collection":[{"href":"https:\/\/www.comercialanma.es\/index.php?rest_route=\/wp\/v2\/product"}],"about":[{"href":"https:\/\/www.comercialanma.es\/index.php?rest_route=\/wp\/v2\/types\/product"}],"version-history":[{"count":1,"href":"https:\/\/www.comercialanma.es\/index.php?rest_route=\/wp\/v2\/product\/19007\/revisions"}],"predecessor-version":[{"id":19009,"href":"https:\/\/www.comercialanma.es\/index.php?rest_route=\/wp\/v2\/product\/19007\/revisions\/19009"}],"wp:featuredmedia":[{"embeddable":true,"href":"https:\/\/www.comercialanma.es\/index.php?rest_route=\/wp\/v2\/media\/19008"}],"wp:attachment":[{"href":"https:\/\/www.comercialanma.es\/index.php?rest_route=%2Fwp%2Fv2%2Fmedia&parent=19007"}],"curies":[{"name":"wp","href":"https:\/\/api.w.org\/{rel}","templated":true}]}}