
{"id":19051,"date":"2021-09-22T09:42:12","date_gmt":"2021-09-22T07:42:12","guid":{"rendered":"https:\/\/www.comercialanma.es\/?post_type=product&#038;p=19051"},"modified":"2021-09-27T09:33:01","modified_gmt":"2021-09-27T07:33:01","slug":"fundador-solera-sherry-cask","status":"publish","type":"product","link":"https:\/\/www.comercialanma.es\/?product=fundador-solera-sherry-cask","title":{"rendered":"Brandy Fundador solera Sherry Cask 70cl."},"content":{"rendered":"<p>Brandy de Jerez Solera armonioso, con un estilo \u00fanico que no deja indiferente a nadie. Envejecido en Sherry Casks que han contenido previamente vino de Jerez, este Brandy es nuestra \u00faltima apuesta por la categor\u00eda, fruto de la experiencia y la innovaci\u00f3n.<\/p>\n<ul>\n<li>Color: <span class=\"s1\">\u00c1mbar muy brillante.<\/span><\/li>\n<li>Aroma: Muy complejo y equilibrado, con notas de madera noble y vinosidad aportada por las botas empleadas en su envejecimiento.<\/li>\n<li>Sabor: <span class=\"s1\">Armonioso, suave y vinoso. Notable y agradable persistencia.<\/span><\/li>\n<\/ul>\n","protected":false},"excerpt":{"rendered":"<div id=\"info_valoracion\">\n<div>Brandy Fundador solera Sherry Cask | 70cl. |<\/div>\n<div>Brandy de Jerez Solera armonioso, con un estilo \u00fanico que no deja indiferente a nadie.<\/div>\n<\/div>\n<p>&nbsp;<\/p>\n","protected":false},"featured_media":19052,"template":"","meta":{"spay_email":""},"yoast_head":"<!-- This site is optimized with the Yoast SEO plugin v15.9 - https:\/\/yoast.com\/wordpress\/plugins\/seo\/ -->\n<title>Brandy Fundador solera Sherry Cask 70cl. - Comercial de Hosteleria Anma<\/title>\n<meta name=\"description\" content=\"Brandy Fundador solera Sherry Cask | 70cl. | Brandy de Jerez Solera armonioso, con un estilo \u00fanico que no deja indiferente a nadie.\" \/>\n<meta name=\"robots\" content=\"index, follow, max-snippet:-1, max-image-preview:large, max-video-preview:-1\" \/>\n<link rel=\"canonical\" href=\"https:\/\/www.comercialanma.es\/?product=fundador-solera-sherry-cask\" \/>\n<meta property=\"og:locale\" content=\"es_ES\" \/>\n<meta property=\"og:type\" content=\"article\" \/>\n<meta property=\"og:title\" content=\"Brandy Fundador solera Sherry Cask 70cl. - Comercial de Hosteleria Anma\" \/>\n<meta property=\"og:description\" content=\"Brandy Fundador solera Sherry Cask | 70cl. | Brandy de Jerez Solera armonioso, con un estilo \u00fanico que no deja indiferente a nadie.\" \/>\n<meta property=\"og:url\" content=\"https:\/\/www.comercialanma.es\/?product=fundador-solera-sherry-cask\" \/>\n<meta property=\"og:site_name\" content=\"Comercial de Hosteleria Anma\" \/>\n<meta property=\"article:publisher\" content=\"https:\/\/www.facebook.com\/AnmaHosteleria\" \/>\n<meta property=\"article:modified_time\" content=\"2021-09-27T07:33:01+00:00\" \/>\n<meta property=\"og:image\" content=\"https:\/\/i1.wp.com\/www.comercialanma.es\/wp-content\/uploads\/2021\/09\/Brandy-fundador-sherry-cask-21.jpg?fit=1080%2C1080&#038;ssl=1\" \/>\n\t<meta property=\"og:image:width\" content=\"1080\" \/>\n\t<meta property=\"og:image:height\" content=\"1080\" \/>\n<meta name=\"twitter:card\" content=\"summary_large_image\" \/>\n<meta name=\"twitter:label1\" content=\"Tiempo de lectura\">\n\t<meta name=\"twitter:data1\" content=\"1 minuto\">\n<script type=\"application\/ld+json\" class=\"yoast-schema-graph\">{\"@context\":\"https:\/\/schema.org\",\"@graph\":[{\"@type\":\"Organization\",\"@id\":\"https:\/\/www.comercialanma.es\/#organization\",\"name\":\"Comercial Anma\",\"url\":\"https:\/\/www.comercialanma.es\/\",\"sameAs\":[\"https:\/\/www.facebook.com\/AnmaHosteleria\",\"https:\/\/www.instagram.com\/anmahosteleria\/?hl=es\",\"https:\/\/www.youtube.com\/channel\/UCT2nmn08Ntks0hmpZPnDgCA\"],\"logo\":{\"@type\":\"ImageObject\",\"@id\":\"https:\/\/www.comercialanma.es\/#logo\",\"inLanguage\":\"es\",\"url\":\"https:\/\/i2.wp.com\/www.comercialanma.es\/wp-content\/uploads\/2019\/06\/logo-anma-color.png?fit=247%2C101&ssl=1\",\"width\":247,\"height\":101,\"caption\":\"Comercial Anma\"},\"image\":{\"@id\":\"https:\/\/www.comercialanma.es\/#logo\"}},{\"@type\":\"WebSite\",\"@id\":\"https:\/\/www.comercialanma.es\/#website\",\"url\":\"https:\/\/www.comercialanma.es\/\",\"name\":\"Comercial de Hosteleria Anma\",\"description\":\"\",\"publisher\":{\"@id\":\"https:\/\/www.comercialanma.es\/#organization\"},\"potentialAction\":[{\"@type\":\"SearchAction\",\"target\":\"https:\/\/www.comercialanma.es\/?s={search_term_string}\",\"query-input\":\"required name=search_term_string\"}],\"inLanguage\":\"es\"},{\"@type\":\"ImageObject\",\"@id\":\"https:\/\/www.comercialanma.es\/?product=fundador-solera-sherry-cask#primaryimage\",\"inLanguage\":\"es\",\"url\":\"https:\/\/i1.wp.com\/www.comercialanma.es\/wp-content\/uploads\/2021\/09\/Brandy-fundador-sherry-cask-21.jpg?fit=1080%2C1080&ssl=1\",\"width\":1080,\"height\":1080},{\"@type\":\"WebPage\",\"@id\":\"https:\/\/www.comercialanma.es\/?product=fundador-solera-sherry-cask#webpage\",\"url\":\"https:\/\/www.comercialanma.es\/?product=fundador-solera-sherry-cask\",\"name\":\"Brandy Fundador solera Sherry Cask 70cl. - Comercial de Hosteleria Anma\",\"isPartOf\":{\"@id\":\"https:\/\/www.comercialanma.es\/#website\"},\"primaryImageOfPage\":{\"@id\":\"https:\/\/www.comercialanma.es\/?product=fundador-solera-sherry-cask#primaryimage\"},\"datePublished\":\"2021-09-22T07:42:12+00:00\",\"dateModified\":\"2021-09-27T07:33:01+00:00\",\"description\":\"Brandy Fundador solera Sherry Cask | 70cl. | Brandy de Jerez Solera armonioso, con un estilo \\u00fanico que no deja indiferente a nadie.\",\"breadcrumb\":{\"@id\":\"https:\/\/www.comercialanma.es\/?product=fundador-solera-sherry-cask#breadcrumb\"},\"inLanguage\":\"es\",\"potentialAction\":[{\"@type\":\"ReadAction\",\"target\":[\"https:\/\/www.comercialanma.es\/?product=fundador-solera-sherry-cask\"]}]},{\"@type\":\"BreadcrumbList\",\"@id\":\"https:\/\/www.comercialanma.es\/?product=fundador-solera-sherry-cask#breadcrumb\",\"itemListElement\":[{\"@type\":\"ListItem\",\"position\":1,\"item\":{\"@type\":\"WebPage\",\"@id\":\"https:\/\/www.comercialanma.es\/\",\"url\":\"https:\/\/www.comercialanma.es\/\",\"name\":\"Portada\"}},{\"@type\":\"ListItem\",\"position\":2,\"item\":{\"@type\":\"WebPage\",\"@id\":\"https:\/\/www.comercialanma.es\/?page_id=3963\",\"url\":\"https:\/\/www.comercialanma.es\/?page_id=3963\",\"name\":\"Cat\\u00e1logo de Productos\"}},{\"@type\":\"ListItem\",\"position\":3,\"item\":{\"@type\":\"WebPage\",\"@id\":\"https:\/\/www.comercialanma.es\/?product=fundador-solera-sherry-cask\",\"url\":\"https:\/\/www.comercialanma.es\/?product=fundador-solera-sherry-cask\",\"name\":\"Brandy Fundador solera Sherry Cask 70cl.\"}}]}]}<\/script>\n<!-- \/ Yoast SEO plugin. -->","_links":{"self":[{"href":"https:\/\/www.comercialanma.es\/index.php?rest_route=\/wp\/v2\/product\/19051"}],"collection":[{"href":"https:\/\/www.comercialanma.es\/index.php?rest_route=\/wp\/v2\/product"}],"about":[{"href":"https:\/\/www.comercialanma.es\/index.php?rest_route=\/wp\/v2\/types\/product"}],"version-history":[{"count":2,"href":"https:\/\/www.comercialanma.es\/index.php?rest_route=\/wp\/v2\/product\/19051\/revisions"}],"predecessor-version":[{"id":19119,"href":"https:\/\/www.comercialanma.es\/index.php?rest_route=\/wp\/v2\/product\/19051\/revisions\/19119"}],"wp:featuredmedia":[{"embeddable":true,"href":"https:\/\/www.comercialanma.es\/index.php?rest_route=\/wp\/v2\/media\/19052"}],"wp:attachment":[{"href":"https:\/\/www.comercialanma.es\/index.php?rest_route=%2Fwp%2Fv2%2Fmedia&parent=19051"}],"curies":[{"name":"wp","href":"https:\/\/api.w.org\/{rel}","templated":true}]}}