
{"id":19116,"date":"2021-09-23T17:53:15","date_gmt":"2021-09-23T15:53:15","guid":{"rendered":"https:\/\/www.comercialanma.es\/?post_type=product&#038;p=19116"},"modified":"2021-09-23T18:01:43","modified_gmt":"2021-09-23T16:01:43","slug":"mascarpone-spiga-500gr","status":"publish","type":"product","link":"https:\/\/www.comercialanma.es\/?product=mascarpone-spiga-500gr","title":{"rendered":"Mascarpone Spiga 500gr."},"content":{"rendered":"<p>Marca: Spiga<\/p>\n<p>Formato: Tarrina<\/p>\n<p>Cantidad: 500gr.<\/p>\n","protected":false},"excerpt":{"rendered":"<p>Mascarpone Spiga| 500gr. |<\/p>\n<div align=\"left\">El queso mascarpone se obtiene a partir de la crema de leche de vaca (nata) y \u00e1cido c\u00edtrico, con textura cremosa y muy consistente. Tiene su origen en el norte de Italia, en la zona de Lombard\u00eda. Su uso m\u00e1s conocido es para el tiramis\u00fa, tambi\u00e9n se utiliza para recetas tanto dulces como saladas.<\/div>\n<div align=\"left\">El mascarpone es el queso fresco y cremoso que a\u00f1ade el toque final a cualquier plato: tartas, postres y aperitivos.<\/div>\n<p>&nbsp;<\/p>\n","protected":false},"featured_media":19117,"template":"","meta":{"spay_email":""},"yoast_head":"<!-- This site is optimized with the Yoast SEO plugin v15.9 - https:\/\/yoast.com\/wordpress\/plugins\/seo\/ -->\n<title>Mascarpone Spiga 500gr. - Comercial de Hosteleria Anma<\/title>\n<meta name=\"description\" content=\"Mascarpone | 500gr. | El mascarpone es el queso fresco y cremoso que a\u00f1ade el toque final a cualquier plato: tartas, postres y aperitivos.\" \/>\n<meta name=\"robots\" content=\"index, follow, max-snippet:-1, max-image-preview:large, max-video-preview:-1\" \/>\n<link rel=\"canonical\" href=\"https:\/\/www.comercialanma.es\/?product=mascarpone-spiga-500gr\" \/>\n<meta property=\"og:locale\" content=\"es_ES\" \/>\n<meta property=\"og:type\" content=\"article\" \/>\n<meta property=\"og:title\" content=\"Mascarpone Spiga 500gr. - Comercial de Hosteleria Anma\" \/>\n<meta property=\"og:description\" content=\"Mascarpone | 500gr. | El mascarpone es el queso fresco y cremoso que a\u00f1ade el toque final a cualquier plato: tartas, postres y aperitivos.\" \/>\n<meta property=\"og:url\" content=\"https:\/\/www.comercialanma.es\/?product=mascarpone-spiga-500gr\" \/>\n<meta property=\"og:site_name\" content=\"Comercial de Hosteleria Anma\" \/>\n<meta property=\"article:publisher\" content=\"https:\/\/www.facebook.com\/AnmaHosteleria\" \/>\n<meta property=\"article:modified_time\" content=\"2021-09-23T16:01:43+00:00\" \/>\n<meta property=\"og:image\" content=\"https:\/\/i0.wp.com\/www.comercialanma.es\/wp-content\/uploads\/2021\/09\/Mascarpone-spiga-500.jpg?fit=1080%2C1080&#038;ssl=1\" \/>\n\t<meta property=\"og:image:width\" content=\"1080\" \/>\n\t<meta property=\"og:image:height\" content=\"1080\" \/>\n<meta name=\"twitter:card\" content=\"summary_large_image\" \/>\n<meta name=\"twitter:label1\" content=\"Tiempo de lectura\">\n\t<meta name=\"twitter:data1\" content=\"1 minuto\">\n<script type=\"application\/ld+json\" class=\"yoast-schema-graph\">{\"@context\":\"https:\/\/schema.org\",\"@graph\":[{\"@type\":\"Organization\",\"@id\":\"https:\/\/www.comercialanma.es\/#organization\",\"name\":\"Comercial Anma\",\"url\":\"https:\/\/www.comercialanma.es\/\",\"sameAs\":[\"https:\/\/www.facebook.com\/AnmaHosteleria\",\"https:\/\/www.instagram.com\/anmahosteleria\/?hl=es\",\"https:\/\/www.youtube.com\/channel\/UCT2nmn08Ntks0hmpZPnDgCA\"],\"logo\":{\"@type\":\"ImageObject\",\"@id\":\"https:\/\/www.comercialanma.es\/#logo\",\"inLanguage\":\"es\",\"url\":\"https:\/\/i2.wp.com\/www.comercialanma.es\/wp-content\/uploads\/2019\/06\/logo-anma-color.png?fit=247%2C101&ssl=1\",\"width\":247,\"height\":101,\"caption\":\"Comercial Anma\"},\"image\":{\"@id\":\"https:\/\/www.comercialanma.es\/#logo\"}},{\"@type\":\"WebSite\",\"@id\":\"https:\/\/www.comercialanma.es\/#website\",\"url\":\"https:\/\/www.comercialanma.es\/\",\"name\":\"Comercial de Hosteleria Anma\",\"description\":\"\",\"publisher\":{\"@id\":\"https:\/\/www.comercialanma.es\/#organization\"},\"potentialAction\":[{\"@type\":\"SearchAction\",\"target\":\"https:\/\/www.comercialanma.es\/?s={search_term_string}\",\"query-input\":\"required name=search_term_string\"}],\"inLanguage\":\"es\"},{\"@type\":\"ImageObject\",\"@id\":\"https:\/\/www.comercialanma.es\/?product=mascarpone-spiga-500gr#primaryimage\",\"inLanguage\":\"es\",\"url\":\"https:\/\/i0.wp.com\/www.comercialanma.es\/wp-content\/uploads\/2021\/09\/Mascarpone-spiga-500.jpg?fit=1080%2C1080&ssl=1\",\"width\":1080,\"height\":1080},{\"@type\":\"WebPage\",\"@id\":\"https:\/\/www.comercialanma.es\/?product=mascarpone-spiga-500gr#webpage\",\"url\":\"https:\/\/www.comercialanma.es\/?product=mascarpone-spiga-500gr\",\"name\":\"Mascarpone Spiga 500gr. - Comercial de Hosteleria Anma\",\"isPartOf\":{\"@id\":\"https:\/\/www.comercialanma.es\/#website\"},\"primaryImageOfPage\":{\"@id\":\"https:\/\/www.comercialanma.es\/?product=mascarpone-spiga-500gr#primaryimage\"},\"datePublished\":\"2021-09-23T15:53:15+00:00\",\"dateModified\":\"2021-09-23T16:01:43+00:00\",\"description\":\"Mascarpone | 500gr. | El mascarpone es el queso fresco y cremoso que a\\u00f1ade el toque final a cualquier plato: tartas, postres y aperitivos.\",\"breadcrumb\":{\"@id\":\"https:\/\/www.comercialanma.es\/?product=mascarpone-spiga-500gr#breadcrumb\"},\"inLanguage\":\"es\",\"potentialAction\":[{\"@type\":\"ReadAction\",\"target\":[\"https:\/\/www.comercialanma.es\/?product=mascarpone-spiga-500gr\"]}]},{\"@type\":\"BreadcrumbList\",\"@id\":\"https:\/\/www.comercialanma.es\/?product=mascarpone-spiga-500gr#breadcrumb\",\"itemListElement\":[{\"@type\":\"ListItem\",\"position\":1,\"item\":{\"@type\":\"WebPage\",\"@id\":\"https:\/\/www.comercialanma.es\/\",\"url\":\"https:\/\/www.comercialanma.es\/\",\"name\":\"Portada\"}},{\"@type\":\"ListItem\",\"position\":2,\"item\":{\"@type\":\"WebPage\",\"@id\":\"https:\/\/www.comercialanma.es\/?page_id=3963\",\"url\":\"https:\/\/www.comercialanma.es\/?page_id=3963\",\"name\":\"Cat\\u00e1logo de Productos\"}},{\"@type\":\"ListItem\",\"position\":3,\"item\":{\"@type\":\"WebPage\",\"@id\":\"https:\/\/www.comercialanma.es\/?product=mascarpone-spiga-500gr\",\"url\":\"https:\/\/www.comercialanma.es\/?product=mascarpone-spiga-500gr\",\"name\":\"Mascarpone Spiga 500gr.\"}}]}]}<\/script>\n<!-- \/ Yoast SEO plugin. -->","_links":{"self":[{"href":"https:\/\/www.comercialanma.es\/index.php?rest_route=\/wp\/v2\/product\/19116"}],"collection":[{"href":"https:\/\/www.comercialanma.es\/index.php?rest_route=\/wp\/v2\/product"}],"about":[{"href":"https:\/\/www.comercialanma.es\/index.php?rest_route=\/wp\/v2\/types\/product"}],"version-history":[{"count":1,"href":"https:\/\/www.comercialanma.es\/index.php?rest_route=\/wp\/v2\/product\/19116\/revisions"}],"predecessor-version":[{"id":19118,"href":"https:\/\/www.comercialanma.es\/index.php?rest_route=\/wp\/v2\/product\/19116\/revisions\/19118"}],"wp:featuredmedia":[{"embeddable":true,"href":"https:\/\/www.comercialanma.es\/index.php?rest_route=\/wp\/v2\/media\/19117"}],"wp:attachment":[{"href":"https:\/\/www.comercialanma.es\/index.php?rest_route=%2Fwp%2Fv2%2Fmedia&parent=19116"}],"curies":[{"name":"wp","href":"https:\/\/api.w.org\/{rel}","templated":true}]}}