
{"id":19178,"date":"2021-09-29T15:41:24","date_gmt":"2021-09-29T13:41:24","guid":{"rendered":"https:\/\/www.comercialanma.es\/?post_type=product&#038;p=19178"},"modified":"2022-01-24T17:46:11","modified_gmt":"2022-01-24T16:46:11","slug":"pasta-de-oliva-kalamata-1kg","status":"publish","type":"product","link":"https:\/\/www.comercialanma.es\/?product=pasta-de-oliva-kalamata-1kg","title":{"rendered":"Pasta de oliva negra Kalamata iliada 1Kg."},"content":{"rendered":"<p>Ingredientes: Olivas de Kalamata, Hierbas, Or\u00e9gano, Ajos, Aceite de oliva extra virgen.<\/p>\n","protected":false},"excerpt":{"rendered":"<p>Pasta de oliva Kalamata iliada | 135gr. |<\/p>\n<p>Esta variedad es de excelente calidad, su nombre proviene del \u00e1rea de la cual es originaria, concretamente de la regi\u00f3n que rodea la ciudad de Kalamata en el sudeste del Peloponesio. Esta es la segunda variedad m\u00e1s importante, utilizada en la producci\u00f3n de olivas griegas de mesa, alcanzando valores entre el 15-25% del total de la producci\u00f3n. Hoy en d\u00eda las mejores plantaciones de olivas de Kalamata se han establecido en muchas regiones, principalmente, en la zona Central de Grecia.<\/p>\n","protected":false},"featured_media":19179,"template":"","meta":{"spay_email":""},"yoast_head":"<!-- This site is optimized with the Yoast SEO plugin v15.9 - https:\/\/yoast.com\/wordpress\/plugins\/seo\/ -->\n<title>Pasta de oliva negra Kalamata iliada 1Kg. - Comercial de Hosteleria Anma<\/title>\n<meta name=\"description\" content=\"Pasta de oliva Kalamata iliada | 1kg. | Esta variedad es de excelente calidad, su nombre proviene del \u00e1rea de la cual es originaria.\" \/>\n<meta name=\"robots\" content=\"index, follow, max-snippet:-1, max-image-preview:large, max-video-preview:-1\" \/>\n<link rel=\"canonical\" href=\"https:\/\/www.comercialanma.es\/?product=pasta-de-oliva-kalamata-1kg\" \/>\n<meta property=\"og:locale\" content=\"es_ES\" \/>\n<meta property=\"og:type\" content=\"article\" \/>\n<meta property=\"og:title\" content=\"Pasta de oliva negra Kalamata iliada 1Kg. - Comercial de Hosteleria Anma\" \/>\n<meta property=\"og:description\" content=\"Pasta de oliva Kalamata iliada | 1kg. | Esta variedad es de excelente calidad, su nombre proviene del \u00e1rea de la cual es originaria.\" \/>\n<meta property=\"og:url\" content=\"https:\/\/www.comercialanma.es\/?product=pasta-de-oliva-kalamata-1kg\" \/>\n<meta property=\"og:site_name\" content=\"Comercial de Hosteleria Anma\" \/>\n<meta property=\"article:publisher\" content=\"https:\/\/www.facebook.com\/AnmaHosteleria\" \/>\n<meta property=\"article:modified_time\" content=\"2022-01-24T16:46:11+00:00\" \/>\n<meta property=\"og:image\" content=\"https:\/\/i1.wp.com\/www.comercialanma.es\/wp-content\/uploads\/2021\/09\/pasta-de-oliva-kalamata-negra-1kg.jpg?fit=1080%2C1080&#038;ssl=1\" \/>\n\t<meta property=\"og:image:width\" content=\"1080\" \/>\n\t<meta property=\"og:image:height\" content=\"1080\" \/>\n<meta name=\"twitter:card\" content=\"summary_large_image\" \/>\n<meta name=\"twitter:label1\" content=\"Tiempo de lectura\">\n\t<meta name=\"twitter:data1\" content=\"1 minuto\">\n<script type=\"application\/ld+json\" class=\"yoast-schema-graph\">{\"@context\":\"https:\/\/schema.org\",\"@graph\":[{\"@type\":\"Organization\",\"@id\":\"https:\/\/www.comercialanma.es\/#organization\",\"name\":\"Comercial Anma\",\"url\":\"https:\/\/www.comercialanma.es\/\",\"sameAs\":[\"https:\/\/www.facebook.com\/AnmaHosteleria\",\"https:\/\/www.instagram.com\/anmahosteleria\/?hl=es\",\"https:\/\/www.youtube.com\/channel\/UCT2nmn08Ntks0hmpZPnDgCA\"],\"logo\":{\"@type\":\"ImageObject\",\"@id\":\"https:\/\/www.comercialanma.es\/#logo\",\"inLanguage\":\"es\",\"url\":\"https:\/\/i2.wp.com\/www.comercialanma.es\/wp-content\/uploads\/2019\/06\/logo-anma-color.png?fit=247%2C101&ssl=1\",\"width\":247,\"height\":101,\"caption\":\"Comercial Anma\"},\"image\":{\"@id\":\"https:\/\/www.comercialanma.es\/#logo\"}},{\"@type\":\"WebSite\",\"@id\":\"https:\/\/www.comercialanma.es\/#website\",\"url\":\"https:\/\/www.comercialanma.es\/\",\"name\":\"Comercial de Hosteleria Anma\",\"description\":\"\",\"publisher\":{\"@id\":\"https:\/\/www.comercialanma.es\/#organization\"},\"potentialAction\":[{\"@type\":\"SearchAction\",\"target\":\"https:\/\/www.comercialanma.es\/?s={search_term_string}\",\"query-input\":\"required name=search_term_string\"}],\"inLanguage\":\"es\"},{\"@type\":\"ImageObject\",\"@id\":\"https:\/\/www.comercialanma.es\/?product=pasta-de-oliva-kalamata-1kg#primaryimage\",\"inLanguage\":\"es\",\"url\":\"https:\/\/i1.wp.com\/www.comercialanma.es\/wp-content\/uploads\/2021\/09\/pasta-de-oliva-kalamata-negra-1kg.jpg?fit=1080%2C1080&ssl=1\",\"width\":1080,\"height\":1080},{\"@type\":\"WebPage\",\"@id\":\"https:\/\/www.comercialanma.es\/?product=pasta-de-oliva-kalamata-1kg#webpage\",\"url\":\"https:\/\/www.comercialanma.es\/?product=pasta-de-oliva-kalamata-1kg\",\"name\":\"Pasta de oliva negra Kalamata iliada 1Kg. - Comercial de Hosteleria Anma\",\"isPartOf\":{\"@id\":\"https:\/\/www.comercialanma.es\/#website\"},\"primaryImageOfPage\":{\"@id\":\"https:\/\/www.comercialanma.es\/?product=pasta-de-oliva-kalamata-1kg#primaryimage\"},\"datePublished\":\"2021-09-29T13:41:24+00:00\",\"dateModified\":\"2022-01-24T16:46:11+00:00\",\"description\":\"Pasta de oliva Kalamata iliada | 1kg. | Esta variedad es de excelente calidad, su nombre proviene del \\u00e1rea de la cual es originaria.\",\"breadcrumb\":{\"@id\":\"https:\/\/www.comercialanma.es\/?product=pasta-de-oliva-kalamata-1kg#breadcrumb\"},\"inLanguage\":\"es\",\"potentialAction\":[{\"@type\":\"ReadAction\",\"target\":[\"https:\/\/www.comercialanma.es\/?product=pasta-de-oliva-kalamata-1kg\"]}]},{\"@type\":\"BreadcrumbList\",\"@id\":\"https:\/\/www.comercialanma.es\/?product=pasta-de-oliva-kalamata-1kg#breadcrumb\",\"itemListElement\":[{\"@type\":\"ListItem\",\"position\":1,\"item\":{\"@type\":\"WebPage\",\"@id\":\"https:\/\/www.comercialanma.es\/\",\"url\":\"https:\/\/www.comercialanma.es\/\",\"name\":\"Portada\"}},{\"@type\":\"ListItem\",\"position\":2,\"item\":{\"@type\":\"WebPage\",\"@id\":\"https:\/\/www.comercialanma.es\/?page_id=3963\",\"url\":\"https:\/\/www.comercialanma.es\/?page_id=3963\",\"name\":\"Cat\\u00e1logo de Productos\"}},{\"@type\":\"ListItem\",\"position\":3,\"item\":{\"@type\":\"WebPage\",\"@id\":\"https:\/\/www.comercialanma.es\/?product=pasta-de-oliva-kalamata-1kg\",\"url\":\"https:\/\/www.comercialanma.es\/?product=pasta-de-oliva-kalamata-1kg\",\"name\":\"Pasta de oliva negra Kalamata iliada 1Kg.\"}}]}]}<\/script>\n<!-- \/ Yoast SEO plugin. -->","_links":{"self":[{"href":"https:\/\/www.comercialanma.es\/index.php?rest_route=\/wp\/v2\/product\/19178"}],"collection":[{"href":"https:\/\/www.comercialanma.es\/index.php?rest_route=\/wp\/v2\/product"}],"about":[{"href":"https:\/\/www.comercialanma.es\/index.php?rest_route=\/wp\/v2\/types\/product"}],"version-history":[{"count":1,"href":"https:\/\/www.comercialanma.es\/index.php?rest_route=\/wp\/v2\/product\/19178\/revisions"}],"predecessor-version":[{"id":19180,"href":"https:\/\/www.comercialanma.es\/index.php?rest_route=\/wp\/v2\/product\/19178\/revisions\/19180"}],"wp:featuredmedia":[{"embeddable":true,"href":"https:\/\/www.comercialanma.es\/index.php?rest_route=\/wp\/v2\/media\/19179"}],"wp:attachment":[{"href":"https:\/\/www.comercialanma.es\/index.php?rest_route=%2Fwp%2Fv2%2Fmedia&parent=19178"}],"curies":[{"name":"wp","href":"https:\/\/api.w.org\/{rel}","templated":true}]}}