
{"id":19225,"date":"2021-09-30T15:56:25","date_gmt":"2021-09-30T13:56:25","guid":{"rendered":"https:\/\/www.comercialanma.es\/?post_type=product&#038;p=19225"},"modified":"2021-09-30T16:21:10","modified_gmt":"2021-09-30T14:21:10","slug":"trio-de-hoummus-receta-libanesa-210gr","status":"publish","type":"product","link":"https:\/\/www.comercialanma.es\/?product=trio-de-hoummus-receta-libanesa-210gr","title":{"rendered":"Tr\u00edo de hoummus receta libanesa 210gr."},"content":{"rendered":"<div class=\"et_pb_module et_pb_text et_pb_text_2 et_pb_text_align_left et_pb_bg_layout_light\">\n<div class=\"et_pb_text_inner\">\n<h3>Ingredientes<\/h3>\n<\/div>\n<\/div>\n<p>Garbanzos 50%, agua, aceite vegetal, s\u00e9samo 4%, Tomate concentrado, chili ( pimiento rojo, sal, vinagre, agua, fibra de lim\u00f3n ) 1%, sal, ajos, albahaca, pimienta de cayena, or\u00e9gano, comino, espesante (E415, E412), Acidificante: (E270, E260, E330), conservante (E202, E211).<\/p>\n<p>&nbsp;<\/p>\n","protected":false},"excerpt":{"rendered":"<p>Tr\u00edo de hoummus receta libanesa, con albahaca y tomate con chile. ( envase 210gr.)<\/p>\n<p>Mantener a una temperatura de 4\u00ba a 6\u00ba.<\/p>\n","protected":false},"featured_media":19226,"template":"","meta":{"spay_email":""},"yoast_head":"<!-- This site is optimized with the Yoast SEO plugin v15.9 - https:\/\/yoast.com\/wordpress\/plugins\/seo\/ -->\n<title>Tr\u00edo de hoummus receta libanesa 210gr. - Comercial de Hosteleria Anma<\/title>\n<meta name=\"description\" content=\"Tr\u00edo de hoummus receta libanesa, con albahaca y tomate con chile. ( envase 210gr.) Mantener a una temperatura de 4\u00ba a 6\u00ba.\" \/>\n<meta name=\"robots\" content=\"index, follow, max-snippet:-1, max-image-preview:large, max-video-preview:-1\" \/>\n<link rel=\"canonical\" href=\"https:\/\/www.comercialanma.es\/?product=trio-de-hoummus-receta-libanesa-210gr\" \/>\n<meta property=\"og:locale\" content=\"es_ES\" \/>\n<meta property=\"og:type\" content=\"article\" \/>\n<meta property=\"og:title\" content=\"Tr\u00edo de hoummus receta libanesa 210gr. - Comercial de Hosteleria Anma\" \/>\n<meta property=\"og:description\" content=\"Tr\u00edo de hoummus receta libanesa, con albahaca y tomate con chile. ( envase 210gr.) Mantener a una temperatura de 4\u00ba a 6\u00ba.\" \/>\n<meta property=\"og:url\" content=\"https:\/\/www.comercialanma.es\/?product=trio-de-hoummus-receta-libanesa-210gr\" \/>\n<meta property=\"og:site_name\" content=\"Comercial de Hosteleria Anma\" \/>\n<meta property=\"article:publisher\" content=\"https:\/\/www.facebook.com\/AnmaHosteleria\" \/>\n<meta property=\"article:modified_time\" content=\"2021-09-30T14:21:10+00:00\" \/>\n<meta property=\"og:image\" content=\"https:\/\/i1.wp.com\/www.comercialanma.es\/wp-content\/uploads\/2021\/09\/Trio-de-Hoummus-receta-libanesa.jpg?fit=1080%2C1080&#038;ssl=1\" \/>\n\t<meta property=\"og:image:width\" content=\"1080\" \/>\n\t<meta property=\"og:image:height\" content=\"1080\" \/>\n<meta name=\"twitter:card\" content=\"summary_large_image\" \/>\n<meta name=\"twitter:label1\" content=\"Tiempo de lectura\">\n\t<meta name=\"twitter:data1\" content=\"1 minuto\">\n<script type=\"application\/ld+json\" class=\"yoast-schema-graph\">{\"@context\":\"https:\/\/schema.org\",\"@graph\":[{\"@type\":\"Organization\",\"@id\":\"https:\/\/www.comercialanma.es\/#organization\",\"name\":\"Comercial Anma\",\"url\":\"https:\/\/www.comercialanma.es\/\",\"sameAs\":[\"https:\/\/www.facebook.com\/AnmaHosteleria\",\"https:\/\/www.instagram.com\/anmahosteleria\/?hl=es\",\"https:\/\/www.youtube.com\/channel\/UCT2nmn08Ntks0hmpZPnDgCA\"],\"logo\":{\"@type\":\"ImageObject\",\"@id\":\"https:\/\/www.comercialanma.es\/#logo\",\"inLanguage\":\"es\",\"url\":\"https:\/\/i2.wp.com\/www.comercialanma.es\/wp-content\/uploads\/2019\/06\/logo-anma-color.png?fit=247%2C101&ssl=1\",\"width\":247,\"height\":101,\"caption\":\"Comercial Anma\"},\"image\":{\"@id\":\"https:\/\/www.comercialanma.es\/#logo\"}},{\"@type\":\"WebSite\",\"@id\":\"https:\/\/www.comercialanma.es\/#website\",\"url\":\"https:\/\/www.comercialanma.es\/\",\"name\":\"Comercial de Hosteleria Anma\",\"description\":\"\",\"publisher\":{\"@id\":\"https:\/\/www.comercialanma.es\/#organization\"},\"potentialAction\":[{\"@type\":\"SearchAction\",\"target\":\"https:\/\/www.comercialanma.es\/?s={search_term_string}\",\"query-input\":\"required name=search_term_string\"}],\"inLanguage\":\"es\"},{\"@type\":\"ImageObject\",\"@id\":\"https:\/\/www.comercialanma.es\/?product=trio-de-hoummus-receta-libanesa-210gr#primaryimage\",\"inLanguage\":\"es\",\"url\":\"https:\/\/i1.wp.com\/www.comercialanma.es\/wp-content\/uploads\/2021\/09\/Trio-de-Hoummus-receta-libanesa.jpg?fit=1080%2C1080&ssl=1\",\"width\":1080,\"height\":1080},{\"@type\":\"WebPage\",\"@id\":\"https:\/\/www.comercialanma.es\/?product=trio-de-hoummus-receta-libanesa-210gr#webpage\",\"url\":\"https:\/\/www.comercialanma.es\/?product=trio-de-hoummus-receta-libanesa-210gr\",\"name\":\"Tr\\u00edo de hoummus receta libanesa 210gr. - Comercial de Hosteleria Anma\",\"isPartOf\":{\"@id\":\"https:\/\/www.comercialanma.es\/#website\"},\"primaryImageOfPage\":{\"@id\":\"https:\/\/www.comercialanma.es\/?product=trio-de-hoummus-receta-libanesa-210gr#primaryimage\"},\"datePublished\":\"2021-09-30T13:56:25+00:00\",\"dateModified\":\"2021-09-30T14:21:10+00:00\",\"description\":\"Tr\\u00edo de hoummus receta libanesa, con albahaca y tomate con chile. ( envase 210gr.) Mantener a una temperatura de 4\\u00ba a 6\\u00ba.\",\"breadcrumb\":{\"@id\":\"https:\/\/www.comercialanma.es\/?product=trio-de-hoummus-receta-libanesa-210gr#breadcrumb\"},\"inLanguage\":\"es\",\"potentialAction\":[{\"@type\":\"ReadAction\",\"target\":[\"https:\/\/www.comercialanma.es\/?product=trio-de-hoummus-receta-libanesa-210gr\"]}]},{\"@type\":\"BreadcrumbList\",\"@id\":\"https:\/\/www.comercialanma.es\/?product=trio-de-hoummus-receta-libanesa-210gr#breadcrumb\",\"itemListElement\":[{\"@type\":\"ListItem\",\"position\":1,\"item\":{\"@type\":\"WebPage\",\"@id\":\"https:\/\/www.comercialanma.es\/\",\"url\":\"https:\/\/www.comercialanma.es\/\",\"name\":\"Portada\"}},{\"@type\":\"ListItem\",\"position\":2,\"item\":{\"@type\":\"WebPage\",\"@id\":\"https:\/\/www.comercialanma.es\/?page_id=3963\",\"url\":\"https:\/\/www.comercialanma.es\/?page_id=3963\",\"name\":\"Cat\\u00e1logo de Productos\"}},{\"@type\":\"ListItem\",\"position\":3,\"item\":{\"@type\":\"WebPage\",\"@id\":\"https:\/\/www.comercialanma.es\/?product=trio-de-hoummus-receta-libanesa-210gr\",\"url\":\"https:\/\/www.comercialanma.es\/?product=trio-de-hoummus-receta-libanesa-210gr\",\"name\":\"Tr\\u00edo de hoummus receta libanesa 210gr.\"}}]}]}<\/script>\n<!-- \/ Yoast SEO plugin. -->","_links":{"self":[{"href":"https:\/\/www.comercialanma.es\/index.php?rest_route=\/wp\/v2\/product\/19225"}],"collection":[{"href":"https:\/\/www.comercialanma.es\/index.php?rest_route=\/wp\/v2\/product"}],"about":[{"href":"https:\/\/www.comercialanma.es\/index.php?rest_route=\/wp\/v2\/types\/product"}],"version-history":[{"count":1,"href":"https:\/\/www.comercialanma.es\/index.php?rest_route=\/wp\/v2\/product\/19225\/revisions"}],"predecessor-version":[{"id":19227,"href":"https:\/\/www.comercialanma.es\/index.php?rest_route=\/wp\/v2\/product\/19225\/revisions\/19227"}],"wp:featuredmedia":[{"embeddable":true,"href":"https:\/\/www.comercialanma.es\/index.php?rest_route=\/wp\/v2\/media\/19226"}],"wp:attachment":[{"href":"https:\/\/www.comercialanma.es\/index.php?rest_route=%2Fwp%2Fv2%2Fmedia&parent=19225"}],"curies":[{"name":"wp","href":"https:\/\/api.w.org\/{rel}","templated":true}]}}