
{"id":19247,"date":"2021-10-01T10:51:55","date_gmt":"2021-10-01T08:51:55","guid":{"rendered":"https:\/\/www.comercialanma.es\/?post_type=product&#038;p=19247"},"modified":"2021-10-01T10:58:50","modified_gmt":"2021-10-01T08:58:50","slug":"camino-de-mesa-lacor","status":"publish","type":"product","link":"https:\/\/www.comercialanma.es\/?product=camino-de-mesa-lacor","title":{"rendered":"Camino de mesa Lacor 40X140cm."},"content":{"rendered":"<p>Fabricante: Lacor<\/p>\n<p>Fabricado en 75% PVC y 25% polyester.<\/p>\n<p>Medidas: 40&#215;140 cm<\/p>\n","protected":false},"excerpt":{"rendered":"<p>Camino de mesa | Lacor | 40x140cm |<\/p>\n<p>Lacor completa la colecci\u00f3n de manteles con una nueva colecci\u00f3n de caminos de mesa. Perfectos para vestir las mesas de restaurantes, cafeter\u00edas y hasta el propio hogar. Altamente resistentes a temperaturas altas y aislantes del calor, protegiendo asi la super cie de la mesa. Antideslizantes, duraderos y lavables, perfectos para usos prolongados. Se colocan f\u00e1cilmente. Comb\u00ednalos y crea una decoraci\u00f3n \u00fanica en tu mesa.<\/p>\n","protected":false},"featured_media":19248,"template":"","meta":{"spay_email":""},"yoast_head":"<!-- This site is optimized with the Yoast SEO plugin v15.9 - https:\/\/yoast.com\/wordpress\/plugins\/seo\/ -->\n<title>Camino de mesa Lacor 40X140cm. - Comercial de Hosteleria Anma<\/title>\n<meta name=\"description\" content=\"Camino de mesa | Lacor | 40x140cm | | Lacor | 40X140cm | Fabricado con un 75% de PVC y 25% de Poli\u00e9ster. Limpieza con esponja, bayeta h\u00fameda.\" \/>\n<meta name=\"robots\" content=\"index, follow, max-snippet:-1, max-image-preview:large, max-video-preview:-1\" \/>\n<link rel=\"canonical\" href=\"https:\/\/www.comercialanma.es\/?product=camino-de-mesa-lacor\" \/>\n<meta property=\"og:locale\" content=\"es_ES\" \/>\n<meta property=\"og:type\" content=\"article\" \/>\n<meta property=\"og:title\" content=\"Camino de mesa Lacor 40X140cm. - Comercial de Hosteleria Anma\" \/>\n<meta property=\"og:description\" content=\"Camino de mesa | Lacor | 40x140cm | | Lacor | 40X140cm | Fabricado con un 75% de PVC y 25% de Poli\u00e9ster. Limpieza con esponja, bayeta h\u00fameda.\" \/>\n<meta property=\"og:url\" content=\"https:\/\/www.comercialanma.es\/?product=camino-de-mesa-lacor\" \/>\n<meta property=\"og:site_name\" content=\"Comercial de Hosteleria Anma\" \/>\n<meta property=\"article:publisher\" content=\"https:\/\/www.facebook.com\/AnmaHosteleria\" \/>\n<meta property=\"article:modified_time\" content=\"2021-10-01T08:58:50+00:00\" \/>\n<meta property=\"og:image\" content=\"https:\/\/i0.wp.com\/www.comercialanma.es\/wp-content\/uploads\/2021\/10\/camino-de-mesa-lacor-40x140-1.jpg?fit=1080%2C1080&#038;ssl=1\" \/>\n\t<meta property=\"og:image:width\" content=\"1080\" \/>\n\t<meta property=\"og:image:height\" content=\"1080\" \/>\n<meta name=\"twitter:card\" content=\"summary_large_image\" \/>\n<meta name=\"twitter:label1\" content=\"Tiempo de lectura\">\n\t<meta name=\"twitter:data1\" content=\"1 minuto\">\n<script type=\"application\/ld+json\" class=\"yoast-schema-graph\">{\"@context\":\"https:\/\/schema.org\",\"@graph\":[{\"@type\":\"Organization\",\"@id\":\"https:\/\/www.comercialanma.es\/#organization\",\"name\":\"Comercial Anma\",\"url\":\"https:\/\/www.comercialanma.es\/\",\"sameAs\":[\"https:\/\/www.facebook.com\/AnmaHosteleria\",\"https:\/\/www.instagram.com\/anmahosteleria\/?hl=es\",\"https:\/\/www.youtube.com\/channel\/UCT2nmn08Ntks0hmpZPnDgCA\"],\"logo\":{\"@type\":\"ImageObject\",\"@id\":\"https:\/\/www.comercialanma.es\/#logo\",\"inLanguage\":\"es\",\"url\":\"https:\/\/i2.wp.com\/www.comercialanma.es\/wp-content\/uploads\/2019\/06\/logo-anma-color.png?fit=247%2C101&ssl=1\",\"width\":247,\"height\":101,\"caption\":\"Comercial Anma\"},\"image\":{\"@id\":\"https:\/\/www.comercialanma.es\/#logo\"}},{\"@type\":\"WebSite\",\"@id\":\"https:\/\/www.comercialanma.es\/#website\",\"url\":\"https:\/\/www.comercialanma.es\/\",\"name\":\"Comercial de Hosteleria Anma\",\"description\":\"\",\"publisher\":{\"@id\":\"https:\/\/www.comercialanma.es\/#organization\"},\"potentialAction\":[{\"@type\":\"SearchAction\",\"target\":\"https:\/\/www.comercialanma.es\/?s={search_term_string}\",\"query-input\":\"required name=search_term_string\"}],\"inLanguage\":\"es\"},{\"@type\":\"ImageObject\",\"@id\":\"https:\/\/www.comercialanma.es\/?product=camino-de-mesa-lacor#primaryimage\",\"inLanguage\":\"es\",\"url\":\"https:\/\/i0.wp.com\/www.comercialanma.es\/wp-content\/uploads\/2021\/10\/camino-de-mesa-lacor-40x140-1.jpg?fit=1080%2C1080&ssl=1\",\"width\":1080,\"height\":1080},{\"@type\":\"WebPage\",\"@id\":\"https:\/\/www.comercialanma.es\/?product=camino-de-mesa-lacor#webpage\",\"url\":\"https:\/\/www.comercialanma.es\/?product=camino-de-mesa-lacor\",\"name\":\"Camino de mesa Lacor 40X140cm. - Comercial de Hosteleria Anma\",\"isPartOf\":{\"@id\":\"https:\/\/www.comercialanma.es\/#website\"},\"primaryImageOfPage\":{\"@id\":\"https:\/\/www.comercialanma.es\/?product=camino-de-mesa-lacor#primaryimage\"},\"datePublished\":\"2021-10-01T08:51:55+00:00\",\"dateModified\":\"2021-10-01T08:58:50+00:00\",\"description\":\"Camino de mesa | Lacor | 40x140cm | | Lacor | 40X140cm | Fabricado con un 75% de PVC y 25% de Poli\\u00e9ster. Limpieza con esponja, bayeta h\\u00fameda.\",\"breadcrumb\":{\"@id\":\"https:\/\/www.comercialanma.es\/?product=camino-de-mesa-lacor#breadcrumb\"},\"inLanguage\":\"es\",\"potentialAction\":[{\"@type\":\"ReadAction\",\"target\":[\"https:\/\/www.comercialanma.es\/?product=camino-de-mesa-lacor\"]}]},{\"@type\":\"BreadcrumbList\",\"@id\":\"https:\/\/www.comercialanma.es\/?product=camino-de-mesa-lacor#breadcrumb\",\"itemListElement\":[{\"@type\":\"ListItem\",\"position\":1,\"item\":{\"@type\":\"WebPage\",\"@id\":\"https:\/\/www.comercialanma.es\/\",\"url\":\"https:\/\/www.comercialanma.es\/\",\"name\":\"Portada\"}},{\"@type\":\"ListItem\",\"position\":2,\"item\":{\"@type\":\"WebPage\",\"@id\":\"https:\/\/www.comercialanma.es\/?page_id=3963\",\"url\":\"https:\/\/www.comercialanma.es\/?page_id=3963\",\"name\":\"Cat\\u00e1logo de Productos\"}},{\"@type\":\"ListItem\",\"position\":3,\"item\":{\"@type\":\"WebPage\",\"@id\":\"https:\/\/www.comercialanma.es\/?product=camino-de-mesa-lacor\",\"url\":\"https:\/\/www.comercialanma.es\/?product=camino-de-mesa-lacor\",\"name\":\"Camino de mesa Lacor 40X140cm.\"}}]}]}<\/script>\n<!-- \/ Yoast SEO plugin. -->","_links":{"self":[{"href":"https:\/\/www.comercialanma.es\/index.php?rest_route=\/wp\/v2\/product\/19247"}],"collection":[{"href":"https:\/\/www.comercialanma.es\/index.php?rest_route=\/wp\/v2\/product"}],"about":[{"href":"https:\/\/www.comercialanma.es\/index.php?rest_route=\/wp\/v2\/types\/product"}],"version-history":[{"count":1,"href":"https:\/\/www.comercialanma.es\/index.php?rest_route=\/wp\/v2\/product\/19247\/revisions"}],"predecessor-version":[{"id":19250,"href":"https:\/\/www.comercialanma.es\/index.php?rest_route=\/wp\/v2\/product\/19247\/revisions\/19250"}],"wp:featuredmedia":[{"embeddable":true,"href":"https:\/\/www.comercialanma.es\/index.php?rest_route=\/wp\/v2\/media\/19248"}],"wp:attachment":[{"href":"https:\/\/www.comercialanma.es\/index.php?rest_route=%2Fwp%2Fv2%2Fmedia&parent=19247"}],"curies":[{"name":"wp","href":"https:\/\/api.w.org\/{rel}","templated":true}]}}