
{"id":19259,"date":"2021-10-01T12:00:19","date_gmt":"2021-10-01T10:00:19","guid":{"rendered":"https:\/\/www.comercialanma.es\/?post_type=product&#038;p=19259"},"modified":"2021-10-01T12:03:02","modified_gmt":"2021-10-01T10:03:02","slug":"especiero-agujeros-pequenos-lacor","status":"publish","type":"product","link":"https:\/\/www.comercialanma.es\/?product=especiero-agujeros-pequenos-lacor","title":{"rendered":"Especiero agujeros peque\u00f1os Lacor"},"content":{"rendered":"<ul>\n<li>Este especiero est\u00e1 fabricado con acero inoxidable 18\/10 de excelente calidad, el cual es muy resistente.<\/li>\n<li>Se mantiene en excelentes condiciones ante los cambios de temperatura y humedad.<\/li>\n<li>Este especiero no absorbe grasas, manchas u olores, lo cual lo hace muy higi\u00e9nico.<\/li>\n<li>Tiene forma cilindrica.<\/li>\n<li>Posee agujeros peque\u00f1os, que lo hacen ideal para espolvorear az\u00facar, piment\u00f3n y todo tipo de especias.<\/li>\n<li>Tiene una tapa de pl\u00e1stico muy segura que no permite que se derrame el contenido del mismo.<\/li>\n<li>Las medidas del especiero son de 7 cms de di\u00e1metro y 9.5 cms de altura.<\/li>\n<\/ul>\n","protected":false},"excerpt":{"rendered":"<p>Especiero agujeros peque\u00f1os | Lacor |<\/p>\n<p>El especiero de cocina es un recipiente que est\u00e1 destinado a contener o conservar las especies necesarias para cocinar o para servir en la mesa. Los especieros pueden ser de m\u00faltiples formas y de diversos materiales. Se pueden encontrar desde los modelos cl\u00e1sicos hechos de barro hasta modelos modernos realizados de cer\u00e1mica, pl\u00e1stico o metal.<\/p>\n<p>Este utensilio cuenta con un dise\u00f1o pr\u00e1ctico y funcional, adem\u00e1s se caracteriza por ser muy duradero y darle una muy buena presentaci\u00f3n a su cocina. Tiene una forma compacta que le permite ubicarlo con facilidad en cualquier lugar de la cocina. Este especiero puede ser usado para especies como sal, or\u00e9gano molido, pimienta, nuez moscada, ajo molido, entre otros tipos de condimentos.<\/p>\n","protected":false},"featured_media":19256,"template":"","meta":{"spay_email":""},"yoast_head":"<!-- This site is optimized with the Yoast SEO plugin v15.9 - https:\/\/yoast.com\/wordpress\/plugins\/seo\/ -->\n<title>Especiero agujeros peque\u00f1os Lacor - Comercial de Hosteleria Anma<\/title>\n<meta name=\"description\" content=\"Especiero agujeros peque\u00f1os | Lacor | 7 x 9,5cm. | Perfecto para espolvorear azucar, pimenton, y todo tipo de especias.\" \/>\n<meta name=\"robots\" content=\"index, follow, max-snippet:-1, max-image-preview:large, max-video-preview:-1\" \/>\n<link rel=\"canonical\" href=\"https:\/\/www.comercialanma.es\/?product=especiero-agujeros-pequenos-lacor\" \/>\n<meta property=\"og:locale\" content=\"es_ES\" \/>\n<meta property=\"og:type\" content=\"article\" \/>\n<meta property=\"og:title\" content=\"Especiero agujeros peque\u00f1os Lacor - Comercial de Hosteleria Anma\" \/>\n<meta property=\"og:description\" content=\"Especiero agujeros peque\u00f1os | Lacor | 7 x 9,5cm. | Perfecto para espolvorear azucar, pimenton, y todo tipo de especias.\" \/>\n<meta property=\"og:url\" content=\"https:\/\/www.comercialanma.es\/?product=especiero-agujeros-pequenos-lacor\" \/>\n<meta property=\"og:site_name\" content=\"Comercial de Hosteleria Anma\" \/>\n<meta property=\"article:publisher\" content=\"https:\/\/www.facebook.com\/AnmaHosteleria\" \/>\n<meta property=\"article:modified_time\" content=\"2021-10-01T10:03:02+00:00\" \/>\n<meta property=\"og:image\" content=\"https:\/\/i0.wp.com\/www.comercialanma.es\/wp-content\/uploads\/2021\/10\/especiero-agujeros-grande.jpg?fit=1080%2C1080&#038;ssl=1\" \/>\n\t<meta property=\"og:image:width\" content=\"1080\" \/>\n\t<meta property=\"og:image:height\" content=\"1080\" \/>\n<meta name=\"twitter:card\" content=\"summary_large_image\" \/>\n<meta name=\"twitter:label1\" content=\"Tiempo de lectura\">\n\t<meta name=\"twitter:data1\" content=\"1 minuto\">\n<script type=\"application\/ld+json\" class=\"yoast-schema-graph\">{\"@context\":\"https:\/\/schema.org\",\"@graph\":[{\"@type\":\"Organization\",\"@id\":\"https:\/\/www.comercialanma.es\/#organization\",\"name\":\"Comercial Anma\",\"url\":\"https:\/\/www.comercialanma.es\/\",\"sameAs\":[\"https:\/\/www.facebook.com\/AnmaHosteleria\",\"https:\/\/www.instagram.com\/anmahosteleria\/?hl=es\",\"https:\/\/www.youtube.com\/channel\/UCT2nmn08Ntks0hmpZPnDgCA\"],\"logo\":{\"@type\":\"ImageObject\",\"@id\":\"https:\/\/www.comercialanma.es\/#logo\",\"inLanguage\":\"es\",\"url\":\"https:\/\/i2.wp.com\/www.comercialanma.es\/wp-content\/uploads\/2019\/06\/logo-anma-color.png?fit=247%2C101&ssl=1\",\"width\":247,\"height\":101,\"caption\":\"Comercial Anma\"},\"image\":{\"@id\":\"https:\/\/www.comercialanma.es\/#logo\"}},{\"@type\":\"WebSite\",\"@id\":\"https:\/\/www.comercialanma.es\/#website\",\"url\":\"https:\/\/www.comercialanma.es\/\",\"name\":\"Comercial de Hosteleria Anma\",\"description\":\"\",\"publisher\":{\"@id\":\"https:\/\/www.comercialanma.es\/#organization\"},\"potentialAction\":[{\"@type\":\"SearchAction\",\"target\":\"https:\/\/www.comercialanma.es\/?s={search_term_string}\",\"query-input\":\"required name=search_term_string\"}],\"inLanguage\":\"es\"},{\"@type\":\"ImageObject\",\"@id\":\"https:\/\/www.comercialanma.es\/?product=especiero-agujeros-pequenos-lacor#primaryimage\",\"inLanguage\":\"es\",\"url\":\"https:\/\/i0.wp.com\/www.comercialanma.es\/wp-content\/uploads\/2021\/10\/especiero-agujeros-grande.jpg?fit=1080%2C1080&ssl=1\",\"width\":1080,\"height\":1080},{\"@type\":\"WebPage\",\"@id\":\"https:\/\/www.comercialanma.es\/?product=especiero-agujeros-pequenos-lacor#webpage\",\"url\":\"https:\/\/www.comercialanma.es\/?product=especiero-agujeros-pequenos-lacor\",\"name\":\"Especiero agujeros peque\\u00f1os Lacor - Comercial de Hosteleria Anma\",\"isPartOf\":{\"@id\":\"https:\/\/www.comercialanma.es\/#website\"},\"primaryImageOfPage\":{\"@id\":\"https:\/\/www.comercialanma.es\/?product=especiero-agujeros-pequenos-lacor#primaryimage\"},\"datePublished\":\"2021-10-01T10:00:19+00:00\",\"dateModified\":\"2021-10-01T10:03:02+00:00\",\"description\":\"Especiero agujeros peque\\u00f1os | Lacor | 7 x 9,5cm. | Perfecto para espolvorear azucar, pimenton, y todo tipo de especias.\",\"breadcrumb\":{\"@id\":\"https:\/\/www.comercialanma.es\/?product=especiero-agujeros-pequenos-lacor#breadcrumb\"},\"inLanguage\":\"es\",\"potentialAction\":[{\"@type\":\"ReadAction\",\"target\":[\"https:\/\/www.comercialanma.es\/?product=especiero-agujeros-pequenos-lacor\"]}]},{\"@type\":\"BreadcrumbList\",\"@id\":\"https:\/\/www.comercialanma.es\/?product=especiero-agujeros-pequenos-lacor#breadcrumb\",\"itemListElement\":[{\"@type\":\"ListItem\",\"position\":1,\"item\":{\"@type\":\"WebPage\",\"@id\":\"https:\/\/www.comercialanma.es\/\",\"url\":\"https:\/\/www.comercialanma.es\/\",\"name\":\"Portada\"}},{\"@type\":\"ListItem\",\"position\":2,\"item\":{\"@type\":\"WebPage\",\"@id\":\"https:\/\/www.comercialanma.es\/?page_id=3963\",\"url\":\"https:\/\/www.comercialanma.es\/?page_id=3963\",\"name\":\"Cat\\u00e1logo de Productos\"}},{\"@type\":\"ListItem\",\"position\":3,\"item\":{\"@type\":\"WebPage\",\"@id\":\"https:\/\/www.comercialanma.es\/?product=especiero-agujeros-pequenos-lacor\",\"url\":\"https:\/\/www.comercialanma.es\/?product=especiero-agujeros-pequenos-lacor\",\"name\":\"Especiero agujeros peque\\u00f1os Lacor\"}}]}]}<\/script>\n<!-- \/ Yoast SEO plugin. -->","_links":{"self":[{"href":"https:\/\/www.comercialanma.es\/index.php?rest_route=\/wp\/v2\/product\/19259"}],"collection":[{"href":"https:\/\/www.comercialanma.es\/index.php?rest_route=\/wp\/v2\/product"}],"about":[{"href":"https:\/\/www.comercialanma.es\/index.php?rest_route=\/wp\/v2\/types\/product"}],"version-history":[{"count":1,"href":"https:\/\/www.comercialanma.es\/index.php?rest_route=\/wp\/v2\/product\/19259\/revisions"}],"predecessor-version":[{"id":19260,"href":"https:\/\/www.comercialanma.es\/index.php?rest_route=\/wp\/v2\/product\/19259\/revisions\/19260"}],"wp:featuredmedia":[{"embeddable":true,"href":"https:\/\/www.comercialanma.es\/index.php?rest_route=\/wp\/v2\/media\/19256"}],"wp:attachment":[{"href":"https:\/\/www.comercialanma.es\/index.php?rest_route=%2Fwp%2Fv2%2Fmedia&parent=19259"}],"curies":[{"name":"wp","href":"https:\/\/api.w.org\/{rel}","templated":true}]}}