
{"id":19299,"date":"2021-10-04T10:28:37","date_gmt":"2021-10-04T08:28:37","guid":{"rendered":"https:\/\/www.comercialanma.es\/?post_type=product&#038;p=19299"},"modified":"2021-10-04T10:32:09","modified_gmt":"2021-10-04T08:32:09","slug":"vaso-brixton-35","status":"publish","type":"product","link":"https:\/\/www.comercialanma.es\/?product=vaso-brixton-35","title":{"rendered":"Vaso Brixton 35cl. Arcoroc"},"content":{"rendered":"<ul>\n<li class=\"content\">Fabricante: Arcoroc<\/li>\n<li class=\"content\">Vaso fabricado en vidrio de larga duraci\u00f3n.<\/li>\n<li class=\"content\">Dimensiones: 35 cl de capacidad y 12,80 cm de alto.<\/li>\n<li class=\"content\">6 unidades<\/li>\n<\/ul>\n","protected":false},"excerpt":{"rendered":"<p>Vaso Brixton | 35cl. | Arcoroc |<\/p>\n<p>La marca Arcoroc es reconocida por la gran variedad de opciones, dise\u00f1os y colecciones en\u00a0cristaler\u00eda\u00a0, vajillas y cuberter\u00eda. Sus vasos y copas de dise\u00f1os originales nos permiten crear una presentaci\u00f3n de mesa totalmente \u00fanica.<\/p>\n<p>&nbsp;<\/p>\n<p>&nbsp;<\/p>\n","protected":false},"featured_media":19300,"template":"","meta":{"spay_email":""},"yoast_head":"<!-- This site is optimized with the Yoast SEO plugin v15.9 - https:\/\/yoast.com\/wordpress\/plugins\/seo\/ -->\n<title>Vaso Brixton 35cl. Arcoroc - Comercial de Hosteleria Anma<\/title>\n<meta name=\"description\" content=\"Vaso Brixton | 35cl. | Arcoroc | Sus vasos y copas de dise\u00f1os originales nos permiten crear una presentaci\u00f3n de mesa totalmente \u00fanica.\" \/>\n<meta name=\"robots\" content=\"index, follow, max-snippet:-1, max-image-preview:large, max-video-preview:-1\" \/>\n<link rel=\"canonical\" href=\"https:\/\/www.comercialanma.es\/?product=vaso-brixton-35\" \/>\n<meta property=\"og:locale\" content=\"es_ES\" \/>\n<meta property=\"og:type\" content=\"article\" \/>\n<meta property=\"og:title\" content=\"Vaso Brixton 35cl. Arcoroc - Comercial de Hosteleria Anma\" \/>\n<meta property=\"og:description\" content=\"Vaso Brixton | 35cl. | Arcoroc | Sus vasos y copas de dise\u00f1os originales nos permiten crear una presentaci\u00f3n de mesa totalmente \u00fanica.\" \/>\n<meta property=\"og:url\" content=\"https:\/\/www.comercialanma.es\/?product=vaso-brixton-35\" \/>\n<meta property=\"og:site_name\" content=\"Comercial de Hosteleria Anma\" \/>\n<meta property=\"article:publisher\" content=\"https:\/\/www.facebook.com\/AnmaHosteleria\" \/>\n<meta property=\"article:modified_time\" content=\"2021-10-04T08:32:09+00:00\" \/>\n<meta property=\"og:image\" content=\"https:\/\/i2.wp.com\/www.comercialanma.es\/wp-content\/uploads\/2021\/10\/Vaso-brixton-bajo.jpg?fit=1080%2C1080&#038;ssl=1\" \/>\n\t<meta property=\"og:image:width\" content=\"1080\" \/>\n\t<meta property=\"og:image:height\" content=\"1080\" \/>\n<meta name=\"twitter:card\" content=\"summary_large_image\" \/>\n<meta name=\"twitter:label1\" content=\"Tiempo de lectura\">\n\t<meta name=\"twitter:data1\" content=\"1 minuto\">\n<script type=\"application\/ld+json\" class=\"yoast-schema-graph\">{\"@context\":\"https:\/\/schema.org\",\"@graph\":[{\"@type\":\"Organization\",\"@id\":\"https:\/\/www.comercialanma.es\/#organization\",\"name\":\"Comercial Anma\",\"url\":\"https:\/\/www.comercialanma.es\/\",\"sameAs\":[\"https:\/\/www.facebook.com\/AnmaHosteleria\",\"https:\/\/www.instagram.com\/anmahosteleria\/?hl=es\",\"https:\/\/www.youtube.com\/channel\/UCT2nmn08Ntks0hmpZPnDgCA\"],\"logo\":{\"@type\":\"ImageObject\",\"@id\":\"https:\/\/www.comercialanma.es\/#logo\",\"inLanguage\":\"es\",\"url\":\"https:\/\/i2.wp.com\/www.comercialanma.es\/wp-content\/uploads\/2019\/06\/logo-anma-color.png?fit=247%2C101&ssl=1\",\"width\":247,\"height\":101,\"caption\":\"Comercial Anma\"},\"image\":{\"@id\":\"https:\/\/www.comercialanma.es\/#logo\"}},{\"@type\":\"WebSite\",\"@id\":\"https:\/\/www.comercialanma.es\/#website\",\"url\":\"https:\/\/www.comercialanma.es\/\",\"name\":\"Comercial de Hosteleria Anma\",\"description\":\"\",\"publisher\":{\"@id\":\"https:\/\/www.comercialanma.es\/#organization\"},\"potentialAction\":[{\"@type\":\"SearchAction\",\"target\":\"https:\/\/www.comercialanma.es\/?s={search_term_string}\",\"query-input\":\"required name=search_term_string\"}],\"inLanguage\":\"es\"},{\"@type\":\"ImageObject\",\"@id\":\"https:\/\/www.comercialanma.es\/?product=vaso-brixton-35#primaryimage\",\"inLanguage\":\"es\",\"url\":\"https:\/\/i2.wp.com\/www.comercialanma.es\/wp-content\/uploads\/2021\/10\/Vaso-brixton-bajo.jpg?fit=1080%2C1080&ssl=1\",\"width\":1080,\"height\":1080},{\"@type\":\"WebPage\",\"@id\":\"https:\/\/www.comercialanma.es\/?product=vaso-brixton-35#webpage\",\"url\":\"https:\/\/www.comercialanma.es\/?product=vaso-brixton-35\",\"name\":\"Vaso Brixton 35cl. Arcoroc - Comercial de Hosteleria Anma\",\"isPartOf\":{\"@id\":\"https:\/\/www.comercialanma.es\/#website\"},\"primaryImageOfPage\":{\"@id\":\"https:\/\/www.comercialanma.es\/?product=vaso-brixton-35#primaryimage\"},\"datePublished\":\"2021-10-04T08:28:37+00:00\",\"dateModified\":\"2021-10-04T08:32:09+00:00\",\"description\":\"Vaso Brixton | 35cl. | Arcoroc | Sus vasos y copas de dise\\u00f1os originales nos permiten crear una presentaci\\u00f3n de mesa totalmente \\u00fanica.\",\"breadcrumb\":{\"@id\":\"https:\/\/www.comercialanma.es\/?product=vaso-brixton-35#breadcrumb\"},\"inLanguage\":\"es\",\"potentialAction\":[{\"@type\":\"ReadAction\",\"target\":[\"https:\/\/www.comercialanma.es\/?product=vaso-brixton-35\"]}]},{\"@type\":\"BreadcrumbList\",\"@id\":\"https:\/\/www.comercialanma.es\/?product=vaso-brixton-35#breadcrumb\",\"itemListElement\":[{\"@type\":\"ListItem\",\"position\":1,\"item\":{\"@type\":\"WebPage\",\"@id\":\"https:\/\/www.comercialanma.es\/\",\"url\":\"https:\/\/www.comercialanma.es\/\",\"name\":\"Portada\"}},{\"@type\":\"ListItem\",\"position\":2,\"item\":{\"@type\":\"WebPage\",\"@id\":\"https:\/\/www.comercialanma.es\/?page_id=3963\",\"url\":\"https:\/\/www.comercialanma.es\/?page_id=3963\",\"name\":\"Cat\\u00e1logo de Productos\"}},{\"@type\":\"ListItem\",\"position\":3,\"item\":{\"@type\":\"WebPage\",\"@id\":\"https:\/\/www.comercialanma.es\/?product=vaso-brixton-35\",\"url\":\"https:\/\/www.comercialanma.es\/?product=vaso-brixton-35\",\"name\":\"Vaso Brixton 35cl. Arcoroc\"}}]}]}<\/script>\n<!-- \/ Yoast SEO plugin. -->","_links":{"self":[{"href":"https:\/\/www.comercialanma.es\/index.php?rest_route=\/wp\/v2\/product\/19299"}],"collection":[{"href":"https:\/\/www.comercialanma.es\/index.php?rest_route=\/wp\/v2\/product"}],"about":[{"href":"https:\/\/www.comercialanma.es\/index.php?rest_route=\/wp\/v2\/types\/product"}],"version-history":[{"count":1,"href":"https:\/\/www.comercialanma.es\/index.php?rest_route=\/wp\/v2\/product\/19299\/revisions"}],"predecessor-version":[{"id":19301,"href":"https:\/\/www.comercialanma.es\/index.php?rest_route=\/wp\/v2\/product\/19299\/revisions\/19301"}],"wp:featuredmedia":[{"embeddable":true,"href":"https:\/\/www.comercialanma.es\/index.php?rest_route=\/wp\/v2\/media\/19300"}],"wp:attachment":[{"href":"https:\/\/www.comercialanma.es\/index.php?rest_route=%2Fwp%2Fv2%2Fmedia&parent=19299"}],"curies":[{"name":"wp","href":"https:\/\/api.w.org\/{rel}","templated":true}]}}