
{"id":19322,"date":"2021-10-06T15:52:18","date_gmt":"2021-10-06T13:52:18","guid":{"rendered":"https:\/\/www.comercialanma.es\/?post_type=product&#038;p=19322"},"modified":"2021-10-06T16:14:07","modified_gmt":"2021-10-06T14:14:07","slug":"ron-dictador-xo-perpetual","status":"publish","type":"product","link":"https:\/\/www.comercialanma.es\/?product=ron-dictador-xo-perpetual","title":{"rendered":"Ron Dictador XO Perpetual  70cl."},"content":{"rendered":"<h3>Nota de cata:<\/h3>\n<ul>\n<li><span class=\"PBLongTxt PBItemDesc\">En boca es extremadamente suave y nos hace viajar a un inicio exquisito y \u00fanico con una sensaci\u00f3n cremosa y redondez complementaria con sabores a caf\u00e9 Colombiano, chocolate negro y un sabor consistente y balanceado de madera de roble fino dando la sensaci\u00f3n de alt\u00edsima calidad y la satisfacci\u00f3n de un gran balance entre car\u00e1cter y suavidad<\/span><\/li>\n<li><span class=\"PBLongTxt PBItemDesc\">Graduaci\u00f3n: 40% vol.<br \/>\n<\/span><\/li>\n<\/ul>\n","protected":false},"excerpt":{"rendered":"<p>Ron Dictador XO Perpetual | 70cl.|<\/p>\n<p><span class=\"PBLongTxt PBItemDesc\">Elaborado por el m\u00e9todo de Solera. Empieza con uno de los m\u00e1s profundos y nobles colores marr\u00f3n de la madera con impresionantes destellos dorados, dando un color inolvidable en la copa. Al abrir la botella un aroma hipn\u00f3tico invade la mente con notas \u00a0de miel tostada, caf\u00e9 de Colombia, caramelo perfecto, chocolate negro y madera antigua seleccionada.<\/span><\/p>\n<p>&nbsp;<\/p>\n","protected":false},"featured_media":19323,"template":"","meta":{"spay_email":""},"yoast_head":"<!-- This site is optimized with the Yoast SEO plugin v15.9 - https:\/\/yoast.com\/wordpress\/plugins\/seo\/ -->\n<title>Ron Dictador XO Perpetual 70cl. - Comercial de Hosteleria Anma<\/title>\n<meta name=\"description\" content=\"Ron Dictador XO Perpetual | 70cl.| M\u00e9todo de envejecimiento solera. Envejecido alrededor de 9 a\u00f1os en barriles antiguos de Bourbon.\" \/>\n<meta name=\"robots\" content=\"index, follow, max-snippet:-1, max-image-preview:large, max-video-preview:-1\" \/>\n<link rel=\"canonical\" href=\"https:\/\/www.comercialanma.es\/?product=ron-dictador-xo-perpetual\" \/>\n<meta property=\"og:locale\" content=\"es_ES\" \/>\n<meta property=\"og:type\" content=\"article\" \/>\n<meta property=\"og:title\" content=\"Ron Dictador XO Perpetual 70cl. - Comercial de Hosteleria Anma\" \/>\n<meta property=\"og:description\" content=\"Ron Dictador XO Perpetual | 70cl.| M\u00e9todo de envejecimiento solera. Envejecido alrededor de 9 a\u00f1os en barriles antiguos de Bourbon.\" \/>\n<meta property=\"og:url\" content=\"https:\/\/www.comercialanma.es\/?product=ron-dictador-xo-perpetual\" \/>\n<meta property=\"og:site_name\" content=\"Comercial de Hosteleria Anma\" \/>\n<meta property=\"article:publisher\" content=\"https:\/\/www.facebook.com\/AnmaHosteleria\" \/>\n<meta property=\"article:modified_time\" content=\"2021-10-06T14:14:07+00:00\" \/>\n<meta property=\"og:image\" content=\"https:\/\/i2.wp.com\/www.comercialanma.es\/wp-content\/uploads\/2021\/10\/Ron-Dictador-xo-perpetual.jpg?fit=1080%2C1080&#038;ssl=1\" \/>\n\t<meta property=\"og:image:width\" content=\"1080\" \/>\n\t<meta property=\"og:image:height\" content=\"1080\" \/>\n<meta name=\"twitter:card\" content=\"summary_large_image\" \/>\n<meta name=\"twitter:label1\" content=\"Tiempo de lectura\">\n\t<meta name=\"twitter:data1\" content=\"1 minuto\">\n<script type=\"application\/ld+json\" class=\"yoast-schema-graph\">{\"@context\":\"https:\/\/schema.org\",\"@graph\":[{\"@type\":\"Organization\",\"@id\":\"https:\/\/www.comercialanma.es\/#organization\",\"name\":\"Comercial Anma\",\"url\":\"https:\/\/www.comercialanma.es\/\",\"sameAs\":[\"https:\/\/www.facebook.com\/AnmaHosteleria\",\"https:\/\/www.instagram.com\/anmahosteleria\/?hl=es\",\"https:\/\/www.youtube.com\/channel\/UCT2nmn08Ntks0hmpZPnDgCA\"],\"logo\":{\"@type\":\"ImageObject\",\"@id\":\"https:\/\/www.comercialanma.es\/#logo\",\"inLanguage\":\"es\",\"url\":\"https:\/\/i2.wp.com\/www.comercialanma.es\/wp-content\/uploads\/2019\/06\/logo-anma-color.png?fit=247%2C101&ssl=1\",\"width\":247,\"height\":101,\"caption\":\"Comercial Anma\"},\"image\":{\"@id\":\"https:\/\/www.comercialanma.es\/#logo\"}},{\"@type\":\"WebSite\",\"@id\":\"https:\/\/www.comercialanma.es\/#website\",\"url\":\"https:\/\/www.comercialanma.es\/\",\"name\":\"Comercial de Hosteleria Anma\",\"description\":\"\",\"publisher\":{\"@id\":\"https:\/\/www.comercialanma.es\/#organization\"},\"potentialAction\":[{\"@type\":\"SearchAction\",\"target\":\"https:\/\/www.comercialanma.es\/?s={search_term_string}\",\"query-input\":\"required name=search_term_string\"}],\"inLanguage\":\"es\"},{\"@type\":\"ImageObject\",\"@id\":\"https:\/\/www.comercialanma.es\/?product=ron-dictador-xo-perpetual#primaryimage\",\"inLanguage\":\"es\",\"url\":\"https:\/\/i2.wp.com\/www.comercialanma.es\/wp-content\/uploads\/2021\/10\/Ron-Dictador-xo-perpetual.jpg?fit=1080%2C1080&ssl=1\",\"width\":1080,\"height\":1080},{\"@type\":\"WebPage\",\"@id\":\"https:\/\/www.comercialanma.es\/?product=ron-dictador-xo-perpetual#webpage\",\"url\":\"https:\/\/www.comercialanma.es\/?product=ron-dictador-xo-perpetual\",\"name\":\"Ron Dictador XO Perpetual 70cl. - Comercial de Hosteleria Anma\",\"isPartOf\":{\"@id\":\"https:\/\/www.comercialanma.es\/#website\"},\"primaryImageOfPage\":{\"@id\":\"https:\/\/www.comercialanma.es\/?product=ron-dictador-xo-perpetual#primaryimage\"},\"datePublished\":\"2021-10-06T13:52:18+00:00\",\"dateModified\":\"2021-10-06T14:14:07+00:00\",\"description\":\"Ron Dictador XO Perpetual | 70cl.| M\\u00e9todo de envejecimiento solera. Envejecido alrededor de 9 a\\u00f1os en barriles antiguos de Bourbon.\",\"breadcrumb\":{\"@id\":\"https:\/\/www.comercialanma.es\/?product=ron-dictador-xo-perpetual#breadcrumb\"},\"inLanguage\":\"es\",\"potentialAction\":[{\"@type\":\"ReadAction\",\"target\":[\"https:\/\/www.comercialanma.es\/?product=ron-dictador-xo-perpetual\"]}]},{\"@type\":\"BreadcrumbList\",\"@id\":\"https:\/\/www.comercialanma.es\/?product=ron-dictador-xo-perpetual#breadcrumb\",\"itemListElement\":[{\"@type\":\"ListItem\",\"position\":1,\"item\":{\"@type\":\"WebPage\",\"@id\":\"https:\/\/www.comercialanma.es\/\",\"url\":\"https:\/\/www.comercialanma.es\/\",\"name\":\"Portada\"}},{\"@type\":\"ListItem\",\"position\":2,\"item\":{\"@type\":\"WebPage\",\"@id\":\"https:\/\/www.comercialanma.es\/?page_id=3963\",\"url\":\"https:\/\/www.comercialanma.es\/?page_id=3963\",\"name\":\"Cat\\u00e1logo de Productos\"}},{\"@type\":\"ListItem\",\"position\":3,\"item\":{\"@type\":\"WebPage\",\"@id\":\"https:\/\/www.comercialanma.es\/?product=ron-dictador-xo-perpetual\",\"url\":\"https:\/\/www.comercialanma.es\/?product=ron-dictador-xo-perpetual\",\"name\":\"Ron Dictador XO Perpetual 70cl.\"}}]}]}<\/script>\n<!-- \/ Yoast SEO plugin. -->","_links":{"self":[{"href":"https:\/\/www.comercialanma.es\/index.php?rest_route=\/wp\/v2\/product\/19322"}],"collection":[{"href":"https:\/\/www.comercialanma.es\/index.php?rest_route=\/wp\/v2\/product"}],"about":[{"href":"https:\/\/www.comercialanma.es\/index.php?rest_route=\/wp\/v2\/types\/product"}],"version-history":[{"count":2,"href":"https:\/\/www.comercialanma.es\/index.php?rest_route=\/wp\/v2\/product\/19322\/revisions"}],"predecessor-version":[{"id":19325,"href":"https:\/\/www.comercialanma.es\/index.php?rest_route=\/wp\/v2\/product\/19322\/revisions\/19325"}],"wp:featuredmedia":[{"embeddable":true,"href":"https:\/\/www.comercialanma.es\/index.php?rest_route=\/wp\/v2\/media\/19323"}],"wp:attachment":[{"href":"https:\/\/www.comercialanma.es\/index.php?rest_route=%2Fwp%2Fv2%2Fmedia&parent=19322"}],"curies":[{"name":"wp","href":"https:\/\/api.w.org\/{rel}","templated":true}]}}