
{"id":19443,"date":"2021-10-11T15:41:31","date_gmt":"2021-10-11T13:41:31","guid":{"rendered":"https:\/\/www.comercialanma.es\/?post_type=product&#038;p=19443"},"modified":"2021-10-11T15:53:31","modified_gmt":"2021-10-11T13:53:31","slug":"pisto-hida","status":"publish","type":"product","link":"https:\/\/www.comercialanma.es\/?product=pisto-hida","title":{"rendered":"Pisto sofrito de verduras Hida 3kg."},"content":{"rendered":"<h3>Ingredientes:<\/h3>\n<p>Tomate (94g para elaborar 100g de producto), hortalizas en proporci\u00f3n variable (35%) (cebolla, pimiento, calabac\u00edn y berenjena), aceite de oliva virgen extra (5%), az\u00facar y sal.<\/p>\n","protected":false},"excerpt":{"rendered":"<p><span class=\"morecontent\"><span id=\"page3R_mcid29\" class=\"markedContent\"><span dir=\"ltr\" role=\"presentation\">El<\/span><\/span><span id=\"page3R_mcid30\" class=\"markedContent\"> <span dir=\"ltr\" role=\"presentation\">pisto<\/span><\/span><span id=\"page3R_mcid31\" class=\"markedContent\"> <span dir=\"ltr\" role=\"presentation\">de<\/span><\/span><span id=\"page3R_mcid32\" class=\"markedContent\"> <span dir=\"ltr\" role=\"presentation\">verduras<\/span><\/span><span id=\"page3R_mcid33\" class=\"markedContent\"> <span dir=\"ltr\" role=\"presentation\">de<\/span><\/span><span id=\"page3R_mcid34\" class=\"markedContent\"> <span dir=\"ltr\" role=\"presentation\">Hida<\/span><\/span><span id=\"page3R_mcid35\" class=\"markedContent\"> <span dir=\"ltr\" role=\"presentation\">est\u00e1<\/span><\/span><span id=\"page3R_mcid36\" class=\"markedContent\"> <span dir=\"ltr\" role=\"presentation\">elaborado<\/span><\/span><span id=\"page3R_mcid37\" class=\"markedContent\"> <span dir=\"ltr\" role=\"presentation\">exclusivamente<\/span><\/span><span id=\"page3R_mcid38\" class=\"markedContent\"> <span dir=\"ltr\" role=\"presentation\">a<\/span><\/span><span id=\"page3R_mcid39\" class=\"markedContent\"> <span dir=\"ltr\" role=\"presentation\">partir<\/span><\/span><span id=\"page3R_mcid40\" class=\"markedContent\"> <span dir=\"ltr\" role=\"presentation\">de<\/span><\/span><span id=\"page3R_mcid41\" class=\"markedContent\"> <span dir=\"ltr\" role=\"presentation\">la<\/span><\/span><span id=\"page3R_mcid42\" class=\"markedContent\"> <span dir=\"ltr\" role=\"presentation\">selecci\u00f3n<\/span><\/span><span id=\"page3R_mcid43\" class=\"markedContent\"> <span dir=\"ltr\" role=\"presentation\">de <\/span><\/span><span id=\"page3R_mcid44\" class=\"markedContent\"><span dir=\"ltr\" role=\"presentation\">los<\/span><\/span><span id=\"page3R_mcid45\" class=\"markedContent\"> <span dir=\"ltr\" role=\"presentation\">mejores<\/span><\/span><span id=\"page3R_mcid46\" class=\"markedContent\"> <span dir=\"ltr\" role=\"presentation\">productos<\/span><\/span><span id=\"page3R_mcid47\" class=\"markedContent\"> <span dir=\"ltr\" role=\"presentation\">frescos<\/span><\/span><span id=\"page3R_mcid48\" class=\"markedContent\"> <span dir=\"ltr\" role=\"presentation\">de<\/span><\/span><span id=\"page3R_mcid49\" class=\"markedContent\"> <span dir=\"ltr\" role=\"presentation\">la<\/span><\/span><span id=\"page3R_mcid50\" class=\"markedContent\"> <span dir=\"ltr\" role=\"presentation\">huerta<\/span><\/span><span id=\"page3R_mcid51\" class=\"markedContent\"><span dir=\"ltr\" role=\"presentation\">:<\/span><\/span><span id=\"page3R_mcid52\" class=\"markedContent\"> <span dir=\"ltr\" role=\"presentation\">calabac\u00edn,<\/span><\/span><span id=\"page3R_mcid53\" class=\"markedContent\"> <span dir=\"ltr\" role=\"presentation\">berenjena,<\/span><\/span><span id=\"page3R_mcid54\" class=\"markedContent\"> <span dir=\"ltr\" role=\"presentation\">pimiento,<\/span><\/span><span id=\"page3R_mcid55\" class=\"markedContent\"> <span dir=\"ltr\" role=\"presentation\">cebolla<\/span><\/span><span id=\"page3R_mcid56\" class=\"markedContent\"> <span dir=\"ltr\" role=\"presentation\">y<\/span><\/span><span id=\"page3R_mcid57\" class=\"markedContent\"> <span dir=\"ltr\" role=\"presentation\">las <\/span><\/span><span id=\"page3R_mcid58\" class=\"markedContent\"><span dir=\"ltr\" role=\"presentation\">mejores<\/span><\/span><span id=\"page3R_mcid59\" class=\"markedContent\"> <span dir=\"ltr\" role=\"presentation\">variedades<\/span><\/span><span id=\"page3R_mcid60\" class=\"markedContent\"> <span dir=\"ltr\" role=\"presentation\">de<\/span><\/span><span id=\"page3R_mcid61\" class=\"markedContent\"> <span dir=\"ltr\" role=\"presentation\">tomate<\/span><\/span><span id=\"page3R_mcid62\" class=\"markedContent\"> <span dir=\"ltr\" role=\"presentation\">en<\/span><\/span><span id=\"page3R_mcid63\" class=\"markedContent\"> <span dir=\"ltr\" role=\"presentation\">su<\/span><\/span><span id=\"page3R_mcid64\" class=\"markedContent\"> <span dir=\"ltr\" role=\"presentation\">punto<\/span><\/span><span id=\"page3R_mcid65\" class=\"markedContent\"> <span dir=\"ltr\" role=\"presentation\">\u00f3ptimo<\/span><\/span><span id=\"page3R_mcid66\" class=\"markedContent\"> <span dir=\"ltr\" role=\"presentation\">de<\/span><\/span><span id=\"page3R_mcid67\" class=\"markedContent\"> <span dir=\"ltr\" role=\"presentation\">maduraci\u00f3n<\/span><\/span><span id=\"page3R_mcid68\" class=\"markedContent\"><span dir=\"ltr\" role=\"presentation\">. <\/span><\/span><span id=\"page3R_mcid69\" class=\"markedContent\"><span dir=\"ltr\" role=\"presentation\">Cocinado<\/span><\/span><span id=\"page3R_mcid70\" class=\"markedContent\"> <span dir=\"ltr\" role=\"presentation\">a<\/span><\/span><span id=\"page3R_mcid71\" class=\"markedContent\"> <span dir=\"ltr\" role=\"presentation\">fuego<\/span><\/span><span id=\"page3R_mcid72\" class=\"markedContent\"> <span dir=\"ltr\" role=\"presentation\">lento<\/span><\/span><span id=\"page3R_mcid73\" class=\"markedContent\"> <span dir=\"ltr\" role=\"presentation\">durante<\/span><\/span><span id=\"page3R_mcid74\" class=\"markedContent\"> <span dir=\"ltr\" role=\"presentation\">m\u00e1s<\/span><\/span><span id=\"page3R_mcid75\" class=\"markedContent\"> <span dir=\"ltr\" role=\"presentation\">de<\/span><\/span><span id=\"page3R_mcid76\" class=\"markedContent\"> <span dir=\"ltr\" role=\"presentation\">2<\/span><\/span><span id=\"page3R_mcid77\" class=\"markedContent\"> <span dir=\"ltr\" role=\"presentation\">horas<\/span><\/span><span id=\"page3R_mcid78\" class=\"markedContent\"> <span dir=\"ltr\" role=\"presentation\">con<\/span><\/span><span id=\"page3R_mcid79\" class=\"markedContent\"> <span dir=\"ltr\" role=\"presentation\">aceite<\/span><\/span><span id=\"page3R_mcid80\" class=\"markedContent\"> <span dir=\"ltr\" role=\"presentation\">de<\/span><\/span><span id=\"page3R_mcid81\" class=\"markedContent\"> <span dir=\"ltr\" role=\"presentation\">oliva<\/span><\/span><span id=\"page3R_mcid82\" class=\"markedContent\"> <span dir=\"ltr\" role=\"presentation\">virgen<\/span><\/span><span id=\"page3R_mcid83\" class=\"markedContent\"> <span dir=\"ltr\" role=\"presentation\">extra<\/span><\/span><span id=\"page3R_mcid84\" class=\"markedContent\"> <span dir=\"ltr\" role=\"presentation\">y <\/span><\/span><span id=\"page3R_mcid85\" class=\"markedContent\"><span dir=\"ltr\" role=\"presentation\">sazonado<\/span><\/span><span id=\"page3R_mcid86\" class=\"markedContent\"> <span dir=\"ltr\" role=\"presentation\">con<\/span><\/span><span id=\"page3R_mcid87\" class=\"markedContent\"> <span dir=\"ltr\" role=\"presentation\">la<\/span><\/span><span id=\"page3R_mcid88\" class=\"markedContent\"> <span dir=\"ltr\" role=\"presentation\">cantidad<\/span><\/span><span id=\"page3R_mcid89\" class=\"markedContent\"> <span dir=\"ltr\" role=\"presentation\">justa<\/span><\/span><span id=\"page3R_mcid90\" class=\"markedContent\"> <span dir=\"ltr\" role=\"presentation\">de<\/span><\/span><span id=\"page3R_mcid91\" class=\"markedContent\"> <span dir=\"ltr\" role=\"presentation\">az\u00facar<\/span><\/span><span id=\"page3R_mcid92\" class=\"markedContent\"> <span dir=\"ltr\" role=\"presentation\">y<\/span><\/span><span id=\"page3R_mcid93\" class=\"markedContent\"> <span dir=\"ltr\" role=\"presentation\">sal<\/span><\/span><span id=\"page3R_mcid94\" class=\"markedContent\"><span dir=\"ltr\" role=\"presentation\">.<\/span><\/span><span id=\"page3R_mcid95\" class=\"markedContent\"> <span dir=\"ltr\" role=\"presentation\">Resulta<\/span><\/span><span id=\"page3R_mcid96\" class=\"markedContent\"> <span dir=\"ltr\" role=\"presentation\">un<\/span><\/span><span id=\"page3R_mcid97\" class=\"markedContent\"> <span dir=\"ltr\" role=\"presentation\">plato<\/span><\/span><span id=\"page3R_mcid98\" class=\"markedContent\"> <span dir=\"ltr\" role=\"presentation\">saludable, <\/span><\/span><span id=\"page3R_mcid99\" class=\"markedContent\"><span dir=\"ltr\" role=\"presentation\">acompa\u00f1amiento<\/span><\/span><span id=\"page3R_mcid100\" class=\"markedContent\"> <span dir=\"ltr\" role=\"presentation\">para<\/span><\/span><span id=\"page3R_mcid101\" class=\"markedContent\"> <span dir=\"ltr\" role=\"presentation\">innumerables<\/span><\/span><span id=\"page3R_mcid102\" class=\"markedContent\"> <span dir=\"ltr\" role=\"presentation\">recetas<\/span><\/span><span id=\"page3R_mcid103\" class=\"markedContent\"> <span dir=\"ltr\" role=\"presentation\">(huevos,<\/span><\/span><span id=\"page3R_mcid104\" class=\"markedContent\"> <span dir=\"ltr\" role=\"presentation\">carnes,<\/span><\/span><span id=\"page3R_mcid105\" class=\"markedContent\"> <span dir=\"ltr\" role=\"presentation\">pescados,<\/span><\/span><span id=\"page3R_mcid106\" class=\"markedContent\"><span dir=\"ltr\" role=\"presentation\">..<\/span><\/span><span id=\"page3R_mcid107\" class=\"markedContent\"><span dir=\"ltr\" role=\"presentation\">)<\/span><\/span><span id=\"page3R_mcid108\" class=\"markedContent\"> <span dir=\"ltr\" role=\"presentation\">de<\/span><\/span><span id=\"page3R_mcid109\" class=\"markedContent\"> <span dir=\"ltr\" role=\"presentation\">Aut\u00e9ntico <\/span><\/span><span id=\"page3R_mcid110\" class=\"markedContent\"><span dir=\"ltr\" role=\"presentation\">Sabor<\/span><\/span><span id=\"page3R_mcid111\" class=\"markedContent\"> <span dir=\"ltr\" role=\"presentation\">Casero<\/span><\/span><span id=\"page3R_mcid112\" class=\"markedContent\"><span dir=\"ltr\" role=\"presentation\">.<\/span><\/span><\/span><\/p>\n","protected":false},"featured_media":19445,"template":"","meta":{"spay_email":""},"yoast_head":"<!-- This site is optimized with the Yoast SEO plugin v15.9 - https:\/\/yoast.com\/wordpress\/plugins\/seo\/ -->\n<title>Pisto sofrito de verduras Hida 3kg. - Comercial de Hosteleria Anma<\/title>\n<meta name=\"description\" content=\"Pisto sofrito de verduras | Hida | 3kg.| Elaborado exclusivamente a partir de la selecci\u00f3n de los mejores productos frescos de la huerta.\" \/>\n<meta name=\"robots\" content=\"index, follow, max-snippet:-1, max-image-preview:large, max-video-preview:-1\" \/>\n<link rel=\"canonical\" href=\"https:\/\/www.comercialanma.es\/?product=pisto-hida\" \/>\n<meta property=\"og:locale\" content=\"es_ES\" \/>\n<meta property=\"og:type\" content=\"article\" \/>\n<meta property=\"og:title\" content=\"Pisto sofrito de verduras Hida 3kg. - Comercial de Hosteleria Anma\" \/>\n<meta property=\"og:description\" content=\"Pisto sofrito de verduras | Hida | 3kg.| Elaborado exclusivamente a partir de la selecci\u00f3n de los mejores productos frescos de la huerta.\" \/>\n<meta property=\"og:url\" content=\"https:\/\/www.comercialanma.es\/?product=pisto-hida\" \/>\n<meta property=\"og:site_name\" content=\"Comercial de Hosteleria Anma\" \/>\n<meta property=\"article:publisher\" content=\"https:\/\/www.facebook.com\/AnmaHosteleria\" \/>\n<meta property=\"article:modified_time\" content=\"2021-10-11T13:53:31+00:00\" \/>\n<meta property=\"og:image\" content=\"https:\/\/i1.wp.com\/www.comercialanma.es\/wp-content\/uploads\/2021\/10\/pisto-sofrito-de-verduras-3kg.jpg?fit=1080%2C1080&#038;ssl=1\" \/>\n\t<meta property=\"og:image:width\" content=\"1080\" \/>\n\t<meta property=\"og:image:height\" content=\"1080\" \/>\n<meta name=\"twitter:card\" content=\"summary_large_image\" \/>\n<meta name=\"twitter:label1\" content=\"Tiempo de lectura\">\n\t<meta name=\"twitter:data1\" content=\"1 minuto\">\n<script type=\"application\/ld+json\" class=\"yoast-schema-graph\">{\"@context\":\"https:\/\/schema.org\",\"@graph\":[{\"@type\":\"Organization\",\"@id\":\"https:\/\/www.comercialanma.es\/#organization\",\"name\":\"Comercial Anma\",\"url\":\"https:\/\/www.comercialanma.es\/\",\"sameAs\":[\"https:\/\/www.facebook.com\/AnmaHosteleria\",\"https:\/\/www.instagram.com\/anmahosteleria\/?hl=es\",\"https:\/\/www.youtube.com\/channel\/UCT2nmn08Ntks0hmpZPnDgCA\"],\"logo\":{\"@type\":\"ImageObject\",\"@id\":\"https:\/\/www.comercialanma.es\/#logo\",\"inLanguage\":\"es\",\"url\":\"https:\/\/i2.wp.com\/www.comercialanma.es\/wp-content\/uploads\/2019\/06\/logo-anma-color.png?fit=247%2C101&ssl=1\",\"width\":247,\"height\":101,\"caption\":\"Comercial Anma\"},\"image\":{\"@id\":\"https:\/\/www.comercialanma.es\/#logo\"}},{\"@type\":\"WebSite\",\"@id\":\"https:\/\/www.comercialanma.es\/#website\",\"url\":\"https:\/\/www.comercialanma.es\/\",\"name\":\"Comercial de Hosteleria Anma\",\"description\":\"\",\"publisher\":{\"@id\":\"https:\/\/www.comercialanma.es\/#organization\"},\"potentialAction\":[{\"@type\":\"SearchAction\",\"target\":\"https:\/\/www.comercialanma.es\/?s={search_term_string}\",\"query-input\":\"required name=search_term_string\"}],\"inLanguage\":\"es\"},{\"@type\":\"ImageObject\",\"@id\":\"https:\/\/www.comercialanma.es\/?product=pisto-hida#primaryimage\",\"inLanguage\":\"es\",\"url\":\"https:\/\/i1.wp.com\/www.comercialanma.es\/wp-content\/uploads\/2021\/10\/pisto-sofrito-de-verduras-3kg.jpg?fit=1080%2C1080&ssl=1\",\"width\":1080,\"height\":1080},{\"@type\":\"WebPage\",\"@id\":\"https:\/\/www.comercialanma.es\/?product=pisto-hida#webpage\",\"url\":\"https:\/\/www.comercialanma.es\/?product=pisto-hida\",\"name\":\"Pisto sofrito de verduras Hida 3kg. - Comercial de Hosteleria Anma\",\"isPartOf\":{\"@id\":\"https:\/\/www.comercialanma.es\/#website\"},\"primaryImageOfPage\":{\"@id\":\"https:\/\/www.comercialanma.es\/?product=pisto-hida#primaryimage\"},\"datePublished\":\"2021-10-11T13:41:31+00:00\",\"dateModified\":\"2021-10-11T13:53:31+00:00\",\"description\":\"Pisto sofrito de verduras | Hida | 3kg.| Elaborado exclusivamente a partir de la selecci\\u00f3n de los mejores productos frescos de la huerta.\",\"breadcrumb\":{\"@id\":\"https:\/\/www.comercialanma.es\/?product=pisto-hida#breadcrumb\"},\"inLanguage\":\"es\",\"potentialAction\":[{\"@type\":\"ReadAction\",\"target\":[\"https:\/\/www.comercialanma.es\/?product=pisto-hida\"]}]},{\"@type\":\"BreadcrumbList\",\"@id\":\"https:\/\/www.comercialanma.es\/?product=pisto-hida#breadcrumb\",\"itemListElement\":[{\"@type\":\"ListItem\",\"position\":1,\"item\":{\"@type\":\"WebPage\",\"@id\":\"https:\/\/www.comercialanma.es\/\",\"url\":\"https:\/\/www.comercialanma.es\/\",\"name\":\"Portada\"}},{\"@type\":\"ListItem\",\"position\":2,\"item\":{\"@type\":\"WebPage\",\"@id\":\"https:\/\/www.comercialanma.es\/?page_id=3963\",\"url\":\"https:\/\/www.comercialanma.es\/?page_id=3963\",\"name\":\"Cat\\u00e1logo de Productos\"}},{\"@type\":\"ListItem\",\"position\":3,\"item\":{\"@type\":\"WebPage\",\"@id\":\"https:\/\/www.comercialanma.es\/?product=pisto-hida\",\"url\":\"https:\/\/www.comercialanma.es\/?product=pisto-hida\",\"name\":\"Pisto sofrito de verduras Hida 3kg.\"}}]}]}<\/script>\n<!-- \/ Yoast SEO plugin. -->","_links":{"self":[{"href":"https:\/\/www.comercialanma.es\/index.php?rest_route=\/wp\/v2\/product\/19443"}],"collection":[{"href":"https:\/\/www.comercialanma.es\/index.php?rest_route=\/wp\/v2\/product"}],"about":[{"href":"https:\/\/www.comercialanma.es\/index.php?rest_route=\/wp\/v2\/types\/product"}],"version-history":[{"count":1,"href":"https:\/\/www.comercialanma.es\/index.php?rest_route=\/wp\/v2\/product\/19443\/revisions"}],"predecessor-version":[{"id":19446,"href":"https:\/\/www.comercialanma.es\/index.php?rest_route=\/wp\/v2\/product\/19443\/revisions\/19446"}],"wp:featuredmedia":[{"embeddable":true,"href":"https:\/\/www.comercialanma.es\/index.php?rest_route=\/wp\/v2\/media\/19445"}],"wp:attachment":[{"href":"https:\/\/www.comercialanma.es\/index.php?rest_route=%2Fwp%2Fv2%2Fmedia&parent=19443"}],"curies":[{"name":"wp","href":"https:\/\/api.w.org\/{rel}","templated":true}]}}