
{"id":19451,"date":"2021-10-11T16:30:38","date_gmt":"2021-10-11T14:30:38","guid":{"rendered":"https:\/\/www.comercialanma.es\/?post_type=product&#038;p=19451"},"modified":"2021-10-11T16:43:04","modified_gmt":"2021-10-11T14:43:04","slug":"iman-portautiles","status":"publish","type":"product","link":"https:\/\/www.comercialanma.es\/?product=iman-portautiles","title":{"rendered":"Iman Portautiles Serie Knives Tools 46cm."},"content":{"rendered":"<ul>\n<li>Fabricante: Lacor<\/li>\n<li>Material: Acero Inox<\/li>\n<li>Medidas: 19cm.<\/li>\n<\/ul>\n","protected":false},"excerpt":{"rendered":"<div id=\"product.info.description\" class=\"data item content\" role=\"tabpanel\" data-role=\"content\" aria-labelledby=\"tab-label-product.info.description\" aria-hidden=\"false\">\n<p>Los porta cuchillos magn\u00e9ticos pueden servir no solo como elemento decorativo para tu cocina, si no que adem\u00e1s permite tener los cuchillos a mano y no guardarlos en un caj\u00f3n. Elemento de mobiliario pensado para un r\u00e1pido acceso a los cuchillos. Este modelo de portacuchillo se cuelga de la pared y al estar imantado, permite &#8220;colgar&#8221; los cuchillos de su superficie. De este modo, los cuchillos est\u00e1n siempre a la vista.<\/p>\n<p>Se trata de un soporte magn\u00e9tico de pl\u00e1stico con dos bandas de im\u00e1n. Cuenta con dos orificios para colgar con tornillos de la pared.<\/p>\n<\/div>\n","protected":false},"featured_media":19452,"template":"","meta":{"spay_email":""},"yoast_head":"<!-- This site is optimized with the Yoast SEO plugin v15.9 - https:\/\/yoast.com\/wordpress\/plugins\/seo\/ -->\n<title>Iman Portautiles Serie Knives Tools 46cm. - Comercial de Hosteleria Anma<\/title>\n<meta name=\"description\" content=\"Iman Portautiles Serie Knives Tools | 46cm. | Soporte magn\u00e9tico pl\u00e1stico. Cuenta con dos orificios para colgar con tornillos de la pared.\" \/>\n<meta name=\"robots\" content=\"index, follow, max-snippet:-1, max-image-preview:large, max-video-preview:-1\" \/>\n<link rel=\"canonical\" href=\"https:\/\/www.comercialanma.es\/?product=iman-portautiles\" \/>\n<meta property=\"og:locale\" content=\"es_ES\" \/>\n<meta property=\"og:type\" content=\"article\" \/>\n<meta property=\"og:title\" content=\"Iman Portautiles Serie Knives Tools 46cm. - Comercial de Hosteleria Anma\" \/>\n<meta property=\"og:description\" content=\"Iman Portautiles Serie Knives Tools | 46cm. | Soporte magn\u00e9tico pl\u00e1stico. Cuenta con dos orificios para colgar con tornillos de la pared.\" \/>\n<meta property=\"og:url\" content=\"https:\/\/www.comercialanma.es\/?product=iman-portautiles\" \/>\n<meta property=\"og:site_name\" content=\"Comercial de Hosteleria Anma\" \/>\n<meta property=\"article:publisher\" content=\"https:\/\/www.facebook.com\/AnmaHosteleria\" \/>\n<meta property=\"article:modified_time\" content=\"2021-10-11T14:43:04+00:00\" \/>\n<meta property=\"og:image\" content=\"https:\/\/i0.wp.com\/www.comercialanma.es\/wp-content\/uploads\/2021\/10\/Iman-portautiles.jpg?fit=1080%2C1080&#038;ssl=1\" \/>\n\t<meta property=\"og:image:width\" content=\"1080\" \/>\n\t<meta property=\"og:image:height\" content=\"1080\" \/>\n<meta name=\"twitter:card\" content=\"summary_large_image\" \/>\n<meta name=\"twitter:label1\" content=\"Tiempo de lectura\">\n\t<meta name=\"twitter:data1\" content=\"1 minuto\">\n<script type=\"application\/ld+json\" class=\"yoast-schema-graph\">{\"@context\":\"https:\/\/schema.org\",\"@graph\":[{\"@type\":\"Organization\",\"@id\":\"https:\/\/www.comercialanma.es\/#organization\",\"name\":\"Comercial Anma\",\"url\":\"https:\/\/www.comercialanma.es\/\",\"sameAs\":[\"https:\/\/www.facebook.com\/AnmaHosteleria\",\"https:\/\/www.instagram.com\/anmahosteleria\/?hl=es\",\"https:\/\/www.youtube.com\/channel\/UCT2nmn08Ntks0hmpZPnDgCA\"],\"logo\":{\"@type\":\"ImageObject\",\"@id\":\"https:\/\/www.comercialanma.es\/#logo\",\"inLanguage\":\"es\",\"url\":\"https:\/\/i2.wp.com\/www.comercialanma.es\/wp-content\/uploads\/2019\/06\/logo-anma-color.png?fit=247%2C101&ssl=1\",\"width\":247,\"height\":101,\"caption\":\"Comercial Anma\"},\"image\":{\"@id\":\"https:\/\/www.comercialanma.es\/#logo\"}},{\"@type\":\"WebSite\",\"@id\":\"https:\/\/www.comercialanma.es\/#website\",\"url\":\"https:\/\/www.comercialanma.es\/\",\"name\":\"Comercial de Hosteleria Anma\",\"description\":\"\",\"publisher\":{\"@id\":\"https:\/\/www.comercialanma.es\/#organization\"},\"potentialAction\":[{\"@type\":\"SearchAction\",\"target\":\"https:\/\/www.comercialanma.es\/?s={search_term_string}\",\"query-input\":\"required name=search_term_string\"}],\"inLanguage\":\"es\"},{\"@type\":\"ImageObject\",\"@id\":\"https:\/\/www.comercialanma.es\/?product=iman-portautiles#primaryimage\",\"inLanguage\":\"es\",\"url\":\"https:\/\/i0.wp.com\/www.comercialanma.es\/wp-content\/uploads\/2021\/10\/Iman-portautiles.jpg?fit=1080%2C1080&ssl=1\",\"width\":1080,\"height\":1080},{\"@type\":\"WebPage\",\"@id\":\"https:\/\/www.comercialanma.es\/?product=iman-portautiles#webpage\",\"url\":\"https:\/\/www.comercialanma.es\/?product=iman-portautiles\",\"name\":\"Iman Portautiles Serie Knives Tools 46cm. - Comercial de Hosteleria Anma\",\"isPartOf\":{\"@id\":\"https:\/\/www.comercialanma.es\/#website\"},\"primaryImageOfPage\":{\"@id\":\"https:\/\/www.comercialanma.es\/?product=iman-portautiles#primaryimage\"},\"datePublished\":\"2021-10-11T14:30:38+00:00\",\"dateModified\":\"2021-10-11T14:43:04+00:00\",\"description\":\"Iman Portautiles Serie Knives Tools | 46cm. | Soporte magn\\u00e9tico pl\\u00e1stico. Cuenta con dos orificios para colgar con tornillos de la pared.\",\"breadcrumb\":{\"@id\":\"https:\/\/www.comercialanma.es\/?product=iman-portautiles#breadcrumb\"},\"inLanguage\":\"es\",\"potentialAction\":[{\"@type\":\"ReadAction\",\"target\":[\"https:\/\/www.comercialanma.es\/?product=iman-portautiles\"]}]},{\"@type\":\"BreadcrumbList\",\"@id\":\"https:\/\/www.comercialanma.es\/?product=iman-portautiles#breadcrumb\",\"itemListElement\":[{\"@type\":\"ListItem\",\"position\":1,\"item\":{\"@type\":\"WebPage\",\"@id\":\"https:\/\/www.comercialanma.es\/\",\"url\":\"https:\/\/www.comercialanma.es\/\",\"name\":\"Portada\"}},{\"@type\":\"ListItem\",\"position\":2,\"item\":{\"@type\":\"WebPage\",\"@id\":\"https:\/\/www.comercialanma.es\/?page_id=3963\",\"url\":\"https:\/\/www.comercialanma.es\/?page_id=3963\",\"name\":\"Cat\\u00e1logo de Productos\"}},{\"@type\":\"ListItem\",\"position\":3,\"item\":{\"@type\":\"WebPage\",\"@id\":\"https:\/\/www.comercialanma.es\/?product=iman-portautiles\",\"url\":\"https:\/\/www.comercialanma.es\/?product=iman-portautiles\",\"name\":\"Iman Portautiles Serie Knives Tools 46cm.\"}}]}]}<\/script>\n<!-- \/ Yoast SEO plugin. -->","_links":{"self":[{"href":"https:\/\/www.comercialanma.es\/index.php?rest_route=\/wp\/v2\/product\/19451"}],"collection":[{"href":"https:\/\/www.comercialanma.es\/index.php?rest_route=\/wp\/v2\/product"}],"about":[{"href":"https:\/\/www.comercialanma.es\/index.php?rest_route=\/wp\/v2\/types\/product"}],"version-history":[{"count":1,"href":"https:\/\/www.comercialanma.es\/index.php?rest_route=\/wp\/v2\/product\/19451\/revisions"}],"predecessor-version":[{"id":19453,"href":"https:\/\/www.comercialanma.es\/index.php?rest_route=\/wp\/v2\/product\/19451\/revisions\/19453"}],"wp:featuredmedia":[{"embeddable":true,"href":"https:\/\/www.comercialanma.es\/index.php?rest_route=\/wp\/v2\/media\/19452"}],"wp:attachment":[{"href":"https:\/\/www.comercialanma.es\/index.php?rest_route=%2Fwp%2Fv2%2Fmedia&parent=19451"}],"curies":[{"name":"wp","href":"https:\/\/api.w.org\/{rel}","templated":true}]}}