
{"id":19454,"date":"2021-10-11T16:46:37","date_gmt":"2021-10-11T14:46:37","guid":{"rendered":"https:\/\/www.comercialanma.es\/?post_type=product&#038;p=19454"},"modified":"2021-10-11T16:55:47","modified_gmt":"2021-10-11T14:55:47","slug":"pinza-hielo-con-muelle","status":"publish","type":"product","link":"https:\/\/www.comercialanma.es\/?product=pinza-hielo-con-muelle","title":{"rendered":"Pinza Hielo con muelle acero inoxidable 18\/10"},"content":{"rendered":"<ul>\n<li>Fabricante: Lacor<\/li>\n<li>Medidas: 17cm.<\/li>\n<li>Acero inoxidable 18\/10.<\/li>\n<li>Robustez.<\/li>\n<li>Uso profesional.<\/li>\n<li>Apta para lavavajillas.<\/li>\n<\/ul>\n","protected":false},"excerpt":{"rendered":"<div id=\"product.info.description\" class=\"data item content\" role=\"tabpanel\" data-role=\"content\" aria-labelledby=\"tab-label-product.info.description\" aria-hidden=\"false\">\n<p>Pinza dise\u00f1ada para coger los hielos sin que estos resbalen. Sus extremos est\u00e1n dise\u00f1ados con una curvatura, que le permite coger y mantener el cubito de hielo f\u00e1cilmente y con firmeza. Sistema de Muelle en el extremo, le permite dejar la pinza enganchada en la cubitera. Especial para realizar c\u00f3cteles. Apta para lavavajillas.<\/p>\n<\/div>\n","protected":false},"featured_media":19455,"template":"","meta":{"spay_email":""},"yoast_head":"<!-- This site is optimized with the Yoast SEO plugin v15.9 - https:\/\/yoast.com\/wordpress\/plugins\/seo\/ -->\n<title>Pinza Hielo con muelle acero inoxidable 18\/10 - Comercial de Hosteleria Anma<\/title>\n<meta name=\"description\" content=\"Pinza con muelle |19cm| Inox | 18\/10 | Lacor | Para cubitos de hielo, fabricada en acero inox.cromo gran calidad, resistencia a la corrosi\u00f3n.\" \/>\n<meta name=\"robots\" content=\"index, follow, max-snippet:-1, max-image-preview:large, max-video-preview:-1\" \/>\n<link rel=\"canonical\" href=\"https:\/\/www.comercialanma.es\/?product=pinza-hielo-con-muelle\" \/>\n<meta property=\"og:locale\" content=\"es_ES\" \/>\n<meta property=\"og:type\" content=\"article\" \/>\n<meta property=\"og:title\" content=\"Pinza Hielo con muelle acero inoxidable 18\/10 - Comercial de Hosteleria Anma\" \/>\n<meta property=\"og:description\" content=\"Pinza con muelle |19cm| Inox | 18\/10 | Lacor | Para cubitos de hielo, fabricada en acero inox.cromo gran calidad, resistencia a la corrosi\u00f3n.\" \/>\n<meta property=\"og:url\" content=\"https:\/\/www.comercialanma.es\/?product=pinza-hielo-con-muelle\" \/>\n<meta property=\"og:site_name\" content=\"Comercial de Hosteleria Anma\" \/>\n<meta property=\"article:publisher\" content=\"https:\/\/www.facebook.com\/AnmaHosteleria\" \/>\n<meta property=\"article:modified_time\" content=\"2021-10-11T14:55:47+00:00\" \/>\n<meta property=\"og:image\" content=\"https:\/\/i0.wp.com\/www.comercialanma.es\/wp-content\/uploads\/2021\/10\/pinza-muelle-hielo.jpg?fit=1080%2C1080&#038;ssl=1\" \/>\n\t<meta property=\"og:image:width\" content=\"1080\" \/>\n\t<meta property=\"og:image:height\" content=\"1080\" \/>\n<meta name=\"twitter:card\" content=\"summary_large_image\" \/>\n<meta name=\"twitter:label1\" content=\"Tiempo de lectura\">\n\t<meta name=\"twitter:data1\" content=\"1 minuto\">\n<script type=\"application\/ld+json\" class=\"yoast-schema-graph\">{\"@context\":\"https:\/\/schema.org\",\"@graph\":[{\"@type\":\"Organization\",\"@id\":\"https:\/\/www.comercialanma.es\/#organization\",\"name\":\"Comercial Anma\",\"url\":\"https:\/\/www.comercialanma.es\/\",\"sameAs\":[\"https:\/\/www.facebook.com\/AnmaHosteleria\",\"https:\/\/www.instagram.com\/anmahosteleria\/?hl=es\",\"https:\/\/www.youtube.com\/channel\/UCT2nmn08Ntks0hmpZPnDgCA\"],\"logo\":{\"@type\":\"ImageObject\",\"@id\":\"https:\/\/www.comercialanma.es\/#logo\",\"inLanguage\":\"es\",\"url\":\"https:\/\/i2.wp.com\/www.comercialanma.es\/wp-content\/uploads\/2019\/06\/logo-anma-color.png?fit=247%2C101&ssl=1\",\"width\":247,\"height\":101,\"caption\":\"Comercial Anma\"},\"image\":{\"@id\":\"https:\/\/www.comercialanma.es\/#logo\"}},{\"@type\":\"WebSite\",\"@id\":\"https:\/\/www.comercialanma.es\/#website\",\"url\":\"https:\/\/www.comercialanma.es\/\",\"name\":\"Comercial de Hosteleria Anma\",\"description\":\"\",\"publisher\":{\"@id\":\"https:\/\/www.comercialanma.es\/#organization\"},\"potentialAction\":[{\"@type\":\"SearchAction\",\"target\":\"https:\/\/www.comercialanma.es\/?s={search_term_string}\",\"query-input\":\"required name=search_term_string\"}],\"inLanguage\":\"es\"},{\"@type\":\"ImageObject\",\"@id\":\"https:\/\/www.comercialanma.es\/?product=pinza-hielo-con-muelle#primaryimage\",\"inLanguage\":\"es\",\"url\":\"https:\/\/i0.wp.com\/www.comercialanma.es\/wp-content\/uploads\/2021\/10\/pinza-muelle-hielo.jpg?fit=1080%2C1080&ssl=1\",\"width\":1080,\"height\":1080},{\"@type\":\"WebPage\",\"@id\":\"https:\/\/www.comercialanma.es\/?product=pinza-hielo-con-muelle#webpage\",\"url\":\"https:\/\/www.comercialanma.es\/?product=pinza-hielo-con-muelle\",\"name\":\"Pinza Hielo con muelle acero inoxidable 18\/10 - Comercial de Hosteleria Anma\",\"isPartOf\":{\"@id\":\"https:\/\/www.comercialanma.es\/#website\"},\"primaryImageOfPage\":{\"@id\":\"https:\/\/www.comercialanma.es\/?product=pinza-hielo-con-muelle#primaryimage\"},\"datePublished\":\"2021-10-11T14:46:37+00:00\",\"dateModified\":\"2021-10-11T14:55:47+00:00\",\"description\":\"Pinza con muelle |19cm| Inox | 18\/10 | Lacor | Para cubitos de hielo, fabricada en acero inox.cromo gran calidad, resistencia a la corrosi\\u00f3n.\",\"breadcrumb\":{\"@id\":\"https:\/\/www.comercialanma.es\/?product=pinza-hielo-con-muelle#breadcrumb\"},\"inLanguage\":\"es\",\"potentialAction\":[{\"@type\":\"ReadAction\",\"target\":[\"https:\/\/www.comercialanma.es\/?product=pinza-hielo-con-muelle\"]}]},{\"@type\":\"BreadcrumbList\",\"@id\":\"https:\/\/www.comercialanma.es\/?product=pinza-hielo-con-muelle#breadcrumb\",\"itemListElement\":[{\"@type\":\"ListItem\",\"position\":1,\"item\":{\"@type\":\"WebPage\",\"@id\":\"https:\/\/www.comercialanma.es\/\",\"url\":\"https:\/\/www.comercialanma.es\/\",\"name\":\"Portada\"}},{\"@type\":\"ListItem\",\"position\":2,\"item\":{\"@type\":\"WebPage\",\"@id\":\"https:\/\/www.comercialanma.es\/?page_id=3963\",\"url\":\"https:\/\/www.comercialanma.es\/?page_id=3963\",\"name\":\"Cat\\u00e1logo de Productos\"}},{\"@type\":\"ListItem\",\"position\":3,\"item\":{\"@type\":\"WebPage\",\"@id\":\"https:\/\/www.comercialanma.es\/?product=pinza-hielo-con-muelle\",\"url\":\"https:\/\/www.comercialanma.es\/?product=pinza-hielo-con-muelle\",\"name\":\"Pinza Hielo con muelle acero inoxidable 18\/10\"}}]}]}<\/script>\n<!-- \/ Yoast SEO plugin. -->","_links":{"self":[{"href":"https:\/\/www.comercialanma.es\/index.php?rest_route=\/wp\/v2\/product\/19454"}],"collection":[{"href":"https:\/\/www.comercialanma.es\/index.php?rest_route=\/wp\/v2\/product"}],"about":[{"href":"https:\/\/www.comercialanma.es\/index.php?rest_route=\/wp\/v2\/types\/product"}],"version-history":[{"count":1,"href":"https:\/\/www.comercialanma.es\/index.php?rest_route=\/wp\/v2\/product\/19454\/revisions"}],"predecessor-version":[{"id":19456,"href":"https:\/\/www.comercialanma.es\/index.php?rest_route=\/wp\/v2\/product\/19454\/revisions\/19456"}],"wp:featuredmedia":[{"embeddable":true,"href":"https:\/\/www.comercialanma.es\/index.php?rest_route=\/wp\/v2\/media\/19455"}],"wp:attachment":[{"href":"https:\/\/www.comercialanma.es\/index.php?rest_route=%2Fwp%2Fv2%2Fmedia&parent=19454"}],"curies":[{"name":"wp","href":"https:\/\/api.w.org\/{rel}","templated":true}]}}