
{"id":19497,"date":"2021-10-14T11:10:40","date_gmt":"2021-10-14T09:10:40","guid":{"rendered":"https:\/\/www.comercialanma.es\/?post_type=product&#038;p=19497"},"modified":"2021-10-14T11:17:19","modified_gmt":"2021-10-14T09:17:19","slug":"pinza-chef-curva","status":"publish","type":"product","link":"https:\/\/www.comercialanma.es\/?product=pinza-chef-curva","title":{"rendered":"Pinza chef curva 20cm."},"content":{"rendered":"<ul>\n<li>Marca: Supreminox<\/li>\n<li>Acero inoxidable<\/li>\n<li>Longitud 20 cm.<\/li>\n<\/ul>\n","protected":false},"excerpt":{"rendered":"<p>Esta pinza para emplatar <strong>permite al chef profesional manipular de forma pr\u00e1ctica<\/strong> trozos de alimentos y\/o componentes de platillos que por su tama\u00f1o, delicadeza y caracter\u00edsticas no ser\u00eda posible estilizarlos en el plato con otros <strong>utensilios de cocina<\/strong>.<\/p>\n<p>Servir alimentos muy delicados como sushi, a\u00f1adir elementos a platillos especiales tal como p\u00e9talos en tartas de boda o presentaciones especiales, entre otras tareas en las que el profesional de la alta cocina requiera de una herramienta que le proporcione la posibilidad de manipular peque\u00f1as cosas a detalle para lograr una presentaci\u00f3n exquisita de cualquier preparacion.<\/p>\n<p>Esta pinza para emplatar de 20 cm est\u00e1 fabricada en acero inoxidable de alta calidad, lo que le da alta resistencia a diferentes condiciones de uso en la cocina.<\/p>\n<p>Para cocinas grandes que requieren sectorizar su cocina y el uso de sus utensilios para evitar contaminaci\u00f3n cruzada entre algunos alimentos (tal c\u00f3mo los negocios que sirven mariscos), adem\u00e1s del modelo cromado, contamos con una gama de diferentes colores de pinzas para emplatar tambi\u00e9n fabricadas sobre acero inoxidable que permiten un mejor reconocimiento del uso espec\u00edfico de la pinzas para emplatar.<\/p>\n","protected":false},"featured_media":19498,"template":"","meta":{"spay_email":""},"yoast_head":"<!-- This site is optimized with the Yoast SEO plugin v15.9 - https:\/\/yoast.com\/wordpress\/plugins\/seo\/ -->\n<title>Pinza chef curva 20cm. - Comercial de Hosteleria Anma<\/title>\n<meta name=\"description\" content=\"Pinza chef curva | 20cm. | Supreminox | la pinza de emplatar es un utensilio cocina que permite presentaciones estilizadas al detalle.\" \/>\n<meta name=\"robots\" content=\"index, follow, max-snippet:-1, max-image-preview:large, max-video-preview:-1\" \/>\n<link rel=\"canonical\" href=\"https:\/\/www.comercialanma.es\/?product=pinza-chef-curva\" \/>\n<meta property=\"og:locale\" content=\"es_ES\" \/>\n<meta property=\"og:type\" content=\"article\" \/>\n<meta property=\"og:title\" content=\"Pinza chef curva 20cm. - Comercial de Hosteleria Anma\" \/>\n<meta property=\"og:description\" content=\"Pinza chef curva | 20cm. | Supreminox | la pinza de emplatar es un utensilio cocina que permite presentaciones estilizadas al detalle.\" \/>\n<meta property=\"og:url\" content=\"https:\/\/www.comercialanma.es\/?product=pinza-chef-curva\" \/>\n<meta property=\"og:site_name\" content=\"Comercial de Hosteleria Anma\" \/>\n<meta property=\"article:publisher\" content=\"https:\/\/www.facebook.com\/AnmaHosteleria\" \/>\n<meta property=\"article:modified_time\" content=\"2021-10-14T09:17:19+00:00\" \/>\n<meta property=\"og:image\" content=\"https:\/\/i0.wp.com\/www.comercialanma.es\/wp-content\/uploads\/2021\/10\/pinza-chef-curva-20-araven.jpg?fit=1080%2C1080&#038;ssl=1\" \/>\n\t<meta property=\"og:image:width\" content=\"1080\" \/>\n\t<meta property=\"og:image:height\" content=\"1080\" \/>\n<meta name=\"twitter:card\" content=\"summary_large_image\" \/>\n<meta name=\"twitter:label1\" content=\"Tiempo de lectura\">\n\t<meta name=\"twitter:data1\" content=\"1 minuto\">\n<script type=\"application\/ld+json\" class=\"yoast-schema-graph\">{\"@context\":\"https:\/\/schema.org\",\"@graph\":[{\"@type\":\"Organization\",\"@id\":\"https:\/\/www.comercialanma.es\/#organization\",\"name\":\"Comercial Anma\",\"url\":\"https:\/\/www.comercialanma.es\/\",\"sameAs\":[\"https:\/\/www.facebook.com\/AnmaHosteleria\",\"https:\/\/www.instagram.com\/anmahosteleria\/?hl=es\",\"https:\/\/www.youtube.com\/channel\/UCT2nmn08Ntks0hmpZPnDgCA\"],\"logo\":{\"@type\":\"ImageObject\",\"@id\":\"https:\/\/www.comercialanma.es\/#logo\",\"inLanguage\":\"es\",\"url\":\"https:\/\/i2.wp.com\/www.comercialanma.es\/wp-content\/uploads\/2019\/06\/logo-anma-color.png?fit=247%2C101&ssl=1\",\"width\":247,\"height\":101,\"caption\":\"Comercial Anma\"},\"image\":{\"@id\":\"https:\/\/www.comercialanma.es\/#logo\"}},{\"@type\":\"WebSite\",\"@id\":\"https:\/\/www.comercialanma.es\/#website\",\"url\":\"https:\/\/www.comercialanma.es\/\",\"name\":\"Comercial de Hosteleria Anma\",\"description\":\"\",\"publisher\":{\"@id\":\"https:\/\/www.comercialanma.es\/#organization\"},\"potentialAction\":[{\"@type\":\"SearchAction\",\"target\":\"https:\/\/www.comercialanma.es\/?s={search_term_string}\",\"query-input\":\"required name=search_term_string\"}],\"inLanguage\":\"es\"},{\"@type\":\"ImageObject\",\"@id\":\"https:\/\/www.comercialanma.es\/?product=pinza-chef-curva#primaryimage\",\"inLanguage\":\"es\",\"url\":\"https:\/\/i0.wp.com\/www.comercialanma.es\/wp-content\/uploads\/2021\/10\/pinza-chef-curva-20-araven.jpg?fit=1080%2C1080&ssl=1\",\"width\":1080,\"height\":1080},{\"@type\":\"WebPage\",\"@id\":\"https:\/\/www.comercialanma.es\/?product=pinza-chef-curva#webpage\",\"url\":\"https:\/\/www.comercialanma.es\/?product=pinza-chef-curva\",\"name\":\"Pinza chef curva 20cm. - Comercial de Hosteleria Anma\",\"isPartOf\":{\"@id\":\"https:\/\/www.comercialanma.es\/#website\"},\"primaryImageOfPage\":{\"@id\":\"https:\/\/www.comercialanma.es\/?product=pinza-chef-curva#primaryimage\"},\"datePublished\":\"2021-10-14T09:10:40+00:00\",\"dateModified\":\"2021-10-14T09:17:19+00:00\",\"description\":\"Pinza chef curva | 20cm. | Supreminox | la pinza de emplatar es un utensilio cocina que permite presentaciones estilizadas al detalle.\",\"breadcrumb\":{\"@id\":\"https:\/\/www.comercialanma.es\/?product=pinza-chef-curva#breadcrumb\"},\"inLanguage\":\"es\",\"potentialAction\":[{\"@type\":\"ReadAction\",\"target\":[\"https:\/\/www.comercialanma.es\/?product=pinza-chef-curva\"]}]},{\"@type\":\"BreadcrumbList\",\"@id\":\"https:\/\/www.comercialanma.es\/?product=pinza-chef-curva#breadcrumb\",\"itemListElement\":[{\"@type\":\"ListItem\",\"position\":1,\"item\":{\"@type\":\"WebPage\",\"@id\":\"https:\/\/www.comercialanma.es\/\",\"url\":\"https:\/\/www.comercialanma.es\/\",\"name\":\"Portada\"}},{\"@type\":\"ListItem\",\"position\":2,\"item\":{\"@type\":\"WebPage\",\"@id\":\"https:\/\/www.comercialanma.es\/?page_id=3963\",\"url\":\"https:\/\/www.comercialanma.es\/?page_id=3963\",\"name\":\"Cat\\u00e1logo de Productos\"}},{\"@type\":\"ListItem\",\"position\":3,\"item\":{\"@type\":\"WebPage\",\"@id\":\"https:\/\/www.comercialanma.es\/?product=pinza-chef-curva\",\"url\":\"https:\/\/www.comercialanma.es\/?product=pinza-chef-curva\",\"name\":\"Pinza chef curva 20cm.\"}}]}]}<\/script>\n<!-- \/ Yoast SEO plugin. -->","_links":{"self":[{"href":"https:\/\/www.comercialanma.es\/index.php?rest_route=\/wp\/v2\/product\/19497"}],"collection":[{"href":"https:\/\/www.comercialanma.es\/index.php?rest_route=\/wp\/v2\/product"}],"about":[{"href":"https:\/\/www.comercialanma.es\/index.php?rest_route=\/wp\/v2\/types\/product"}],"version-history":[{"count":1,"href":"https:\/\/www.comercialanma.es\/index.php?rest_route=\/wp\/v2\/product\/19497\/revisions"}],"predecessor-version":[{"id":19499,"href":"https:\/\/www.comercialanma.es\/index.php?rest_route=\/wp\/v2\/product\/19497\/revisions\/19499"}],"wp:featuredmedia":[{"embeddable":true,"href":"https:\/\/www.comercialanma.es\/index.php?rest_route=\/wp\/v2\/media\/19498"}],"wp:attachment":[{"href":"https:\/\/www.comercialanma.es\/index.php?rest_route=%2Fwp%2Fv2%2Fmedia&parent=19497"}],"curies":[{"name":"wp","href":"https:\/\/api.w.org\/{rel}","templated":true}]}}